{"id":2548,"date":"2018-09-25T00:00:00","date_gmt":"2018-09-24T21:00:00","guid":{"rendered":"http:\/\/afrus.ru\/ekaterinbourg\/20132014-1\/"},"modified":"2026-02-19T14:01:41","modified_gmt":"2026-02-19T11:01:41","slug":"20132014-1","status":"publish","type":"page","link":"https:\/\/afrus.ru\/ekaterinbourg\/20132014-1\/","title":{"rendered":"\u0420\u0430\u0441\u043f\u0438\u0441\u0430\u043d\u0438\u0435 \u044d\u043a\u0437\u0430\u043c\u0435\u043d\u043e\u0432 &#8212; 2026"},"content":{"rendered":"\n<h3 class=\"wp-block-heading has-text-align-center has-text-color\" style=\"color:#055786\"><strong>\u041a\u0410\u041b\u0415\u041d\u0414\u0410\u0420\u042c \u042d\u041a\u0417\u0410\u041c\u0415\u041d\u041e\u0412 \u041d\u0410 2026 \u0433\u0433.<\/strong><\/h3>\n\n\n\n<figure class=\"wp-block-image size-large\"><img loading=\"lazy\" decoding=\"async\" width=\"725\" height=\"1024\" src=\"http:\/\/afrus.ru\/ekaterinbourg\/wp-content\/uploads\/sites\/31\/2025\/08\/Raspisanie-ekzamenov-2023-2024_page-0001-725x1024.jpg\" alt=\"\" class=\"wp-image-6495\" srcset=\"https:\/\/afrus.ru\/ekaterinbourg\/wp-content\/uploads\/sites\/31\/2025\/08\/Raspisanie-ekzamenov-2023-2024_page-0001-725x1024.jpg 725w, https:\/\/afrus.ru\/ekaterinbourg\/wp-content\/uploads\/sites\/31\/2025\/08\/Raspisanie-ekzamenov-2023-2024_page-0001-212x300.jpg 212w, https:\/\/afrus.ru\/ekaterinbourg\/wp-content\/uploads\/sites\/31\/2025\/08\/Raspisanie-ekzamenov-2023-2024_page-0001-768x1085.jpg 768w, https:\/\/afrus.ru\/ekaterinbourg\/wp-content\/uploads\/sites\/31\/2025\/08\/Raspisanie-ekzamenov-2023-2024_page-0001-1087x1536.jpg 1087w, https:\/\/afrus.ru\/ekaterinbourg\/wp-content\/uploads\/sites\/31\/2025\/08\/Raspisanie-ekzamenov-2023-2024_page-0001.jpg 1241w\" sizes=\"(max-width: 725px) 100vw, 725px\" \/><\/figure>\n\n\n\n<p><strong>\u0415\u0441\u043b\u0438 \u0412\u0430\u043c \u0443\u0434\u043e\u0431\u043d\u0435\u0435 \u043e\u043f\u043b\u0430\u0442\u0438\u0442\u044c \u044d\u043a\u0437\u0430\u043c\u0435\u043d \u043e\u043d\u043b\u0430\u0439\u043d, \u0442\u043e \u043f\u0440\u0435\u0434\u043b\u0430\u0433\u0430\u0435\u043c \u043f\u0440\u043e\u043a\u043e\u043d\u0441\u0443\u043b\u044c\u0442\u0438\u0440\u043e\u0432\u0430\u0442\u044c\u0441\u044f \u0443 \u043d\u0430\u0448\u0438\u0445 \u0430\u0434\u043c\u0438\u043d\u0438\u0441\u0442\u0440\u0430\u0442\u043e\u0440\u043e\u0432 \u043e \u0441\u0443\u043c\u043c\u0435 \u043f\u043b\u0430\u0442\u0435\u0436\u0430 \u0438 \u0438\u0441\u043f\u043e\u043b\u044c\u0437\u043e\u0432\u0430\u0442\u044c QR-\u043a\u043e\u0434.  <\/strong><\/p>\n\n\n\n<p><strong>\u0412\u041d\u0418\u041c\u0410\u041d\u0418\u0415! <\/strong>\u0421 20.01.2026 \u0433\u043e\u0434\u0430 \u0441\u0442\u043e\u0438\u043c\u043e\u0441\u0442\u044c \u044d\u043a\u0437\u0430\u043c\u0435\u043d\u043e\u0432 TCF \u0441\u043e\u0441\u0442\u0430\u0432\u043b\u044f\u0435\u0442:<\/p>\n\n\n\n<p><strong>TCF Canada <\/strong>&#8212; 20000 \u0440\u0443\u0431: compr\u00e9hension orale; compr\u00e9hension \u00e9crite; expression orale ; expression \u00e9crite.<\/p>\n\n\n\n<p><strong>TCF Tout Public (TCF TP)<\/strong> &#8212; \u043e\u0431\u044f\u0437\u0430\u0442\u0435\u043b\u044c\u043d\u044b\u0435 \u044d\u0442\u0430\u043f\u044b 12000 \u0440\u0443\u0431: compr\u00e9hension orale; compr\u00e9hension \u00e9crite;<br>maitrise des structures de la langue. \u0414\u043e\u043f\u043e\u043b\u043d\u0438\u0442\u0435\u043b\u044c\u043d\u044b\u0435 \u044d\u0442\u0430\u043f\u044b: expression \u00e9crite (6000 \u0440\u0443\u0431); expression orale (6000 \u0440\u0443\u0431).<\/p>\n\n\n\n<p><strong>TCF Int\u00e9gration, R\u00e9sidence et Nationalit\u00e9 (IRN)<\/strong> &#8212; 18000 \u0440\u0443\u0431. (compr\u00e9hension orale; compr\u00e9hension \u00e9crite; expression orale ; expression \u00e9crite).<\/p>\n\n\n<div class=\"wp-block-image\">\n<figure class=\"aligncenter size-large\"><img loading=\"lazy\" decoding=\"async\" width=\"270\" height=\"270\" src=\"https:\/\/afrus.ru\/ekaterinbourg\/wp-content\/uploads\/sites\/31\/2024\/04\/IMG-20240423-WA0007.jpg\" alt=\"\" class=\"wp-image-6178\" srcset=\"https:\/\/afrus.ru\/ekaterinbourg\/wp-content\/uploads\/sites\/31\/2024\/04\/IMG-20240423-WA0007.jpg 270w, https:\/\/afrus.ru\/ekaterinbourg\/wp-content\/uploads\/sites\/31\/2024\/04\/IMG-20240423-WA0007-150x150.jpg 150w\" sizes=\"(max-width: 270px) 100vw, 270px\" \/><\/figure><\/div>\n\n\n<p><strong><a href=\"http:\/\/www.afrus.ru\/uploads\/general_files\/ville_4\/kvitantsia_SBERBANK.pdf\">\u0421\u043a\u0430\u0447\u0430\u0442\u044c \u043a\u0432\u0438\u0442\u0430\u043d\u0446\u0438\u044e \u0434\u043b\u044f \u043e\u043f\u043b\u0430\u0442\u044b \u044d\u043a\u0437\u0430\u043c\u0435\u043d\u0430<\/a><\/strong><\/p>\n","protected":false},"excerpt":{"rendered":"<p>\u041a\u0410\u041b\u0415\u041d\u0414\u0410\u0420\u042c \u042d\u041a\u0417\u0410\u041c\u0415\u041d\u041e\u0412 \u041d\u0410 2026 \u0433\u0433. \u0415\u0441\u043b\u0438 \u0412\u0430\u043c \u0443\u0434\u043e\u0431\u043d\u0435\u0435 \u043e\u043f\u043b\u0430\u0442\u0438\u0442\u044c \u044d\u043a\u0437\u0430\u043c\u0435\u043d \u043e\u043d\u043b\u0430\u0439\u043d, \u0442\u043e \u043f\u0440\u0435\u0434\u043b\u0430\u0433\u0430\u0435\u043c \u043f\u0440\u043e\u043a\u043e\u043d\u0441\u0443\u043b\u044c\u0442\u0438\u0440\u043e\u0432\u0430\u0442\u044c\u0441\u044f \u0443 \u043d\u0430\u0448\u0438\u0445 \u0430\u0434\u043c\u0438\u043d\u0438\u0441\u0442\u0440\u0430\u0442\u043e\u0440\u043e\u0432 \u043e \u0441\u0443\u043c\u043c\u0435 \u043f\u043b\u0430\u0442\u0435\u0436\u0430 \u0438 \u0438\u0441\u043f\u043e\u043b\u044c\u0437\u043e\u0432\u0430\u0442\u044c QR-\u043a\u043e\u0434. \u0412\u041d\u0418\u041c\u0410\u041d\u0418\u0415! \u0421 20.01.2026 \u0433\u043e\u0434\u0430 \u0441\u0442\u043e\u0438\u043c\u043e\u0441\u0442\u044c \u044d\u043a\u0437\u0430\u043c\u0435\u043d\u043e\u0432 TCF \u0441\u043e\u0441\u0442\u0430\u0432\u043b\u044f\u0435\u0442: TCF Canada &#8212; 20000 \u0440\u0443\u0431: compr\u00e9hension orale; compr\u00e9hension \u00e9crite; expression orale ; expression \u00e9crite. TCF Tout Public (TCF TP) &#8212; \u043e\u0431\u044f\u0437\u0430\u0442\u0435\u043b\u044c\u043d\u044b\u0435 \u044d\u0442\u0430\u043f\u044b 12000 \u0440\u0443\u0431: [&hellip;]<\/p>\n","protected":false},"author":1,"featured_media":4212,"parent":0,"menu_order":0,"comment_status":"closed","ping_status":"closed","template":"","meta":{"inline_featured_image":false,"footnotes":""},"class_list":["post-2548","page","type-page","status-publish","has-post-thumbnail","hentry"],"_links":{"self":[{"href":"https:\/\/afrus.ru\/ekaterinbourg\/wp-json\/wp\/v2\/pages\/2548"}],"collection":[{"href":"https:\/\/afrus.ru\/ekaterinbourg\/wp-json\/wp\/v2\/pages"}],"about":[{"href":"https:\/\/afrus.ru\/ekaterinbourg\/wp-json\/wp\/v2\/types\/page"}],"author":[{"embeddable":true,"href":"https:\/\/afrus.ru\/ekaterinbourg\/wp-json\/wp\/v2\/users\/1"}],"replies":[{"embeddable":true,"href":"https:\/\/afrus.ru\/ekaterinbourg\/wp-json\/wp\/v2\/comments?post=2548"}],"version-history":[{"count":53,"href":"https:\/\/afrus.ru\/ekaterinbourg\/wp-json\/wp\/v2\/pages\/2548\/revisions"}],"predecessor-version":[{"id":6591,"href":"https:\/\/afrus.ru\/ekaterinbourg\/wp-json\/wp\/v2\/pages\/2548\/revisions\/6591"}],"wp:featuredmedia":[{"embeddable":true,"href":"https:\/\/afrus.ru\/ekaterinbourg\/wp-json\/wp\/v2\/media\/4212"}],"wp:attachment":[{"href":"https:\/\/afrus.ru\/ekaterinbourg\/wp-json\/wp\/v2\/media?parent=2548"}],"curies":[{"name":"wp","href":"https:\/\/api.w.org\/{rel}","templated":true}]}}