{"id":2569,"date":"2013-10-24T00:00:00","date_gmt":"2013-10-23T21:00:00","guid":{"rendered":"http:\/\/afrus.ru\/ekaterinbourg\/langue-francaisefrantsuzskii-yazyk-prodvinutyi-uroven-1b2-1-80\/"},"modified":"2021-01-05T08:12:00","modified_gmt":"2021-01-05T05:12:00","slug":"langue-francaisefrantsuzskii-yazyk-prodvinutyi-uroven-1b2-1-80","status":"publish","type":"page","link":"https:\/\/afrus.ru\/ekaterinbourg\/fr\/langue-francaisefrantsuzskii-yazyk-prodvinutyi-uroven-1b2-1-80\/","title":{"rendered":"Le conseil d\u2019administration de l\u2019Alliance Fran\u00e7aise d\u2019Ekaterinbourg"},"content":{"rendered":"<p><strong>Le conseil d\u2019administration de l\u2019Alliance Fran\u00e7aise d\u2019Ekaterinbourg:<\/strong><\/p>\n<p><strong><em>Vetrova Natalia Konstantinovna<\/em><\/strong><strong>, pr\u00e9sident, directrice du mus\u00e9e de l\u2019histoire r\u00e9gionale de l\u2019oblast de Sverdlovsk,<\/strong><\/p>\n<p><strong><em>Loschenko Victor L\u00e9onidovitch, vice-pr\u00e9sident, <\/em><\/strong><strong>directeur g\u00e9n\u00e9ral du groupe<\/strong> <strong>\u00ab\u0410\u0442\u043e\u043c\u043f\u0440\u043e\u043c\u043a\u043e\u043c\u043f\u043b\u0435\u043a\u0441\u00bb, doctorant en sciences \u00e9conomiques,<\/strong><\/p>\n<p><strong><em>Deev Anatoli\u00ef Mikha\u00eflovitch, <\/em><\/strong><strong>vice-pr\u00e9sident,<\/strong><\/p>\n<p><strong><em>Chantchurov Sergue\u00ef Makha\u00eflovitch, <\/em><\/strong><strong>adjoint du directeur de l\u2019\u00e9cole de commerce dUrFU, professeur, docteur en sciences techniques,<\/strong><\/p>\n<p><strong><em>Petrov Oleg Alekseevitch, <\/em><\/strong><strong>adjoint du directeur du th\u00e9\u00e2tre de drame sur les questions d\u2019innovation, \u00e0 la t\u00eate d\u2019une jeune troupe,<\/strong><\/p>\n<p><strong><em>D\u00e9midov Boris Alekseevitch, <\/em><\/strong><strong>architecte, membre du Conseil des Architectes de Russie,<\/strong><\/p>\n<p><strong><em>Koloturski\u00ef Aleksandr Nikolaevitch, <\/em><\/strong><strong>directeur de la Philharmonie d\u2019Ekaterinbourg, travailleur \u00e9m\u00e9rite de la culture en Russie, laur\u00e9at du prix national de Russie, vice-pr\u00e9sident de l\u2019organisation de concerts en Russie.<\/strong><\/p>\n","protected":false},"excerpt":{"rendered":"<p>Le conseil d\u2019administration de l\u2019Alliance Fran\u00e7aise d\u2019Ekaterinbourg: Vetrova Natalia Konstantinovna, pr\u00e9sident, directrice du mus\u00e9e de l\u2019histoire r\u00e9gionale de l\u2019oblast de Sverdlovsk, Loschenko Victor L\u00e9onidovitch, vice-pr\u00e9sident, directeur g\u00e9n\u00e9ral du groupe \u00ab\u0410\u0442\u043e\u043c\u043f\u0440\u043e\u043c\u043a\u043e\u043c\u043f\u043b\u0435\u043a\u0441\u00bb, doctorant en sciences \u00e9conomiques, Deev Anatoli\u00ef Mikha\u00eflovitch, vice-pr\u00e9sident, Chantchurov Sergue\u00ef Makha\u00eflovitch, adjoint du directeur de l\u2019\u00e9cole de commerce dUrFU, professeur, docteur en sciences techniques, Petrov [&hellip;]<\/p>\n","protected":false},"author":1,"featured_media":0,"parent":0,"menu_order":0,"comment_status":"closed","ping_status":"closed","template":"","meta":{"inline_featured_image":false,"footnotes":""},"class_list":["post-2569","page","type-page","status-publish","hentry"],"_links":{"self":[{"href":"https:\/\/afrus.ru\/ekaterinbourg\/wp-json\/wp\/v2\/pages\/2569"}],"collection":[{"href":"https:\/\/afrus.ru\/ekaterinbourg\/wp-json\/wp\/v2\/pages"}],"about":[{"href":"https:\/\/afrus.ru\/ekaterinbourg\/wp-json\/wp\/v2\/types\/page"}],"author":[{"embeddable":true,"href":"https:\/\/afrus.ru\/ekaterinbourg\/wp-json\/wp\/v2\/users\/1"}],"replies":[{"embeddable":true,"href":"https:\/\/afrus.ru\/ekaterinbourg\/wp-json\/wp\/v2\/comments?post=2569"}],"version-history":[{"count":1,"href":"https:\/\/afrus.ru\/ekaterinbourg\/wp-json\/wp\/v2\/pages\/2569\/revisions"}],"predecessor-version":[{"id":4347,"href":"https:\/\/afrus.ru\/ekaterinbourg\/wp-json\/wp\/v2\/pages\/2569\/revisions\/4347"}],"wp:attachment":[{"href":"https:\/\/afrus.ru\/ekaterinbourg\/wp-json\/wp\/v2\/media?parent=2569"}],"curies":[{"name":"wp","href":"https:\/\/api.w.org\/{rel}","templated":true}]}}