{"id":2591,"date":"2019-10-25T00:00:00","date_gmt":"2019-10-24T21:00:00","guid":{"rendered":"http:\/\/afrus.ru\/ekaterinbourg\/alliance-francaise-d-ekaterinbourg\/"},"modified":"2024-04-15T11:03:42","modified_gmt":"2024-04-15T08:03:42","slug":"alliance-francaise-d-ekaterinbourg","status":"publish","type":"page","link":"https:\/\/afrus.ru\/ekaterinbourg\/fr\/alliance-francaise-d-ekaterinbourg\/","title":{"rendered":"Alliance Fran\u00e7aise d&#8217;Ekaterinbourg"},"content":{"rendered":"<p><strong>Le r\u00e9seau Alliance fran\u00e7aise <\/strong><\/p>\n<p>Le r\u00e9seau Alliance Fran\u00e7aise organise dans le monde entier des cours de fran\u00e7ais tr\u00e8s demand\u00e9s gr\u00e2ce \u00e0 la qualit\u00e9 de l&#8217;enseignement du fran\u00e7ais langue \u00e9trang\u00e8re. Chaque ann\u00e9e, plus de 500 000 \u00e9tudiants venus des quatre coins du monde \u00e9tudient dans une des Alliances Fran\u00e7aises reparties dans une centaine de pays.<\/p>\n<p>Pour plus d\u2019informations\u00a0: https:\/\/www.afrus.ru\/fr\/l-alliance-francaise-dans-le-monde<\/p>\n<p><strong>Les 12 Alliances fran\u00e7aises de Russie<\/strong><\/p>\n<p>La premi\u00e8re Alliance fran\u00e7aise de Russie a \u00e9t\u00e9 inaugur\u00e9e en 2001 \u00e0 Samara par le Pr\u00e9sident de la R\u00e9publique fran\u00e7aise Jacques Chirac. Aujourd&#8217;hui, Ekaterinbourg, Irkoutsk, Kazan, Nijni-Novgorod, Novossibirsk, Rostov-sur-le-Don, Saratov, Perm, Togliatti, Vladivostok et Oulianovsk comptent \u00e9galement une Alliance fran\u00e7aise. Elles sont partenaires de l&#8217;Ambassade de France et de l\u2019Institut Fran\u00e7ais en Russie.<\/p>\n<p><strong>L\u2019Alliance fran\u00e7aise d\u2019Ekaterinbourg<\/strong><\/p>\n<p>Fond\u00e9e en 2002, l\u2019Alliance Fran\u00e7aise d\u2019Ekaterinbourg est engag\u00e9e dans la promotion de la culture fran\u00e7aise, de l&#8217;enseignement de la langue fran\u00e7aise, et bien s\u00fbr, dans le d\u00e9veloppement des contacts culturels entre la France et la Russie.<\/p>\n<p><strong>Notre \u00e9quipe <\/strong><\/p>\n<p>Le personnel enseignant de l&#8217;Alliance Fran\u00e7aise d\u2019Ekaterinbourg comprend des locuteurs natifs\u00a0: des sp\u00e9cialistes de l&#8217;enseignement du fran\u00e7ais comme langue \u00e9trang\u00e8re ainsi que des enseignants russes exp\u00e9riment\u00e9s.<\/p>\n<p><strong>L\u2019enseignement du fran\u00e7ais <\/strong><\/p>\n<p>Le programme d\u2019enseignement de notre Alliance pr\u00e9sente tous les niveaux de ma\u00eetrise de la langue fran\u00e7aise et sont con\u00e7us en accord avec le Cadre Europ\u00e9en Commun de R\u00e9f\u00e9rence pour les Langues (CECRL). Les cours utilisent des techniques de communication modernes, ainsi que des documents audio et vid\u00e9o. Nos groupes se composent en moyenne de 6 apprenants, ce qui permet d\u2019\u00e9tudier dans des conditions optimales. Les \u00e9tudiants ont en outre \u00e0 leur disposition les nombreuses ressources de notre m\u00e9diath\u00e8que et la possibilit\u00e9 d\u2019assister r\u00e9guli\u00e8rement \u00e0 des \u00e9v\u00e9nements culturels organis\u00e9s par nos soins (concerts, concours, clubs de discussion, camps linguistiques en fran\u00e7ais, s\u00e9jours en France etc.).<\/p>\n<p><strong>Nos apprenants<\/strong><\/p>\n<p>Depuis plus de 15 ans, l&#8217;Alliance Fran\u00e7aise d\u2019Ekaterinbourg accueille annuellement environ 400 personnes d&#8217;\u00e2ges et de statuts sociaux diff\u00e9rents\u00a0: \u00e9coliers, coll\u00e9giens, lyc\u00e9ens, \u00e9tudiants mais aussi chefs d\u2019entreprises, avocats, professeurs etc. Avec nous, vous pouvez choisir de d\u00e9buter, de pratiquer ou de perfectionner l\u2019\u00e9tude de la langue fran\u00e7aise.\u00a0 Une des particularit\u00e9s de la formation \u00e0 l\u2019Alliance Fran\u00e7aise d\u2019Ekaterinbourg est une approche individuelle pour tous ceux qui souhaitent apprendre le fran\u00e7ais\u00a0: nous organisons des tests gratuits pour aider les \u00e9tudiants \u00e0 connaitre leur niveau. L\u2019Alliance aidera ensuite l\u2019apprenant \u00a0\u00e0 choisir un groupe, un horaire et un lieu en fonction de ses disponibilit\u00e9s.<\/p>\n<p><strong>D\u00e9couvrir ou perfectionner la langue russe<\/strong><\/p>\n<p>En outre, si vous envisagez un voyage en Russie, l\u2019Alliance Fran\u00e7aise d\u2019Ekaterinbourg vous propose des cours de russe tous niveaux avec des enseignants natifs. \u00c0 titre d\u2019information, un cours individuel de 60 minutes co\u00fbte 2000 roubles. Pour plus d\u2019informations, merci de bien vouloir consulter le <a href=\"https:\/\/www.afrus.ru\/fr\/contact\">lien<\/a><\/p>\n","protected":false},"excerpt":{"rendered":"<p>Le r\u00e9seau Alliance fran\u00e7aise Le r\u00e9seau Alliance Fran\u00e7aise organise dans le monde entier des cours de fran\u00e7ais tr\u00e8s demand\u00e9s gr\u00e2ce \u00e0 la qualit\u00e9 de l&#8217;enseignement du fran\u00e7ais langue \u00e9trang\u00e8re. Chaque ann\u00e9e, plus de 500 000 \u00e9tudiants venus des quatre coins du monde \u00e9tudient dans une des Alliances Fran\u00e7aises reparties dans une centaine de pays. Pour [&hellip;]<\/p>\n","protected":false},"author":1,"featured_media":676,"parent":0,"menu_order":0,"comment_status":"closed","ping_status":"closed","template":"","meta":{"inline_featured_image":false,"footnotes":""},"class_list":["post-2591","page","type-page","status-publish","has-post-thumbnail","hentry"],"_links":{"self":[{"href":"https:\/\/afrus.ru\/ekaterinbourg\/wp-json\/wp\/v2\/pages\/2591"}],"collection":[{"href":"https:\/\/afrus.ru\/ekaterinbourg\/wp-json\/wp\/v2\/pages"}],"about":[{"href":"https:\/\/afrus.ru\/ekaterinbourg\/wp-json\/wp\/v2\/types\/page"}],"author":[{"embeddable":true,"href":"https:\/\/afrus.ru\/ekaterinbourg\/wp-json\/wp\/v2\/users\/1"}],"replies":[{"embeddable":true,"href":"https:\/\/afrus.ru\/ekaterinbourg\/wp-json\/wp\/v2\/comments?post=2591"}],"version-history":[{"count":2,"href":"https:\/\/afrus.ru\/ekaterinbourg\/wp-json\/wp\/v2\/pages\/2591\/revisions"}],"predecessor-version":[{"id":6114,"href":"https:\/\/afrus.ru\/ekaterinbourg\/wp-json\/wp\/v2\/pages\/2591\/revisions\/6114"}],"wp:featuredmedia":[{"embeddable":true,"href":"https:\/\/afrus.ru\/ekaterinbourg\/wp-json\/wp\/v2\/media\/676"}],"wp:attachment":[{"href":"https:\/\/afrus.ru\/ekaterinbourg\/wp-json\/wp\/v2\/media?parent=2591"}],"curies":[{"name":"wp","href":"https:\/\/api.w.org\/{rel}","templated":true}]}}