{"id":10684,"date":"2024-05-24T13:18:05","date_gmt":"2024-05-24T10:18:05","guid":{"rendered":"http:\/\/afrus.ru\/irkoutsk\/?page_id=10684"},"modified":"2024-05-27T07:01:34","modified_gmt":"2024-05-27T04:01:34","slug":"rezultaty-konkursa-impression-vpechatlenie","status":"publish","type":"page","link":"https:\/\/afrus.ru\/irkoutsk\/rezultaty-konkursa-impression-vpechatlenie\/","title":{"rendered":"\u0420\u0435\u0437\u0443\u043b\u044c\u0442\u0430\u0442\u044b \u043a\u043e\u043d\u043a\u0443\u0440\u0441\u0430 &#171;Impression. \u0412\u043f\u0435\u0447\u0430\u0442\u043b\u0435\u043d\u0438\u0435&#187;"},"content":{"rendered":"\n<h2 class=\"wp-block-heading\">\u041a\u0430\u0442\u0435\u0433\u043e\u0440\u0438\u044f &#171;\u0420\u0438\u0441\u0443\u043d\u043a\u0438&#187;<\/h2>\n\n\n\n<div class=\"wp-block-media-text alignwide\"><figure class=\"wp-block-media-text__media\"><img loading=\"lazy\" decoding=\"async\" width=\"693\" height=\"1024\" src=\"https:\/\/afrus.ru\/irkoutsk\/wp-content\/uploads\/sites\/32\/2024\/05\/Xerox-Scan-693x1024.jpg\" alt=\"\" class=\"wp-image-10685\" srcset=\"https:\/\/afrus.ru\/irkoutsk\/wp-content\/uploads\/sites\/32\/2024\/05\/Xerox-Scan-693x1024.jpg 693w, https:\/\/afrus.ru\/irkoutsk\/wp-content\/uploads\/sites\/32\/2024\/05\/Xerox-Scan-203x300.jpg 203w, https:\/\/afrus.ru\/irkoutsk\/wp-content\/uploads\/sites\/32\/2024\/05\/Xerox-Scan-768x1134.jpg 768w, https:\/\/afrus.ru\/irkoutsk\/wp-content\/uploads\/sites\/32\/2024\/05\/Xerox-Scan.jpg 1000w\" sizes=\"(max-width: 693px) 100vw, 693px\" \/><\/figure><div class=\"wp-block-media-text__content\">\n<p class=\"has-medium-font-size\"><strong>1-\u0435 \u043c\u0435\u0441\u0442\u043e: \u041d\u0435\u0432\u0435\u0447\u0435\u0440\u0438\u043d\u0430 \u042e\u043b\u0438\u044f, \u0433.\u0410\u043d\u0433\u0430\u0440\u0441\u043a <\/strong><\/p>\n\n\n\n<p class=\"has-medium-font-size\"><strong>&#171;\u041d\u0430 \u041d\u0435\u0432\u0441\u043a\u043e\u043c&#187;<\/strong><\/p>\n<\/div><\/div>\n\n\n\n<div class=\"wp-block-media-text alignwide\"><figure class=\"wp-block-media-text__media\"><img loading=\"lazy\" decoding=\"async\" width=\"1024\" height=\"704\" src=\"https:\/\/afrus.ru\/irkoutsk\/wp-content\/uploads\/sites\/32\/2024\/05\/Naryshkina-Evgeniya-Semejnoe-schaste-1024x704.jpg\" alt=\"\" class=\"wp-image-10687\" srcset=\"https:\/\/afrus.ru\/irkoutsk\/wp-content\/uploads\/sites\/32\/2024\/05\/Naryshkina-Evgeniya-Semejnoe-schaste-1024x704.jpg 1024w, https:\/\/afrus.ru\/irkoutsk\/wp-content\/uploads\/sites\/32\/2024\/05\/Naryshkina-Evgeniya-Semejnoe-schaste-300x206.jpg 300w, https:\/\/afrus.ru\/irkoutsk\/wp-content\/uploads\/sites\/32\/2024\/05\/Naryshkina-Evgeniya-Semejnoe-schaste-768x528.jpg 768w, https:\/\/afrus.ru\/irkoutsk\/wp-content\/uploads\/sites\/32\/2024\/05\/Naryshkina-Evgeniya-Semejnoe-schaste-1536x1056.jpg 1536w, https:\/\/afrus.ru\/irkoutsk\/wp-content\/uploads\/sites\/32\/2024\/05\/Naryshkina-Evgeniya-Semejnoe-schaste.jpg 1685w\" sizes=\"(max-width: 1024px) 100vw, 1024px\" \/><\/figure><div class=\"wp-block-media-text__content\">\n<p class=\"has-medium-font-size\"><strong>2-\u0435 \u043c\u0435\u0441\u0442\u043e: \u041d\u0430\u0440\u044b\u0448\u043a\u0438\u043d\u0430 \u0415\u0432\u0433\u0435\u043d\u0438\u044f, \u0433.\u041a\u043e\u0432\u0440\u043e\u0432 <\/strong><\/p>\n\n\n\n<p class=\"has-medium-font-size\"><strong>&#171;\u0421\u0435\u043c\u0435\u0439\u043d\u043e\u0435 \u0441\u0447\u0430\u0441\u0442\u044c\u0435&#187;<\/strong><\/p>\n<\/div><\/div>\n\n\n\n<div class=\"wp-block-media-text alignwide\"><figure class=\"wp-block-media-text__media\"><img loading=\"lazy\" decoding=\"async\" width=\"1024\" height=\"713\" src=\"https:\/\/afrus.ru\/irkoutsk\/wp-content\/uploads\/sites\/32\/2024\/05\/Xerox-Scan-1-1024x713.jpg\" alt=\"\" class=\"wp-image-10689\" srcset=\"https:\/\/afrus.ru\/irkoutsk\/wp-content\/uploads\/sites\/32\/2024\/05\/Xerox-Scan-1-1024x713.jpg 1024w, https:\/\/afrus.ru\/irkoutsk\/wp-content\/uploads\/sites\/32\/2024\/05\/Xerox-Scan-1-300x209.jpg 300w, https:\/\/afrus.ru\/irkoutsk\/wp-content\/uploads\/sites\/32\/2024\/05\/Xerox-Scan-1-768x534.jpg 768w, https:\/\/afrus.ru\/irkoutsk\/wp-content\/uploads\/sites\/32\/2024\/05\/Xerox-Scan-1.jpg 1200w\" sizes=\"(max-width: 1024px) 100vw, 1024px\" \/><\/figure><div class=\"wp-block-media-text__content\">\n<p class=\"has-medium-font-size\"><strong>3-\u0435 \u043c\u0435\u0441\u0442\u043e: \u0412\u043e\u0440\u043e\u043d\u0446\u043e\u0432\u0430 \u0410\u043d\u043d\u0430, <\/strong> <strong>\u0433.\u0418\u0440\u043a\u0443\u0442\u0441\u043a<\/strong> <strong> <\/strong><\/p>\n\n\n\n<p class=\"has-medium-font-size\"><strong>&#171;\u0413\u043e\u0440\u044b \u0437\u043e\u0432\u0443\u0442&#187;<\/strong><\/p>\n<\/div><\/div>\n\n\n\n<h2 class=\"wp-block-heading\">\u041a\u0430\u0442\u0435\u0433\u043e\u0440\u0438\u044f &#171;\u0421\u0442\u0438\u0445\u0438 \/ \u043f\u0440\u043e\u0437\u0430&#187;<\/h2>\n\n\n\n<pre class=\"wp-block-verse has-text-align-left\"><strong>1-\u0435 \u043c\u0435\u0441\u0442\u043e: \u041a\u0440\u0438\u0441\u0442\u0438\u043d\u0430 \u0427\u0435\u0431\u043e\u0442\u0430\u0440\u0435\u0432\u0430, \u0433.\u0418\u0440\u043a\u0443\u0442\u0441\u043a<\/strong><br><br><strong>Une impression<\/strong><br><br> Lieu convenu, je suis ici. <br> Les pommiers sont autour, et je suis parmi.<br> Tu es en retard, je ne suis pas en col\u00e8re.<br> Parmi les pommiers, je m'en fiche des mani\u00e8res.<br><br> J'aime le bruissement des fleurs dans le vent.<br> Je veux photographier les sentiments.<br> Je suis contente que tu sois en retard.<br> Et d\u00e8s que tu viendras, je te dirai: \u00abRegarde!\u00bb.<br><br> Bien s\u00fbr, tu regarderas et tu diras que c'est beau.<br> Mais la chair de poule n'appara\u00eetra pas sur la peau.<br> Tu ne ressens pas la m\u00eame chose que moi.<br> Je dois admettre qu'en cela je suis comme toi.<br><br> Nous avons des impressions diff\u00e9rentes.<br> Les petites choses me semblent parfois grandes.<br> Ces pommiers me donnent une impression plus forte<br> Que notre amour en moi est d\u00e9j\u00e0 morte.<\/pre>\n\n\n\n<pre class=\"wp-block-verse has-text-align-left\"><strong>2-\u0435 \u043c\u0435\u0441\u0442\u043e:<\/strong> <strong>\u042f\u0440\u043e\u0441\u043b\u0430\u0432 \u0411\u043e\u0440\u0438\u0441\u043e\u0432, \u0433.\u041a\u043e\u0432\u0440\u043e\u0432<\/strong> <br><br>\u041f\u043e\u0442\u043e\u043a, \u0437\u043c\u0435\u0451\u044e \u0438\u0437\u0432\u0438\u0432\u0430\u044f\u0441\u044c, <br>\u0417\u0430\u043f\u043e\u043b\u043e\u043d\u044f\u0435\u0442 \u0437\u0432\u043e\u043d\u043e\u043c \u0441\u043b\u0443\u0445, <br>\u0418 \u043a\u0430\u043f\u043b\u044f\u043c\u0438 \u043d\u0430 \u0432\u0441\u0435\u0445 \u0432\u0437\u0440\u044b\u0432\u0430\u044f\u0441\u044c,<br>\u0412\u0441\u0435 \u043a\u0430\u043c\u043d\u0438 \u0442\u043e\u0447\u0438\u0442, \u0442\u043e\u0447\u0438\u0442 \u0437\u0432\u0443\u043a. <br><br>\u0417\u0430\u043a\u0430\u0442 \u0440\u043e\u043d\u044f\u044f \u0430\u043b\u043e-\u043a\u0440\u0430\u0441\u043d\u044b\u0439, <br>\u041d\u0430 \u0432\u0435\u0442\u0445\u043e\u0441\u0442\u044c \u0434\u043e\u043c\u0430, \u0432 \u0445\u0443\u0434\u043e\u0441\u0442\u044c \u0441\u0442\u0435\u043d <br>\u041e\u0433\u043d\u0438 \u0433\u043e\u0440\u0435\u043b\u0438 \u0431\u0435\u0437\u0443\u0447\u0430\u0441\u0442\u043d\u043e, <br>\u0413\u043b\u0430\u0437\u0430 \u0433\u043e\u0440\u0435\u043b\u0438 \u043f\u0443\u043b\u044c\u0441\u043e\u043c \u0432\u0435\u043d. <br><br>\u041d\u0430 \u043c\u0438\u0433 \u0437\u0430\u0441\u0442\u044b\u043b\u043e \u0432\u0440\u0435\u043c\u044f, \u0445\u043e\u0434\u043e\u043c <br>\u0418\u0437\u043c\u0435\u0440\u0438\u0442\u044c \u0432\u0435\u0447\u043d\u043e\u0441\u0442\u044c \u043d\u043e\u0440\u043e\u0432\u044f. <br>\u0413\u043e\u0440\u0435\u043b\u0438 \u0437\u0432\u0435\u0437\u0434\u044b \u0433\u043e\u0434 \u0437\u0430 \u0433\u043e\u0434\u043e\u043c, <br>\u0414\u043e\u0440\u043e\u0433\u0438 \u043f\u0443\u0442\u0430\u043b\u0438 \u0448\u0443\u0442\u044f. <br><br>\u041f\u043e\u0442\u043e\u043a \u0438\u0437\u0432\u0438\u043b\u0438\u0441\u0442\u044b\u0439 \u0431\u0443\u0448\u0443\u0435\u0442, <br>\u0421\u0431\u0438\u0432\u0430\u044f \u043a\u0440\u0438\u043a\u043e\u043c \u043c\u0430\u0441\u0441\u044b \u0441\u043a\u0430\u043b, <br>\u0413\u043b\u0430\u0437\u0430 \u0438\u0441\u043a\u0430\u043b\u0438 \u0432\u0441\u0435 \u043f\u043e\u043a\u043e\u044f, <br>\u0417\u0430\u043a\u0430\u0442 \u043b\u043e\u0436\u0438\u043b\u0441\u044f \u0438 \u043c\u043e\u043b\u0447\u0430\u043b. <br><\/pre>\n\n\n\n<pre class=\"wp-block-verse has-text-align-left\"><strong>3-\u0435 \u043c\u0435\u0441\u0442\u043e: \u0421\u0432\u0435\u0442\u043b\u0430\u043d\u0430 \u041c\u0430\u043d\u044c\u043a\u043e\u0432\u0441\u043a\u0430\u044f, \u0433.\u041a\u0440\u0430\u0441\u043d\u043e\u044f\u0440\u0441\u043a  <\/strong><br><br><strong>Le soleil d'automne sur le rocher \"Ermak\"<\/strong><br>&nbsp;<br>Le soleil d'automne est doux,<br>Les rochers gardent leurs secrets.<br>Ils sont myst\u00e9rieux et muets,<br>Et la lumi\u00e8re est partout.<br>&nbsp;<br>La for\u00eat, verte et dor\u00e9e,<br>Entoure les grandes pierres<br>Comme des vagues de la mer<br>Qui roulent pendant la mar\u00e9e.<br>&nbsp;<br>Le soir est calme. Il est temps<br>Pour le soleil de se coucher.<br>Ses rayons tombent sur les rochers,<br>Qui sont ici depuis longtemps.<br>&nbsp;<br>Ils sont lumineux et chaleureux,<br>Ces derniers rayons du soleil,<br>Promettant l'aube et le r\u00e9veil<br>De la nature, si merveilleux.<\/pre>\n\n\n\n<figure class=\"wp-block-image size-large\"><img loading=\"lazy\" decoding=\"async\" width=\"1024\" height=\"460\" src=\"https:\/\/afrus.ru\/irkoutsk\/wp-content\/uploads\/sites\/32\/2024\/05\/photo1714736330-1024x460.jpeg\" alt=\"\" class=\"wp-image-10691\" srcset=\"https:\/\/afrus.ru\/irkoutsk\/wp-content\/uploads\/sites\/32\/2024\/05\/photo1714736330-1024x460.jpeg 1024w, https:\/\/afrus.ru\/irkoutsk\/wp-content\/uploads\/sites\/32\/2024\/05\/photo1714736330-300x135.jpeg 300w, https:\/\/afrus.ru\/irkoutsk\/wp-content\/uploads\/sites\/32\/2024\/05\/photo1714736330-768x345.jpeg 768w, https:\/\/afrus.ru\/irkoutsk\/wp-content\/uploads\/sites\/32\/2024\/05\/photo1714736330.jpeg 1280w\" sizes=\"(max-width: 1024px) 100vw, 1024px\" \/><\/figure>\n\n\n\n<p><strong>\u041f\u043e\u0437\u0434\u0440\u0430\u0432\u043b\u044f\u0435\u043c \u043f\u043e\u0431\u0435\u0434\u0438\u0442\u0435\u043b\u0435\u0439!<\/strong><\/p>\n","protected":false},"excerpt":{"rendered":"<p>\u041a\u0430\u0442\u0435\u0433\u043e\u0440\u0438\u044f &#171;\u0420\u0438\u0441\u0443\u043d\u043a\u0438&#187; 1-\u0435 \u043c\u0435\u0441\u0442\u043e: \u041d\u0435\u0432\u0435\u0447\u0435\u0440\u0438\u043d\u0430 \u042e\u043b\u0438\u044f, \u0433.\u0410\u043d\u0433\u0430\u0440\u0441\u043a &#171;\u041d\u0430 \u041d\u0435\u0432\u0441\u043a\u043e\u043c&#187; 2-\u0435 \u043c\u0435\u0441\u0442\u043e: \u041d\u0430\u0440\u044b\u0448\u043a\u0438\u043d\u0430 \u0415\u0432\u0433\u0435\u043d\u0438\u044f, \u0433.\u041a\u043e\u0432\u0440\u043e\u0432 &#171;\u0421\u0435\u043c\u0435\u0439\u043d\u043e\u0435 \u0441\u0447\u0430\u0441\u0442\u044c\u0435&#187; 3-\u0435 \u043c\u0435\u0441\u0442\u043e: \u0412\u043e\u0440\u043e\u043d\u0446\u043e\u0432\u0430 \u0410\u043d\u043d\u0430, \u0433.\u0418\u0440\u043a\u0443\u0442\u0441\u043a &#171;\u0413\u043e\u0440\u044b \u0437\u043e\u0432\u0443\u0442&#187; \u041a\u0430\u0442\u0435\u0433\u043e\u0440\u0438\u044f &#171;\u0421\u0442\u0438\u0445\u0438 \/ \u043f\u0440\u043e\u0437\u0430&#187; 1-\u0435 \u043c\u0435\u0441\u0442\u043e: \u041a\u0440\u0438\u0441\u0442\u0438\u043d\u0430 \u0427\u0435\u0431\u043e\u0442\u0430\u0440\u0435\u0432\u0430, \u0433.\u0418\u0440\u043a\u0443\u0442\u0441\u043aUne impression Lieu convenu, je suis ici. Les pommiers sont autour, et je suis parmi. Tu es en retard, je ne suis pas en [&hellip;]<\/p>\n","protected":false},"author":5,"featured_media":10691,"parent":0,"menu_order":0,"comment_status":"closed","ping_status":"closed","template":"","meta":{"inline_featured_image":false,"footnotes":""},"class_list":["post-10684","page","type-page","status-publish","has-post-thumbnail","hentry"],"_links":{"self":[{"href":"https:\/\/afrus.ru\/irkoutsk\/wp-json\/wp\/v2\/pages\/10684"}],"collection":[{"href":"https:\/\/afrus.ru\/irkoutsk\/wp-json\/wp\/v2\/pages"}],"about":[{"href":"https:\/\/afrus.ru\/irkoutsk\/wp-json\/wp\/v2\/types\/page"}],"author":[{"embeddable":true,"href":"https:\/\/afrus.ru\/irkoutsk\/wp-json\/wp\/v2\/users\/5"}],"replies":[{"embeddable":true,"href":"https:\/\/afrus.ru\/irkoutsk\/wp-json\/wp\/v2\/comments?post=10684"}],"version-history":[{"count":4,"href":"https:\/\/afrus.ru\/irkoutsk\/wp-json\/wp\/v2\/pages\/10684\/revisions"}],"predecessor-version":[{"id":10699,"href":"https:\/\/afrus.ru\/irkoutsk\/wp-json\/wp\/v2\/pages\/10684\/revisions\/10699"}],"wp:featuredmedia":[{"embeddable":true,"href":"https:\/\/afrus.ru\/irkoutsk\/wp-json\/wp\/v2\/media\/10691"}],"wp:attachment":[{"href":"https:\/\/afrus.ru\/irkoutsk\/wp-json\/wp\/v2\/media?parent=10684"}],"curies":[{"name":"wp","href":"https:\/\/api.w.org\/{rel}","templated":true}]}}