{"id":11200,"date":"2024-12-17T09:09:11","date_gmt":"2024-12-17T06:09:11","guid":{"rendered":"https:\/\/afrus.ru\/irkoutsk\/?page_id=11200"},"modified":"2024-12-17T10:14:47","modified_gmt":"2024-12-17T07:14:47","slug":"samye-krasivye-citaty-antuana-de-sent-jekzjuperi","status":"publish","type":"page","link":"https:\/\/afrus.ru\/irkoutsk\/samye-krasivye-citaty-antuana-de-sent-jekzjuperi\/","title":{"rendered":"\u0421\u0430\u043c\u044b\u0435 \u043a\u0440\u0430\u0441\u0438\u0432\u044b\u0435 \u0446\u0438\u0442\u0430\u0442\u044b \u0410\u043d\u0442\u0443\u0430\u043d\u0430 \u0414\u0435 \u0421\u0435\u043d\u0442-\u042d\u043a\u0437\u044e\u043f\u0435\u0440\u0438"},"content":{"rendered":"\n<p class=\"has-text-align-left\"><em>&#171;Les \u00e9toiles sont \u00e9clair\u00e9es afin que chacun puisse un jour retrouver la sienne.&#187;<\/em> &#8212; &#171;\u0417\u0432\u0451\u0437\u0434\u044b \u0441\u0432\u0435\u0442\u044f\u0442\u0441\u044f, \u043d\u0430\u0432\u0435\u0440\u043d\u043e, \u0437\u0430\u0442\u0435\u043c, \u0447\u0442\u043e\u0431\u044b \u0440\u0430\u043d\u043e \u0438\u043b\u0438 \u043f\u043e\u0437\u0434\u043d\u043e \u043a\u0430\u0436\u0434\u044b\u0439 \u043c\u043e\u0433 \u043e\u0442\u044b\u0441\u043a\u0430\u0442\u044c \u0441\u0432\u043e\u044e.&#187;<\/p>\n\n\n\n<p class=\"has-text-align-left\"><em>&#171;Tu es responsable de ce que tu as apprivois\u00e9.&#187; <\/em>\u2014 &#171;\u0422\u044b \u0432 \u043e\u0442\u0432\u0435\u0442\u0435 \u0437\u0430 \u0442\u0435\u0445, \u043a\u043e\u0433\u043e \u043f\u0440\u0438\u0440\u0443\u0447\u0438\u043b.&#187;<\/p>\n\n\n\n<p class=\"has-text-align-left\"><em>&#171;Aimer, ce n&#8217;est pas se regarder l&#8217;un l&#8217;autre, c&#8217;est regarder ensemble dans la m\u00eame direction.&#187;<\/em> \u2014 &#171;\u041b\u044e\u0431\u0438\u0442\u044c &#8212; \u044d\u0442\u043e \u043d\u0435 \u0437\u043d\u0430\u0447\u0438\u0442 \u0441\u043c\u043e\u0442\u0440\u0435\u0442\u044c \u0434\u0440\u0443\u0433 \u043d\u0430 \u0434\u0440\u0443\u0433\u0430, \u043b\u044e\u0431\u0438\u0442\u044c &#8212; \u0437\u043d\u0430\u0447\u0438\u0442 \u0432\u043c\u0435\u0441\u0442\u0435 \u0441\u043c\u043e\u0442\u0440\u0435\u0442\u044c \u0432 \u043e\u0434\u043d\u043e\u043c \u043d\u0430\u043f\u0440\u0430\u0432\u043b\u0435\u043d\u0438\u0438.&#187;<\/p>\n\n\n\n<p class=\"has-text-align-left\"><em>&#171;Toutes les grandes personnes ont d&#8217;abord \u00e9t\u00e9 des enfants.<\/em>&#187; \u2014 &#171;\u0412\u0441\u0435 \u0432\u0437\u0440\u043e\u0441\u043b\u044b\u0435 \u0441\u043d\u0430\u0447\u0430\u043b\u0430 \u0431\u044b\u043b\u0438 \u0434\u0435\u0442\u044c\u043c\u0438.&#187;<\/p>\n\n\n\n<p class=\"has-text-align-left\"><em>&#171;On ne voit bien qu&#8217;avec le coeur. L&#8217;essentiel est invisible por les yeux.&#187;<\/em> \u2014 &#171;\u0417\u043e\u0440\u043a\u043e \u043e\u0434\u043d\u043e \u043b\u0438\u0448\u044c \u0441\u0435\u0440\u0434\u0446\u0435. \u0421\u0430\u043c\u043e\u0433\u043e \u0433\u043b\u0430\u0432\u043d\u043e\u0433\u043e \u0433\u043b\u0430\u0437\u0430\u043c\u0438 \u043d\u0435 \u0443\u0432\u0438\u0434\u0438\u0448\u044c.&#187;<\/p>\n\n\n\n<p class=\"has-text-align-left\"><em>&#171;C&#8217;est v\u00e9ritablement utile puisque c&#8217;est joli.&#187;<\/em> \u2014 &#171;\u042d\u0442\u043e \u043f\u043e-\u043d\u0430\u0441\u0442\u043e\u044f\u0449\u0435\u043c\u0443 \u043f\u043e\u043b\u0435\u0437\u043d\u043e, \u043f\u043e\u0442\u043e\u043c\u0443 \u0447\u0442\u043e \u043a\u0440\u0430\u0441\u0438\u0432\u043e.&#187;<\/p>\n\n\n\n<p class=\"has-text-align-left\"><em>&#171;Il faut bien que je supporte deux ou trois chenilles si je veux conna\u00eetre les papillons.&#187;<\/em> \u2014 &#171;\u0415\u0441\u043b\u0438 \u044f \u0445\u043e\u0447\u0443 \u043f\u043e\u0437\u043d\u0430\u043a\u043e\u043c\u0438\u0442\u044c\u0441\u044f \u0441 \u0431\u0430\u0431\u043e\u0447\u043a\u0430\u043c\u0438, \u043f\u0440\u0438\u0434\u0435\u0442\u0441\u044f \u0441\u043c\u0438\u0440\u0438\u0442\u044c\u0441\u044f \u0441 \u043f\u0440\u0438\u0441\u0443\u0442\u0441\u0442\u0432\u0438\u0435\u043c \u0434\u0432\u0443\u0445-\u0442\u0440\u0435\u0445 \u0433\u0443\u0441\u0435\u043d\u0438\u0446.&#187;<\/p>\n\n\n\n<p class=\"has-text-align-left\"><em>&#171;Ce n\u2019\u00e9tait qu\u2019un renard semblable \u00e0 cent mille autres. Mais j\u2019en ai fait mon ami, et il est maintenant unique au monde.&#187;<\/em> \u2014 &#171;\u0422\u0430\u043a\u0438\u043c \u0431\u044b\u043b \u043f\u0440\u0435\u0436\u0434\u0435 \u043c\u043e\u0439 \u041b\u0438\u0441. \u041e\u043d \u043d\u0438\u0447\u0435\u043c \u043d\u0435 \u043e\u0442\u043b\u0438\u0447\u0430\u043b\u0441\u044f \u043e\u0442 \u0441\u0442\u0430 \u0442\u044b\u0441\u044f\u0447 \u0434\u0440\u0443\u0433\u0438\u0445 \u043b\u0438\u0441\u0438\u0446. \u041d\u043e \u044f \u0441 \u043d\u0438\u043c \u043f\u043e\u0434\u0440\u0443\u0436\u0438\u043b\u0441\u044f, \u0438 \u0442\u0435\u043f\u0435\u0440\u044c \u043e\u043d &#8212; \u0435\u0434\u0438\u043d\u0441\u0442\u0432\u0435\u043d\u043d\u044b\u0439 \u0432 \u0446\u0435\u043b\u043e\u043c \u0441\u0432\u0435\u0442\u0435.&#187;<\/p>\n\n\n\n<p class=\"has-text-align-left\"><em>&#171;Si quelqu\u2019un aime une fleur qui n\u2019existe qu\u2019\u00e0 un exemplaire dans les millions et les millions d\u2019\u00e9toiles, \u00e7a suffit pour qu\u2019il soit heureux quand il les regarde. Il se dit : &#171;Ma fleur est l\u00e0 quelque part\u2026&#187;.&#187;<\/em> \u2014 &#171;\u0415\u0441\u043b\u0438 \u0447\u0435\u043b\u043e\u0432\u0435\u043a \u043b\u044e\u0431\u0438\u0442 \u0446\u0432\u0435\u0442\u043e\u043a, \u043e\u0434\u0438\u043d-\u0435\u0434\u0438\u043d\u0441\u0442\u0432\u0435\u043d\u043d\u044b\u0439  \u0441\u0440\u0435\u0434\u0438  \u043c\u0438\u043b\u043b\u0438\u043e\u043d\u0430 \u043c\u0438\u043b\u043b\u0438\u043e\u043d\u043e\u0432 \u0437\u0432\u0435\u0437\u0434, \u0441 \u043d\u0435\u0433\u043e \u0434\u043e\u0432\u043e\u043b\u044c\u043d\u043e \u0438 \u044d\u0442\u043e\u0433\u043e. \u041e\u043d \u0441\u043c\u043e\u0442\u0440\u0438\u0442 \u043d\u0430 \u0437\u0432\u0435\u0437\u0434\u044b \u0438 \u0447\u0443\u0432\u0441\u0442\u0432\u0443\u0435\u0442 \u0441\u0435\u0431\u044f \u0441\u0447\u0430\u0441\u0442\u043b\u0438\u0432\u044b\u043c. \u0412\u0435\u0434\u044c \u043e\u043d \u0432\u0441\u0435\u0433\u0434\u0430 \u043c\u043e\u0436\u0435\u0442 \u0441\u043a\u0430\u0437\u0430\u0442\u044c \u0441\u0435\u0431\u0435:  &#171;\u0413\u0434\u0435-\u0442\u043e \u0442\u0430\u043c &#8212; \u043c\u043e\u0439 \u0446\u0432\u0435\u0442\u043e\u043a&#8230;&#187;.&#187;<\/p>\n\n\n\n<p class=\"has-text-align-left\"><em>&#171;Il est bien plus difficile de se juger soi-m\u00eame que de juger autrui. Si tu r\u00e9ussis \u00e0 bien te juger, c\u2019est que tu es un v\u00e9ritable sage.&#187;<\/em> \u2014 &#171;\u0421\u0435\u0431\u044f \u0441\u0443\u0434\u0438\u0442\u044c \u043a\u0443\u0434\u0430 \u0442\u0440\u0443\u0434\u043d\u0435\u0439, \u0447\u0435\u043c \u0434\u0440\u0443\u0433\u0438\u0445. \u0415\u0441\u043b\u0438 \u0442\u044b \u0441\u0443\u043c\u0435\u0435\u0448\u044c \u043f\u0440\u0430\u0432\u0438\u043b\u044c\u043d\u043e \u0441\u0443\u0434\u0438\u0442\u044c \u0441\u0435\u0431\u044f, \u0437\u043d\u0430\u0447\u0438\u0442, \u0442\u044b \u043f\u043e\u0438\u0441\u0442\u0438\u043d\u0435 \u043c\u0443\u0434\u0440.&#187;<\/p>\n\n\n\n<p class=\"has-text-align-left\">&#171;Le langage est source de malentendus.&#187; \u2014 &#171;\u0421\u043b\u043e\u0432\u0430 &#8212; \u0432\u043e\u0442 \u0438\u0441\u0442\u043e\u0447\u043d\u0438\u043a \u0432\u0441\u0435\u0445 \u043d\u0435\u0434\u043e\u0440\u0430\u0437\u0443\u043c\u0435\u043d\u0438\u0439.&#187;<\/p>\n\n\n\n<p class=\"has-text-align-left\"><em>&#171;On risque de pleurer un peu si l\u2019on s\u2019est laiss\u00e9 apprivoiser.&#187;<\/em> \u2014 &#171;\u041a\u043e\u0433\u0434\u0430 \u0434\u0430\u0435\u0448\u044c \u0441\u0435\u0431\u044f \u043f\u0440\u0438\u0440\u0443\u0447\u0438\u0442\u044c, \u043f\u043e\u0442\u043e\u043c \u0441\u043b\u0443\u0447\u0430\u0435\u0442\u0441\u044f \u0438 \u043f\u043b\u0430\u043a\u0430\u0442\u044c.&#187;<\/p>\n\n\n\n<p class=\"has-text-align-left\"><em>&#171;On n\u2019est jamais content l\u00e0 o\u00f9 on est.&#187;<\/em> \u2014 &#171;\u0422\u0430\u043c \u0445\u043e\u0440\u043e\u0448\u043e, \u0433\u0434\u0435 \u043d\u0430\u0441 \u043d\u0435\u0442.&#187;<\/p>\n\n\n\n<p class=\"has-text-align-left\"><em>&#171;Droit devant soi, on ne peut pas aller bien loin.&#187;<\/em> \u2014 &#171;\u0415\u0441\u043b\u0438 \u0438\u0434\u0442\u0438 \u0432\u0441\u0435 \u043f\u0440\u044f\u043c\u043e \u0434\u0430 \u043f\u0440\u044f\u043c\u043e, \u0434\u0430\u043b\u0435\u043a\u043e \u043d\u0435 \u0443\u0439\u0434\u0435\u0448\u044c.&#187;<\/p>\n\n\n\n<p class=\"has-text-align-left\"><em>&#171;Les hommes n&#8217;ont plus le temps de rien conna\u00eetre. Ils ach\u00e8tent des choses toutes faites chez les marchands. Mais comme il n&#8217;existe point de marchands d&#8217;amis, les hommes n&#8217;ont plus d&#8217;amis.&#187;<\/em> \u2014 &#171;\u0423 \u043b\u044e\u0434\u0435\u0439 \u0443\u0436\u0435 \u043d\u0435 \u0445\u0432\u0430\u0442\u0430\u0435\u0442 \u0432\u0440\u0435\u043c\u0435\u043d\u0438  \u0447\u0442\u043e-\u043b\u0438\u0431\u043e \u0443\u0437\u043d\u0430\u0432\u0430\u0442\u044c. \u041e\u043d\u0438 \u043f\u043e\u043a\u0443\u043f\u0430\u044e\u0442 \u0432\u0435\u0449\u0438 \u0433\u043e\u0442\u043e\u0432\u044b\u043c\u0438 \u0432 \u043c\u0430\u0433\u0430\u0437\u0438\u043d\u0430\u0445. \u041d\u043e \u0432\u0435\u0434\u044c \u043d\u0435\u0442 \u0442\u0430\u043a\u0438\u0445 \u043c\u0430\u0433\u0430\u0437\u0438\u043d\u043e\u0432, \u0433\u0434\u0435 \u0442\u043e\u0440\u0433\u043e\u0432\u0430\u043b\u0438 \u0431\u044b \u0434\u0440\u0443\u0437\u044c\u044f\u043c\u0438, \u0438 \u043f\u043e\u0442\u043e\u043c\u0443 \u043b\u044e\u0434\u0438 \u0431\u043e\u043b\u044c\u0448\u0435 \u043d\u0435 \u0438\u043c\u0435\u044e\u0442 \u0434\u0440\u0443\u0437\u0435\u0439.&#187; <\/p>\n\n\n\n<p class=\"has-text-align-left\"><em>&#171;Fais de ta vie un r\u00eave, et d&#8217;un r\u00eave, une r\u00e9alit\u00e9.&#187;<\/em> \u2014 &#171;\u0414\u0435\u043b\u0430\u0439 \u0438\u0437 \u0441\u0432\u043e\u0435\u0439 \u0436\u0438\u0437\u043d\u0438 \u043c\u0435\u0447\u0442\u0443, \u0430 \u0438\u0437 \u043c\u0435\u0447\u0442\u044b &#8212; \u0440\u0435\u0430\u043b\u044c\u043d\u043e\u0441\u0442\u044c.&#187;<\/p>\n","protected":false},"excerpt":{"rendered":"<p>&#171;Les \u00e9toiles sont \u00e9clair\u00e9es afin que chacun puisse un jour retrouver la sienne.&#187; &#8212; &#171;\u0417\u0432\u0451\u0437\u0434\u044b \u0441\u0432\u0435\u0442\u044f\u0442\u0441\u044f, \u043d\u0430\u0432\u0435\u0440\u043d\u043e, \u0437\u0430\u0442\u0435\u043c, \u0447\u0442\u043e\u0431\u044b \u0440\u0430\u043d\u043e \u0438\u043b\u0438 \u043f\u043e\u0437\u0434\u043d\u043e \u043a\u0430\u0436\u0434\u044b\u0439 \u043c\u043e\u0433 \u043e\u0442\u044b\u0441\u043a\u0430\u0442\u044c \u0441\u0432\u043e\u044e.&#187; &#171;Tu es responsable de ce que tu as apprivois\u00e9.&#187; \u2014 &#171;\u0422\u044b \u0432 \u043e\u0442\u0432\u0435\u0442\u0435 \u0437\u0430 \u0442\u0435\u0445, \u043a\u043e\u0433\u043e \u043f\u0440\u0438\u0440\u0443\u0447\u0438\u043b.&#187; &#171;Aimer, ce n&#8217;est pas se regarder l&#8217;un l&#8217;autre, c&#8217;est regarder ensemble dans [&hellip;]<\/p>\n","protected":false},"author":5,"featured_media":11224,"parent":0,"menu_order":0,"comment_status":"closed","ping_status":"closed","template":"","meta":{"inline_featured_image":false,"footnotes":""},"class_list":["post-11200","page","type-page","status-publish","has-post-thumbnail","hentry"],"_links":{"self":[{"href":"https:\/\/afrus.ru\/irkoutsk\/wp-json\/wp\/v2\/pages\/11200"}],"collection":[{"href":"https:\/\/afrus.ru\/irkoutsk\/wp-json\/wp\/v2\/pages"}],"about":[{"href":"https:\/\/afrus.ru\/irkoutsk\/wp-json\/wp\/v2\/types\/page"}],"author":[{"embeddable":true,"href":"https:\/\/afrus.ru\/irkoutsk\/wp-json\/wp\/v2\/users\/5"}],"replies":[{"embeddable":true,"href":"https:\/\/afrus.ru\/irkoutsk\/wp-json\/wp\/v2\/comments?post=11200"}],"version-history":[{"count":18,"href":"https:\/\/afrus.ru\/irkoutsk\/wp-json\/wp\/v2\/pages\/11200\/revisions"}],"predecessor-version":[{"id":11231,"href":"https:\/\/afrus.ru\/irkoutsk\/wp-json\/wp\/v2\/pages\/11200\/revisions\/11231"}],"wp:featuredmedia":[{"embeddable":true,"href":"https:\/\/afrus.ru\/irkoutsk\/wp-json\/wp\/v2\/media\/11224"}],"wp:attachment":[{"href":"https:\/\/afrus.ru\/irkoutsk\/wp-json\/wp\/v2\/media?parent=11200"}],"curies":[{"name":"wp","href":"https:\/\/api.w.org\/{rel}","templated":true}]}}