{"id":11850,"date":"2025-04-17T07:46:39","date_gmt":"2025-04-17T04:46:39","guid":{"rendered":"https:\/\/afrus.ru\/irkoutsk\/?page_id=11850"},"modified":"2025-04-17T08:00:59","modified_gmt":"2025-04-17T05:00:59","slug":"les-services-pour-les-etudiants-francophones","status":"publish","type":"page","link":"https:\/\/afrus.ru\/irkoutsk\/fr\/les-services-pour-les-etudiants-francophones\/","title":{"rendered":"LES SERVICES POUR LES ETUDIANTS FRANCOPHONES"},"content":{"rendered":"\n<p class=\"has-text-align-left\"><strong>\u00c0 L\u2019ALLIANCE FRAN\u00c7AISE D\u2019IRKOUTSK IL EST POSSIBLE DE\u00a0:<\/strong><\/p>\n\n\n\n<p class=\"has-text-align-left\">\u2022 Faire la traduction notariale des documents (russe \u2013 fran\u00e7ais, fran\u00e7ais \u2013 russe)<\/p>\n\n\n\n<p class=\"has-text-align-left\">\u2022 Prendre des cours de russe (tous les niveaux)<\/p>\n\n\n\n<p class=\"has-text-align-left\">\u2022 Passer les examens internationaux de fran\u00e7ais : Delf, Dalf, TCF<\/p>\n\n\n\n<p class=\"has-text-align-left\">\u2022 Passer un stage d\u2019\u00e9tude non r\u00e9mun\u00e9r\u00e9<\/p>\n\n\n\n<p class=\"has-text-align-left\">\u2022 Participer aux activit\u00e9s francophones (le club de discussion, des rencontres, des master-class culinaires, etc)<\/p>\n\n\n\n<p class=\"has-text-align-left\"><strong>Notre adresse&nbsp;:<\/strong> 28, rue Gorky, Irkoutsk<\/p>\n\n\n\n<p class=\"has-text-align-left\"><strong>T\u00e9l\u00e9phone&nbsp;<\/strong>: 8 (3952) 500617,&nbsp; 8 (3952) 500792<\/p>\n\n\n\n<p class=\"has-text-align-left\"><strong>WhatsApp&nbsp;:<\/strong> 89647408014<\/p>\n\n\n\n<p class=\"has-text-align-left\"><strong>E-mail<\/strong>&nbsp;: <a href=\"mailto:irkoutsk@afrus.ru\">irkoutsk@afrus.ru<\/a><\/p>\n\n\n\n<p><\/p>\n\n\n\n<div style=\"height:100px\" aria-hidden=\"true\" class=\"wp-block-spacer\"><\/div>\n\n\n\n<p class=\"has-text-align-center\"><strong>SUIVEZ LES ACTUALIT\u00c9S DE L\u2018ALLIANCE FRAN\u00c7AISE D\u2019IRKOUTSK<\/strong><\/p>\n\n\n\n<div class=\"wp-block-columns is-layout-flex wp-container-core-columns-is-layout-1 wp-block-columns-is-layout-flex\">\n<div class=\"wp-block-column is-layout-flow wp-block-column-is-layout-flow\">\n<figure class=\"wp-block-image size-full is-resized\"><img loading=\"lazy\" decoding=\"async\" width=\"242\" height=\"248\" src=\"http:\/\/afrus.ru\/irkoutsk\/wp-content\/uploads\/sites\/32\/2025\/04\/image-2.png\" alt=\"\" class=\"wp-image-11857\" style=\"width:150px\" \/><figcaption class=\"wp-element-caption\"><a href=\"http:\/\/t.me\/afirkoutsk\/\" data-type=\"link\" data-id=\"t.me\/afirkoutsk\/\"><strong>t.me\/afirkoutsk\/ <\/strong><\/a><\/figcaption><\/figure>\n<\/div>\n\n\n\n<div class=\"wp-block-column is-layout-flow wp-block-column-is-layout-flow\">\n<figure class=\"wp-block-image size-full is-resized\"><img loading=\"lazy\" decoding=\"async\" width=\"266\" height=\"266\" src=\"http:\/\/afrus.ru\/irkoutsk\/wp-content\/uploads\/sites\/32\/2025\/04\/image-1.png\" alt=\"\" class=\"wp-image-11855\" style=\"width:150px\" srcset=\"https:\/\/afrus.ru\/irkoutsk\/wp-content\/uploads\/sites\/32\/2025\/04\/image-1.png 266w, https:\/\/afrus.ru\/irkoutsk\/wp-content\/uploads\/sites\/32\/2025\/04\/image-1-150x150.png 150w\" sizes=\"(max-width: 266px) 100vw, 266px\" \/><figcaption class=\"wp-element-caption\"><strong><a href=\"http:\/\/vk.com\/afirkoutsk\" data-type=\"link\" data-id=\"vk.com\/afirkoutsk\">vk.com\/afirkoutsk<\/a> <\/strong>                   <\/figcaption><\/figure>\n<\/div>\n<\/div>\n\n\n\n<p><\/p>\n","protected":false},"excerpt":{"rendered":"<p>\u00c0 L\u2019ALLIANCE FRAN\u00c7AISE D\u2019IRKOUTSK IL EST POSSIBLE DE\u00a0: \u2022 Faire la traduction notariale des documents (russe \u2013 fran\u00e7ais, fran\u00e7ais \u2013 russe) \u2022 Prendre des cours de russe (tous les niveaux) \u2022 Passer les examens internationaux de fran\u00e7ais : Delf, Dalf, TCF \u2022 Passer un stage d\u2019\u00e9tude non r\u00e9mun\u00e9r\u00e9 \u2022 Participer aux activit\u00e9s francophones (le club [&hellip;]<\/p>\n","protected":false},"author":5,"featured_media":11858,"parent":0,"menu_order":0,"comment_status":"closed","ping_status":"closed","template":"","meta":{"inline_featured_image":false,"footnotes":""},"class_list":["post-11850","page","type-page","status-publish","has-post-thumbnail","hentry"],"_links":{"self":[{"href":"https:\/\/afrus.ru\/irkoutsk\/wp-json\/wp\/v2\/pages\/11850"}],"collection":[{"href":"https:\/\/afrus.ru\/irkoutsk\/wp-json\/wp\/v2\/pages"}],"about":[{"href":"https:\/\/afrus.ru\/irkoutsk\/wp-json\/wp\/v2\/types\/page"}],"author":[{"embeddable":true,"href":"https:\/\/afrus.ru\/irkoutsk\/wp-json\/wp\/v2\/users\/5"}],"replies":[{"embeddable":true,"href":"https:\/\/afrus.ru\/irkoutsk\/wp-json\/wp\/v2\/comments?post=11850"}],"version-history":[{"count":9,"href":"https:\/\/afrus.ru\/irkoutsk\/wp-json\/wp\/v2\/pages\/11850\/revisions"}],"predecessor-version":[{"id":11870,"href":"https:\/\/afrus.ru\/irkoutsk\/wp-json\/wp\/v2\/pages\/11850\/revisions\/11870"}],"wp:featuredmedia":[{"embeddable":true,"href":"https:\/\/afrus.ru\/irkoutsk\/wp-json\/wp\/v2\/media\/11858"}],"wp:attachment":[{"href":"https:\/\/afrus.ru\/irkoutsk\/wp-json\/wp\/v2\/media?parent=11850"}],"curies":[{"name":"wp","href":"https:\/\/api.w.org\/{rel}","templated":true}]}}