{"id":12686,"date":"2025-10-01T12:44:40","date_gmt":"2025-10-01T09:44:40","guid":{"rendered":"https:\/\/afrus.ru\/irkoutsk\/?page_id=12686"},"modified":"2026-01-12T10:14:20","modified_gmt":"2026-01-12T07:14:20","slug":"tcf","status":"publish","type":"page","link":"https:\/\/afrus.ru\/irkoutsk\/fr\/tcf\/","title":{"rendered":"TCF"},"content":{"rendered":"\n<p class=\"has-text-align-left\"><strong>TCF (Test de connaissance du fran\u00e7ais) \u2014&nbsp;permet d&#8217;\u00e9valuer le niveau des comp\u00e9tences en fran\u00e7ais pour des raisons personnelles, professionnelles ou acad\u00e9miques, ainsi que pour l&#8217;immigration. Il existe plusieurs versions de TCF en fonction des objectifs sp\u00e9cifiques&nbsp;:<\/strong><\/p>\n\n\n\n<p class=\"has-text-align-left\"><strong>Vous souhaitez \u00e9valuer votre niveau<\/strong> des comp\u00e9tences en fran\u00e7ais pour des raisons personnelles, professionnelles ou acad\u00e9miques&nbsp;? Passez le <strong><a href=\"https:\/\/www.france-education-international.fr\/test\/tcf-tout-public?langue=fr\" target=\"_blank\" rel=\"noreferrer noopener\">TCF tout public<\/a><\/strong><\/p>\n\n\n\n<p class=\"has-text-align-left\"><strong>Vous d\u00e9sirez d\u00e9m\u00e9nager au Qu\u00e9bec<\/strong> pour une p\u00e9riode prolong\u00e9e ou vous devez valider votre niveau des comp\u00e9tences en fran\u00e7ais pour d\u00e9poser un dossier d\u2019immigration aupr\u00e8s du minist\u00e8re de l\u2019Immigration, de la Francisation et de l\u2019Int\u00e9gration (MIFI) du Qu\u00e9bec&nbsp;? Passez le <strong><a href=\"https:\/\/www.france-education-international.fr\/test\/tcf-quebec?langue=fr\" target=\"_blank\" rel=\"noreferrer noopener\">TCF Qu\u00e9bec<\/a><\/strong><\/p>\n\n\n\n<p class=\"has-text-align-left\"><strong>Vous cherchez \u00e0 immigrer au Canada <\/strong>(en dehors de la province de Qu\u00e9bec) et vous devez valider votre niveau des comp\u00e9tences en fran\u00e7ais dans le cadre des d\u00e9marches d&#8217;immigration \u00e9conomique et d&#8217;obtention de la citoyennet\u00e9 canadienne&nbsp;? Passez le <strong><a href=\"https:\/\/www.france-education-international.fr\/test\/tcf-canada?langue=fr\" target=\"_blank\" rel=\"noreferrer noopener\">TCF Canada<\/a><\/strong><\/p>\n\n\n\n<p class=\"has-text-align-left\"><strong>Vous voulez obtenir la nationalit\u00e9 fran\u00e7aise <\/strong>par naturalisation, r\u00e9int\u00e9gration ou demande de nationalit\u00e9 suite \u00e0 votre mariage avec un ressortissant fran\u00e7ais&nbsp;? Passez le <a href=\"https:\/\/france-education-international.fr\/test\/tcf-irn?langue=fr\" target=\"_blank\" rel=\"noreferrer noopener\"><strong>TCF Int\u00e9gration, R\u00e9sidence et Nationalit\u00e9<\/strong><\/a><\/p>\n\n\n\n<p class=\"has-text-align-left\"><strong>Le TCF s\u2019adresse \u00e0 toute personne de plus de 16 ans, quel que soit son niveau de langue. L\u2019attestation de TCF reste valable pendant 2 ans.<\/strong><\/p>\n\n\n\n<p class=\"has-text-align-left\"><strong>Les examens sont organis\u00e9s au cas par cas sur la demande individuelle.<\/strong><\/p>\n\n\n\n<div style=\"height:58px\" aria-hidden=\"true\" class=\"wp-block-spacer\"><\/div>\n\n\n\n<div class=\"wp-block-buttons is-content-justification-center is-layout-flex wp-container-core-buttons-is-layout-1 wp-block-buttons-is-layout-flex\">\n<div class=\"wp-block-button\"><a class=\"wp-block-button__link has-vivid-red-background-color has-background wp-element-button\" href=\"https:\/\/forms.yandex.ru\/cloud\/67f498e3e010db41a0d6593d\/\" target=\"_blank\" rel=\"noreferrer noopener\">Inscription au TCF<\/a><\/div>\n<\/div>\n\n\n\n<p><\/p>\n","protected":false},"excerpt":{"rendered":"<p>TCF (Test de connaissance du fran\u00e7ais) \u2014&nbsp;permet d&#8217;\u00e9valuer le niveau des comp\u00e9tences en fran\u00e7ais pour des raisons personnelles, professionnelles ou acad\u00e9miques, ainsi que pour l&#8217;immigration. Il existe plusieurs versions de TCF en fonction des objectifs sp\u00e9cifiques&nbsp;: Vous souhaitez \u00e9valuer votre niveau des comp\u00e9tences en fran\u00e7ais pour des raisons personnelles, professionnelles ou acad\u00e9miques&nbsp;? Passez le TCF [&hellip;]<\/p>\n","protected":false},"author":5,"featured_media":7493,"parent":0,"menu_order":0,"comment_status":"closed","ping_status":"closed","template":"","meta":{"inline_featured_image":false,"footnotes":""},"class_list":["post-12686","page","type-page","status-publish","has-post-thumbnail","hentry"],"_links":{"self":[{"href":"https:\/\/afrus.ru\/irkoutsk\/wp-json\/wp\/v2\/pages\/12686"}],"collection":[{"href":"https:\/\/afrus.ru\/irkoutsk\/wp-json\/wp\/v2\/pages"}],"about":[{"href":"https:\/\/afrus.ru\/irkoutsk\/wp-json\/wp\/v2\/types\/page"}],"author":[{"embeddable":true,"href":"https:\/\/afrus.ru\/irkoutsk\/wp-json\/wp\/v2\/users\/5"}],"replies":[{"embeddable":true,"href":"https:\/\/afrus.ru\/irkoutsk\/wp-json\/wp\/v2\/comments?post=12686"}],"version-history":[{"count":9,"href":"https:\/\/afrus.ru\/irkoutsk\/wp-json\/wp\/v2\/pages\/12686\/revisions"}],"predecessor-version":[{"id":12850,"href":"https:\/\/afrus.ru\/irkoutsk\/wp-json\/wp\/v2\/pages\/12686\/revisions\/12850"}],"wp:featuredmedia":[{"embeddable":true,"href":"https:\/\/afrus.ru\/irkoutsk\/wp-json\/wp\/v2\/media\/7493"}],"wp:attachment":[{"href":"https:\/\/afrus.ru\/irkoutsk\/wp-json\/wp\/v2\/media?parent=12686"}],"curies":[{"name":"wp","href":"https:\/\/api.w.org\/{rel}","templated":true}]}}