{"id":2355,"date":"2013-01-12T00:00:00","date_gmt":"2013-01-11T21:00:00","guid":{"rendered":"http:\/\/afrus.ru\/irkoutsk\/enseignement-du-francaisfran-ais-g-n-ral-448\/"},"modified":"2026-03-27T13:10:19","modified_gmt":"2026-03-27T10:10:19","slug":"enseignement-du-francaisfran-ais-g-n-ral-448","status":"publish","type":"page","link":"https:\/\/afrus.ru\/irkoutsk\/fr\/enseignement-du-francaisfran-ais-g-n-ral-448\/","title":{"rendered":"S\u00e9jour linguistique et culturel au lac Ba\u00efkal"},"content":{"rendered":"<h2>L\u2019Alliance fran\u00e7aise d\u2019Irkoutsk organise des s\u00e9jours linguistiques en \u00e9t\u00e9 depuis 2012. Pendant une ou deux semaines, quel que soit votre niveau de russe, m\u00eame non init\u00e9, vous participerez \u00e0 des activit\u00e9s culturelles et linguistiques au bord du lac Ba\u00efkal, accompagn\u00e9 par des russes francophone (en fonction des inscriptions).<\/h2>\n\n\n<p><\/p>\n","protected":false},"excerpt":{"rendered":"<p>L\u2019Alliance fran\u00e7aise d\u2019Irkoutsk organise des s\u00e9jours linguistiques en \u00e9t\u00e9 depuis 2012. Pendant une ou deux semaines, quel que soit votre niveau de russe, m\u00eame non init\u00e9, vous participerez \u00e0 des activit\u00e9s culturelles et linguistiques au bord du lac Ba\u00efkal, accompagn\u00e9 par des russes francophone (en fonction des inscriptions).<\/p>\n","protected":false},"author":1,"featured_media":13202,"parent":0,"menu_order":0,"comment_status":"closed","ping_status":"closed","template":"","meta":{"inline_featured_image":false,"footnotes":""},"class_list":["post-2355","page","type-page","status-publish","has-post-thumbnail","hentry"],"_links":{"self":[{"href":"https:\/\/afrus.ru\/irkoutsk\/wp-json\/wp\/v2\/pages\/2355"}],"collection":[{"href":"https:\/\/afrus.ru\/irkoutsk\/wp-json\/wp\/v2\/pages"}],"about":[{"href":"https:\/\/afrus.ru\/irkoutsk\/wp-json\/wp\/v2\/types\/page"}],"author":[{"embeddable":true,"href":"https:\/\/afrus.ru\/irkoutsk\/wp-json\/wp\/v2\/users\/1"}],"replies":[{"embeddable":true,"href":"https:\/\/afrus.ru\/irkoutsk\/wp-json\/wp\/v2\/comments?post=2355"}],"version-history":[{"count":89,"href":"https:\/\/afrus.ru\/irkoutsk\/wp-json\/wp\/v2\/pages\/2355\/revisions"}],"predecessor-version":[{"id":13309,"href":"https:\/\/afrus.ru\/irkoutsk\/wp-json\/wp\/v2\/pages\/2355\/revisions\/13309"}],"wp:featuredmedia":[{"embeddable":true,"href":"https:\/\/afrus.ru\/irkoutsk\/wp-json\/wp\/v2\/media\/13202"}],"wp:attachment":[{"href":"https:\/\/afrus.ru\/irkoutsk\/wp-json\/wp\/v2\/media?parent=2355"}],"curies":[{"name":"wp","href":"https:\/\/api.w.org\/{rel}","templated":true}]}}