{"id":2379,"date":"2014-11-27T00:00:00","date_gmt":"2014-11-26T21:00:00","guid":{"rendered":"http:\/\/afrus.ru\/irkoutsk\/langue-francaisecaf-croissant-980\/"},"modified":"2020-12-01T19:08:48","modified_gmt":"2020-12-01T16:08:48","slug":"langue-francaisecaf-croissant-980","status":"publish","type":"page","link":"https:\/\/afrus.ru\/irkoutsk\/fr\/langue-francaisecaf-croissant-980\/","title":{"rendered":"S\u00e9jour sur mesure \u00e0 Irkoutsk !"},"content":{"rendered":"<h2>Organisez un s\u00e9jour linguistique et culturel au c\u0153ur d\u2019une des plus belles r\u00e9gions de russie ! l\u2019Alliance Fran\u00e7aise d&#8217;Irkoutsk vous propose toute l\u2019ann\u00e9e des s\u00e9jours cl\u00e9 en main, cr\u00e9\u00e9s sur mesure et adapt\u00e9s \u00e0 votre budget. La langue russe, moments de d\u00e9tentes et d\u00e9couvertes culturelles !<\/h2>\n<p><\/p>\n\n\n<div class=\"wp-block-cover has-background-dim\" style=\"background-image:url(http:\/\/afrus.ru\/irkoutsk\/wp-content\/uploads\/sites\/32\/2020\/07\/IMG_0707.jpg)\"><div class=\"wp-block-cover__inner-container is-layout-flow wp-block-cover-is-layout-flow\">\n<h3 class=\"wp-block-heading\"><strong>LE PROGRAMME DU VOYAGE EST A LA CARTE, VOUS AVEZ <\/strong><\/h3>\n\n\n\n<h3 class=\"wp-block-heading\"><strong>AUSSI LA POSSIBILITE DE DECOUVRIR LE LAC BA\u00cfKAL, <\/strong><\/h3>\n\n\n\n<h3 class=\"wp-block-heading\"><strong>VISITER L&#8217;ILE D&#8217;OLKHON ET LA CAPITALE DE <\/strong><\/h3>\n\n\n\n<h3 class=\"wp-block-heading\"><strong>LA REPUBLIQUE BOURIATIE &#8212; OULAN-OUDE !<\/strong><\/h3>\n<\/div><\/div>\n","protected":false},"excerpt":{"rendered":"<p>Organisez un s\u00e9jour linguistique et culturel au c\u0153ur d\u2019une des plus belles r\u00e9gions de russie ! l\u2019Alliance Fran\u00e7aise d&#8217;Irkoutsk vous propose toute l\u2019ann\u00e9e des s\u00e9jours cl\u00e9 en main, cr\u00e9\u00e9s sur mesure et adapt\u00e9s \u00e0 votre budget. La langue russe, moments de d\u00e9tentes et d\u00e9couvertes culturelles !<\/p>\n","protected":false},"author":1,"featured_media":5802,"parent":0,"menu_order":0,"comment_status":"closed","ping_status":"closed","template":"","meta":{"inline_featured_image":false,"footnotes":""},"class_list":["post-2379","page","type-page","status-publish","has-post-thumbnail","hentry"],"_links":{"self":[{"href":"https:\/\/afrus.ru\/irkoutsk\/wp-json\/wp\/v2\/pages\/2379"}],"collection":[{"href":"https:\/\/afrus.ru\/irkoutsk\/wp-json\/wp\/v2\/pages"}],"about":[{"href":"https:\/\/afrus.ru\/irkoutsk\/wp-json\/wp\/v2\/types\/page"}],"author":[{"embeddable":true,"href":"https:\/\/afrus.ru\/irkoutsk\/wp-json\/wp\/v2\/users\/1"}],"replies":[{"embeddable":true,"href":"https:\/\/afrus.ru\/irkoutsk\/wp-json\/wp\/v2\/comments?post=2379"}],"version-history":[{"count":128,"href":"https:\/\/afrus.ru\/irkoutsk\/wp-json\/wp\/v2\/pages\/2379\/revisions"}],"predecessor-version":[{"id":6708,"href":"https:\/\/afrus.ru\/irkoutsk\/wp-json\/wp\/v2\/pages\/2379\/revisions\/6708"}],"wp:featuredmedia":[{"embeddable":true,"href":"https:\/\/afrus.ru\/irkoutsk\/wp-json\/wp\/v2\/media\/5802"}],"wp:attachment":[{"href":"https:\/\/afrus.ru\/irkoutsk\/wp-json\/wp\/v2\/media?parent=2379"}],"curies":[{"name":"wp","href":"https:\/\/api.w.org\/{rel}","templated":true}]}}