{"id":2397,"date":"2015-08-20T00:00:00","date_gmt":"2015-08-19T21:00:00","guid":{"rendered":"http:\/\/afrus.ru\/irkoutsk\/un-s-jour-exceptionnel\/"},"modified":"2015-08-20T00:00:00","modified_gmt":"2015-08-19T21:00:00","slug":"un-s-jour-exceptionnel","status":"publish","type":"page","link":"https:\/\/afrus.ru\/irkoutsk\/fr\/un-s-jour-exceptionnel\/","title":{"rendered":"D\u00e9couvrez la vie sib\u00e9rienne!"},"content":{"rendered":"<p><span style=\"font-family: 'Times New Roman'; font-size: medium; line-height: normal;\">Si vous voulez venir d\u00e9couvrir la vie sib\u00e9rienne, si vous voulez passer quelques jours \u00e0 Irkoutsk ou \u00eates de passage par le transsib\u00e9rien, l&rsquo;Alliance fran\u00e7aise d&rsquo;Irkoutsk vous propose un s\u00e9jour exceptionnel dans la nature sib\u00e9rienne pour une dur\u00e9e de 3 jours ou plus selon vos envies.<\/span><\/p>\n<p style=\"color: rgb(0, 0, 0); font-family: 'Times New Roman'; font-size: medium;\">Vous serez log\u00e9 dans une datcha russe (en \u00e9t\u00e9 et en automne) ou dans une maison en ville (en hiver), jolies maisons en bois parfaitement am\u00e9nag\u00e9s pour l&rsquo;accueil.<\/p>\n<p style=\"color: rgb(0, 0, 0); font-family: 'Times New Roman'; font-size: medium;\"><img decoding=\"async\" alt=\"\" src=\"\/irkoutsk\/sites\/afrus.ru.irkoutsk\/files\/fichiers\/img20150824172520-1.jpg\" style=\"width: 300px; height: 400px;\" \/>&nbsp; &nbsp; &nbsp;&nbsp;<img decoding=\"async\" alt=\"\" src=\"\/irkoutsk\/sites\/afrus.ru.irkoutsk\/files\/fichiers\/img20150824162452-1.jpg\" style=\"width: 300px; height: 400px;\" \/><\/p>\n<p style=\"color: rgb(0, 0, 0); font-family: 'Times New Roman'; font-size: medium;\">Au programme :<\/p>\n<p style=\"color: rgb(0, 0, 0); font-family: 'Times New Roman'; font-size: medium;\">* Accueil \u00e0 l&rsquo;a\u00e9roport ou la gare et transfert organis\u00e9 par l&rsquo;Alliance fran\u00e7aise<\/p>\n<p style=\"color: rgb(0, 0, 0); font-family: 'Times New Roman'; font-size: medium;\">* bania russe<\/p>\n<p style=\"color: rgb(0, 0, 0); font-family: 'Times New Roman'; font-size: medium;\">* d\u00e9couverte de la culture russe<\/p>\n<p style=\"color: rgb(0, 0, 0); font-family: 'Times New Roman'; font-size: medium;\">* ballade en bateau (en \u00e9t\u00e9)<\/p>\n<p style=\"color: rgb(0, 0, 0); font-family: 'Times New Roman'; font-size: medium;\">* p\u00eache (en \u00e9t\u00e9)<\/p>\n<p style=\"color: rgb(0, 0, 0); font-family: 'Times New Roman'; font-size: medium;\">* ski (en hiver)<\/p>\n<p style=\"color: rgb(0, 0, 0); font-family: 'Times New Roman'; font-size: medium;\">* excursion \u00e0 Irkoutsk<\/p>\n<p style=\"color: rgb(0, 0, 0); font-family: 'Times New Roman'; font-size: medium;\">* excursion au lac Ba\u00efkal et au mus\u00e9e Taltsi, mus\u00e9e en plein air des maisons traditionnelles des peuples sib\u00e9riens \u00e0 partir du XVII\u00e8me si\u00e8cle.<\/p>\n<p style=\"color: rgb(0, 0, 0); font-family: 'Times New Roman'; font-size: medium;\">* Soir\u00e9e autour du samovar<\/p>\n<p style=\"color: rgb(0, 0, 0); font-family: 'Times New Roman'; font-size: medium;\">S\u00e9jour \u00e0 partir de 400 euros (billets et transport jusqu&rsquo;\u00e0 Irkoutsk non compris) Contacter nous par e-mail au irkoutsk@afrus.ru ou par t\u00e9l\u00e9phone au +7 3952 28 48 48<\/p>\n<p style=\"color: rgb(0, 0, 0); font-family: 'Times New Roman'; font-size: medium;\"><a href=\"http:\/\/afrus.ru\/irkoutsk\/fr\/un-s-jour-exceptionnel-1\">Message de la ma\u00eetresse de la maison (en anglais<\/a>)<\/p>\n<p style=\"color: rgb(0, 0, 0); font-family: 'Times New Roman'; font-size: medium;\"><img decoding=\"async\" alt=\"\" src=\"\/irkoutsk\/sites\/afrus.ru.irkoutsk\/files\/fichiers\/img20150824162820-1.jpg\" style=\"width: 200px; height: 267px;\" \/>&nbsp; &nbsp;<img decoding=\"async\" alt=\"\" src=\"\/irkoutsk\/sites\/afrus.ru.irkoutsk\/files\/fichiers\/img20150824160014-1.jpg\" style=\"width: 200px; height: 267px;\" \/>&nbsp;&nbsp;<img decoding=\"async\" alt=\"\" src=\"\/irkoutsk\/sites\/afrus.ru.irkoutsk\/files\/fichiers\/img20150824162307-1_0.jpg\" style=\"width: 200px;\" \/><\/p>\n","protected":false},"excerpt":{"rendered":"<p>Si vous voulez venir d\u00e9couvrir la vie sib\u00e9rienne, si vous voulez passer quelques jours \u00e0 Irkoutsk ou \u00eates de passage par le transsib\u00e9rien, l&rsquo;Alliance fran\u00e7aise d&rsquo;Irkoutsk vous propose un s\u00e9jour exceptionnel dans la nature sib\u00e9rienne pour une dur\u00e9e de 3 jours ou plus selon vos envies. Vous serez log\u00e9 dans une datcha russe (en \u00e9t\u00e9 [&hellip;]<\/p>\n","protected":false},"author":1,"featured_media":0,"parent":0,"menu_order":0,"comment_status":"closed","ping_status":"closed","template":"","meta":{"inline_featured_image":false,"footnotes":""},"class_list":["post-2397","page","type-page","status-publish","hentry"],"_links":{"self":[{"href":"https:\/\/afrus.ru\/irkoutsk\/wp-json\/wp\/v2\/pages\/2397"}],"collection":[{"href":"https:\/\/afrus.ru\/irkoutsk\/wp-json\/wp\/v2\/pages"}],"about":[{"href":"https:\/\/afrus.ru\/irkoutsk\/wp-json\/wp\/v2\/types\/page"}],"author":[{"embeddable":true,"href":"https:\/\/afrus.ru\/irkoutsk\/wp-json\/wp\/v2\/users\/1"}],"replies":[{"embeddable":true,"href":"https:\/\/afrus.ru\/irkoutsk\/wp-json\/wp\/v2\/comments?post=2397"}],"version-history":[{"count":0,"href":"https:\/\/afrus.ru\/irkoutsk\/wp-json\/wp\/v2\/pages\/2397\/revisions"}],"wp:attachment":[{"href":"https:\/\/afrus.ru\/irkoutsk\/wp-json\/wp\/v2\/media?parent=2397"}],"curies":[{"name":"wp","href":"https:\/\/api.w.org\/{rel}","templated":true}]}}