{"id":2405,"date":"2017-04-20T00:00:00","date_gmt":"2017-04-19T21:00:00","guid":{"rendered":"http:\/\/afrus.ru\/irkoutsk\/alliance-francaise-d-irkoutsk\/"},"modified":"2020-07-24T07:44:20","modified_gmt":"2020-07-24T04:44:20","slug":"alliance-francaise-d-irkoutsk","status":"publish","type":"page","link":"https:\/\/afrus.ru\/irkoutsk\/fr\/alliance-francaise-d-irkoutsk\/","title":{"rendered":"Alliance Fran\u00e7aise d&#8217;Irkoutsk"},"content":{"rendered":"<div class=\"field field-type-text field-field-page-intro\">\n<div class=\"field-items\">\n<p class=\"field-item odd\"><strong>L&#8217;Alliance Fran\u00e7aise d&#8217;Irkoutsk est une association de droit local qui a pour but de diffuser la langue et la culture fran\u00e7aise dans la ville et la r\u00e9gion d&#8217;Irkoutsk. Nous travaillons en lien \u00e9troit avec la fondation d\u2019Alliance Fran\u00e7aise \u00e0 Paris et sous l\u2019\u00e9gide de l\u2019Ambassade de France en Russie. &nbsp;L&#8217;Alliance est ouverte \u00e0 tous afin de vous faire d\u00e9couvrir le charme de la langue et de la culture fran\u00e7aise et russe.&nbsp;<\/strong><\/p>\n<\/div>\n<\/div>\n","protected":false},"excerpt":{"rendered":"<p>L&#8217;Alliance Fran\u00e7aise d&#8217;Irkoutsk est une association de droit local qui a pour but de diffuser la langue et la culture fran\u00e7aise dans la ville et la r\u00e9gion d&#8217;Irkoutsk. Nous travaillons en lien \u00e9troit avec la fondation d\u2019Alliance Fran\u00e7aise \u00e0 Paris et sous l\u2019\u00e9gide de l\u2019Ambassade de France en Russie. &nbsp;L&#8217;Alliance est ouverte \u00e0 tous afin [&hellip;]<\/p>\n","protected":false},"author":1,"featured_media":5791,"parent":0,"menu_order":0,"comment_status":"closed","ping_status":"closed","template":"","meta":{"inline_featured_image":false,"footnotes":""},"class_list":["post-2405","page","type-page","status-publish","has-post-thumbnail","hentry"],"_links":{"self":[{"href":"https:\/\/afrus.ru\/irkoutsk\/wp-json\/wp\/v2\/pages\/2405"}],"collection":[{"href":"https:\/\/afrus.ru\/irkoutsk\/wp-json\/wp\/v2\/pages"}],"about":[{"href":"https:\/\/afrus.ru\/irkoutsk\/wp-json\/wp\/v2\/types\/page"}],"author":[{"embeddable":true,"href":"https:\/\/afrus.ru\/irkoutsk\/wp-json\/wp\/v2\/users\/1"}],"replies":[{"embeddable":true,"href":"https:\/\/afrus.ru\/irkoutsk\/wp-json\/wp\/v2\/comments?post=2405"}],"version-history":[{"count":39,"href":"https:\/\/afrus.ru\/irkoutsk\/wp-json\/wp\/v2\/pages\/2405\/revisions"}],"predecessor-version":[{"id":6060,"href":"https:\/\/afrus.ru\/irkoutsk\/wp-json\/wp\/v2\/pages\/2405\/revisions\/6060"}],"wp:featuredmedia":[{"embeddable":true,"href":"https:\/\/afrus.ru\/irkoutsk\/wp-json\/wp\/v2\/media\/5791"}],"wp:attachment":[{"href":"https:\/\/afrus.ru\/irkoutsk\/wp-json\/wp\/v2\/media?parent=2405"}],"curies":[{"name":"wp","href":"https:\/\/api.w.org\/{rel}","templated":true}]}}