{"id":2533,"date":"2015-11-13T00:00:00","date_gmt":"2015-11-12T21:00:00","guid":{"rendered":"http:\/\/afrus.ru\/irkoutsk\/langue-francaise16_294\/"},"modified":"2026-01-12T10:11:44","modified_gmt":"2026-01-12T07:11:44","slug":"langue-francaise16_294","status":"publish","type":"page","link":"https:\/\/afrus.ru\/irkoutsk\/langue-francaise16_294\/","title":{"rendered":"TCF"},"content":{"rendered":"<div>\n<p style=\"text-align: left\"><b>TCF (Test de connaissance du francais) &#8212; <\/b>\u043f\u043e\u0437\u0432\u043e\u043b\u044f\u0435\u0442 \u043e\u0446\u0435\u043d\u0438\u0442\u044c \u0443\u0440\u043e\u0432\u0435\u043d\u044c \u0432\u043b\u0430\u0434\u0435\u043d\u0438\u044f \u0444\u0440\u0430\u043d\u0446\u0443\u0437\u0441\u043a\u0438\u043c \u044f\u0437\u044b\u043a\u043e\u043c \u0434\u043b\u044f \u043b\u0438\u0447\u043d\u044b\u0445, \u043f\u0440\u043e\u0444\u0435\u0441\u0441\u0438\u043e\u043d\u0430\u043b\u044c\u043d\u044b\u0445 \u0438\u043b\u0438 \u0430\u043a\u0430\u0434\u0435\u043c\u0438\u0447\u0435\u0441\u043a\u0438\u0445 \u0446\u0435\u043b\u0435\u0439, \u0430 \u0442\u0430\u043a\u0436\u0435 \u0434\u043b\u044f \u044d\u043c\u0438\u0433\u0440\u0430\u0446\u0438\u0438. \u0421\u0443\u0449\u0435\u0441\u0442\u0432\u0443\u0435\u0442 \u043d\u0435\u0441\u043a\u043e\u043b\u044c\u043a\u043e \u0442\u0438\u043f\u043e\u0432 TCF \u0432 \u0437\u0430\u0432\u0438\u0441\u0438\u043c\u043e\u0441\u0442\u0438 \u043e\u0442 \u043a\u043e\u043d\u043a\u0440\u0435\u0442\u043d\u044b\u0445 \u0446\u0435\u043b\u0435\u0439.<\/p>\n<p style=\"text-align: left\">\u0412\u044b \u0445\u043e\u0442\u0438\u0442\u0435 \u043e\u0446\u0435\u043d\u0438\u0442\u044c \u0443\u0440\u043e\u0432\u0435\u043d\u044c \u0432\u043b\u0430\u0434\u0435\u043d\u0438\u044f \u0444\u0440\u0430\u043d\u0446\u0443\u0437\u0441\u043a\u0438\u043c \u044f\u0437\u044b\u043a\u043e\u043c \u0434\u043b\u044f \u043b\u0438\u0447\u043d\u044b\u0445, \u043f\u0440\u043e\u0444\u0435\u0441\u0441\u0438\u043e\u043d\u0430\u043b\u044c\u043d\u044b\u0445 \u0438\u043b\u0438 \u0430\u043a\u0430\u0434\u0435\u043c\u0438\u0447\u0435\u0441\u043a\u0438\u0445 \u0446\u0435\u043b\u0435\u0439? \u0421\u0434\u0430\u0432\u0430\u0439\u0442\u0435\u00a0<strong><a href=\"https:\/\/www.france-education-international.fr\/test\/tcf-tout-public?langue=fr\">TCF<\/a> TP<\/strong><\/p>\n<p style=\"text-align: left\">\u0412\u044b \u0445\u043e\u0442\u0435\u043b\u0438 \u0431\u044b \u043f\u0435\u0440\u0435\u0435\u0445\u0430\u0442\u044c \u0432 \u041a\u0432\u0435\u0431\u0435\u043a \u043d\u0430 \u0434\u043b\u0438\u0442\u0435\u043b\u044c\u043d\u044b\u0439 \u0441\u0440\u043e\u043a \u0438\u043b\u0438 \u0432\u0430\u043c \u043d\u0435\u043e\u0431\u0445\u043e\u0434\u0438\u043c\u043e \u043f\u043e\u0434\u0442\u0432\u0435\u0440\u0434\u0438\u0442\u044c \u0443\u0440\u043e\u0432\u0435\u043d\u044c \u0432\u043b\u0430\u0434\u0435\u043d\u0438\u044f \u0444\u0440\u0430\u043d\u0446\u0443\u0437\u0441\u043a\u0438\u043c \u044f\u0437\u044b\u043a\u043e\u043c \u043f\u0440\u0438 \u043f\u043e\u0434\u0430\u0447\u0435 \u0434\u043e\u0441\u044c\u0435 \u0432 \u0418\u043c\u043c\u0438\u0433\u0440\u0430\u0446\u0438\u043e\u043d\u043d\u043e\u0435 \u0431\u044e\u0440\u043e \u041a\u0432\u0435\u0431\u0435\u043a\u0430? <br \/>\u0421\u0434\u0430\u0432\u0430\u0439\u0442\u0435 <strong>\u00a0<a href=\"https:\/\/www.france-education-international.fr\/test\/tcf-quebec?langue=fr\">TCF Qu\u00e9bec<br \/><\/a>\u00a0<\/strong><\/p>\n<p style=\"text-align: left\">\u0412\u044b \u0445\u043e\u0442\u0438\u0442\u0435 \u0438\u043c\u043c\u0438\u0433\u0440\u0438\u0440\u043e\u0432\u0430\u0442\u044c \u0432 \u041a\u0430\u043d\u0430\u0434\u0443 (\u0437\u0430 \u043f\u0440\u0435\u0434\u0435\u043b\u0430\u043c\u0438 \u043f\u0440\u043e\u0432\u0438\u043d\u0446\u0438\u0438 \u041a\u0432\u0435\u0431\u0435\u043a), \u0438 \u0432\u0430\u043c \u043d\u0435\u043e\u0431\u0445\u043e\u0434\u0438\u043c\u043e \u043f\u043e\u0434\u0442\u0432\u0435\u0440\u0434\u0438\u0442\u044c \u0441\u0432\u043e\u0439 \u0443\u0440\u043e\u0432\u0435\u043d\u044c \u0444\u0440\u0430\u043d\u0446\u0443\u0437\u0441\u043a\u043e\u0433\u043e \u044f\u0437\u044b\u043a\u0430 \u0432 \u0440\u0430\u043c\u043a\u0430\u0445 \u043f\u0440\u043e\u0446\u0435\u0434\u0443\u0440 \u044d\u043a\u043e\u043d\u043e\u043c\u0438\u0447\u0435\u0441\u043a\u043e\u0439 \u0438\u043c\u043c\u0438\u0433\u0440\u0430\u0446\u0438\u0438 \u0438 \u043f\u043e\u043b\u0443\u0447\u0435\u043d\u0438\u044f \u043a\u0430\u043d\u0430\u0434\u0441\u043a\u043e\u0433\u043e \u0433\u0440\u0430\u0436\u0434\u0430\u043d\u0441\u0442\u0432\u0430?\u00a0\u0421\u0434\u0430\u0432\u0430\u0439\u0442\u0435 <strong>\u00a0<a href=\"https:\/\/www.france-education-international.fr\/test\/tcf-canada?langue=fr\">TCF Canada <\/a><\/strong><\/p>\n<p style=\"text-align: left\">\u0412\u044b \u0445\u043e\u0442\u0438\u0442\u0435 \u043f\u043e\u043b\u0443\u0447\u0438\u0442\u044c \u0444\u0440\u0430\u043d\u0446\u0443\u0437\u0441\u043a\u043e\u0435 \u0433\u0440\u0430\u0436\u0434\u0430\u043d\u0441\u0442\u0432\u043e \u043f\u0443\u0442\u0435\u043c \u043d\u0430\u0442\u0443\u0440\u0430\u043b\u0438\u0437\u0430\u0446\u0438\u0438, \u0440\u0435\u0438\u043d\u0442\u0435\u0433\u0440\u0430\u0446\u0438\u0438 \u0438\u043b\u0438 \u0434\u0435\u043a\u043b\u0430\u0440\u0438\u0440\u043e\u0432\u0430\u043d\u0438\u044f \u0433\u0440\u0430\u0436\u0434\u0430\u043d\u0441\u0442\u0432\u0430 \u043f\u043e \u043f\u0440\u0438\u0447\u0438\u043d\u0435 \u0431\u0440\u0430\u043a\u0430 \u0441 \u0444\u0440\u0430\u043d\u0446\u0443\u0437\u0441\u043a\u0438\u043c \u0441\u0443\u043f\u0440\u0443\u0433\u043e\u043c? \u0421\u0434\u0430\u0432\u0430\u0439\u0442\u0435\u00a0<strong><a href=\"https:\/\/france-education-international.fr\/test\/tcf-irn?langue=fr\" target=\"_blank\" rel=\"noopener\"> TCF Int\u00e9gration, R\u00e9sidence et Nationalit\u00e9<\/a><\/strong><\/p>\n<\/div>\n<div>\n<p style=\"text-align: left\"><b>\u0422\u0435\u0441\u0442 \u043c\u043e\u0436\u0435\u0442 \u0441\u0434\u0430\u0432\u0430\u0442\u044c \u043a\u0430\u0436\u0434\u044b\u0439 \u0436\u0435\u043b\u0430\u044e\u0449\u0438\u0439 \u043e\u0442 16 \u043b\u0435\u0442 \u0441 \u043b\u044e\u0431\u044b\u043c \u0443\u0440\u043e\u0432\u043d\u0435\u043c \u044f\u0437\u044b\u043a\u0430. \u0421\u0435\u0440\u0442\u0438\u0444\u0438\u043a\u0430\u0442 TCF \u0434\u0435\u0439\u0441\u0442\u0432\u0438\u0442\u0435\u043b\u0435\u043d \u0432 \u0442\u0435\u0447\u0435\u043d\u0438\u0435 \u0434\u0432\u0443\u0445 \u043b\u0435\u0442.<\/b><\/p>\n<p style=\"text-align: left\"><b><strong>\u042d\u043a\u0437\u0430\u043c\u0435\u043d\u00a0<\/strong><strong>\u043e\u0440\u0433\u0430\u043d\u0438\u0437\u0443\u044e\u0442\u0441\u044f \u043f\u043e \u0437\u0430\u043f\u0440\u043e\u0441\u0443 \u0432 \u0438\u043d\u0434\u0438\u0432\u0438\u0434\u0443\u0430\u043b\u044c\u043d\u043e\u043c \u043f\u043e\u0440\u044f\u0434\u043a\u0435.<\/strong><\/b><\/p>\n<\/div>\n\n\n<div style=\"height:62px\" aria-hidden=\"true\" class=\"wp-block-spacer\"><\/div>\n\n\n\n<div class=\"wp-block-buttons is-content-justification-center is-layout-flex wp-container-core-buttons-is-layout-1 wp-block-buttons-is-layout-flex\">\n<div class=\"wp-block-button\"><a class=\"wp-block-button__link has-vivid-red-background-color has-background has-text-align-center wp-element-button\" href=\"https:\/\/forms.yandex.ru\/cloud\/67f498e3e010db41a0d6593d\/\" target=\"_blank\" rel=\"noreferrer noopener\">\u0417\u0430\u043f\u0438\u0441\u0430\u0442\u044c\u0441\u044f \u043d\u0430 \u044d\u043a\u0437\u0430\u043c\u0435\u043d<\/a><\/div>\n<\/div>\n\n\n\n<p><\/p>\n","protected":false},"excerpt":{"rendered":"<p>TCF (Test de connaissance du francais) &#8212; \u043f\u043e\u0437\u0432\u043e\u043b\u044f\u0435\u0442 \u043e\u0446\u0435\u043d\u0438\u0442\u044c \u0443\u0440\u043e\u0432\u0435\u043d\u044c \u0432\u043b\u0430\u0434\u0435\u043d\u0438\u044f \u0444\u0440\u0430\u043d\u0446\u0443\u0437\u0441\u043a\u0438\u043c \u044f\u0437\u044b\u043a\u043e\u043c \u0434\u043b\u044f \u043b\u0438\u0447\u043d\u044b\u0445, \u043f\u0440\u043e\u0444\u0435\u0441\u0441\u0438\u043e\u043d\u0430\u043b\u044c\u043d\u044b\u0445 \u0438\u043b\u0438 \u0430\u043a\u0430\u0434\u0435\u043c\u0438\u0447\u0435\u0441\u043a\u0438\u0445 \u0446\u0435\u043b\u0435\u0439, \u0430 \u0442\u0430\u043a\u0436\u0435 \u0434\u043b\u044f \u044d\u043c\u0438\u0433\u0440\u0430\u0446\u0438\u0438. \u0421\u0443\u0449\u0435\u0441\u0442\u0432\u0443\u0435\u0442 \u043d\u0435\u0441\u043a\u043e\u043b\u044c\u043a\u043e \u0442\u0438\u043f\u043e\u0432 TCF \u0432 \u0437\u0430\u0432\u0438\u0441\u0438\u043c\u043e\u0441\u0442\u0438 \u043e\u0442 \u043a\u043e\u043d\u043a\u0440\u0435\u0442\u043d\u044b\u0445 \u0446\u0435\u043b\u0435\u0439. \u0412\u044b \u0445\u043e\u0442\u0438\u0442\u0435 \u043e\u0446\u0435\u043d\u0438\u0442\u044c \u0443\u0440\u043e\u0432\u0435\u043d\u044c \u0432\u043b\u0430\u0434\u0435\u043d\u0438\u044f \u0444\u0440\u0430\u043d\u0446\u0443\u0437\u0441\u043a\u0438\u043c \u044f\u0437\u044b\u043a\u043e\u043c \u0434\u043b\u044f \u043b\u0438\u0447\u043d\u044b\u0445, \u043f\u0440\u043e\u0444\u0435\u0441\u0441\u0438\u043e\u043d\u0430\u043b\u044c\u043d\u044b\u0445 \u0438\u043b\u0438 \u0430\u043a\u0430\u0434\u0435\u043c\u0438\u0447\u0435\u0441\u043a\u0438\u0445 \u0446\u0435\u043b\u0435\u0439? \u0421\u0434\u0430\u0432\u0430\u0439\u0442\u0435\u00a0TCF TP \u0412\u044b \u0445\u043e\u0442\u0435\u043b\u0438 \u0431\u044b \u043f\u0435\u0440\u0435\u0435\u0445\u0430\u0442\u044c \u0432 \u041a\u0432\u0435\u0431\u0435\u043a \u043d\u0430 \u0434\u043b\u0438\u0442\u0435\u043b\u044c\u043d\u044b\u0439 [&hellip;]<\/p>\n","protected":false},"author":1,"featured_media":7492,"parent":0,"menu_order":0,"comment_status":"closed","ping_status":"closed","template":"","meta":{"inline_featured_image":false,"footnotes":""},"class_list":["post-2533","page","type-page","status-publish","has-post-thumbnail","hentry"],"_links":{"self":[{"href":"https:\/\/afrus.ru\/irkoutsk\/wp-json\/wp\/v2\/pages\/2533"}],"collection":[{"href":"https:\/\/afrus.ru\/irkoutsk\/wp-json\/wp\/v2\/pages"}],"about":[{"href":"https:\/\/afrus.ru\/irkoutsk\/wp-json\/wp\/v2\/types\/page"}],"author":[{"embeddable":true,"href":"https:\/\/afrus.ru\/irkoutsk\/wp-json\/wp\/v2\/users\/1"}],"replies":[{"embeddable":true,"href":"https:\/\/afrus.ru\/irkoutsk\/wp-json\/wp\/v2\/comments?post=2533"}],"version-history":[{"count":95,"href":"https:\/\/afrus.ru\/irkoutsk\/wp-json\/wp\/v2\/pages\/2533\/revisions"}],"predecessor-version":[{"id":12847,"href":"https:\/\/afrus.ru\/irkoutsk\/wp-json\/wp\/v2\/pages\/2533\/revisions\/12847"}],"wp:featuredmedia":[{"embeddable":true,"href":"https:\/\/afrus.ru\/irkoutsk\/wp-json\/wp\/v2\/media\/7492"}],"wp:attachment":[{"href":"https:\/\/afrus.ru\/irkoutsk\/wp-json\/wp\/v2\/media?parent=2533"}],"curies":[{"name":"wp","href":"https:\/\/api.w.org\/{rel}","templated":true}]}}