{"id":2609,"date":"2019-08-04T00:00:00","date_gmt":"2019-08-03T21:00:00","guid":{"rendered":"http:\/\/afrus.ru\/irkoutsk\/culturtheque\/"},"modified":"2025-04-10T10:58:21","modified_gmt":"2025-04-10T07:58:21","slug":"culturtheque","status":"publish","type":"page","link":"https:\/\/afrus.ru\/irkoutsk\/culturtheque\/","title":{"rendered":"Cultureth\u00e8que  |  \u041a\u0443\u043b\u044c\u0442\u0443\u0440\u0442\u0435\u043a\u0430"},"content":{"rendered":"<h2 style=\"text-align: center\"><a href=\"https:\/\/www.culturetheque.com\/fr\" target=\"_blank\" rel=\"noopener noreferrer\">Cultureth\u00e8que\u00a0<\/a><\/h2>\n<p style=\"text-align: center\">\u041d\u043e\u0432\u0430\u044f \u043f\u043b\u0430\u0442\u0444\u043e\u0440\u043c\u0430 \u0424\u0440\u0430\u043d\u0446\u0443\u0437\u0441\u043a\u043e\u0433\u043e \u0438\u043d\u0441\u0442\u0438\u0442\u0443\u0442\u0430, \u043e\u0442\u043a\u0440\u044b\u0442\u0430\u044f \u0434\u043b\u044f \u0432\u0441\u0435\u0433\u043e \u043c\u0438\u0440\u0430, \u044d\u043b\u0435\u043a\u0442\u0440\u043e\u043d\u043d\u0430\u044f \u0431\u0438\u0431\u043b\u0438\u043e\u0442\u0435\u043a\u0430, \u043a\u043e\u0442\u043e\u0440\u0430\u044f \u0432\u043a\u043b\u044e\u0447\u0430\u0435\u0442 \u0432 \u0441\u0435\u0431\u044f \u0436\u0443\u0440\u043d\u0430\u043b\u044b, \u0433\u0430\u0437\u0435\u0442\u044b, \u0446\u0438\u0444\u0440\u043e\u0432\u044b\u0435 \u043a\u043d\u0438\u0433\u0438, \u043a\u043e\u043c\u0438\u043a\u0441\u044b, \u0434\u043e\u043a\u0443\u043c\u0435\u043d\u0442\u0430\u043b\u044c\u043d\u043e\u0435 \u0432\u0438\u0434\u0435\u043e &#8212; \u043e\u043d\u043b\u0430\u0439\u043d! \u0427\u0438\u0442\u0430\u0439\u0442\u0435, \u0441\u043b\u0443\u0448\u0430\u0439\u0442\u0435, \u0441\u043c\u043e\u0442\u0440\u0438\u0442\u0435, \u0443\u0447\u0438\u0442\u0435\u0441\u044c &#8230; \u0432\u0441\u044f \u0444\u0440\u0430\u043d\u0446\u0443\u0437\u0441\u043a\u0430\u044f \u043a\u0443\u043b\u044c\u0442\u0443\u0440\u0430 \u043e\u0434\u043d\u0438\u043c \u0449\u0435\u043b\u0447\u043a\u043e\u043c !<\/p>\n<h3>\u041f\u043e\u0441\u043b\u0435 \u0440\u0435\u0433\u0438\u0441\u0442\u0440\u0430\u0446\u0438\u0438 \u0432\u044b \u043f\u043e\u043b\u0443\u0447\u0438\u0442\u0435 \u0434\u043e\u0441\u0442\u0443\u043f \u043a:<\/h3>\n<ul>\n<li style=\"text-align: left\">\u0434\u0435\u0441\u044f\u0442\u043a\u0430\u043c \u043f\u0440\u043e\u0438\u0437\u0432\u0435\u0434\u0435\u043d\u0438\u0439 \u0441\u043e\u0432\u0440\u0435\u043c\u0435\u043d\u043d\u043e\u0439 \u0438 \u043a\u043b\u0430\u0441\u0441\u0438\u0447\u0435\u0441\u043a\u043e\u0439 \u043b\u0438\u0442\u0435\u0440\u0430\u0442\u0443\u0440\u044b \u043d\u0430 \u0444\u0440\u0430\u043d\u0446\u0443\u0437\u0441\u043a\u043e\u043c \u044f\u0437\u044b\u043a\u0435<\/li>\n<li style=\"text-align: left\">\u043c\u043e\u0434\u0443\u043b\u044f\u043c \u0434\u043e\u043f\u043e\u043b\u043d\u0438\u0442\u0435\u043b\u044c\u043d\u044b\u0445 \u043f\u0440\u0430\u043a\u0442\u0438\u0447\u0435\u0441\u043a\u0438\u0445 \u0443\u043f\u0440\u0430\u0436\u043d\u0435\u043d\u0438\u0439 \u043f\u043e \u0433\u0440\u0430\u043c\u043c\u0430\u0442\u0438\u043a\u0435, \u043b\u0435\u043a\u0441\u0438\u043a\u0435 \u0438 \u0444\u043e\u043d\u0435\u0442\u0438\u043a\u0435<\/li>\n<li>\u0430\u0443\u0434\u0438\u043e\u043a\u043d\u0438\u0433\u0430\u043c, \u043a\u043b\u0430\u0441\u0441\u0438\u0444\u0438\u0446\u0438\u0440\u043e\u0432\u0430\u043d\u043d\u044b\u043c \u043f\u043e \u0443\u0440\u043e\u0432\u043d\u044e \u0441\u043b\u043e\u0436\u043d\u043e\u0441\u0442\u0438 \u0432 \u0441\u043e\u043e\u0442\u0432\u0435\u0442\u0441\u0442\u0432\u0438\u0438 \u0441 \u041e\u0431\u0449\u0435\u0435\u0432\u0440\u043e\u043f\u0435\u0439\u0441\u043a\u043e\u0439 \u0448\u043a\u0430\u043b\u043e\u0439 \u044f\u0437\u044b\u043a\u043e\u0432\u044b\u0445 \u043a\u043e\u043c\u043f\u0435\u0442\u0435\u043d\u0446\u0438\u0439 (\u04101, \u04102, \u04121, \u04122)<\/li>\n<li style=\"text-align: left\">\u0438\u0433\u0440\u0430\u043c \u0434\u043b\u044f \u0434\u0435\u0442\u0435\u0439 \u043e\u0442 3 \u0434\u043e 8 \u043b\u0435\u0442 \u0434\u043b\u044f \u0438\u0437\u0443\u0447\u0435\u043d\u0438\u044f \u0430\u043b\u0444\u0430\u0432\u0438\u0442\u0430, \u0441\u0447\u0435\u0442\u0430, \u043b\u0435\u043a\u0441\u0438\u043a\u0438\u2026<\/li>\n<li style=\"text-align: left\">\u00ab\u0441\u0435\u0440\u044c\u0435\u0437\u043d\u044b\u043c\u00bb \u0438\u0433\u0440\u0430\u043c, \u043f\u043e\u0441\u0442\u0440\u043e\u0435\u043d\u043d\u044b\u043c \u0432 \u0441\u043e\u043e\u0442\u0432\u0435\u0442\u0441\u0442\u0432\u0438\u0438 \u0441 \u043c\u0435\u0442\u043e\u0434\u0430\u043c\u0438 \u0430\u043a\u0442\u0438\u0432\u043d\u043e\u0433\u043e \u043e\u0431\u0443\u0447\u0435\u043d\u0438\u044f, \u043c\u043e\u0442\u0438\u0432\u0438\u0440\u0443\u044e\u0449\u0438\u043c\u0438 \u043a \u0441\u0430\u043c\u043e\u0441\u0442\u043e\u044f\u0442\u0435\u043b\u044c\u043d\u043e\u043c\u0443, \u0438\u043d\u0438\u0446\u0438\u0430\u0442\u0438\u0432\u043d\u043e\u043c\u0443 \u0438 \u0442\u0432\u043e\u0440\u0447\u0435\u0441\u043a\u043e\u043c\u0443 \u043e\u0441\u0432\u043e\u0435\u043d\u0438\u044e \u0443\u0447\u0435\u0431\u043d\u043e\u0433\u043e \u043c\u0430\u0442\u0435\u0440\u0438\u0430\u043b\u0430<\/li>\n<li style=\"text-align: left\">\u0440\u0430\u0437\u043b\u0438\u0447\u043d\u044b\u043c \u0444\u0440\u0430\u043d\u043a\u043e\u0444\u043e\u043d\u043d\u044b\u043c \u0433\u0430\u0437\u0435\u0442\u0430\u043c \u0438 \u0436\u0443\u0440\u043d\u0430\u043b\u0430\u043c<\/li>\n<li style=\"text-align: left\">\u043d\u0430\u0443\u0447\u043d\u044b\u043c \u0440\u0430\u0431\u043e\u0442\u0430\u043c \u0438 \u0441\u0442\u0430\u0442\u044c\u044f\u043c \u043f\u043e \u0433\u0443\u043c\u0430\u043d\u0438\u0442\u0430\u0440\u043d\u044b\u043c \u043d\u0430\u0443\u043a\u0430\u043c<\/li>\n<li style=\"text-align: left\">\u043f\u0443\u0442\u0435\u0432\u043e\u0434\u0438\u0442\u0435\u043b\u044f\u043c \u043f\u043e \u0440\u0430\u0437\u043b\u0438\u0447\u043d\u044b\u043c \u0440\u0435\u0433\u0438\u043e\u043d\u0430\u043c \u0424\u0440\u0430\u043d\u0446\u0438\u0438<\/li>\n<li style=\"text-align: left\">\u043a\u043e\u043d\u0446\u0435\u0440\u0442\u0430\u043c \u0438 \u0430\u0440\u0445\u0438\u0432\u0430\u043c\u00a0<span lang=\"fr-FR\">Cit\u00e9 de la musique<\/span><\/li>\n<li style=\"text-align: left\">\u043a\u043b\u0430\u0441\u0441\u0438\u0447\u0435\u0441\u043a\u0438\u043c \u0438 \u0441\u043e\u0432\u0440\u0435\u043c\u0435\u043d\u043d\u044b\u043c \u043a\u043e\u043c\u0438\u043a\u0441\u0430\u043c.<\/li>\n<\/ul>\n<p><strong>\u0412 \u0437\u0430\u0432\u0438\u0441\u0438\u043c\u043e\u0441\u0442\u0438 \u043e\u0442 \u0444\u043e\u0440\u043c\u0430\u0442\u0430, \u0440\u0435\u0441\u0443\u0440\u0441\u044b \u041a\u0443\u043b\u044c\u0442\u0443\u0440\u0442\u0435\u043a\u0438 \u0434\u043e\u0441\u0442\u0443\u043f\u043d\u044b \u0434\u043b\u044f \u0441\u043a\u0430\u0447\u0438\u0432\u0430\u043d\u0438\u044f \u0438\u043b\u0438 \u043f\u0440\u043e\u0441\u043c\u043e\u0442\u0440\u0430 \u043e\u043d\u043b\u0430\u0439\u043d \u043d\u0430 \u043f\u043b\u0430\u043d\u0448\u0435\u0442\u0430\u0445 \u0438\u043b\u0438 \u044d\u043b\u0435\u043a\u0442\u0440\u043e\u043d\u043d\u044b\u0445 \u043a\u043d\u0438\u0436\u043a\u0430\u0445.<\/strong><\/p>\n<h4 style=\"text-align: left\"><strong>\u0412\u044b \u043c\u043e\u0436\u0435\u0442\u0435 \u043f\u043e\u043b\u0443\u0447\u0438\u0442\u044c \u0434\u043e\u0441\u0442\u0443\u043f \u043a \u043f\u043b\u0430\u0442\u0444\u043e\u0440\u043c\u0435 <a href=\"https:\/\/www.culturetheque.com\/exploitation\/RUS\/accueil-portal.aspx\" target=\"_blank\" rel=\"noopener noreferrer\">Cultureth\u00e8que<\/a><\/strong><\/h4>\n<p style=\"text-align: left\">&#8212; \u0437\u0430\u0440\u0435\u0433\u0438\u0441\u0442\u0440\u0438\u0440\u043e\u0432\u0430\u0432\u0448\u0438\u0441\u044c \u043d\u0430 \u043a\u0443\u0440\u0441\u044b \u0432 &#171;\u0410\u043b\u044c\u044f\u043d\u0441 \u0424\u0440\u0430\u043d\u0441\u0435\u0437 &#8212; \u0418\u0440\u043a\u0443\u0442\u0441\u043a&#187;<\/p>\n<p style=\"text-align: left\">&#8212; \u043f\u0440\u0438\u043e\u0431\u0440\u0435\u0442\u044f <a href=\"http:\/\/afrus.ru\/irkoutsk\/%d0%ba%d0%b0%d1%80%d1%82%d0%b0-%d0%b4%d1%80%d1%83%d0%b3%d0%b0-%d0%b8-%d1%87%d0%bb%d0%b5%d0%bd%d1%81%d1%82%d0%b2%d0%be-%d0%b2-%d0%b0%d0%bb%d1%8c%d1%8f%d0%bd%d1%81-%d1%84%d1%80%d0%b0%d0%bd%d1%81%d0%b5\/\">\u041a\u0430\u0440\u0442\u0443 \u0414\u0440\u0443\u0433\u0430 &#171;\u0410\u043b\u044c\u044f\u043d\u0441 \u0424\u0440\u0430\u043d\u0441\u0435\u0437 &#8212; \u0418\u0440\u043a\u0443\u0442\u0441\u043a&#187;<\/a><\/p>\n<p style=\"text-align: left\">&#8212; \u0441\u0442\u0430\u0432 <a href=\"http:\/\/afrus.ru\/irkoutsk\/%d0%ba%d0%b0%d1%80%d1%82%d0%b0-%d0%b4%d1%80%d1%83%d0%b3%d0%b0-%d0%b8-%d1%87%d0%bb%d0%b5%d0%bd%d1%81%d1%82%d0%b2%d0%be-%d0%b2-%d0%b0%d0%bb%d1%8c%d1%8f%d0%bd%d1%81-%d1%84%d1%80%d0%b0%d0%bd%d1%81%d0%b5\/\">\u0447\u043b\u0435\u043d\u043e\u043c &#171;\u0410\u043b\u044c\u044f\u043d\u0441 \u0424\u0440\u0430\u043d\u0441\u0435\u0437 &#8212; \u0418\u0440\u043a\u0443\u0442\u0441\u043a&#187;<\/a><\/p>\n<p><iframe loading=\"lazy\" title=\"Cultureth\u00e8que - toute la culture en langue fran\u00e7aise pour les apprenants de fran\u00e7ais\" src=\"https:\/\/player.vimeo.com\/video\/333929979?dnt=1&amp;app_id=122963\" width=\"500\" height=\"281\" frameborder=\"0\" allow=\"autoplay; fullscreen; picture-in-picture; clipboard-write\"><\/iframe><\/p>\n<p><iframe loading=\"lazy\" title=\"Cultureth\u00e8que - toute la culture en langue fran\u00e7aise\" src=\"https:\/\/player.vimeo.com\/video\/333926135?dnt=1&amp;app_id=122963\" width=\"500\" height=\"281\" frameborder=\"0\" allow=\"autoplay; fullscreen; picture-in-picture; clipboard-write\"><\/iframe><\/p>\n\n\n<hr class=\"wp-block-separator has-css-opacity\" \/>\n\n\n\n<h2 class=\"wp-block-heading has-text-align-center\"> <a href=\"https:\/\/www.culturetheque.com\/fr\" target=\"_blank\" rel=\"noreferrer noopener\">www.culturetheque.com<\/a><\/h2>\n\n\n\n<hr class=\"wp-block-separator has-css-opacity\" \/>\n\n\n\n<p><\/p>\n","protected":false},"excerpt":{"rendered":"<p>Cultureth\u00e8que\u00a0 \u041d\u043e\u0432\u0430\u044f \u043f\u043b\u0430\u0442\u0444\u043e\u0440\u043c\u0430 \u0424\u0440\u0430\u043d\u0446\u0443\u0437\u0441\u043a\u043e\u0433\u043e \u0438\u043d\u0441\u0442\u0438\u0442\u0443\u0442\u0430, \u043e\u0442\u043a\u0440\u044b\u0442\u0430\u044f \u0434\u043b\u044f \u0432\u0441\u0435\u0433\u043e \u043c\u0438\u0440\u0430, \u044d\u043b\u0435\u043a\u0442\u0440\u043e\u043d\u043d\u0430\u044f \u0431\u0438\u0431\u043b\u0438\u043e\u0442\u0435\u043a\u0430, \u043a\u043e\u0442\u043e\u0440\u0430\u044f \u0432\u043a\u043b\u044e\u0447\u0430\u0435\u0442 \u0432 \u0441\u0435\u0431\u044f \u0436\u0443\u0440\u043d\u0430\u043b\u044b, \u0433\u0430\u0437\u0435\u0442\u044b, \u0446\u0438\u0444\u0440\u043e\u0432\u044b\u0435 \u043a\u043d\u0438\u0433\u0438, \u043a\u043e\u043c\u0438\u043a\u0441\u044b, \u0434\u043e\u043a\u0443\u043c\u0435\u043d\u0442\u0430\u043b\u044c\u043d\u043e\u0435 \u0432\u0438\u0434\u0435\u043e &#8212; \u043e\u043d\u043b\u0430\u0439\u043d! \u0427\u0438\u0442\u0430\u0439\u0442\u0435, \u0441\u043b\u0443\u0448\u0430\u0439\u0442\u0435, \u0441\u043c\u043e\u0442\u0440\u0438\u0442\u0435, \u0443\u0447\u0438\u0442\u0435\u0441\u044c &#8230; \u0432\u0441\u044f \u0444\u0440\u0430\u043d\u0446\u0443\u0437\u0441\u043a\u0430\u044f \u043a\u0443\u043b\u044c\u0442\u0443\u0440\u0430 \u043e\u0434\u043d\u0438\u043c \u0449\u0435\u043b\u0447\u043a\u043e\u043c ! \u041f\u043e\u0441\u043b\u0435 \u0440\u0435\u0433\u0438\u0441\u0442\u0440\u0430\u0446\u0438\u0438 \u0432\u044b \u043f\u043e\u043b\u0443\u0447\u0438\u0442\u0435 \u0434\u043e\u0441\u0442\u0443\u043f \u043a: \u0434\u0435\u0441\u044f\u0442\u043a\u0430\u043c \u043f\u0440\u043e\u0438\u0437\u0432\u0435\u0434\u0435\u043d\u0438\u0439 \u0441\u043e\u0432\u0440\u0435\u043c\u0435\u043d\u043d\u043e\u0439 \u0438 \u043a\u043b\u0430\u0441\u0441\u0438\u0447\u0435\u0441\u043a\u043e\u0439 \u043b\u0438\u0442\u0435\u0440\u0430\u0442\u0443\u0440\u044b \u043d\u0430 \u0444\u0440\u0430\u043d\u0446\u0443\u0437\u0441\u043a\u043e\u043c \u044f\u0437\u044b\u043a\u0435 \u043c\u043e\u0434\u0443\u043b\u044f\u043c \u0434\u043e\u043f\u043e\u043b\u043d\u0438\u0442\u0435\u043b\u044c\u043d\u044b\u0445 \u043f\u0440\u0430\u043a\u0442\u0438\u0447\u0435\u0441\u043a\u0438\u0445 \u0443\u043f\u0440\u0430\u0436\u043d\u0435\u043d\u0438\u0439 \u043f\u043e [&hellip;]<\/p>\n","protected":false},"author":1,"featured_media":4577,"parent":0,"menu_order":0,"comment_status":"closed","ping_status":"closed","template":"","meta":{"inline_featured_image":false,"footnotes":""},"class_list":["post-2609","page","type-page","status-publish","has-post-thumbnail","hentry"],"_links":{"self":[{"href":"https:\/\/afrus.ru\/irkoutsk\/wp-json\/wp\/v2\/pages\/2609"}],"collection":[{"href":"https:\/\/afrus.ru\/irkoutsk\/wp-json\/wp\/v2\/pages"}],"about":[{"href":"https:\/\/afrus.ru\/irkoutsk\/wp-json\/wp\/v2\/types\/page"}],"author":[{"embeddable":true,"href":"https:\/\/afrus.ru\/irkoutsk\/wp-json\/wp\/v2\/users\/1"}],"replies":[{"embeddable":true,"href":"https:\/\/afrus.ru\/irkoutsk\/wp-json\/wp\/v2\/comments?post=2609"}],"version-history":[{"count":57,"href":"https:\/\/afrus.ru\/irkoutsk\/wp-json\/wp\/v2\/pages\/2609\/revisions"}],"predecessor-version":[{"id":11654,"href":"https:\/\/afrus.ru\/irkoutsk\/wp-json\/wp\/v2\/pages\/2609\/revisions\/11654"}],"wp:featuredmedia":[{"embeddable":true,"href":"https:\/\/afrus.ru\/irkoutsk\/wp-json\/wp\/v2\/media\/4577"}],"wp:attachment":[{"href":"https:\/\/afrus.ru\/irkoutsk\/wp-json\/wp\/v2\/media?parent=2609"}],"curies":[{"name":"wp","href":"https:\/\/api.w.org\/{rel}","templated":true}]}}