{"id":5363,"date":"2020-07-18T11:10:21","date_gmt":"2020-07-18T08:10:21","guid":{"rendered":"http:\/\/afrus.ru\/irkoutsk\/?page_id=5363"},"modified":"2025-04-17T06:17:13","modified_gmt":"2025-04-17T03:17:13","slug":"les-cours-de-russe","status":"publish","type":"page","link":"https:\/\/afrus.ru\/irkoutsk\/fr\/les-cours-de-russe\/","title":{"rendered":"LES COURS DE RUSSE"},"content":{"rendered":"\n<h2 class=\"has-text-color has-text-align-center wp-block-heading\" style=\"color:#da002e\">Vivez une exp\u00e9rience linguistique et culturelle \u00e0 l\u2019Alliance fran\u00e7aise d&#8217;Irkoutsk !<strong><em><br><\/em><\/strong><\/h2>\n\n\n\n<div style=\"height:30px\" aria-hidden=\"true\" class=\"wp-block-spacer\"><\/div>\n\n\n\n<p class=\"has-text-align-center\"> <em>Vous souhaitez vous initier \u00e0 la langue russe ou approfondir vos connaissance ? L&#8217;Alliance Fran\u00e7aise d&#8217;Irkoutsk vous propose des cours avec des professeurs russophones et compl\u00e8tement bilingues, en pr\u00e9sentiel ou par Skype ! <\/em> <\/p>\n","protected":false},"excerpt":{"rendered":"<p>Vivez une exp\u00e9rience linguistique et culturelle \u00e0 l\u2019Alliance fran\u00e7aise d&#8217;Irkoutsk ! Vous souhaitez vous initier \u00e0 la langue russe ou approfondir vos connaissance ? L&#8217;Alliance Fran\u00e7aise d&#8217;Irkoutsk vous propose des cours avec des professeurs russophones et compl\u00e8tement bilingues, en pr\u00e9sentiel ou par Skype !<\/p>\n","protected":false},"author":5,"featured_media":5643,"parent":0,"menu_order":0,"comment_status":"closed","ping_status":"closed","template":"","meta":{"inline_featured_image":false,"footnotes":""},"class_list":["post-5363","page","type-page","status-publish","has-post-thumbnail","hentry"],"_links":{"self":[{"href":"https:\/\/afrus.ru\/irkoutsk\/wp-json\/wp\/v2\/pages\/5363"}],"collection":[{"href":"https:\/\/afrus.ru\/irkoutsk\/wp-json\/wp\/v2\/pages"}],"about":[{"href":"https:\/\/afrus.ru\/irkoutsk\/wp-json\/wp\/v2\/types\/page"}],"author":[{"embeddable":true,"href":"https:\/\/afrus.ru\/irkoutsk\/wp-json\/wp\/v2\/users\/5"}],"replies":[{"embeddable":true,"href":"https:\/\/afrus.ru\/irkoutsk\/wp-json\/wp\/v2\/comments?post=5363"}],"version-history":[{"count":122,"href":"https:\/\/afrus.ru\/irkoutsk\/wp-json\/wp\/v2\/pages\/5363\/revisions"}],"predecessor-version":[{"id":11849,"href":"https:\/\/afrus.ru\/irkoutsk\/wp-json\/wp\/v2\/pages\/5363\/revisions\/11849"}],"wp:featuredmedia":[{"embeddable":true,"href":"https:\/\/afrus.ru\/irkoutsk\/wp-json\/wp\/v2\/media\/5643"}],"wp:attachment":[{"href":"https:\/\/afrus.ru\/irkoutsk\/wp-json\/wp\/v2\/media?parent=5363"}],"curies":[{"name":"wp","href":"https:\/\/api.w.org\/{rel}","templated":true}]}}