{"id":5456,"date":"2020-07-18T13:20:12","date_gmt":"2020-07-18T10:20:12","guid":{"rendered":"http:\/\/afrus.ru\/irkoutsk\/?page_id=5456"},"modified":"2020-12-01T19:00:51","modified_gmt":"2020-12-01T16:00:51","slug":"hebergement","status":"publish","type":"page","link":"https:\/\/afrus.ru\/irkoutsk\/fr\/hebergement\/","title":{"rendered":"H\u00c9BERGEMENT"},"content":{"rendered":"\n<h2 class=\"wp-block-heading\"><strong>UN H\u00c9BERGEMENT DE QUALIT\u00c9,&nbsp;C\u2019EST LA CL\u00c9 D\u2019UN S\u00c9JOUR R\u00c9USSI&nbsp;!<\/strong><\/h2>\n\n\n\n<div style=\"height:30px\" aria-hidden=\"true\" class=\"wp-block-spacer\"><\/div>\n\n\n\n<p>Votre s\u00e9jour fait partie int\u00e9grante de votre exp\u00e9rience, notre \u00e9quipe vous aide \u00e0 s\u00e9lectionner avec soin votre h\u00e9bergement en fonction de votre budget et de vos besoins.<\/p>\n\n\n\n<div style=\"height:100px\" aria-hidden=\"true\" class=\"wp-block-spacer\"><\/div>\n\n\n\n<div class=\"wp-block-media-text alignwide\" style=\"grid-template-columns:29% auto\"><figure class=\"wp-block-media-text__media\"><img loading=\"lazy\" decoding=\"async\" width=\"1024\" height=\"680\" src=\"http:\/\/afrus.ru\/irkoutsk\/wp-content\/uploads\/sites\/32\/2020\/07\/15RtvmEryiI-1024x680.jpg\" alt=\"\" class=\"wp-image-5465\" srcset=\"https:\/\/afrus.ru\/irkoutsk\/wp-content\/uploads\/sites\/32\/2020\/07\/15RtvmEryiI-1024x680.jpg 1024w, https:\/\/afrus.ru\/irkoutsk\/wp-content\/uploads\/sites\/32\/2020\/07\/15RtvmEryiI-300x199.jpg 300w, https:\/\/afrus.ru\/irkoutsk\/wp-content\/uploads\/sites\/32\/2020\/07\/15RtvmEryiI-768x510.jpg 768w, https:\/\/afrus.ru\/irkoutsk\/wp-content\/uploads\/sites\/32\/2020\/07\/15RtvmEryiI.jpg 1280w\" sizes=\"(max-width: 1024px) 100vw, 1024px\" \/><\/figure><div class=\"wp-block-media-text__content\">\n<h3 class=\"wp-block-heading\"><strong>FAMILLE D\u2019ACCUEIL<\/strong><\/h3>\n\n\n\n<div style=\"height:30px\" aria-hidden=\"true\" class=\"wp-block-spacer\"><\/div>\n\n\n\n<p class=\"has-text-align-left\">\u2013 Chambre seule                        <strong>15 euros\/nuit<\/strong><\/p>\n\n\n\n<p class=\"has-text-align-left\">\u2013 Chambre + petit d\u00e9jeuner&nbsp;<strong>20&nbsp;euros\/nuit<\/strong><\/p>\n\n\n\n<p class=\"has-text-align-left\">\u2013 Chambre en demi-pension&nbsp;<strong>25&nbsp;euros\/nuit<\/strong>&nbsp; &nbsp; &nbsp; &nbsp; &nbsp; &nbsp; &nbsp; &nbsp; &nbsp; &nbsp; &nbsp; &nbsp; &nbsp; &nbsp; &nbsp; &nbsp; &nbsp; &nbsp; &nbsp;&nbsp;<\/p>\n<\/div><\/div>\n\n\n\n<div style=\"height:30px\" aria-hidden=\"true\" class=\"wp-block-spacer\"><\/div>\n\n\n\n<div class=\"wp-block-media-text alignwide\" style=\"grid-template-columns:29% auto\"><figure class=\"wp-block-media-text__media\"><img loading=\"lazy\" decoding=\"async\" width=\"1024\" height=\"682\" src=\"http:\/\/afrus.ru\/irkoutsk\/wp-content\/uploads\/sites\/32\/2020\/07\/XoTpKTvEZ1U-1024x682.jpg\" alt=\"\" class=\"wp-image-5463\" srcset=\"https:\/\/afrus.ru\/irkoutsk\/wp-content\/uploads\/sites\/32\/2020\/07\/XoTpKTvEZ1U-1024x682.jpg 1024w, https:\/\/afrus.ru\/irkoutsk\/wp-content\/uploads\/sites\/32\/2020\/07\/XoTpKTvEZ1U-300x200.jpg 300w, https:\/\/afrus.ru\/irkoutsk\/wp-content\/uploads\/sites\/32\/2020\/07\/XoTpKTvEZ1U-768x512.jpg 768w, https:\/\/afrus.ru\/irkoutsk\/wp-content\/uploads\/sites\/32\/2020\/07\/XoTpKTvEZ1U.jpg 1280w\" sizes=\"(max-width: 1024px) 100vw, 1024px\" \/><\/figure><div class=\"wp-block-media-text__content\">\n<h3 class=\"wp-block-heading\"><strong>H\u00d4TEL<\/strong><\/h3>\n\n\n\n<div style=\"height:30px\" aria-hidden=\"true\" class=\"wp-block-spacer\"><\/div>\n\n\n\n<p class=\"has-text-align-left\">\u00e0 10-15 minutes \u00e0 pied de l\u2019Alliance Fran\u00e7aise d&#8217;Irkoutsk<\/p>\n\n\n\n<p class=\"has-text-align-left\"><a rel=\"noreferrer noopener\" href=\"https:\/\/www.accorhotels.com\/ru\/hotel-8540-ibis-%D0%B8%D1%80%D0%BA%D1%83%D1%82%D1%81%D0%BA-%D1%86%D0%B5%D0%BD%D1%82%D1%80\/index.shtml\" target=\"_blank\"><strong>Ibis&nbsp;<\/strong><\/a> <\/p>\n\n\n\n<p class=\"has-text-align-left\"><a rel=\"noreferrer noopener\" href=\"https:\/\/irkutsk-hotel.ru\/\" target=\"_blank\"><strong>\u0418\u0440\u043a\u0443\u0442\u0441\u043a \/Irkutsk<\/strong><\/a><\/p>\n\n\n\n<p class=\"has-text-align-left\"><a href=\"http:\/\/hotel-irkut.ru\/\"><strong>\u0418\u0440\u043a\u0443\u0442 \/Irkut<\/strong><\/a> <\/p>\n<\/div><\/div>\n\n\n\n<div style=\"height:30px\" aria-hidden=\"true\" class=\"wp-block-spacer\"><\/div>\n\n\n\n<div class=\"wp-block-media-text alignwide\" style=\"grid-template-columns:29% auto\"><figure class=\"wp-block-media-text__media\"><img loading=\"lazy\" decoding=\"async\" width=\"1024\" height=\"680\" src=\"http:\/\/afrus.ru\/irkoutsk\/wp-content\/uploads\/sites\/32\/2020\/07\/iyk6FuOMcj8-1024x680.jpg\" alt=\"\" class=\"wp-image-5457\" srcset=\"https:\/\/afrus.ru\/irkoutsk\/wp-content\/uploads\/sites\/32\/2020\/07\/iyk6FuOMcj8-1024x680.jpg 1024w, https:\/\/afrus.ru\/irkoutsk\/wp-content\/uploads\/sites\/32\/2020\/07\/iyk6FuOMcj8-300x199.jpg 300w, https:\/\/afrus.ru\/irkoutsk\/wp-content\/uploads\/sites\/32\/2020\/07\/iyk6FuOMcj8-768x510.jpg 768w, https:\/\/afrus.ru\/irkoutsk\/wp-content\/uploads\/sites\/32\/2020\/07\/iyk6FuOMcj8.jpg 1280w\" sizes=\"(max-width: 1024px) 100vw, 1024px\" \/><\/figure><div class=\"wp-block-media-text__content\">\n<h3 class=\"wp-block-heading\"><strong>STUDIO EN R\u00c9SIDENCE PRIV\u00c9E<\/strong><\/h3>\n\n\n\n<div style=\"height:30px\" aria-hidden=\"true\" class=\"wp-block-spacer\"><\/div>\n\n\n\n<p class=\"has-text-align-left\">des logements, situ\u00e9s chez des particuliers,&nbsp;meubl\u00e9s et \u00e9quip\u00e9s<\/p>\n\n\n\n<p class=\"has-text-align-left\"><strong>de 40 euros \/ nuit<\/strong><\/p>\n<\/div><\/div>\n\n\n\n<div style=\"height:100px\" aria-hidden=\"true\" class=\"wp-block-spacer\"><\/div>\n\n\n\n<p class=\"has-text-align-center\"> <strong>Frais de recherche d\u2019h\u00e9bergement<\/strong>&nbsp;: <\/p>\n\n\n\n<p class=\"has-text-align-center\">50\u20ac (Service obligatoire pour toute demande de r\u00e9servation de logement) <\/p>\n","protected":false},"excerpt":{"rendered":"<p>UN H\u00c9BERGEMENT DE QUALIT\u00c9,&nbsp;C\u2019EST LA CL\u00c9 D\u2019UN S\u00c9JOUR R\u00c9USSI&nbsp;! Votre s\u00e9jour fait partie int\u00e9grante de votre exp\u00e9rience, notre \u00e9quipe vous aide \u00e0 s\u00e9lectionner avec soin votre h\u00e9bergement en fonction de votre budget et de vos besoins. Frais de recherche d\u2019h\u00e9bergement&nbsp;: 50\u20ac (Service obligatoire pour toute demande de r\u00e9servation de logement)<\/p>\n","protected":false},"author":5,"featured_media":5485,"parent":0,"menu_order":0,"comment_status":"closed","ping_status":"closed","template":"","meta":{"inline_featured_image":false,"footnotes":""},"class_list":["post-5456","page","type-page","status-publish","has-post-thumbnail","hentry"],"_links":{"self":[{"href":"https:\/\/afrus.ru\/irkoutsk\/wp-json\/wp\/v2\/pages\/5456"}],"collection":[{"href":"https:\/\/afrus.ru\/irkoutsk\/wp-json\/wp\/v2\/pages"}],"about":[{"href":"https:\/\/afrus.ru\/irkoutsk\/wp-json\/wp\/v2\/types\/page"}],"author":[{"embeddable":true,"href":"https:\/\/afrus.ru\/irkoutsk\/wp-json\/wp\/v2\/users\/5"}],"replies":[{"embeddable":true,"href":"https:\/\/afrus.ru\/irkoutsk\/wp-json\/wp\/v2\/comments?post=5456"}],"version-history":[{"count":38,"href":"https:\/\/afrus.ru\/irkoutsk\/wp-json\/wp\/v2\/pages\/5456\/revisions"}],"predecessor-version":[{"id":6704,"href":"https:\/\/afrus.ru\/irkoutsk\/wp-json\/wp\/v2\/pages\/5456\/revisions\/6704"}],"wp:featuredmedia":[{"embeddable":true,"href":"https:\/\/afrus.ru\/irkoutsk\/wp-json\/wp\/v2\/media\/5485"}],"wp:attachment":[{"href":"https:\/\/afrus.ru\/irkoutsk\/wp-json\/wp\/v2\/media?parent=5456"}],"curies":[{"name":"wp","href":"https:\/\/api.w.org\/{rel}","templated":true}]}}