{"id":5489,"date":"2020-07-18T17:26:53","date_gmt":"2020-07-18T14:26:53","guid":{"rendered":"http:\/\/afrus.ru\/irkoutsk\/?page_id=5489"},"modified":"2024-05-23T11:10:21","modified_gmt":"2024-05-23T08:10:21","slug":"les-excursions-et-les-visites-culturelles","status":"publish","type":"page","link":"https:\/\/afrus.ru\/irkoutsk\/fr\/les-excursions-et-les-visites-culturelles\/","title":{"rendered":"LES EXCURSIONS ET LES VISITES CULTURELLES"},"content":{"rendered":"\n<h2 class=\"wp-block-heading\"><strong><em>Vivez une exp\u00e9rience linguistique et culturelle \u00e0 l\u2019Alliance fran\u00e7aise d&#8217;Irkoutsk<\/em>&nbsp;<\/strong>! <\/h2>\n\n\n\n<p class=\"has-text-align-left\"><em>Venez profiter du s\u00e9jour linguistique et culturel \u00e0 l\u2019Alliance fran\u00e7aise d&#8217;Irkoutsk pour&nbsp;d\u00e9couvrir les tr\u00e9sors de notre r\u00e9gion. Nous vous proposons des activit\u00e9s incontournables et insolites pour rendre votre exp\u00e9rience encore plus inoubliable. Nous pourrons vous aider \u00e0 faire un voyage int\u00e9ressant \u00e0  Irkoutsk, \u00e0 prendre connaissance avec son histoire, \u00e0 visiter ses mus\u00e9es, \u00e0  faire un tour des lieux les plus curieux et embl\u00e9matiques de notre ville et de la r\u00e9gion du Ba\u00efkal. Vivez une exp\u00e9rience en&nbsp;immersion totale&nbsp;tout en combinant les cours le matin et les activit\u00e9s culturelles l\u2019apr\u00e8s-midi.&nbsp;<\/em><\/p>\n\n\n\n<div style=\"height:38px\" aria-hidden=\"true\" class=\"wp-block-spacer\"><\/div>\n\n\n\n<figure class=\"wp-block-gallery aligncenter columns-3 is-cropped wp-block-gallery-1 is-layout-flex wp-block-gallery-is-layout-flex\"><ul class=\"blocks-gallery-grid\"><li class=\"blocks-gallery-item\"><figure><img loading=\"lazy\" decoding=\"async\" width=\"550\" height=\"368\" src=\"http:\/\/afrus.ru\/irkoutsk\/wp-content\/uploads\/sites\/32\/2020\/03\/thumbnail_large-1.jpg\" alt=\"\" data-id=\"586\" data-full-url=\"http:\/\/afrus.ru\/irkoutsk\/wp-content\/uploads\/sites\/32\/2020\/03\/thumbnail_large-1.jpg\" data-link=\"http:\/\/afrus.ru\/irkoutsk\/thumbnail_large-1-2\/\" class=\"wp-image-586\" srcset=\"https:\/\/afrus.ru\/irkoutsk\/wp-content\/uploads\/sites\/32\/2020\/03\/thumbnail_large-1.jpg 550w, https:\/\/afrus.ru\/irkoutsk\/wp-content\/uploads\/sites\/32\/2020\/03\/thumbnail_large-1-300x201.jpg 300w\" sizes=\"(max-width: 550px) 100vw, 550px\" \/><\/figure><\/li><li class=\"blocks-gallery-item\"><figure><img loading=\"lazy\" decoding=\"async\" width=\"450\" height=\"395\" src=\"http:\/\/afrus.ru\/irkoutsk\/wp-content\/uploads\/sites\/32\/2020\/03\/spass_church_irkutsk_2.jpg\" alt=\"\" data-id=\"590\" data-full-url=\"http:\/\/afrus.ru\/irkoutsk\/wp-content\/uploads\/sites\/32\/2020\/03\/spass_church_irkutsk_2.jpg\" data-link=\"http:\/\/afrus.ru\/irkoutsk\/spass_church_irkutsk_2-2\/\" class=\"wp-image-590\" srcset=\"https:\/\/afrus.ru\/irkoutsk\/wp-content\/uploads\/sites\/32\/2020\/03\/spass_church_irkutsk_2.jpg 450w, https:\/\/afrus.ru\/irkoutsk\/wp-content\/uploads\/sites\/32\/2020\/03\/spass_church_irkutsk_2-300x263.jpg 300w\" sizes=\"(max-width: 450px) 100vw, 450px\" \/><\/figure><\/li><li class=\"blocks-gallery-item\"><figure><img loading=\"lazy\" decoding=\"async\" width=\"1024\" height=\"678\" src=\"http:\/\/afrus.ru\/irkoutsk\/wp-content\/uploads\/sites\/32\/2020\/03\/irkutsk-zodchestvo_33-1024x678.jpg\" alt=\"\" data-id=\"588\" data-full-url=\"http:\/\/afrus.ru\/irkoutsk\/wp-content\/uploads\/sites\/32\/2020\/03\/irkutsk-zodchestvo_33.jpg\" data-link=\"http:\/\/afrus.ru\/irkoutsk\/irkutsk-zodchestvo_33-2\/\" class=\"wp-image-588\" srcset=\"https:\/\/afrus.ru\/irkoutsk\/wp-content\/uploads\/sites\/32\/2020\/03\/irkutsk-zodchestvo_33-1024x678.jpg 1024w, https:\/\/afrus.ru\/irkoutsk\/wp-content\/uploads\/sites\/32\/2020\/03\/irkutsk-zodchestvo_33-300x199.jpg 300w, https:\/\/afrus.ru\/irkoutsk\/wp-content\/uploads\/sites\/32\/2020\/03\/irkutsk-zodchestvo_33-768x509.jpg 768w, https:\/\/afrus.ru\/irkoutsk\/wp-content\/uploads\/sites\/32\/2020\/03\/irkutsk-zodchestvo_33.jpg 1280w\" sizes=\"(max-width: 1024px) 100vw, 1024px\" \/><\/figure><\/li><\/ul><\/figure>\n\n\n\n<div class=\"wp-block-columns is-layout-flex wp-container-core-columns-is-layout-1 wp-block-columns-is-layout-flex\">\n<div class=\"wp-block-column is-layout-flow wp-block-column-is-layout-flow\">\n<p style=\"font-size:15px\"><strong>TOUR DE VILLE &#8212; 2h<\/strong><\/p>\n\n\n\n<p class=\"has-text-align-center has-normal-font-size\">Vous \u00eates accueillis pour une visite guid\u00e9e dans les lieux embl\u00e9matiques de la ville&nbsp;d&#8217;Irkoutsk<\/p>\n<\/div>\n\n\n\n<div class=\"wp-block-column is-layout-flow wp-block-column-is-layout-flow\">\n<p style=\"font-size:15px\"><strong>RENCONTRE AVEC LE SONNEUR DE L&#8217;EGLISE DU SAINT SAVEUR &#8212; 1h<\/strong> <\/p>\n\n\n\n<p class=\"has-normal-font-size\">Sonnez les cloches de l&#8217;\u00e9glise la plus ancienne de la ville <\/p>\n<\/div>\n\n\n\n<div class=\"wp-block-column is-layout-flow wp-block-column-is-layout-flow\">\n<p style=\"font-size:15px\"><strong>MUSE\u00c9 DES DECEMBRISTES &#8212; 1h<\/strong> <\/p>\n\n\n\n<p class=\"has-text-align-center has-normal-font-size\">D\u00e9couvrez l\u2019un des mus\u00e9es les plus connus d&#8217;Irkoutsk en compagnie d\u2019un guide passionn\u00e9 d&#8217;histoire   <\/p>\n<\/div>\n<\/div>\n\n\n\n<figure class=\"wp-block-gallery columns-3 is-cropped wp-block-gallery-2 is-layout-flex wp-block-gallery-is-layout-flex\"><ul class=\"blocks-gallery-grid\"><li class=\"blocks-gallery-item\"><figure><img loading=\"lazy\" decoding=\"async\" width=\"400\" height=\"283\" src=\"http:\/\/afrus.ru\/irkoutsk\/wp-content\/uploads\/sites\/32\/2020\/03\/1.400x300.jpg\" alt=\"\" data-id=\"594\" data-full-url=\"http:\/\/afrus.ru\/irkoutsk\/wp-content\/uploads\/sites\/32\/2020\/03\/1.400x300.jpg\" data-link=\"http:\/\/afrus.ru\/irkoutsk\/1-400x300-2\/\" class=\"wp-image-594\" srcset=\"https:\/\/afrus.ru\/irkoutsk\/wp-content\/uploads\/sites\/32\/2020\/03\/1.400x300.jpg 400w, https:\/\/afrus.ru\/irkoutsk\/wp-content\/uploads\/sites\/32\/2020\/03\/1.400x300-300x212.jpg 300w\" sizes=\"(max-width: 400px) 100vw, 400px\" \/><\/figure><\/li><li class=\"blocks-gallery-item\"><figure><img loading=\"lazy\" decoding=\"async\" width=\"550\" height=\"412\" src=\"http:\/\/afrus.ru\/irkoutsk\/wp-content\/uploads\/sites\/32\/2020\/03\/thumbnail_large.jpg\" alt=\"\" data-id=\"596\" data-full-url=\"http:\/\/afrus.ru\/irkoutsk\/wp-content\/uploads\/sites\/32\/2020\/03\/thumbnail_large.jpg\" data-link=\"http:\/\/afrus.ru\/irkoutsk\/thumbnail_large-2\/\" class=\"wp-image-596\" srcset=\"https:\/\/afrus.ru\/irkoutsk\/wp-content\/uploads\/sites\/32\/2020\/03\/thumbnail_large.jpg 550w, https:\/\/afrus.ru\/irkoutsk\/wp-content\/uploads\/sites\/32\/2020\/03\/thumbnail_large-300x225.jpg 300w\" sizes=\"(max-width: 550px) 100vw, 550px\" \/><\/figure><\/li><li class=\"blocks-gallery-item\"><figure><img loading=\"lazy\" decoding=\"async\" width=\"750\" height=\"500\" src=\"http:\/\/afrus.ru\/irkoutsk\/wp-content\/uploads\/sites\/32\/2020\/03\/samovar_dlay_dachy.jpg\" alt=\"\" data-id=\"598\" data-full-url=\"http:\/\/afrus.ru\/irkoutsk\/wp-content\/uploads\/sites\/32\/2020\/03\/samovar_dlay_dachy.jpg\" data-link=\"http:\/\/afrus.ru\/irkoutsk\/samovar_dlay_dachy-2\/\" class=\"wp-image-598\" srcset=\"https:\/\/afrus.ru\/irkoutsk\/wp-content\/uploads\/sites\/32\/2020\/03\/samovar_dlay_dachy.jpg 750w, https:\/\/afrus.ru\/irkoutsk\/wp-content\/uploads\/sites\/32\/2020\/03\/samovar_dlay_dachy-300x200.jpg 300w\" sizes=\"(max-width: 750px) 100vw, 750px\" \/><\/figure><\/li><\/ul><\/figure>\n\n\n\n<div class=\"wp-block-columns is-layout-flex wp-container-core-columns-is-layout-2 wp-block-columns-is-layout-flex\">\n<div class=\"wp-block-column is-layout-flow wp-block-column-is-layout-flow\">\n<p style=\"font-size:15px\"><strong>VISITE DU MUSE\u00c9 DE L&#8217;ARCHITECTURE SIBIRIENNE EN PLEINE AIR &#171;TALTSI<\/strong>&#187; <strong> <br>toute la journ\u00e9e<\/strong> <\/p>\n\n\n\n<p class=\"has-normal-font-size\">Voyez la collection unique des propri\u00e9t\u00e9s des premieres colons russes et des peuples indig\u00e8nes de Baikalie<\/p>\n\n\n\n<p> <\/p>\n<\/div>\n\n\n\n<div class=\"wp-block-column is-layout-flow wp-block-column-is-layout-flow\">\n<p style=\"font-size:15px\"><strong>EXCURSION SUR LE VIEUX CHEMIN DE FER CIRCUM-BA\u00cfKALIEN      <br>toute la journ\u00e9e<\/strong><\/p>\n\n\n\n<p class=\"has-normal-font-size\">D\u00e9couvrez &#171;la boucle d&#8217;or de la ceinture d&#8217;acier de la Russie&#187; &#8212; l&#8217;unit\u00e9 harmonieuse de la nature et de l&#8217;ambiance culturelle et historique <\/p>\n<\/div>\n\n\n\n<div class=\"wp-block-column is-layout-flow wp-block-column-is-layout-flow\">\n<p style=\"font-size:15px\"><strong>UNE JOURN\u00c9E DANS <br>UNE DACHA RUSSE  <br>toute la journ\u00e9e<\/strong><\/p>\n\n\n\n<p class=\"has-normal-font-size\">P\u00eache et bania russe, th\u00e9 au samovar<\/p>\n<\/div>\n<\/div>\n\n\n\n<figure class=\"wp-block-gallery columns-3 is-cropped wp-block-gallery-3 is-layout-flex wp-block-gallery-is-layout-flex\"><ul class=\"blocks-gallery-grid\"><li class=\"blocks-gallery-item\"><figure><img loading=\"lazy\" decoding=\"async\" width=\"515\" height=\"360\" src=\"http:\/\/afrus.ru\/irkoutsk\/wp-content\/uploads\/sites\/32\/2020\/03\/2aade28b6ba0e377743e32d522ab7dfe.jpg\" alt=\"\" data-id=\"592\" data-full-url=\"http:\/\/afrus.ru\/irkoutsk\/wp-content\/uploads\/sites\/32\/2020\/03\/2aade28b6ba0e377743e32d522ab7dfe.jpg\" data-link=\"http:\/\/afrus.ru\/irkoutsk\/2aade28b6ba0e377743e32d522ab7dfe-2\/\" class=\"wp-image-592\" srcset=\"https:\/\/afrus.ru\/irkoutsk\/wp-content\/uploads\/sites\/32\/2020\/03\/2aade28b6ba0e377743e32d522ab7dfe.jpg 515w, https:\/\/afrus.ru\/irkoutsk\/wp-content\/uploads\/sites\/32\/2020\/03\/2aade28b6ba0e377743e32d522ab7dfe-300x210.jpg 300w\" sizes=\"(max-width: 515px) 100vw, 515px\" \/><\/figure><\/li><li class=\"blocks-gallery-item\"><figure><img loading=\"lazy\" decoding=\"async\" width=\"768\" height=\"1024\" src=\"http:\/\/afrus.ru\/irkoutsk\/wp-content\/uploads\/sites\/32\/2020\/06\/IMG-20200212-WA0011-768x1024.jpg\" alt=\"\" data-id=\"4377\" data-full-url=\"http:\/\/afrus.ru\/irkoutsk\/wp-content\/uploads\/sites\/32\/2020\/06\/IMG-20200212-WA0011.jpg\" data-link=\"http:\/\/afrus.ru\/irkoutsk\/%d1%84%d0%b5%d0%b2%d1%80%d0%b0%d0%bb%d1%8c-fevrier-2020\/attachment\/img-20200212-wa0011\/\" class=\"wp-image-4377\" srcset=\"https:\/\/afrus.ru\/irkoutsk\/wp-content\/uploads\/sites\/32\/2020\/06\/IMG-20200212-WA0011-768x1024.jpg 768w, https:\/\/afrus.ru\/irkoutsk\/wp-content\/uploads\/sites\/32\/2020\/06\/IMG-20200212-WA0011-225x300.jpg 225w, https:\/\/afrus.ru\/irkoutsk\/wp-content\/uploads\/sites\/32\/2020\/06\/IMG-20200212-WA0011.jpg 960w\" sizes=\"(max-width: 768px) 100vw, 768px\" \/><\/figure><\/li><li class=\"blocks-gallery-item\"><figure><img loading=\"lazy\" decoding=\"async\" width=\"1024\" height=\"768\" src=\"http:\/\/afrus.ru\/irkoutsk\/wp-content\/uploads\/sites\/32\/2020\/06\/IMG-20200220-WA0010-1024x768.jpg\" alt=\"\" data-id=\"4405\" data-full-url=\"http:\/\/afrus.ru\/irkoutsk\/wp-content\/uploads\/sites\/32\/2020\/06\/IMG-20200220-WA0010.jpg\" data-link=\"http:\/\/afrus.ru\/irkoutsk\/%d1%84%d0%b5%d0%b2%d1%80%d0%b0%d0%bb%d1%8c-fevrier-2020\/attachment\/img-20200220-wa0010\/\" class=\"wp-image-4405\" srcset=\"https:\/\/afrus.ru\/irkoutsk\/wp-content\/uploads\/sites\/32\/2020\/06\/IMG-20200220-WA0010-1024x768.jpg 1024w, https:\/\/afrus.ru\/irkoutsk\/wp-content\/uploads\/sites\/32\/2020\/06\/IMG-20200220-WA0010-300x225.jpg 300w, https:\/\/afrus.ru\/irkoutsk\/wp-content\/uploads\/sites\/32\/2020\/06\/IMG-20200220-WA0010-768x576.jpg 768w, https:\/\/afrus.ru\/irkoutsk\/wp-content\/uploads\/sites\/32\/2020\/06\/IMG-20200220-WA0010-1536x1152.jpg 1536w, https:\/\/afrus.ru\/irkoutsk\/wp-content\/uploads\/sites\/32\/2020\/06\/IMG-20200220-WA0010.jpg 1600w\" sizes=\"(max-width: 1024px) 100vw, 1024px\" \/><\/figure><\/li><\/ul><\/figure>\n\n\n\n<div class=\"wp-block-columns is-layout-flex wp-container-core-columns-is-layout-3 wp-block-columns-is-layout-flex\">\n<div class=\"wp-block-column is-layout-flow wp-block-column-is-layout-flow\">\n<p style=\"font-size:15px\"><strong>VISITE DU&nbsp;TH\u00c9\u00c2TRE&nbsp;<\/strong><\/p>\n\n\n\n<p class=\"has-normal-font-size\">Decouvrez les pi\u00e8ce de th\u00e9\u00e2tre d&#8217;Alexandre Vampilov ou sur la base des l\u00e9gendes de la Bouriatie<\/p>\n<\/div>\n\n\n\n<div class=\"wp-block-column is-layout-flow wp-block-column-is-layout-flow\">\n<p style=\"font-size:15px\"><strong>ATELIER CULINAIRE &#8212; 1h30<\/strong><\/p>\n\n\n\n<p class=\"has-normal-font-size\">Vivez une exp\u00e9rience culinaire unique et pr\u00e9parez des grands classiques de&nbsp;la cuisine russe&nbsp;<\/p>\n<\/div>\n\n\n\n<div class=\"wp-block-column is-layout-flow wp-block-column-is-layout-flow\">\n<p style=\"font-size:15px\"><strong>VISITE D&#8217;OULAN-OUDE<\/strong>  <strong>&#8212; 2 jours<\/strong><\/p>\n\n\n\n<p class=\"has-normal-font-size\">Visitez la capitale de la republique Bouriatie<\/p>\n<\/div>\n<\/div>\n","protected":false},"excerpt":{"rendered":"<p>Vivez une exp\u00e9rience linguistique et culturelle \u00e0 l\u2019Alliance fran\u00e7aise d&#8217;Irkoutsk&nbsp;! Venez profiter du s\u00e9jour linguistique et culturel \u00e0 l\u2019Alliance fran\u00e7aise d&#8217;Irkoutsk pour&nbsp;d\u00e9couvrir les tr\u00e9sors de notre r\u00e9gion. Nous vous proposons des activit\u00e9s incontournables et insolites pour rendre votre exp\u00e9rience encore plus inoubliable. Nous pourrons vous aider \u00e0 faire un voyage int\u00e9ressant \u00e0 Irkoutsk, \u00e0 prendre [&hellip;]<\/p>\n","protected":false},"author":5,"featured_media":5490,"parent":0,"menu_order":0,"comment_status":"closed","ping_status":"closed","template":"","meta":{"inline_featured_image":false,"footnotes":""},"class_list":["post-5489","page","type-page","status-publish","has-post-thumbnail","hentry"],"_links":{"self":[{"href":"https:\/\/afrus.ru\/irkoutsk\/wp-json\/wp\/v2\/pages\/5489"}],"collection":[{"href":"https:\/\/afrus.ru\/irkoutsk\/wp-json\/wp\/v2\/pages"}],"about":[{"href":"https:\/\/afrus.ru\/irkoutsk\/wp-json\/wp\/v2\/types\/page"}],"author":[{"embeddable":true,"href":"https:\/\/afrus.ru\/irkoutsk\/wp-json\/wp\/v2\/users\/5"}],"replies":[{"embeddable":true,"href":"https:\/\/afrus.ru\/irkoutsk\/wp-json\/wp\/v2\/comments?post=5489"}],"version-history":[{"count":60,"href":"https:\/\/afrus.ru\/irkoutsk\/wp-json\/wp\/v2\/pages\/5489\/revisions"}],"predecessor-version":[{"id":10683,"href":"https:\/\/afrus.ru\/irkoutsk\/wp-json\/wp\/v2\/pages\/5489\/revisions\/10683"}],"wp:featuredmedia":[{"embeddable":true,"href":"https:\/\/afrus.ru\/irkoutsk\/wp-json\/wp\/v2\/media\/5490"}],"wp:attachment":[{"href":"https:\/\/afrus.ru\/irkoutsk\/wp-json\/wp\/v2\/media?parent=5489"}],"curies":[{"name":"wp","href":"https:\/\/api.w.org\/{rel}","templated":true}]}}