{"id":6018,"date":"2020-07-24T06:59:59","date_gmt":"2020-07-24T03:59:59","guid":{"rendered":"http:\/\/afrus.ru\/irkoutsk\/?page_id=6018"},"modified":"2025-09-04T12:55:05","modified_gmt":"2025-09-04T09:55:05","slug":"une-question-a-propos-des-visas-des-modalites-de-paiement-de-lhebergement-du-climat-des-moustiques-consultez-notre-faq","status":"publish","type":"page","link":"https:\/\/afrus.ru\/irkoutsk\/fr\/une-question-a-propos-des-visas-des-modalites-de-paiement-de-lhebergement-du-climat-des-moustiques-consultez-notre-faq\/","title":{"rendered":"Consultez notre FAQ"},"content":{"rendered":"\n<p class=\"has-text-align-left\"><\/p>\n\n\n\n<p><\/p>\n\n\n\n<p class=\"has-text-align-left\"><strong>1\/ Une fois inscrit, quel vol r\u00e9server\u00a0? Quelle est la dur\u00e9e du voyage\u00a0? <\/strong><\/p>\n\n\n\n<p class=\"has-text-align-left\">Pour les vols, libre \u00e0 vous de r\u00e9server celui qui vous convient. Ne tardez pas, car en g\u00e9n\u00e9ral les prix augmentent si vous achetez les billets la veille du s\u00e9jour. Pour arriver le 20 f\u00e9vrier, date du d\u00e9but du stage, il vous faudra partir de Paris dans la matin\u00e9e du 19 f\u00e9vrier, il faut compter en effet 12 heures de voyage en g\u00e9n\u00e9ral (incluant une escale \u00e0 Moscou) et +7 heures de d\u00e9calage horaire, votre avion arrivera selon toute vraisemblance entre 5h00 du matin et 12h00 heure locale, le 20 f\u00e9vrier.<\/p>\n\n\n\n<p><\/p>\n\n\n\n<p class=\"has-text-align-left\"><strong>2\/ Serais-je accueilli par quelqu\u2019un \u00e0 l\u2019a\u00e9roport\u00a0? Une fois le s\u00e9jour termin\u00e9, assurez-vous bien le transfert jusqu&#8217;\u00e0 l\u2019a\u00e9roport ? <\/strong><\/p>\n\n\n\n<p class=\"has-text-align-left\">Bien entendu&nbsp;! Quelle que soit votre heure d\u2019arriv\u00e9e, nous viendrons vous chercher \u00e0 l\u2019a\u00e9roport ou \u00e0 la gare. Votre accompagnateur sera identifiable gr\u00e2ce au panneau \u00abAlliance fran\u00e7aise d\u2019Irkoutsk\u00bb sur lequel sera imprim\u00e9 \u00e9galement le logo de l\u2019Alliance fran\u00e7aise. Pour le retour, un taxi vous conduira jusqu\u2019\u00e0 l&#8217;a\u00e9roport ou la gare, le jour et \u00e0 l&#8217;heure de votre d\u00e9part. <\/p>\n\n\n\n<p class=\"has-text-align-left\">Merci donc de nous communiquer votre plan de vol d\u00e8s qu&#8217;il est connu.<\/p>\n\n\n\n<p><\/p>\n\n\n\n<p class=\"has-text-align-left\"><strong>3\/ Comment le s\u00e9jour va t-il se d\u00e9rouler pr\u00e9cis\u00e9ment\u00a0? Quel est le programme\u00a0? Quel type de logement proposez-vous\u00a0?<\/strong><\/p>\n\n\n\n<p class=\"has-text-align-left\">Les deux premiers jours se passent \u00e0 Irkoutsk, les stagiaires sont log\u00e9s \u00e0 l\u2019h\u00f4tel par chambre de deux ou dans une chambre simple selon la demande (moyennant un suppl\u00e9ment). <\/p>\n\n\n\n<p class=\"has-text-align-left\">Vous recevrez un programme d\u00e9taill\u00e9 par email, environ un mois avant votre arriv\u00e9e.<\/p>\n\n\n\n<p class=\"has-text-align-left\"><strong>4\/ Le logement est assur\u00e9 en chambre double, il est \u00e9galement possible d\u2019\u00eatre en chambre simple. Nous sommes une famille de 3 personnes et voudrions \u00eatre log\u00e9s ensemble, est-ce envisageable ?<\/strong><\/p>\n\n\n\n<p class=\"has-text-align-left\">Oui, mais pas plus&nbsp;! L\u2019h\u00e9bergement dans des chambres de trois lits peut en effet vous \u00eatre propos\u00e9 (sans suppl\u00e9ments \u00e9videmment, ce sont des chambres pr\u00e9vues \u00e0 cet effet, elles sont donc plus grandes que les chambres doubles). <\/p>\n\n\n\n<p><\/p>\n\n\n\n<p class=\"has-text-align-left\"><strong>5\/ Pourriez-vous nous donner des pr\u00e9cisions quant au logement au Baikal? <\/strong><\/p>\n\n\n\n<p class=\"has-text-align-left\">Au Baikal, nous sommes log\u00e9s dans un lieu charmant, un complexe de maisons en bois qui accueille des groupes\u00a0; il y a toutes les commodit\u00e9s et les douches. <\/p>\n\n\n\n<p><\/p>\n\n\n\n<p class=\"has-text-align-left\"><strong>6\/ Toutes les excursions sont-elles comprises?<\/strong><\/p>\n\n\n\n<p class=\"has-text-align-left\">L\u00e0 encore, certaines demi-journ\u00e9es sont laiss\u00e9es libres pour vous permettre de d\u00e9couvrir, de pratiquer et de voler de vos propres ailes de russophone. Pendant ces temps, vous pourrez vous inscrire \u00e0 d&#8217;autres excursions ou choisir des activit\u00e9s sportives par exemple, qui seront gratuites pour certaines ou \u00e0 votre charge (le co\u00fbt est tr\u00e8s mod\u00e9r\u00e9, pour une exp\u00e9dition en 4&#215;4 ou un tour en motoneige, soit le plus cher, il faut compter 20 euros environ), mais vous pourrez tout aussi bien profiter gratuitement du site exceptionnel sur lequel vous serez log\u00e9s, partir en balade&#8230; D\u2019autres services payants et optionnels (toujours pour un co\u00fbt tr\u00e8s mod\u00e9r\u00e9) vous seront propos\u00e9s sur place&nbsp;: promenades en traineau, bania russe\u2026 <\/p>\n\n\n\n<p class=\"has-text-align-left\">Certaines excursions, sans \u00eatre r\u00e9serv\u00e9es aux sportifs, demandent une bonne condition physique (ballades en 4&#215;4, marches \u00e0 pied).<\/p>\n\n\n\n<p><\/p>\n\n\n\n<p class=\"has-text-align-left\"><strong>7\/ Quand les ateliers ont-ils lieu? Qui sont les enseignants?<\/strong><\/p>\n\n\n\n<p class=\"has-text-align-left\">Les cours de russe ont lieu le matin\u00a0; parfois, lorsque l\u2019excursion pr\u00e9vue dure toute la journ\u00e9e, ils ont lieu sur le site visit\u00e9 ou prennent la forme d\u2019activit\u00e9s ludiques (production orale, exercices cr\u00e9atifs, etc.) Un test de niveau vous sera propos\u00e9 au d\u00e9but du stage, le programme des cours s\u2019adaptera aux niveaux des stagiaires.<\/p>\n\n\n\n<p class=\"has-text-align-left\">Les enseignants sont tous des p\u00e9dagogues confirm\u00e9s, russes et francophones. <\/p>\n\n\n\n<p><\/p>\n\n\n\n<p class=\"has-text-align-left\"><strong>8\/ Y a-t-il sur l\u2019\u00eele des activit\u00e9s propos\u00e9es le soir\u00a0? Des lieux de sortie\u00a0?<\/strong><\/p>\n\n\n\n<p class=\"has-text-align-left\">Le soir en hiver, il n\u2019y pas beaucoup de lieux de sortie sur l\u2019\u00eele. Mais nous trouverons bien de l&#8217;occupation pour les soir\u00e9es, n&#8217;ayez crainte. On peut aller au bania russe. Les 2 premiers jours au Baikal, nous pr\u00e9voyons des soir\u00e9es o\u00f9 les participants pr\u00e9sentent leurs villes\/r\u00e9gions. Vous pouvez pr\u00e9parer des photos, apporter des brochures ou des sp\u00e9cialit\u00e9s \u00e0 go\u00fbter. <\/p>\n\n\n\n<p><\/p>\n\n\n\n<p class=\"has-text-align-left\"><strong>9\/ Quels types d\u2019activit\u00e9s sportives seront propos\u00e9es ?<\/strong><\/p>\n\n\n\n<p class=\"has-text-align-left\">Gratuitement&nbsp;: marche, tennis de table, p\u00e9tanque et molkky en \u00e9t\u00e9.<\/p>\n\n\n\n<p class=\"has-text-align-left\">Payant&nbsp;: cheval, traineau, deltaplane, quad, etc. Bref, pour tous les go\u00fbts&nbsp;!<\/p>\n\n\n\n<p><\/p>\n\n\n\n<p class=\"has-text-align-left\"><strong>10\/ Disposerons-nous d\u2019une connexion Internet sur l\u2019\u00eele ?<\/strong><\/p>\n\n\n\n<p class=\"has-text-align-left\">Oui, vous aurez acc\u00e8s \u00e0 un caf\u00e9 depuis lequel vous pourrez connecter vos appareils en wi-fi. <\/p>\n\n\n\n<p><\/p>\n\n\n\n<p class=\"has-text-align-left\"><strong>11\/\u00a0Je suis v\u00e9g\u00e9tarienne. Comment les repas se passent-ils? S&#8217;agit-il d&#8217;un buffet ou de plateaux uniques?<\/strong><\/p>\n\n\n\n<p class=\"has-text-align-left\">Il s&#8217;agit d\u2019un buffet. Mais parfois pour des questions d\u2019organisation, nous commandons les m\u00eames plats pour tout le groupe. Merci de nous pr\u00e9venir \u00e0 l\u2019avance, nous arrangerons au mieux les choses en cuisine, afin que vous ayez quand m\u00eame quelque chose \u00e0 vous mettre sous la dent!<\/p>\n\n\n\n<p><\/p>\n\n\n\n<p class=\"has-text-align-left\"><strong>12\/ Quel genre de mat\u00e9riel devons-nous emmener avec nous (pour les cours et pour les excursions) ?\u00a0 Est-ce que le linge de lit et serviettes sont fournis ? Est-il possible de laver du linge sur place?<\/strong><\/p>\n\n\n\n<p class=\"has-text-align-left\">Des crampons pour marcher sur la glace. (Nous en avons quelques-uns \u00e0 l\u2019Alliance).<\/p>\n\n\n\n<p class=\"has-text-align-left\">Pour les cours: un stylo et de quoi \u00e9crire.<\/p>\n\n\n\n<p class=\"has-text-align-left\">Une lampe de poche (c\u2019est n\u00e9cessaire sur l\u2019\u00eele le soir). <\/p>\n\n\n\n<p class=\"has-text-align-left\">Pour le reste: des v\u00eatements chauds, dans lesquels vous \u00eates \u00e0 l&#8217;aise, aucun code vestimentaire impos\u00e9.<\/p>\n\n\n\n<p class=\"has-text-align-left\">Pour ceux qui veulent allez au bania en groupe: un maillot de bain.<\/p>\n\n\n\n<p class=\"has-text-align-left\">Des chaussures dans lesquelles vous \u00eates \u00e0 l&#8217;aise (des chaussures de randonn\u00e9e, par exemple).<\/p>\n\n\n\n<p class=\"has-text-align-left\">Le linge de lit et les serviettes sont fournis.<\/p>\n\n\n\n<p class=\"has-text-align-left\">Possibilit\u00e9 de laver du linge sur place pour un co\u00fbt tr\u00e8s mod\u00e9r\u00e9, une machine \u00e0 laver sera \u00e0 votre disposition (5 euros les 10 kgs de linge, vous aurez tout int\u00e9r\u00eat \u00e0 entrer en discussion avec les stagiaires qui portent les m\u00eames couleurs que vous). <\/p>\n\n\n\n<p class=\"has-text-align-left\">Conseil: voyagez l\u00e9ger!<\/p>\n\n\n\n<p><\/p>\n\n\n\n<p class=\"has-text-align-left\"><strong>13\/ Combien d&#8217;argent devons-nous emmener avec nous pour les d\u00e9penses courantes (environ)\u00a0? Est-ce qu&#8217;on peut changer des euros au Baikal? Sinon comment faire ? <\/strong><\/p>\n\n\n\n<p class=\"has-text-align-left\">Pas de distributeur ni de change au Baikal. Donc, profitez d&#8217;Irkoutsk pour retirer de l&#8217;argent (vous pourrez le faire d\u00e8s le premier jour, nous vous accompagnerons). Une carte bleue MIR vous permettra de retirer dans n&#8217;importe quel distributeur (pas de p\u00e9nurie de ce c\u00f4t\u00e9-l\u00e0), au m\u00eame taux de change, et avec une commission \u00e9gale (et m\u00eame souvent inf\u00e9rieure) \u00e0 celle pratiqu\u00e9e dans les bureaux de change.<\/p>\n\n\n\n<p class=\"has-text-align-left\">Vous devinez \u00e0 travers les r\u00e9ponses aux questions pr\u00e9c\u00e9dentes que vos d\u00e9penses seront mod\u00e9r\u00e9es. Je r\u00e9capitule:<\/p>\n\n\n\n<p class=\"has-text-align-left\">&#8212; 5 d\u00eeners libres<\/p>\n\n\n\n<p class=\"has-text-align-left\">&#8212; grignotage pour ceux qui grignotent<\/p>\n\n\n\n<p class=\"has-text-align-left\">&#8212; 2 ou 3 demi-journ\u00e9es de libre qui peuvent n&#8217;occasionner aucune d\u00e9pense, sinon quelques dizaines d&#8217;euros<\/p>\n\n\n\n<p class=\"has-text-align-left\"><a>ceux qui veulent rapporter des souvenirs (artisanat locale d&#8217;objets en bois par exemple) doivent pr\u00e9voir encore un peu d&#8217;argent (impossible \u00e0 \u00e9valuer, de 5 \u00e0 100 euros ou plus)<\/a><\/p>\n","protected":false},"excerpt":{"rendered":"<p>1\/ Une fois inscrit, quel vol r\u00e9server\u00a0? Quelle est la dur\u00e9e du voyage\u00a0? Pour les vols, libre \u00e0 vous de r\u00e9server celui qui vous convient. Ne tardez pas, car en g\u00e9n\u00e9ral les prix augmentent si vous achetez les billets la veille du s\u00e9jour. Pour arriver le 20 f\u00e9vrier, date du d\u00e9but du stage, il vous [&hellip;]<\/p>\n","protected":false},"author":5,"featured_media":4281,"parent":0,"menu_order":0,"comment_status":"closed","ping_status":"closed","template":"","meta":{"inline_featured_image":false,"footnotes":""},"class_list":["post-6018","page","type-page","status-publish","has-post-thumbnail","hentry"],"_links":{"self":[{"href":"https:\/\/afrus.ru\/irkoutsk\/wp-json\/wp\/v2\/pages\/6018"}],"collection":[{"href":"https:\/\/afrus.ru\/irkoutsk\/wp-json\/wp\/v2\/pages"}],"about":[{"href":"https:\/\/afrus.ru\/irkoutsk\/wp-json\/wp\/v2\/types\/page"}],"author":[{"embeddable":true,"href":"https:\/\/afrus.ru\/irkoutsk\/wp-json\/wp\/v2\/users\/5"}],"replies":[{"embeddable":true,"href":"https:\/\/afrus.ru\/irkoutsk\/wp-json\/wp\/v2\/comments?post=6018"}],"version-history":[{"count":35,"href":"https:\/\/afrus.ru\/irkoutsk\/wp-json\/wp\/v2\/pages\/6018\/revisions"}],"predecessor-version":[{"id":12635,"href":"https:\/\/afrus.ru\/irkoutsk\/wp-json\/wp\/v2\/pages\/6018\/revisions\/12635"}],"wp:featuredmedia":[{"embeddable":true,"href":"https:\/\/afrus.ru\/irkoutsk\/wp-json\/wp\/v2\/media\/4281"}],"wp:attachment":[{"href":"https:\/\/afrus.ru\/irkoutsk\/wp-json\/wp\/v2\/media?parent=6018"}],"curies":[{"name":"wp","href":"https:\/\/api.w.org\/{rel}","templated":true}]}}