{"id":17155,"date":"2026-04-17T10:49:59","date_gmt":"2026-04-17T07:49:59","guid":{"rendered":"https:\/\/afrus.ru\/nijni-novgorod\/retrait-des-diplomes-delf-dalf\/"},"modified":"2026-04-17T10:55:09","modified_gmt":"2026-04-17T07:55:09","slug":"retrait-des-diplomes-delf-dalf","status":"publish","type":"page","link":"https:\/\/afrus.ru\/nijni-novgorod\/fr\/retrait-des-diplomes-delf-dalf\/","title":{"rendered":"Retrait des dipl\u00f4mes DELF\/DALF"},"content":{"rendered":"\n<div style=\"height:46px\" aria-hidden=\"true\" class=\"wp-block-spacer\"><\/div>\n\n\n\n<h3 class=\"wp-block-heading has-text-align-left\">Les dipl\u00f4mes sont \u00e9tablis \u00e0 Paris et parviennent \u00e0 l\u2019Alliance Fran\u00e7aise quelques mois apr\u00e8s l\u2019examen.\r\n\r\nNous annon\u00e7ons l\u2019arriv\u00e9e des dipl\u00f4mes dans la rubrique \u00ab Actualit\u00e9s \u00bb, ainsi que sur les r\u00e9seaux sociaux de l\u2019Alliance Fran\u00e7aise de Nijni Novgorod.<\/h3>\n\n\n\n<div style=\"height:54px\" aria-hidden=\"true\" class=\"wp-block-spacer\"><\/div>\n\n\n\n<p class=\"has-text-align-left\">Vous pouvez retirer votre dipl\u00f4me \u00e0 l\u2019Alliance Fran\u00e7aise de Nijni Novgorod aux horaires d\u2019ouverture du secr\u00e9tariat :\r\n\r\n&nbsp;\r\n\r\n&nbsp;<\/p>\n\n\n\n<p class=\"has-text-align-left\">Lundi \u2013 vendredi : de 10h00 \u00e0 18h00<\/p>\n\n\n\n<p class=\"has-text-align-left\">En p\u00e9riode estivale (du 1er juillet au 14 ao\u00fbt) : lundi \u2013 jeudi, de 10h00 \u00e0 17h00<\/p>\n\n\n\n<p class=\"has-text-align-left\">Un dipl\u00f4me est retir\u00e9 en personne sur pr\u00e9sentation d\u2019une pi\u00e8ce d\u2019identit\u00e9 en cours de validit\u00e9<\/p>\n\n\n\n<div style=\"height:53px\" aria-hidden=\"true\" class=\"wp-block-spacer\"><\/div>\n\n\n\n<h2 class=\"wp-block-heading has-text-align-left\">Modalit\u00e9s d\u2019envoi du dipl\u00f4me par courrier<\/h2>\n\n\n\n<div style=\"height:38px\" aria-hidden=\"true\" class=\"wp-block-spacer\"><\/div>\n\n\n\n<p class=\"has-text-align-left\"><strong>Si vous r\u00e9sidez dans une autre ville<\/strong>, vous pouvez organiser vous-m\u00eame l\u2019envoi par coursier en faisant appel \u00e0 une soci\u00e9t\u00e9 de transport de votre choix. Les frais d\u2019envoi sont \u00e0 la charge du destinataire.<\/p>\n\n\n\n<h4 class=\"wp-block-heading has-text-align-left\">Attention :<\/h4>\n\n\n\n<p class=\"has-text-align-left\">Lors de la commande de l\u2019envoi, n\u2019oubliez pas de communiquer \u00e0 la soci\u00e9t\u00e9 de transport toutes les informations concernant le destinataire (nom, pr\u00e9nom, adresse pr\u00e9cise, num\u00e9ro de t\u00e9l\u00e9phone).\r\n\r\nLe coursier devra se pr\u00e9senter \u00e0 l\u2019Alliance Fran\u00e7aise aux horaires d\u2019ouverture du secr\u00e9tariat, muni d\u2019un bordereau d\u2019exp\u00e9dition d\u00fbment rempli.<\/p>\n\n\n\n<p class=\"has-text-align-left\">Merci de nous pr\u00e9venir imp\u00e9rativement de l&#8217;enl\u00e8vement de votre dipl\u00f4me par coursier (par t\u00e9l\u00e9phone ou \u00e0 l\u2019adresse e-mail <strong>nijni.novgorod@afrus.ru<\/strong>). Veuillez nous reconfirmer les coordonn\u00e9es du destinataire : nom, pr\u00e9nom, adresse pr\u00e9cise et t\u00e9l\u00e9phone. Si le dipl\u00f4me est destin\u00e9 \u00e0 une autre personne que son titulaire, pr\u00e9cisez-le obligatoirement ! Merci de votre compr\u00e9hension.<\/p>\n\n\n\n<p class=\"has-white-color has-vivid-red-background-color has-text-color has-background has-link-color wp-elements-2cdb9d7bb6b06ee1b5b2c5bdb30a13c6\">Notre adresse (adresse de l\u2019exp\u00e9diteur) : 18\/1 rue Ocharska\u00efa, bureau 35, 603006 Nijni Novgorod<\/p>\n\n\n\n<div style=\"height:52px\" aria-hidden=\"true\" class=\"wp-block-spacer\"><\/div>\n\n\n\n<h2 class=\"wp-block-heading has-text-align-left\"><strong>Retrait du dipl\u00f4me par un tiers <\/strong><\/h2>\n\n\n\n<div style=\"height:40px\" aria-hidden=\"true\" class=\"wp-block-spacer\"><\/div>\n\n\n\n<p class=\"has-text-align-left\">Si vous souhaitez qu&#8217;une tierce personne r\u00e9cup\u00e8re le dipl\u00f4me \u00e0 votre place, vous devez lui fournir une procuration (r\u00e9dig\u00e9e sur papier libre, indiquant les coordonn\u00e9es de la carte d\u2019identit\u00e9 du titulaire du dipl\u00f4me et du mandataire).<\/p>\n\n\n\n<div style=\"height:66px\" aria-hidden=\"true\" class=\"wp-block-spacer\"><\/div>\n\n\n\n<h2 class=\"wp-block-heading has-text-align-left\"><strong>Puis-je obtenir un justificatif de r\u00e9ussite en attendant mon dipl\u00f4me ?<\/strong><\/h2>\n\n\n\n<div style=\"height:33px\" aria-hidden=\"true\" class=\"wp-block-spacer\"><\/div>\n\n\n\n<p class=\"has-text-align-left\">En cas de r\u00e9ussite \u00e0 l\u2019examen, vous pouvez obtenir une Attestation de r\u00e9ussite. Pour la commander, veuillez envoyer votre demande \u00e0 l\u2019adresse e-mail\u00a0 <strong>nijni.novgorod@afrus.ru<\/strong> avec l\u2019objet <strong>\u00ab Attestation de r\u00e9ussite DELF\/DALF \u00bb<\/strong>. L\u2019attestation vous sera adress\u00e9e par voie \u00e9lectronique.<\/p>\n\n\n\n<p class=\"has-text-align-left\">Pour plus d&#8217;informations, contactez-nous par t\u00e9l <strong>+7 831 437 81 35<\/strong> ou\u00a0 <strong>+7 (987) 540-41-26<\/strong>.<\/p>\n","protected":false},"excerpt":{"rendered":"<p>Les dipl\u00f4mes sont \u00e9tablis \u00e0 Paris et parviennent \u00e0 l\u2019Alliance Fran\u00e7aise quelques mois apr\u00e8s l\u2019examen. Nous annon\u00e7ons l\u2019arriv\u00e9e des dipl\u00f4mes dans la rubrique \u00ab Actualit\u00e9s \u00bb, ainsi que sur les r\u00e9seaux sociaux de l\u2019Alliance Fran\u00e7aise de Nijni Novgorod. Vous pouvez retirer votre dipl\u00f4me \u00e0 l\u2019Alliance Fran\u00e7aise de Nijni Novgorod aux horaires d\u2019ouverture du secr\u00e9tariat : [&hellip;]<\/p>\n","protected":false},"author":13,"featured_media":11664,"parent":0,"menu_order":0,"comment_status":"closed","ping_status":"closed","template":"","meta":{"inline_featured_image":false,"footnotes":""},"class_list":["post-17155","page","type-page","status-publish","has-post-thumbnail","hentry"],"_links":{"self":[{"href":"https:\/\/afrus.ru\/nijni-novgorod\/wp-json\/wp\/v2\/pages\/17155"}],"collection":[{"href":"https:\/\/afrus.ru\/nijni-novgorod\/wp-json\/wp\/v2\/pages"}],"about":[{"href":"https:\/\/afrus.ru\/nijni-novgorod\/wp-json\/wp\/v2\/types\/page"}],"author":[{"embeddable":true,"href":"https:\/\/afrus.ru\/nijni-novgorod\/wp-json\/wp\/v2\/users\/13"}],"replies":[{"embeddable":true,"href":"https:\/\/afrus.ru\/nijni-novgorod\/wp-json\/wp\/v2\/comments?post=17155"}],"version-history":[{"count":2,"href":"https:\/\/afrus.ru\/nijni-novgorod\/wp-json\/wp\/v2\/pages\/17155\/revisions"}],"predecessor-version":[{"id":17158,"href":"https:\/\/afrus.ru\/nijni-novgorod\/wp-json\/wp\/v2\/pages\/17155\/revisions\/17158"}],"wp:featuredmedia":[{"embeddable":true,"href":"https:\/\/afrus.ru\/nijni-novgorod\/wp-json\/wp\/v2\/media\/11664"}],"wp:attachment":[{"href":"https:\/\/afrus.ru\/nijni-novgorod\/wp-json\/wp\/v2\/media?parent=17155"}],"curies":[{"name":"wp","href":"https:\/\/api.w.org\/{rel}","templated":true}]}}