{"id":17159,"date":"2026-04-17T11:14:02","date_gmt":"2026-04-17T08:14:02","guid":{"rendered":"https:\/\/afrus.ru\/nijni-novgorod\/tcf-test-de-connaissance-du-francais\/"},"modified":"2026-04-17T12:04:11","modified_gmt":"2026-04-17T09:04:11","slug":"tcf-test-de-connaissance-du-francais","status":"publish","type":"page","link":"https:\/\/afrus.ru\/nijni-novgorod\/fr\/tcf-test-de-connaissance-du-francais\/","title":{"rendered":"TCF &#8212; Test de connaissance du fran\u00e7ais"},"content":{"rendered":"\n<p><\/p>\n\n\n\n<h3 class=\"wp-block-heading\">\u00abAlliance Fran\u00e7aise-Nijni Novgorod\u00bb vous propose de passer le TCF!<\/h3>\n\n\n\n<p><\/p>\n\n\n\n<h3 class=\"wp-block-heading\">Prochains examens:<\/h3>\n\n\n\n<p><\/p>\n\n\n\n<p class=\"has-very-light-gray-color has-vivid-cyan-blue-background-color has-text-color has-background\">L\u2019inscription et le r\u00e8glement doivent \u00eatre effectu\u00e9s au plus tard deux semaines avant la date choisie.<\/p>\n\n\n\n<p class=\"has-text-align-center has-very-light-gray-color has-vivid-cyan-blue-background-color has-text-color has-background\">Pour toute information : t\u00e9l. +7 831 437 81 35, +7 (987) 54 04 126.<\/p>\n\n\n\n<div style=\"height:41px\" aria-hidden=\"true\" class=\"wp-block-spacer\"><\/div>\n\n\n<div class=\"wp-block-image\">\n<figure class=\"aligncenter size-full is-resized\"><img loading=\"lazy\" decoding=\"async\" width=\"724\" height=\"219\" src=\"http:\/\/afrus.ru\/nijni-novgorod\/wp-content\/uploads\/sites\/40\/2025\/01\/IMG_7081.jpg\" alt=\"\" class=\"wp-image-15724\" style=\"width:400px\" srcset=\"https:\/\/afrus.ru\/nijni-novgorod\/wp-content\/uploads\/sites\/40\/2025\/01\/IMG_7081.jpg 724w, https:\/\/afrus.ru\/nijni-novgorod\/wp-content\/uploads\/sites\/40\/2025\/01\/IMG_7081-300x91.jpg 300w\" sizes=\"(max-width: 724px) 100vw, 724px\" \/><\/figure><\/div>\n\n\n<div style=\"height:37px\" aria-hidden=\"true\" class=\"wp-block-spacer\"><\/div>\n\n\n\n<p>Le TCF est un test g\u00e9n\u00e9ral de niveau linguistique cr\u00e9\u00e9 par <a href=\"https:\/\/www.france-education-international.fr\/hub\/diplomes-tests\" target=\"_blank\" rel=\"noreferrer noopener\">France Education Internationale (FEI)<\/a>.<\/p>\n\n\n\n<p class=\"has-pale-pink-background-color has-background\">Le test s\u2019adresse \u00e0 toute personne <strong>de 16 ans<\/strong> ou plus avec n&#8217;importe quel niveau de langue.<\/p>\n\n\n\n<p><strong>L\u2019attestation reste valable pendant deux ans.<\/strong><\/p>\n\n\n\n<div style=\"height:31px\" aria-hidden=\"true\" class=\"wp-block-spacer\"><\/div>\n\n\n\n<p><strong>Comment s&#8217;inscrire?<\/strong> T\u00e9l\u00e9chargez et remplissez le <a href=\"https:\/\/afrus.ru\/nijni-novgorod\/wp-content\/uploads\/sites\/40\/2022\/09\/Fiche-dinscription-TCF-AFNN.pdf\" target=\"_blank\" rel=\"noreferrer noopener\">formulaire d\u2019inscription au TCF<\/a><\/p>\n\n\n\n<div class=\"wp-block-file\"><a href=\"https:\/\/afrus.ru\/nijni-novgorod\/wp-content\/uploads\/sites\/40\/2022\/09\/Fiche-dinscription-TCF-AFNN.pdf\">Fiche-d&#8217;inscription-TCF-AFNN<\/a><a href=\"https:\/\/afrus.ru\/nijni-novgorod\/wp-content\/uploads\/sites\/40\/2022\/09\/Fiche-dinscription-TCF-AFNN.pdf\" class=\"wp-block-file__button wp-element-button\" download>\u0421\u043a\u0430\u0447\u0430\u0442\u044c<\/a><\/div>\n\n\n\n<p>Le formulaire d\u00fbment compl\u00e9t\u00e9 doit \u00eatre envoy\u00e9 \u00e0 l\u2019adresse e-mail suivante : <strong>cours.nijni-novgorod@afrus.ru<\/strong> avec l\u2019objet <strong>\u00ab TCF, inscription \u00bb<\/strong>.<\/p>\n\n\n\n<p>Le d\u00e9lai de traitement de la demande est <strong>de 3 jours ouvr\u00e9s<\/strong>.<\/p>\n\n\n\n<p><\/p>\n\n\n\n<p><em><strong>Renseignements par t\u00e9l\u00e9phone : 437 81 35, +7 (987) 54 04 126.<\/strong><\/em><\/p>\n\n\n\n<div style=\"height:46px\" aria-hidden=\"true\" class=\"wp-block-spacer\"><\/div>\n\n\n\n<h2 class=\"wp-block-heading\">Tarifs 2025-2026<\/h2>\n\n\n\n<figure class=\"wp-block-image size-large\"><img loading=\"lazy\" decoding=\"async\" width=\"1024\" height=\"938\" src=\"https:\/\/afrus.ru\/nijni-novgorod\/wp-content\/uploads\/sites\/40\/2026\/04\/tarifs-tcf_page-0001-1024x938.jpg\" alt=\"\" class=\"wp-image-17167\" srcset=\"https:\/\/afrus.ru\/nijni-novgorod\/wp-content\/uploads\/sites\/40\/2026\/04\/tarifs-tcf_page-0001-1024x938.jpg 1024w, https:\/\/afrus.ru\/nijni-novgorod\/wp-content\/uploads\/sites\/40\/2026\/04\/tarifs-tcf_page-0001-300x275.jpg 300w, https:\/\/afrus.ru\/nijni-novgorod\/wp-content\/uploads\/sites\/40\/2026\/04\/tarifs-tcf_page-0001-768x703.jpg 768w, https:\/\/afrus.ru\/nijni-novgorod\/wp-content\/uploads\/sites\/40\/2026\/04\/tarifs-tcf_page-0001.jpg 1318w\" sizes=\"(max-width: 1024px) 100vw, 1024px\" \/><\/figure>\n\n\n\n<div style=\"height:45px\" aria-hidden=\"true\" class=\"wp-block-spacer\"><\/div>\n\n\n\n<h3 class=\"wp-block-heading has-text-align-left\">Foire aux questions (FAQ) :<\/h3>\n\n\n\n<div style=\"height:34px\" aria-hidden=\"true\" class=\"wp-block-spacer\"><\/div>\n\n\n\n<p class=\"has-text-align-left\"><\/p>\n\n\n\n<div style=\"height:30px\" aria-hidden=\"true\" class=\"wp-block-spacer\"><\/div>\n\n\n\n<p class=\"has-text-align-left\"><strong>Que se passe-t-il si je suis le seul inscrit ?<\/strong>\r\nLe test a lieu quel que soit le nombre de candidats.<\/p>\n\n\n\n<p class=\"has-text-align-left\"><strong>Comment se d\u00e9roule le test ?<\/strong><\/p>\n\n\n\n<p class=\"has-text-align-left\">Consultez <a href=\"https:\/\/www.france-education-international.fr\/test\/tcf-tout-public\">la structure du TCF<\/a>. Toutes les \u00e9preuves du test se d\u00e9roulent sur ordinateur. L\u2019\u00e9preuve d\u2019expression orale est enregistr\u00e9e sur dictaphone et envoy\u00e9e pour correction \u00e0 FEI.<\/p>\n\n\n\n<p class=\"has-text-align-left\"><strong>Attention !<\/strong> Vous devez ma\u00eetriser la saisie de texte en fran\u00e7ais sur un clavier d&#8217;ordinateur.<\/p>\n\n\n\n<p class=\"has-text-align-left\"><strong>Quand puis-je conna\u00eetre mes r\u00e9sultats ?<\/strong>\r\n\r\nLes r\u00e9sultats des \u00e9preuves (sauf l\u2019expression \u00e9crite et l\u2019expression orale) seront disponibles imm\u00e9diatement apr\u00e8s le test. Les r\u00e9sultats de l\u2019expression \u00e9crite et l\u2019expression orale&nbsp; seront communiqu\u00e9s dans un d\u00e9lai de deux semaines apr\u00e8s les \u00e9preuves.<strong>\r\n<\/strong><\/p>\n\n\n\n<p class=\"has-text-align-left\"><strong>Quand puis-je obtenir mon attestation?<\/strong>\r\n\r\nSous 2 \u00e0 3 semaines.<\/p>\n\n\n\n<p class=\"has-text-align-left\"><strong>Quand puis-je repasser le test ?<\/strong>\r\n\r\nApr\u00e8s un d\u00e9lai de 30 jours.<\/p>\n\n\n\n<p class=\"has-text-align-left\"><strong>Par qui le test est-il \u00e9valu\u00e9 ?<\/strong>\r\n\r\nLes \u00e9preuves sont corrig\u00e9es par France \u00c9ducation internationale (FEI), en France.<\/p>\n","protected":false},"excerpt":{"rendered":"<p>\u00abAlliance Fran\u00e7aise-Nijni Novgorod\u00bb vous propose de passer le TCF! Prochains examens: L\u2019inscription et le r\u00e8glement doivent \u00eatre effectu\u00e9s au plus tard deux semaines avant la date choisie. Pour toute information : t\u00e9l. +7 831 437 81 35, +7 (987) 54 04 126. Le TCF est un test g\u00e9n\u00e9ral de niveau linguistique cr\u00e9\u00e9 par France Education [&hellip;]<\/p>\n","protected":false},"author":13,"featured_media":9958,"parent":0,"menu_order":0,"comment_status":"closed","ping_status":"closed","template":"","meta":{"inline_featured_image":false,"footnotes":""},"class_list":["post-17159","page","type-page","status-publish","has-post-thumbnail","hentry"],"_links":{"self":[{"href":"https:\/\/afrus.ru\/nijni-novgorod\/wp-json\/wp\/v2\/pages\/17159"}],"collection":[{"href":"https:\/\/afrus.ru\/nijni-novgorod\/wp-json\/wp\/v2\/pages"}],"about":[{"href":"https:\/\/afrus.ru\/nijni-novgorod\/wp-json\/wp\/v2\/types\/page"}],"author":[{"embeddable":true,"href":"https:\/\/afrus.ru\/nijni-novgorod\/wp-json\/wp\/v2\/users\/13"}],"replies":[{"embeddable":true,"href":"https:\/\/afrus.ru\/nijni-novgorod\/wp-json\/wp\/v2\/comments?post=17159"}],"version-history":[{"count":5,"href":"https:\/\/afrus.ru\/nijni-novgorod\/wp-json\/wp\/v2\/pages\/17159\/revisions"}],"predecessor-version":[{"id":17169,"href":"https:\/\/afrus.ru\/nijni-novgorod\/wp-json\/wp\/v2\/pages\/17159\/revisions\/17169"}],"wp:featuredmedia":[{"embeddable":true,"href":"https:\/\/afrus.ru\/nijni-novgorod\/wp-json\/wp\/v2\/media\/9958"}],"wp:attachment":[{"href":"https:\/\/afrus.ru\/nijni-novgorod\/wp-json\/wp\/v2\/media?parent=17159"}],"curies":[{"name":"wp","href":"https:\/\/api.w.org\/{rel}","templated":true}]}}