{"id":2296,"date":"2009-10-01T00:00:00","date_gmt":"2009-09-30T21:00:00","guid":{"rendered":"http:\/\/afrus.ru\/nijni-novgorod\/langue-francaiseinterm-diaire-niveau-b2-avanc-404\/"},"modified":"2021-02-16T12:52:30","modified_gmt":"2021-02-16T09:52:30","slug":"langue-francaiseinterm-diaire-niveau-b2-avanc-404","status":"publish","type":"page","link":"https:\/\/afrus.ru\/nijni-novgorod\/fr\/langue-francaiseinterm-diaire-niveau-b2-avanc-404\/","title":{"rendered":"L&#8217;Alliance Fran\u00e7aise de Nijni-Novgorod"},"content":{"rendered":"<h2 style=\"text-align: left\"><strong>Qu&#8217;est-ce que l&#8217;Alliance Fran\u00e7aise de Nijni Novgorod? <\/strong><\/h2>\n<p style=\"text-align: left\">Association culturelle et \u00e9ducative \u00e0 but non lucratif et d\u2019utilit\u00e9 publique,\u00a0 administr\u00e9e par un Conseil d\u2019Administration repr\u00e9sentatif de la soci\u00e9t\u00e9 civile et \u00e9lu localement.<\/p>\n<p style=\"text-align: left\"><strong>L\u2019Alliance fran\u00e7aise de Nijni Novgorod<\/strong> est n\u00e9e juridiquement le 27 d\u00e9cembre 2001.<\/p>\n<p style=\"text-align: left\"><strong>L\u2019Alliance fran\u00e7aise de Nijni Novgorod<\/strong> appartient au R\u00e9seau des Alliances Fran\u00e7aises coordonn\u00e9 par la <a href=\"https:\/\/www.fondation-alliancefr.org\/\" target=\"_blank\" rel=\"noopener noreferrer\">Fondation Alliance Fran\u00e7aise \u00e0 Paris<\/a>, <strong>r\u00e9seau pr\u00e9sent dans 132 pays, et qui compte plus de 800 centres. <\/strong><\/p>\n<hr \/>\n<h2 style=\"text-align: left\">Nos missions :<\/h2>\n<ul>\n<li style=\"text-align: left\">favoriser une meilleure connaissance de la France, en organisant notamment des manifestations culturelles avec le concours de nos diff\u00e9rents partenaires ;<\/li>\n<li style=\"text-align: left\">promouvoir l&#8217;enseignement et la pratique de la langue fran\u00e7aise ;<\/li>\n<li style=\"text-align: left\">d\u00e9velopper la coop\u00e9ration franco-russe dans les domaines de l\u2019enseignement, de la culture et de la science.<\/li>\n<\/ul>\n<hr \/>\n<h4 style=\"text-align: left\"><strong>L&#8217;Alliance fran\u00e7aise vous accueille du lundi au jeudi, de 9h \u00e0 18h, et le <\/strong><strong>vendredi <\/strong><strong>de 9h \u00e0 17h<\/strong><strong>.<\/strong><\/h4>\n<hr \/>\n<h4 style=\"text-align: left\"><strong>Notre adresse<\/strong><\/h4>\n<p style=\"text-align: left\">18\/1, rue Ocharskaya, 603006 Nijni Novgorod<\/p>\n<hr \/>\n<h4 style=\"text-align: left\"><strong>Nous contacter<\/strong><\/h4>\n<p style=\"text-align: left\">T\u00e9l\u00e9phone : (+7 831) 437-81-35, +7 (987) 540-41-26<\/p>\n<p style=\"text-align: left\"><a href=\"mailto:nijni.novgorod@afrus.ru\">nijni.novgorod@afrus.ru<\/a><\/p>\n<h3><\/h3>\n","protected":false},"excerpt":{"rendered":"<p>Qu&#8217;est-ce que l&#8217;Alliance Fran\u00e7aise de Nijni Novgorod? Association culturelle et \u00e9ducative \u00e0 but non lucratif et d\u2019utilit\u00e9 publique,\u00a0 administr\u00e9e par un Conseil d\u2019Administration repr\u00e9sentatif de la soci\u00e9t\u00e9 civile et \u00e9lu localement. L\u2019Alliance fran\u00e7aise de Nijni Novgorod est n\u00e9e juridiquement le 27 d\u00e9cembre 2001. L\u2019Alliance fran\u00e7aise de Nijni Novgorod appartient au R\u00e9seau des Alliances Fran\u00e7aises coordonn\u00e9 [&hellip;]<\/p>\n","protected":false},"author":1,"featured_media":3428,"parent":0,"menu_order":0,"comment_status":"closed","ping_status":"closed","template":"","meta":{"inline_featured_image":false,"footnotes":""},"class_list":["post-2296","page","type-page","status-publish","has-post-thumbnail","hentry"],"_links":{"self":[{"href":"https:\/\/afrus.ru\/nijni-novgorod\/wp-json\/wp\/v2\/pages\/2296"}],"collection":[{"href":"https:\/\/afrus.ru\/nijni-novgorod\/wp-json\/wp\/v2\/pages"}],"about":[{"href":"https:\/\/afrus.ru\/nijni-novgorod\/wp-json\/wp\/v2\/types\/page"}],"author":[{"embeddable":true,"href":"https:\/\/afrus.ru\/nijni-novgorod\/wp-json\/wp\/v2\/users\/1"}],"replies":[{"embeddable":true,"href":"https:\/\/afrus.ru\/nijni-novgorod\/wp-json\/wp\/v2\/comments?post=2296"}],"version-history":[{"count":11,"href":"https:\/\/afrus.ru\/nijni-novgorod\/wp-json\/wp\/v2\/pages\/2296\/revisions"}],"predecessor-version":[{"id":5154,"href":"https:\/\/afrus.ru\/nijni-novgorod\/wp-json\/wp\/v2\/pages\/2296\/revisions\/5154"}],"wp:featuredmedia":[{"embeddable":true,"href":"https:\/\/afrus.ru\/nijni-novgorod\/wp-json\/wp\/v2\/media\/3428"}],"wp:attachment":[{"href":"https:\/\/afrus.ru\/nijni-novgorod\/wp-json\/wp\/v2\/media?parent=2296"}],"curies":[{"name":"wp","href":"https:\/\/api.w.org\/{rel}","templated":true}]}}