{"id":2297,"date":"2010-01-17T00:00:00","date_gmt":"2010-01-16T21:00:00","guid":{"rendered":"http:\/\/afrus.ru\/nijni-novgorod\/enseignement-du-francaisinitiation-au-fran-ais-pour-enfants-8-11-ans-53\/"},"modified":"2021-01-12T09:53:48","modified_gmt":"2021-01-12T06:53:48","slug":"enseignement-du-francaisinitiation-au-fran-ais-pour-enfants-8-11-ans-53","status":"publish","type":"page","link":"https:\/\/afrus.ru\/nijni-novgorod\/fr\/langue-francaise\/enseignement-du-francaisinitiation-au-fran-ais-pour-enfants-8-11-ans-53\/","title":{"rendered":"Fran\u00e7ais pour les enfants (8-11 ans)"},"content":{"rendered":"<p style=\"text-align: left\"><strong>Volume horaire par session : 24 heures d&#8217;enseignement, \u00e0 raison d&#8217;un cours d&#8217;une heure et demie par semaine<\/strong><\/p>\n<p style=\"text-align: left\"><strong>M\u00e9thode : Alex&amp;Zo\u00e9<\/strong><\/p>\n<p style=\"text-align: left\">\n<p style=\"text-align: left\">\n<p style=\"text-align: left\"><strong>A l\u2019issue du niveau 1 vous serez capable de :<\/strong><br \/>\n&#8212; vous pr\u00e9senter<br \/>\n&#8212; parler de vous, donner votre \u00e2ge, pr\u00e9senter votre famille<br \/>\n&#8212; exprimer la possession, identifier un objet<br \/>\n&#8212; nommer les couleurs<br \/>\n&#8212; parler de vos activit\u00e9s quotidiennes<br \/>\n&#8212; compter jusqu&#8217;\u00e0 10<\/p>\n<p style=\"text-align: left\"><strong>A l\u2019issue du niveau 2 vous serez capable de :<\/strong><br \/>\n&#8212; parler de vos besoins, souhaits, d\u00e9sirs<br \/>\n&#8212; parler de la nourriture, des repas en France<br \/>\n&#8212; demander des informations<br \/>\n&#8212; exprimer vos pr\u00e9f\u00e9rences<br \/>\n&#8212; dire ce que vous savez ou ne savez pas faire<br \/>\n&#8212; compter jusqu&#8217;\u00e0 20<\/p>\n<p style=\"text-align: left\"><strong>A l\u2019issue du niveau 3 vous serez capable de :<\/strong><br \/>\n&#8212; parler des v\u00eatements que vous portez<br \/>\n&#8212; nommer les couleurs<br \/>\n&#8212; parler de ce que vous aimez manger et boire<br \/>\n&#8212; demander et dire l&#8217;heure, savoir donner des rep\u00e8res temporels<br \/>\n&#8212; donner des consignes<br \/>\n&#8212; d\u00e9crire des caract\u00e9ristiques physiques<br \/>\n&#8212; compter jusqu&#8217;\u00e0 50<\/p>\n<p style=\"text-align: left\"><strong>A l\u2019issue du niveau 4 vous serez capable de :<\/strong><br \/>\n&#8212; donner des consignes<br \/>\n&#8212; localiser une personne, un animal, un objet<br \/>\n&#8212; parler des moyens de transport que vous utilisez<br \/>\n&#8212; dire ce que vous avez l&#8217;intention de faire<br \/>\n&#8212; inviter<\/p>\n<p style=\"text-align: left\"><strong>A l\u2019issue du niveau 5 vous serez capable de :<\/strong><br \/>\n&#8212; saluer, vous pr\u00e9senter, faire connaissance,<br \/>\n&#8212; exprimer une injonction<br \/>\n&#8212; dire et demander l&#8217;heure<br \/>\n&#8212; raconter votre quotidien (le matin, l&#8217;apr\u00e8s-midi, le soir)<br \/>\n&#8212; donner des rep\u00e8res temporels<br \/>\n&#8212; exprimer vos pr\u00e9f\u00e9rences<br \/>\n&#8212; pr\u00e9senter votre famille et vous-m\u00eame<br \/>\n&#8212; nommer les mois de l&#8217;ann\u00e9e<\/p>\n<p style=\"text-align: left\"><strong>A l\u2019issue du niveau 6 vous serez capable de :<\/strong><br \/>\n&#8212; parler de la m\u00e9t\u00e9o<br \/>\n&#8212; exprimer une injonction, un conseil<br \/>\n&#8212; parler de vos sentiments et sensations<br \/>\n&#8212; formuler des souhaits et des intentions<br \/>\n&#8212; parler des bonnes r\u00e9solutions<br \/>\n&#8212; passer une commande dans un caf\u00e9<br \/>\n&#8212; comprendre et \u00e9crire une recette<\/p>\n<p style=\"text-align: left\"><strong>A l\u2019issue du niveau 7 vous serez capable de :<\/strong><br \/>\n&#8212; exprimer vos pr\u00e9f\u00e9rences dans divers domaines (activit\u00e9s, couleurs, animaux, passe-temps, sports&#8230;)<br \/>\n&#8212; demander et donner des informations<br \/>\n&#8212; parler de ce qui vous fait peur<br \/>\n&#8212; donner des rep\u00e8res spatiaux, d\u00e9crire o\u00f9 vous habitez<\/p>\n<p style=\"text-align: left\"><strong>A l\u2019issue du niveau 8 vous serez capable de :<\/strong><br \/>\n&#8212; parler de vos passe-temps<br \/>\n&#8212; donner des rep\u00e8res spatiaux<br \/>\n&#8212; parler des pr\u00e9paratifs pour les vacances<\/p>\n<h4><\/h4>\n","protected":false},"excerpt":{"rendered":"<p>Volume horaire par session : 24 heures d&#8217;enseignement, \u00e0 raison d&#8217;un cours d&#8217;une heure et demie par semaine M\u00e9thode : Alex&amp;Zo\u00e9 A l\u2019issue du niveau 1 vous serez capable de : &#8212; vous pr\u00e9senter &#8212; parler de vous, donner votre \u00e2ge, pr\u00e9senter votre famille &#8212; exprimer la possession, identifier un objet &#8212; nommer les couleurs [&hellip;]<\/p>\n","protected":false},"author":1,"featured_media":1913,"parent":2648,"menu_order":0,"comment_status":"closed","ping_status":"closed","template":"","meta":{"inline_featured_image":false,"footnotes":""},"class_list":["post-2297","page","type-page","status-publish","has-post-thumbnail","hentry"],"_links":{"self":[{"href":"https:\/\/afrus.ru\/nijni-novgorod\/wp-json\/wp\/v2\/pages\/2297"}],"collection":[{"href":"https:\/\/afrus.ru\/nijni-novgorod\/wp-json\/wp\/v2\/pages"}],"about":[{"href":"https:\/\/afrus.ru\/nijni-novgorod\/wp-json\/wp\/v2\/types\/page"}],"author":[{"embeddable":true,"href":"https:\/\/afrus.ru\/nijni-novgorod\/wp-json\/wp\/v2\/users\/1"}],"replies":[{"embeddable":true,"href":"https:\/\/afrus.ru\/nijni-novgorod\/wp-json\/wp\/v2\/comments?post=2297"}],"version-history":[{"count":3,"href":"https:\/\/afrus.ru\/nijni-novgorod\/wp-json\/wp\/v2\/pages\/2297\/revisions"}],"predecessor-version":[{"id":4356,"href":"https:\/\/afrus.ru\/nijni-novgorod\/wp-json\/wp\/v2\/pages\/2297\/revisions\/4356"}],"up":[{"embeddable":true,"href":"https:\/\/afrus.ru\/nijni-novgorod\/wp-json\/wp\/v2\/pages\/2648"}],"wp:featuredmedia":[{"embeddable":true,"href":"https:\/\/afrus.ru\/nijni-novgorod\/wp-json\/wp\/v2\/media\/1913"}],"wp:attachment":[{"href":"https:\/\/afrus.ru\/nijni-novgorod\/wp-json\/wp\/v2\/media?parent=2297"}],"curies":[{"name":"wp","href":"https:\/\/api.w.org\/{rel}","templated":true}]}}