{"id":2299,"date":"2009-10-01T00:00:00","date_gmt":"2009-09-30T21:00:00","guid":{"rendered":"http:\/\/afrus.ru\/nijni-novgorod\/langue-francaiseb1-411\/"},"modified":"2021-01-20T18:18:27","modified_gmt":"2021-01-20T15:18:27","slug":"langue-francaiseb1-411","status":"publish","type":"page","link":"https:\/\/afrus.ru\/nijni-novgorod\/fr\/langue-francaiseb1-411\/","title":{"rendered":"M\u00e9diath\u00e8que et Cultureth\u00e8que"},"content":{"rendered":"\n<div style=\"height:23px\" aria-hidden=\"true\" class=\"wp-block-spacer\"><\/div>\n\n\n\n<h2 class=\"wp-block-heading\">La m\u00e9diath\u00e8que<\/h2>\n\n\n<p><\/p>\n<p style=\"text-align: left\">Votre m\u00e9diath\u00e8que vous propose de nombreuses ressources documentaires, litt\u00e9raires, audio et vid\u00e9o qui sont accessibles :<\/p>\n<ul style=\"text-align: left\">\n<li>sur place en profitant de notre salle de lecture avec un acc\u00e8s direct aux livres, journaux, manuels de FLE, CD et DVD, jeux de soci\u00e9t\u00e9<\/li>\n<li>chez vous gr\u00e2ce \u00e0 un syst\u00e8me de pr\u00eat \u00e0 domicile*<\/li>\n<\/ul>\n<hr>\n<p style=\"text-align: left\">(* compris dans l\u2019inscription aux cours pour tous les \u00e9l\u00e8ves et pour les abonn\u00e9s ayant pay\u00e9 leur droit d\u2019acc\u00e8s \u00e0 la m\u00e9diath\u00e8que 500RU)<\/p>\n\n\n<figure class=\"wp-block-image size-full\"><img loading=\"lazy\" decoding=\"async\" width=\"960\" height=\"638\" src=\"https:\/\/afrus.ru\/nijni-novgorod\/wp-content\/uploads\/sites\/40\/2021\/01\/lecture1.jpg\" alt=\"\" class=\"wp-image-4722\" srcset=\"https:\/\/afrus.ru\/nijni-novgorod\/wp-content\/uploads\/sites\/40\/2021\/01\/lecture1.jpg 960w, https:\/\/afrus.ru\/nijni-novgorod\/wp-content\/uploads\/sites\/40\/2021\/01\/lecture1-300x199.jpg 300w, https:\/\/afrus.ru\/nijni-novgorod\/wp-content\/uploads\/sites\/40\/2021\/01\/lecture1-768x510.jpg 768w\" sizes=\"(max-width: 960px) 100vw, 960px\" \/><\/figure>\n\n\n\n<h3 class=\"has-text-align-left wp-block-heading\">La M\u00e9diath\u00e8que met \u00e0 votre disposition 3 500 livres et documents :&nbsp;<\/h3>\n\n\n<p style=\"text-align: left\">\n<\/p><ul>\n<li style=\"text-align: left\">livres de litt\u00e9rature fran\u00e7aise classique et contemporaine, en fran\u00e7ais et en russe<\/li>\n<li style=\"text-align: left\">bandes dessin\u00e9es en fran\u00e7ais<\/li>\n<li style=\"text-align: left\">livres en fran\u00e7ais pour enfants<\/li>\n<li style=\"text-align: left\">manuels d\u2019apprentissage du fran\u00e7ais<\/li>\n<li style=\"text-align: left\">dictionnaires et encyclop\u00e9dies<\/li>\n<li style=\"text-align: left\">livres bilingues<\/li>\n<li style=\"text-align: left\">revues et journaux en fran\u00e7ais<\/li>\n<li style=\"text-align: left\">vid\u00e9os de fiction et documentaires en fran\u00e7ais<\/li>\n<li style=\"text-align: left\">DVD, CD et CD-ROM<\/li>\n<li style=\"text-align: left\">jeux de soci\u00e9t\u00e9.<\/li>\n<\/ul>\n\n\n<div style=\"height:22px\" aria-hidden=\"true\" class=\"wp-block-spacer\"><\/div>\n\n\n<h3 style=\"text-align: left\"><strong>Tarifs d\u2019abonnement \u00e0 la m\u00e9diath\u00e8que:<\/strong><\/h3>\n<ol style=\"text-align: left\">\n<li>Tout public \u2013 500 RU<\/li>\n<li>El\u00e8ves de l\u2019AFNN \u2013 compris dans l\u2019inscription aux cours<\/li>\n<\/ol>\n<h3 style=\"text-align: left\"><strong>Pour adh\u00e9rer \u00e0 la m\u00e9diath\u00e8que, il vous faut :<\/strong><\/h3>\n<ol>\n<li style=\"text-align: left\">Photo d\u2019identit\u00e9<\/li>\n<li style=\"text-align: left\">Passeport<\/li>\n<\/ol>\n\n\n<div style=\"height:20px\" aria-hidden=\"true\" class=\"wp-block-spacer\"><\/div>\n\n\n<p><\/p>\n<h3 style=\"text-align: left\">Horaires d\u2019ouverture :<\/h3>\n<p style=\"text-align: left\"><strong>Du lundi au jeudi de 10h00 \u00e0 18h00, vendredi : de 10h00 \u00e0 17h00<\/strong><\/p>\n<p style=\"text-align: left\"><strong>Fermeture &#8212; le samedi et le dimanche<\/strong><\/p>\n<p style=\"text-align: left\">T\u00e9l\u00e9phone :&nbsp;<strong>(+7) (831) 437-81-35<\/strong><\/p>\n\n\n<div style=\"height:29px\" aria-hidden=\"true\" class=\"wp-block-spacer\"><\/div>\n\n\n\n<hr class=\"wp-block-separator\" \/>\n\n\n\n<h2 class=\"wp-block-heading\">La cultureth\u00e8que<\/h2>\n\n\n\n<figure class=\"wp-block-image size-large\"><a href=\"https:\/\/www.culturetheque.com\" target=\"_blank\" rel=\"noreferrer noopener\"><img loading=\"lazy\" decoding=\"async\" width=\"640\" height=\"360\" src=\"https:\/\/afrus.ru\/nijni-novgorod\/wp-content\/uploads\/sites\/40\/2021\/01\/566709787_640.jpg\" alt=\"\" class=\"wp-image-4731\" srcset=\"https:\/\/afrus.ru\/nijni-novgorod\/wp-content\/uploads\/sites\/40\/2021\/01\/566709787_640.jpg 640w, https:\/\/afrus.ru\/nijni-novgorod\/wp-content\/uploads\/sites\/40\/2021\/01\/566709787_640-300x169.jpg 300w\" sizes=\"(max-width: 640px) 100vw, 640px\" \/><\/a><\/figure>\n\n\n\n<h3 class=\"wp-block-heading\">QU&#8217;EST-CE QUE <a href=\"https:\/\/www.culturetheque.com\/RUS\/\" target=\"_blank\" rel=\"noreferrer noopener\" aria-label=\"CULTURETH\u00c8QUE (\u043e\u0442\u043a\u0440\u043e\u0435\u0442\u0441\u044f \u0432 \u043d\u043e\u0432\u043e\u0439 \u0432\u043a\u043b\u0430\u0434\u043a\u0435)\">CULTURETH\u00c8QUE<\/a> ?<\/h3>\n\n\n\n<div style=\"height:20px\" aria-hidden=\"true\" class=\"wp-block-spacer\"><\/div>\n\n\n\n<p class=\"has-text-align-left\">Cultureth\u00e8que est accessible depuis votre pays de r\u00e9sidence, partout dans le monde, except\u00e9 depuis la France.<\/p>\n\n\n\n<p class=\"has-text-align-left\">Ce portail num\u00e9rique des \u00e9tablissements culturels fran\u00e7ais \u00e0 l&#8217;\u00e9tranger vous propose de nombreuses ressources t\u00e9l\u00e9chargeables ou consultables en ligne. En effet, vous pourrez y consulter des \u0153uvres litt\u00e9raires classiques mais pas seulement, une large s\u00e9lection d&#8217;ouvrages a \u00e9t\u00e9 op\u00e9r\u00e9e afin de vous faire d\u00e9couvrir une palette diversifi\u00e9e de la litt\u00e9rature fran\u00e7aise. De plus, vous y trouverez la presse fran\u00e7aise, de la musique, des concerts en ligne, des conf\u00e9rences, des documentaires, des bandes dessin\u00e9es, de la litt\u00e9rature jeunesse, des m\u00e9thodes d&#8217;apprentissage du fran\u00e7ais, des jeux s\u00e9rieux et bien d&#8217;autres ressources encore.&nbsp;<\/p>\n\n\n\n<p class=\"has-text-align-left\">Accessible \u00e0 tout moment, il vous est possible de vous connecter \u00e0 votre compte Cultureth\u00e8que depuis votre ordinateur, tablette ou Smartphone personnel.<\/p>\n\n\n\n<p class=\"has-text-align-left\">En quelques chiffres, Cultureth\u00e8que c&#8217;est <strong>120<\/strong> pays d\u00e9j\u00e0 connect\u00e9s, plus de <strong>200 000<\/strong> utilisateurs, entre <strong>2000<\/strong> et <strong>2500<\/strong> visiteurs par jour et <strong>340 000<\/strong> documents.&nbsp;<\/p>\n\n\n\n<div style=\"height:20px\" aria-hidden=\"true\" class=\"wp-block-spacer\"><\/div>\n\n\n\n<figure class=\"wp-block-embed-youtube wp-block-embed is-type-video is-provider-youtube wp-embed-aspect-16-9 wp-has-aspect-ratio\"><div class=\"wp-block-embed__wrapper\">\n<iframe loading=\"lazy\" title=\"Cultureth\u00e8que - toute la culture en langue fran\u00e7aise\" width=\"500\" height=\"281\" src=\"https:\/\/www.youtube.com\/embed\/MUfBhKChr_M?feature=oembed\" frameborder=\"0\" allow=\"accelerometer; autoplay; clipboard-write; encrypted-media; gyroscope; picture-in-picture; web-share\" referrerpolicy=\"strict-origin-when-cross-origin\" allowfullscreen><\/iframe>\n<\/div><\/figure>\n\n\n\n<div style=\"height:20px\" aria-hidden=\"true\" class=\"wp-block-spacer\"><\/div>\n\n\n\n<div style=\"height:21px\" aria-hidden=\"true\" class=\"wp-block-spacer\"><\/div>\n\n\n\n<h3 class=\"wp-block-heading\">COMMENT S&#8217;INSCRIRE ?<\/h3>\n\n\n\n<div style=\"height:28px\" aria-hidden=\"true\" class=\"wp-block-spacer\"><\/div>\n\n\n<div>\n<p style=\"text-align: left\"><span style=\"font-size: inherit\">Pour vous inscrire \u00e0 Cultureth\u00e8que et acc\u00e9der \u00e0 tous les contenus en ligne, rien de plus simple\u00a0:<\/span><\/p>\n<\/div>\n<p style=\"text-align: left\"><span class=\"forecolor\"><span lang=\"FR\"><strong>Vous \u00eates \u00e9l\u00e8ve de notre Alliance fran\u00e7aise\u00a0?<\/strong> Vous compl\u00e9tez le formulaire (prix compris dans l\u2019inscription aux cours). <\/span><\/span><\/p>\n<p style=\"text-align: left\"><strong><span class=\"forecolor\"><span lang=\"FR\">Vous n\u2019\u00eates pas \u00e9l\u00e8ve\u00a0?<\/span><\/span><\/strong><\/p>\n<p style=\"text-align: left\"><span class=\"forecolor\"><span lang=\"FR\">Vous inscrivant \u00e0 la m\u00e9diath\u00e8que vous vous inscrivez \u00e0 <span style=\"font-size: inherit\">Cultureth\u00e8que.<\/span><\/span><\/span><\/p>\n<p style=\"text-align: left\"><strong><span class=\"forecolor\"><span lang=\"FR\">Tarif\u00a0: 500RU (abonnement annuel)<\/span><\/span><\/strong><\/p>\n<p style=\"text-align: left\"><span class=\"forecolor\"><span lang=\"FR\">Vous pourrez ensuite, gr\u00e2ce \u00e0 vos identifiants, acc\u00e9der au contenu en ligne de Cultureth\u00e8que.<\/span><\/span><\/p>\n\n\n<div style=\"height:20px\" aria-hidden=\"true\" class=\"wp-block-spacer\"><\/div>\n","protected":false},"excerpt":{"rendered":"<p>La m\u00e9diath\u00e8que Votre m\u00e9diath\u00e8que vous propose de nombreuses ressources documentaires, litt\u00e9raires, audio et vid\u00e9o qui sont accessibles : sur place en profitant de notre salle de lecture avec un acc\u00e8s direct aux livres, journaux, manuels de FLE, CD et DVD, jeux de soci\u00e9t\u00e9 chez vous gr\u00e2ce \u00e0 un syst\u00e8me de pr\u00eat \u00e0 domicile* (* compris [&hellip;]<\/p>\n","protected":false},"author":1,"featured_media":1480,"parent":0,"menu_order":0,"comment_status":"closed","ping_status":"closed","template":"","meta":{"inline_featured_image":false,"footnotes":""},"class_list":["post-2299","page","type-page","status-publish","has-post-thumbnail","hentry"],"_links":{"self":[{"href":"https:\/\/afrus.ru\/nijni-novgorod\/wp-json\/wp\/v2\/pages\/2299"}],"collection":[{"href":"https:\/\/afrus.ru\/nijni-novgorod\/wp-json\/wp\/v2\/pages"}],"about":[{"href":"https:\/\/afrus.ru\/nijni-novgorod\/wp-json\/wp\/v2\/types\/page"}],"author":[{"embeddable":true,"href":"https:\/\/afrus.ru\/nijni-novgorod\/wp-json\/wp\/v2\/users\/1"}],"replies":[{"embeddable":true,"href":"https:\/\/afrus.ru\/nijni-novgorod\/wp-json\/wp\/v2\/comments?post=2299"}],"version-history":[{"count":22,"href":"https:\/\/afrus.ru\/nijni-novgorod\/wp-json\/wp\/v2\/pages\/2299\/revisions"}],"predecessor-version":[{"id":4764,"href":"https:\/\/afrus.ru\/nijni-novgorod\/wp-json\/wp\/v2\/pages\/2299\/revisions\/4764"}],"wp:featuredmedia":[{"embeddable":true,"href":"https:\/\/afrus.ru\/nijni-novgorod\/wp-json\/wp\/v2\/media\/1480"}],"wp:attachment":[{"href":"https:\/\/afrus.ru\/nijni-novgorod\/wp-json\/wp\/v2\/media?parent=2299"}],"curies":[{"name":"wp","href":"https:\/\/api.w.org\/{rel}","templated":true}]}}