{"id":2317,"date":"2017-05-04T00:00:00","date_gmt":"2017-05-03T21:00:00","guid":{"rendered":"http:\/\/afrus.ru\/nijni-novgorod\/la-ville-de-nijni-novgorod\/"},"modified":"2023-11-05T17:47:04","modified_gmt":"2023-11-05T14:47:04","slug":"la-ville-de-nijni-novgorod","status":"publish","type":"page","link":"https:\/\/afrus.ru\/nijni-novgorod\/fr\/la-ville-de-nijni-novgorod\/","title":{"rendered":"La ville de Nijni Novgorod"},"content":{"rendered":"<h2><b>Pourquoi Nijni Novgorod ?<\/b><\/h2>\n<p style=\"text-align: left\">La ville situ\u00e9e \u00e0 la confluence des fleuves Volga et Oka, <a href=\"https:\/\/www.youtube.com\/watch?v=g1VeAnaF_jQ\" target=\"_blank\" rel=\"noopener noreferrer\">Nijni Novgorod<\/a><strong>\u00a0<\/strong>est <strong>la cinqui\u00e8me ville de Russie.<\/strong><\/p>\n<p style=\"text-align: left\"><span style=\"font-weight: 400\">Nijni-Novgorod occupe une place particuli\u00e8re sur le march\u00e9 touristique de la Russie en g\u00e9n\u00e9ral et le district f\u00e9d\u00e9ral de la Volga.<\/span><\/p>\n<p style=\"text-align: left\"><span style=\"font-weight: 400\">Les infrastructures de transport (routes, port fluvial, a\u00e9roport, gare, etc.) permettent de d\u00e9velopper les relations avec les villes et r\u00e9gions permettant aux Russes et aux touristes \u00e9trangers de visiter Nijni-Novgorod, Kazan, Oulianovsk, Saratov, etc.<\/span><\/p>\n<p>\u00a0<\/p>\n<h3><em>Avec 1,5M d\u2019habitants,<strong>\u00a0Nijni Novgorod<\/strong>\u00a0est situ\u00e9e \u00e0 la confluence de la Volga et de l\u2019Oka, \u00e0 400 km \u00e0 l\u2019est de Moscou. Ville de naissance de l&#8217;\u00e9crivain <a title=\"biographie Maxime Gorki \" href=\"https:\/\/fr.wikipedia.org\/wiki\/Maxime_Gorki\">Maxime Gorki<\/a>, la ville porta le nom de\u00a0<strong>Gorki<\/strong>\u00a0de\u00a01932 \u00e0 1991.<\/em><\/h3>\n<p>\u00a0<\/p>\n<p style=\"text-align: left\">Litt\u00e9ralement,\u00a0<em>Nijni<\/em>\u00a0signifie\u00a0<em>\u00ab\u00a0bas\u00a0\u00bb<\/em>\u00a0et\u00a0<em>Novgorod<\/em>, la\u00a0<em>\u00ab\u00a0nouvelle ville\u00a0\u00bb<\/em>, mais historiquement, l&#8217;ensemble des deux mots pourrait \u00eatre traduit comme \u00ab\u00a0la nouvelle ville sur les terres de la basse Volga\u00a0\u00bb, puisqu&#8217;\u00e0 l&#8217;\u00e9poque de sa fondation, elle \u00e9tait la derni\u00e8re ville russe aux abords du fleuve.<\/p>\n<p style=\"text-align: left\"><span style=\"font-weight: 400\">Nijni Novgorod a un fort potentiel touristique gr\u00e2ce \u00e0 ses nombreux monuments historiques et culturels, ils sont uniques; la beaut\u00e9 et la diversit\u00e9 des paysages de la nature; relativement favorable de l&#8217;environnement de Nijni Novgorod.<\/span><\/p>\n<p>\u00a0<\/p>\n<p><img loading=\"lazy\" decoding=\"async\" class=\"aligncenter wp-image-6107 size-full\" src=\"http:\/\/afrus.ru\/nijni-novgorod\/wp-content\/uploads\/sites\/40\/2021\/06\/PHOTO-VUE-VILLE-DE-NN.png\" alt=\"\" width=\"706\" height=\"467\" srcset=\"https:\/\/afrus.ru\/nijni-novgorod\/wp-content\/uploads\/sites\/40\/2021\/06\/PHOTO-VUE-VILLE-DE-NN.png 706w, https:\/\/afrus.ru\/nijni-novgorod\/wp-content\/uploads\/sites\/40\/2021\/06\/PHOTO-VUE-VILLE-DE-NN-300x198.png 300w\" sizes=\"(max-width: 706px) 100vw, 706px\" \/><\/p>\n<p style=\"text-align: left\">La ville a \u00e9t\u00e9 fond\u00e9e en\u00a0<strong>1221<\/strong><strong>\u00a0<\/strong>par le prince\u00a0Iouri II de Vladimir. <strong>En<\/strong><strong>\u00a01612,<\/strong> Kouzma Minine\u00a0et le prince\u00a0Dmitri Pojarski\u00a0organisent une grande arm\u00e9e pour lib\u00e9rer\u00a0Moscou\u00a0des Polonais.<\/p>\n<p style=\"text-align: left\"><strong>En\u00a01817,<\/strong> Nijni Novgorod est le plus grand centre commercial de l&#8217;Empire russe, la ville est surnomm\u00e9e le \u00ab\u00a0porte-monnaie\u00a0\u00bb de la Russie. Pendant la\u00a0Seconde Guerre mondiale, Gorki devient le plus grand fournisseur d&#8217;\u00e9quipement militaire pour le\u00a0front. Apr\u00e8s la guerre, Gorki est<strong> une\u00a0ville ferm\u00e9e\u00a0jusqu\u2019en 1990<\/strong>. Apr\u00e8s la\u00a0dislocation de l&#8217;Union sovi\u00e9tique, o\u00f9 la ville reprend le nom de Nijni Novgorod.\u00a0<\/p>\n<h2>\u00a0<\/h2>\n<h2><b>Les personnalit\u00e9s de Nijni Novgorod<\/b><\/h2>\n<p style=\"text-align: left\">Y sont n\u00e9s\u00a0:\u00a0Nikola\u00ef Lobatchevski\u00a0(math\u00e9maticien),\u00a0Mili Balakirev (compositeur), Maxime Gorki (\u00e9crivain),\u00a0Natalia Vodianova (mannequin)<\/p>\n<p style=\"text-align: left\">Les Fran\u00e7ais qui sont pass\u00e9s \u00e0 Nijni Novgorod : Alexandre Dumas, Th\u00e9ophile Gautier qui aurait dit\u00a0: \u00ab\u00a0comment peut-on vivre sans avoir vu Nijni Novgorod\u00a0?\u00a0\u00bb et Jules Verne par procuration avec son h\u00e9ros Michel Strogoff.<\/p>\n<p>\u00a0<\/p>\n<h2>\u00a0<\/h2>\n<h2><b>Les lieux \u00e0 visiter de Nijni Novgorod<\/b><\/h2>\n<p>\u00a0<\/p>\n<h3><b>Le Kremlin<\/b><\/h3>\n<p><img loading=\"lazy\" decoding=\"async\" class=\"aligncenter wp-image-6111 size-full\" src=\"http:\/\/afrus.ru\/nijni-novgorod\/wp-content\/uploads\/sites\/40\/2021\/06\/Capture-d-cran-2021-06-17-11.45.54.png\" alt=\"\" width=\"791\" height=\"518\" srcset=\"https:\/\/afrus.ru\/nijni-novgorod\/wp-content\/uploads\/sites\/40\/2021\/06\/Capture-d-cran-2021-06-17-11.45.54.png 791w, https:\/\/afrus.ru\/nijni-novgorod\/wp-content\/uploads\/sites\/40\/2021\/06\/Capture-d-cran-2021-06-17-11.45.54-300x196.png 300w, https:\/\/afrus.ru\/nijni-novgorod\/wp-content\/uploads\/sites\/40\/2021\/06\/Capture-d-cran-2021-06-17-11.45.54-768x503.png 768w\" sizes=\"(max-width: 791px) 100vw, 791px\" \/><\/p>\n<p style=\"text-align: left\"><span style=\"font-weight: 400\">Diff\u00e9rent des autres Kremlin de Russie, il se tient sur le haut de la colline, avec une hauteur de 82m.\u00a0<\/span><\/p>\n<p style=\"text-align: left\"><span style=\"font-weight: 400\">Construit au 16\u00e8me si\u00e8cle, sa structure permet de prot\u00e9ger la ville d\u2019attaques \u00e9ventuelles \u00e0 l\u2019\u00e9poque. Depuis les tours, les gardes pouvaient attaquer les ennemis m\u00eame s\u2019ils \u00e9taient tr\u00e8s proches.<\/span><\/p>\n<p style=\"text-align: left\"><span style=\"font-weight: 400\">Le Kremlin est ouvert aux visiteurs, l\u2019entr\u00e9e est gratuite et pour un prix modeste, les visiteurs peuvent monter au sein du Kremlin et visiter diff\u00e9rents mus\u00e9es situ\u00e9s sur le territoire du Kremlin comme le mus\u00e9e d\u2019Histoire et d\u2019Architecture de Nijni Novgorod situ\u00e9 dans la r\u00e9sidence de l\u2019ancien Gouverneur puis l\u2019Arsenal : le Centre d\u2019Art Contemporain.<\/span><\/p>\n<p style=\"text-align: left\">\u00a0<\/p>\n<h3><b>Les escaliers de Chkalov<\/b><\/h3>\n<p><img loading=\"lazy\" decoding=\"async\" class=\"aligncenter wp-image-6109 size-full\" src=\"http:\/\/afrus.ru\/nijni-novgorod\/wp-content\/uploads\/sites\/40\/2021\/06\/Capture-d-cran-2021-06-17-11.37.59.png\" alt=\"\" width=\"797\" height=\"531\" srcset=\"https:\/\/afrus.ru\/nijni-novgorod\/wp-content\/uploads\/sites\/40\/2021\/06\/Capture-d-cran-2021-06-17-11.37.59.png 797w, https:\/\/afrus.ru\/nijni-novgorod\/wp-content\/uploads\/sites\/40\/2021\/06\/Capture-d-cran-2021-06-17-11.37.59-300x200.png 300w, https:\/\/afrus.ru\/nijni-novgorod\/wp-content\/uploads\/sites\/40\/2021\/06\/Capture-d-cran-2021-06-17-11.37.59-768x512.png 768w\" sizes=\"(max-width: 797px) 100vw, 797px\" \/><\/p>\n<p style=\"text-align: left\"><span style=\"font-weight: 400\">Si vous venez de la rivi\u00e8re, vos yeux seront captiv\u00e9s par le magnifique escalier Chkalov.\u00a0 Les habitants de Nijni Novgorod ont encore du mal \u00e0 compter combien de marches composent l\u2019escalier. Les guides officiels disent qu\u2019il y aurait 560 marches, mais beaucoup disent qu\u2019il y en a plus.\u00a0<\/span><\/p>\n<p>\u00a0<\/p>\n<p><img loading=\"lazy\" decoding=\"async\" class=\"aligncenter wp-image-6099 size-full\" src=\"http:\/\/afrus.ru\/nijni-novgorod\/wp-content\/uploads\/sites\/40\/2021\/06\/MONUMENT-TCHKALOV-1-1.png\" alt=\"\" width=\"708\" height=\"474\" srcset=\"https:\/\/afrus.ru\/nijni-novgorod\/wp-content\/uploads\/sites\/40\/2021\/06\/MONUMENT-TCHKALOV-1-1.png 708w, https:\/\/afrus.ru\/nijni-novgorod\/wp-content\/uploads\/sites\/40\/2021\/06\/MONUMENT-TCHKALOV-1-1-300x201.png 300w\" sizes=\"(max-width: 708px) 100vw, 708px\" \/><\/p>\n<p style=\"text-align: left\"><span style=\"font-weight: 400\">En haut du monument, la statue du pilote Valery Chkalov. \u00c0 ses pieds on peut voir les contours de l\u2019h\u00e9misph\u00e8re nord et les trajectoires du vol de Chkalov vers le grand est, traversant le p\u00f4le nord jusqu\u2019en Am\u00e9rique. Il est aussi inscrit les dates de naissance et de d\u00e9c\u00e8s de Chkalov et une inscription disant \u201cEn comm\u00e9moration de Valery Chkalov, un pilote exceptionnel de notre temps\u201d, il y a des trous l\u00e0 o\u00f9 \u00e9tait inscrit &#171;Au faucon de Staline\u201d qui avait \u00e9t\u00e9 retir\u00e9 durant les ann\u00e9es de combat contre l\u2019id\u00e9ologie du culte stalinien.\u00a0<\/span><\/p>\n<p>\u00a0<\/p>\n<p style=\"text-align: left;padding-left: 80px\"><span style=\"font-weight: 400\"><img loading=\"lazy\" decoding=\"async\" class=\"aligncenter wp-image-6113 size-full\" src=\"http:\/\/afrus.ru\/nijni-novgorod\/wp-content\/uploads\/sites\/40\/2021\/06\/Capture-d-cran-2021-06-17-11.45.38.png\" alt=\"\" width=\"798\" height=\"545\" srcset=\"https:\/\/afrus.ru\/nijni-novgorod\/wp-content\/uploads\/sites\/40\/2021\/06\/Capture-d-cran-2021-06-17-11.45.38.png 798w, https:\/\/afrus.ru\/nijni-novgorod\/wp-content\/uploads\/sites\/40\/2021\/06\/Capture-d-cran-2021-06-17-11.45.38-300x205.png 300w, https:\/\/afrus.ru\/nijni-novgorod\/wp-content\/uploads\/sites\/40\/2021\/06\/Capture-d-cran-2021-06-17-11.45.38-768x525.png 768w\" sizes=\"(max-width: 798px) 100vw, 798px\" \/><\/span><\/p>\n<p style=\"text-align: left\"><span style=\"font-weight: 400\"><span style=\"font-size: inherit\">Le meilleur point de vue pour admirer les escaliers de Chkalov est au pied de l\u2019escalier, depuis la Nizhnevolzhskaya. Les vendredi vous pouvez voir des futurs \u00e9poux monter les marches portant leur futures \u00e9pouses afin d\u2019avoir un mariage heureux.\u00a0<\/span><\/span><\/p>\n<p>\u00a0<\/p>\n<h3><b>Bolshaya Pokrovskaya<\/b><\/h3>\n<p style=\"text-align: left;padding-left: 80px\"><img loading=\"lazy\" decoding=\"async\" class=\"aligncenter wp-image-6115 size-full\" src=\"http:\/\/afrus.ru\/nijni-novgorod\/wp-content\/uploads\/sites\/40\/2021\/06\/Capture-d-cran-2021-06-17-11.56.08.png\" alt=\"\" width=\"797\" height=\"510\" srcset=\"https:\/\/afrus.ru\/nijni-novgorod\/wp-content\/uploads\/sites\/40\/2021\/06\/Capture-d-cran-2021-06-17-11.56.08.png 797w, https:\/\/afrus.ru\/nijni-novgorod\/wp-content\/uploads\/sites\/40\/2021\/06\/Capture-d-cran-2021-06-17-11.56.08-300x192.png 300w, https:\/\/afrus.ru\/nijni-novgorod\/wp-content\/uploads\/sites\/40\/2021\/06\/Capture-d-cran-2021-06-17-11.56.08-768x491.png 768w\" sizes=\"(max-width: 797px) 100vw, 797px\" \/><\/p>\n<p style=\"text-align: left\"><span style=\"font-weight: 400\">La rue principale de Nijni Novgorod, la balade indispensable de Nijni Novgorod. dans cette rue, il y a tout : des magasins de luxes aux magasins de seconde main, de grands restaurants aux petites caf\u00e9t\u00e9rias, des b\u00e2timents universitaires aux terrains de jeux. La rue poss\u00e8de aussi diff\u00e9rents th\u00e9\u00e2tres et un march\u00e9, des mus\u00e9es et des glaciers. De grands monuments dont des particuliers comme la statue de Dobrolyubov, \u00e9crivain de Nijni Novgorod, et une sculpture de la \u201cch\u00e8vre marrante\u201d. \u00a0Tout le monde trouve chaussure \u00e0 son pied dans cette rue!<\/span><\/p>\n<p>\u00a0<\/p>\n\n\n<p>A lire :<\/p>\n\n\n\n<h2 class=\"wp-block-heading\"><a href=\"http:\/\/afrus.ru\/nijni-novgorod\/fr\/actualites\/comment-vivre-sans-avoir-vu-nijni-novgorod\/\">&#171;Comment vivre sans avoir vu Nijni Novgorod&nbsp;?&#187;<\/a><\/h2>\n\n\n\n<p>Jeanne-Marie Pietropaoli <\/p>\n\n\n\n<p>Directrice de l\u2019Alliance fran\u00e7aise de Nijni Novgorod en Russie<\/p>\n","protected":false},"excerpt":{"rendered":"<p>Pourquoi Nijni Novgorod ? La ville situ\u00e9e \u00e0 la confluence des fleuves Volga et Oka, Nijni Novgorod\u00a0est la cinqui\u00e8me ville de Russie. Nijni-Novgorod occupe une place particuli\u00e8re sur le march\u00e9 touristique de la Russie en g\u00e9n\u00e9ral et le district f\u00e9d\u00e9ral de la Volga. Les infrastructures de transport (routes, port fluvial, a\u00e9roport, gare, etc.) permettent de [&hellip;]<\/p>\n","protected":false},"author":1,"featured_media":1500,"parent":0,"menu_order":0,"comment_status":"closed","ping_status":"closed","template":"","meta":{"inline_featured_image":false,"footnotes":""},"class_list":["post-2317","page","type-page","status-publish","has-post-thumbnail","hentry"],"_links":{"self":[{"href":"https:\/\/afrus.ru\/nijni-novgorod\/wp-json\/wp\/v2\/pages\/2317"}],"collection":[{"href":"https:\/\/afrus.ru\/nijni-novgorod\/wp-json\/wp\/v2\/pages"}],"about":[{"href":"https:\/\/afrus.ru\/nijni-novgorod\/wp-json\/wp\/v2\/types\/page"}],"author":[{"embeddable":true,"href":"https:\/\/afrus.ru\/nijni-novgorod\/wp-json\/wp\/v2\/users\/1"}],"replies":[{"embeddable":true,"href":"https:\/\/afrus.ru\/nijni-novgorod\/wp-json\/wp\/v2\/comments?post=2317"}],"version-history":[{"count":9,"href":"https:\/\/afrus.ru\/nijni-novgorod\/wp-json\/wp\/v2\/pages\/2317\/revisions"}],"predecessor-version":[{"id":13612,"href":"https:\/\/afrus.ru\/nijni-novgorod\/wp-json\/wp\/v2\/pages\/2317\/revisions\/13612"}],"wp:featuredmedia":[{"embeddable":true,"href":"https:\/\/afrus.ru\/nijni-novgorod\/wp-json\/wp\/v2\/media\/1500"}],"wp:attachment":[{"href":"https:\/\/afrus.ru\/nijni-novgorod\/wp-json\/wp\/v2\/media?parent=2317"}],"curies":[{"name":"wp","href":"https:\/\/api.w.org\/{rel}","templated":true}]}}