{"id":2319,"date":"2017-08-17T00:00:00","date_gmt":"2017-08-16T21:00:00","guid":{"rendered":"http:\/\/afrus.ru\/nijni-novgorod\/cours-de-russe-pour-les-etrangers\/"},"modified":"2021-04-26T13:31:47","modified_gmt":"2021-04-26T10:31:47","slug":"cours-de-russe-pour-les-etrangers","status":"publish","type":"page","link":"https:\/\/afrus.ru\/nijni-novgorod\/fr\/cours-de-russe-pour-les-etrangers\/","title":{"rendered":"Apprendre le russe"},"content":{"rendered":"\n<h3 class=\"wp-block-heading\">Apprendre la langue de Pouchkine\u00a0? <\/h3>\n\n\n\n<h3 class=\"wp-block-heading\">Un projet tout \u00e0 fait r\u00e9alisable et \u00e0 votre port\u00e9e&nbsp;!<\/h3>\n\n\n\n<figure class=\"wp-block-image size-large\"><img loading=\"lazy\" decoding=\"async\" width=\"1024\" height=\"819\" src=\"https:\/\/afrus.ru\/nijni-novgorod\/wp-content\/uploads\/sites\/40\/2021\/01\/Dizajn-bez-nazvaniya-2-1024x819.jpg\" alt=\"\" class=\"wp-image-4658\" srcset=\"https:\/\/afrus.ru\/nijni-novgorod\/wp-content\/uploads\/sites\/40\/2021\/01\/Dizajn-bez-nazvaniya-2-1024x819.jpg 1024w, https:\/\/afrus.ru\/nijni-novgorod\/wp-content\/uploads\/sites\/40\/2021\/01\/Dizajn-bez-nazvaniya-2-300x240.jpg 300w, https:\/\/afrus.ru\/nijni-novgorod\/wp-content\/uploads\/sites\/40\/2021\/01\/Dizajn-bez-nazvaniya-2-768x614.jpg 768w, https:\/\/afrus.ru\/nijni-novgorod\/wp-content\/uploads\/sites\/40\/2021\/01\/Dizajn-bez-nazvaniya-2-1536x1229.jpg 1536w, https:\/\/afrus.ru\/nijni-novgorod\/wp-content\/uploads\/sites\/40\/2021\/01\/Dizajn-bez-nazvaniya-2.jpg 2000w\" sizes=\"(max-width: 1024px) 100vw, 1024px\" \/><\/figure>\n\n\n<hr>\n<p class=\"western\" style=\"text-align: left\">\n<\/p><p class=\"western\" style=\"text-align: left\"><span lang=\"FR\">Vous pr\u00e9parez un voyage en Russie&nbsp;?<\/span><\/p>\n<p class=\"western\" style=\"text-align: left\"><span lang=\"FR\">Vous pr\u00e9parez un examen&nbsp;?<\/span><\/p>\n<p class=\"western\" style=\"text-align: left\"><span lang=\"FR\">Vous devez utiliser le russe dans votre environnement professionnel&nbsp;?<\/span><\/p>\n<p class=\"western\" style=\"text-align: left\"><span lang=\"FR\">Votre conjoint.e est russe et vous voulez mieux comprendre sa langue&nbsp;?<\/span><\/p>\n<p class=\"western\" style=\"text-align: left\"><span lang=\"FR\">Vous \u00eates passionn\u00e9.e par la langue russe&nbsp;?<\/span><\/p>\n<p class=\"western\" style=\"text-align: left\"><span lang=\"FR\">Vous souhaitez un cours sp\u00e9cialement d\u00e9di\u00e9 \u00e0 la d\u00e9couverte de la langue ET de la culture russes&nbsp;? <\/span><\/p>\n<hr>\n<p class=\"western\" style=\"text-align: left\"><strong><span lang=\"FR\">Vous \u00eates grand d\u00e9butant&nbsp;? <\/span><\/strong><\/p>\n<p class=\"western\" style=\"text-align: left\"><span lang=\"FR\">Le russe est une tr\u00e8s belle langue qui poss\u00e8de un alphabet que vous apprendrez bien plus facilement que vous ne l\u2019imaginez. Vous d\u00e9couvrirez la structure de la langue et apprendrez le vocabulaire n\u00e9cessaire pour circuler en Russie facilement. <\/span><\/p>\n<p class=\"western\" style=\"text-align: left\"><span lang=\"FR\">&nbsp;<\/span><\/p>\n<p class=\"western\" style=\"text-align: left\"><strong><span lang=\"FR\">Vous avez un niveau avanc\u00e9&nbsp;? <\/span><\/strong><\/p>\n<p class=\"western\" style=\"text-align: left\"><span lang=\"FR\">Vous irez encore plus loin et d\u00e9ciderez de vos objectifs en lien avec votre professeur.<\/span><\/p>\n<p class=\"western\" style=\"text-align: left\"><span lang=\"FR\">&nbsp;<\/span><\/p>\n<hr>\n<p class=\"western\" style=\"text-align: left\"><span lang=\"FR\">En effet, le russe est un atout majeur dans le monde du travail. Parl\u00e9 par pr\u00e8s de 280 millions de personnes dans le monde (langue maternelle ou seconde), il vous donnera acc\u00e8s aux march\u00e9s en pleine expansion que sont la Russie, mais aussi la Communaut\u00e9 des \u00c9tats Ind\u00e9pendants (Asie centrale, Bi\u00e9lorussie, Caucase). Le russe est \u00e9galement l\u2019une des six langues officielles de l\u2019ONU. Parler russe est donc un atout majeur pour un francophone recherchant des opportunit\u00e9s professionnelles.<\/span><\/p>\n<p class=\"western\" style=\"text-align: left\"><span lang=\"FR\">Les cours de russe en ligne propos\u00e9s par l\u2019Alliance fran\u00e7aise sont assur\u00e9s par des natifs russes dipl\u00f4m\u00e9s et sp\u00e9cialis\u00e9s dans l\u2019enseignement du russe langue \u00e9trang\u00e8re. Ces cours donnent une grande libert\u00e9 \u00e0 l\u2019apprenant quant au choix des horaires et permettent un suivi personnalis\u00e9. Vos contraintes seront notre priorit\u00e9.<\/span><\/p>\n<hr>\n<p class=\"western\" style=\"text-align: left\"><strong><span lang=\"FR\">Cours \u00e0 l\u2019unit\u00e9 \u2013 dur\u00e9e 60 minutes \u2013 1500RU\/16\u20ac<\/span><\/strong><\/p>\n<p class=\"western\" style=\"text-align: left\"><strong><span lang=\"FR\">Devis sur demande et prix d\u00e9gressifs en fonction du volume de cours souhait\u00e9 \u00e0 pr\u00e9ciser avec vous.<\/span><\/strong><\/p>\n<h3 style=\"text-align: left\">&nbsp;<\/h3>\n<p style=\"text-align: left\"><strong>Contactez notre responsable p\u00e9dagogique au +7 (831) 437-81-35,&nbsp;+7 (987) 54 04 126<\/strong><\/p>\n<p style=\"text-align: left\"><strong>e-mail: <\/strong><a href=\"mailto:cours.nijni-novgorod@afrus.ru\">cours.nijni-novgorod@afrus.ru<\/a><\/p>\n\n\n<div class=\"wp-block-image\"><figure class=\"alignleft size-medium\"><img loading=\"lazy\" decoding=\"async\" width=\"300\" height=\"293\" src=\"https:\/\/afrus.ru\/nijni-novgorod\/wp-content\/uploads\/sites\/40\/2021\/01\/265_oooo.plus_-300x293.png\" alt=\"\" class=\"wp-image-4612\" srcset=\"https:\/\/afrus.ru\/nijni-novgorod\/wp-content\/uploads\/sites\/40\/2021\/01\/265_oooo.plus_-300x293.png 300w, https:\/\/afrus.ru\/nijni-novgorod\/wp-content\/uploads\/sites\/40\/2021\/01\/265_oooo.plus_.png 728w\" sizes=\"(max-width: 300px) 100vw, 300px\" \/><\/figure><\/div>\n\n\n\n<h4 class=\"has-text-align-left wp-block-heading\">Irina SHAMANOVA<\/h4>\n\n\n\n<p class=\"has-text-align-left\"><em>Responsable p\u00e9dagogique<\/em>&nbsp;<em>et du centre d\u2019examens<\/em><\/p>\n\n\n\n<p><\/p>\n\n\n\n<div style=\"height:100px\" aria-hidden=\"true\" class=\"wp-block-spacer\"><\/div>\n","protected":false},"excerpt":{"rendered":"<p>Apprendre la langue de Pouchkine\u00a0? Un projet tout \u00e0 fait r\u00e9alisable et \u00e0 votre port\u00e9e&nbsp;! Vous pr\u00e9parez un voyage en Russie&nbsp;? Vous pr\u00e9parez un examen&nbsp;? Vous devez utiliser le russe dans votre environnement professionnel&nbsp;? Votre conjoint.e est russe et vous voulez mieux comprendre sa langue&nbsp;? Vous \u00eates passionn\u00e9.e par la langue russe&nbsp;? Vous souhaitez un [&hellip;]<\/p>\n","protected":false},"author":1,"featured_media":1504,"parent":0,"menu_order":0,"comment_status":"closed","ping_status":"closed","template":"","meta":{"inline_featured_image":false,"footnotes":""},"class_list":["post-2319","page","type-page","status-publish","has-post-thumbnail","hentry"],"_links":{"self":[{"href":"https:\/\/afrus.ru\/nijni-novgorod\/wp-json\/wp\/v2\/pages\/2319"}],"collection":[{"href":"https:\/\/afrus.ru\/nijni-novgorod\/wp-json\/wp\/v2\/pages"}],"about":[{"href":"https:\/\/afrus.ru\/nijni-novgorod\/wp-json\/wp\/v2\/types\/page"}],"author":[{"embeddable":true,"href":"https:\/\/afrus.ru\/nijni-novgorod\/wp-json\/wp\/v2\/users\/1"}],"replies":[{"embeddable":true,"href":"https:\/\/afrus.ru\/nijni-novgorod\/wp-json\/wp\/v2\/comments?post=2319"}],"version-history":[{"count":9,"href":"https:\/\/afrus.ru\/nijni-novgorod\/wp-json\/wp\/v2\/pages\/2319\/revisions"}],"predecessor-version":[{"id":5849,"href":"https:\/\/afrus.ru\/nijni-novgorod\/wp-json\/wp\/v2\/pages\/2319\/revisions\/5849"}],"wp:featuredmedia":[{"embeddable":true,"href":"https:\/\/afrus.ru\/nijni-novgorod\/wp-json\/wp\/v2\/media\/1504"}],"wp:attachment":[{"href":"https:\/\/afrus.ru\/nijni-novgorod\/wp-json\/wp\/v2\/media?parent=2319"}],"curies":[{"name":"wp","href":"https:\/\/api.w.org\/{rel}","templated":true}]}}