{"id":2648,"date":"2020-03-03T10:06:49","date_gmt":"2020-03-03T07:06:49","guid":{"rendered":"http:\/\/afrus.ru\/nijni-novgorod\/langue-francaise\/"},"modified":"2021-01-20T18:32:17","modified_gmt":"2021-01-20T15:32:17","slug":"langue-francaise","status":"publish","type":"page","link":"https:\/\/afrus.ru\/nijni-novgorod\/fr\/langue-francaise\/","title":{"rendered":"Langue fran\u00e7aise"},"content":{"rendered":"\n<h2 class=\"has-text-align-left wp-block-heading\">L\u2019Alliance fran\u00e7aise de Nijni Novgorod accueille tous ceux qui souhaitent :<\/h2>\n\n\n\n<div style=\"height:40px\" aria-hidden=\"true\" class=\"wp-block-spacer\"><\/div>\n\n\n<p style=\"text-align: left\">\u2013 d\u00e9buter, pratiquer ou perfectionner l\u2019\u00e9tude de la langue fran\u00e7aise<\/p>\n<p style=\"text-align: left\">\u2013 se sp\u00e9cialiser dans un domaine professionnel cibl\u00e9 ou atteindre un objectif sp\u00e9cifique<\/p>\n<p style=\"text-align: left\">\u2013 pr\u00e9parer les certifications officielles fran\u00e7aises : Dipl\u00f4me d\u2019Etude de la Langue Fran\u00e7aise (DELF), Dipl\u00f4me Approfondi de Langue Fran\u00e7aise (DALF), certifications en fran\u00e7ais des affaires, Test d\u2019Evaluation du Fran\u00e7ais (TEF).<\/p>\n<p style=\"text-align: left\"><strong>Des enseignements aux normes europ\u00e9ennes<\/strong><\/p>\n<p style=\"text-align: left\">Les contenus enseign\u00e9s et les niveaux sont con\u00e7us en fonction du <a href=\"https:\/\/afrus.ru\/nijni-novgorod\/fr\/cadre-europeen-de-reference-pour-les-langues\/\">Cadre Europ\u00e9en Commun de R\u00e9f\u00e9rence pour les Langues (CECRL)<\/a>, qui garantit la qualit\u00e9 et la reconnaissance internationale des comp\u00e9tences, savoirs et savoir-faire \u00e0 l\u2019\u00e9crit comme \u00e0 l\u2019oral, en langue \u00e9trang\u00e8re.<\/p>\n<p style=\"text-align: left\"><strong>Des m\u00e9thodes d\u2019enseignement dynamiques <\/strong><\/p>\n<p style=\"text-align: left\">Nos m\u00e9thodes d\u2019enseignement sont \u00e9labor\u00e9es et renouvel\u00e9es en permanence par l\u2019\u00e9quipe d\u2019enseignants. Nous exploitons les ressources les plus r\u00e9centes de la p\u00e9dagogie du Fran\u00e7ais comme Langue Etrang\u00e8re (FLE), gr\u00e2ce \u00e0 un fonds tr\u00e8s riche et r\u00e9guli\u00e8rement actualis\u00e9 de manuels et d\u2019activit\u00e9s de classe et une formation continue des enseignants pilot\u00e9e par l\u2019Institut Fran\u00e7ais de Russie, en fonction de leur domaine de sp\u00e9cialit\u00e9, soit en Russie dans le cadre des s\u00e9minaires organis\u00e9s par l\u2019Institut Fran\u00e7ais et l\u2019Ambassade de France en Russie, soit en France dans le cadre de stages p\u00e9dagogiques.<\/p>\n<p style=\"text-align: left\"><strong>Un mat\u00e9riel p\u00e9dagogique diversifi\u00e9<\/strong><\/p>\n<p style=\"text-align: left\">Tous nos cours exploitent, en plus des manuels, des supports d\u2019apprentissage aussi bien traditionnels qu\u2019innovants : documents authentiques papiers ou en ligne, audio et vid\u00e9o, presse, multim\u00e9dia (les salles de cours sont \u00e9quip\u00e9es de tableaux num\u00e9riques interactifs)<\/p>\n<p style=\"text-align: left\"><strong>Des conditions de travail optimales<\/strong><\/p>\n<p style=\"text-align: left\">Les groupes se composent de 4 \u00e0 12 \u00e9tudiants au maximum, et profitent du cadre agr\u00e9able de nos salles de classes, toutes \u00e9quip\u00e9es en mat\u00e9riel audiovisuel performant. Les \u00e9tudiants ont en outre \u00e0 leur disposition les nombreuses ressources de notre m\u00e9diath\u00e8que.<\/p>\n<p style=\"text-align: left\">Selon votre souhait, les cours collectifs et individuels sont propos\u00e9s en ligne.<\/p>\n<p style=\"text-align: left\"><strong>Une \u00e9quipe d\u2019enseignants exp\u00e9riment\u00e9s et form\u00e9s <\/strong><\/p>\n<p style=\"text-align: left\">Les enseignants de l\u2019Alliance fran\u00e7aise sont tous dipl\u00f4m\u00e9s de l\u2019enseignement sup\u00e9rieur fran\u00e7ais et\/ou russe, et disposent d\u2019une riche exp\u00e9rience en France et dans d\u2019autres pays. Chaque session de cours est assur\u00e9e soit par un enseignant russe et soit par un enseignant natif.<\/p>\n\n\n<h3 class=\"has-text-align-left wp-block-heading\"><strong>Pour tout renseignement ou inscription, contactez-nous au<\/strong>&nbsp;+7 (831) 437-81-35<\/h3>\n","protected":false},"excerpt":{"rendered":"<p>L\u2019Alliance fran\u00e7aise de Nijni Novgorod accueille tous ceux qui souhaitent : \u2013 d\u00e9buter, pratiquer ou perfectionner l\u2019\u00e9tude de la langue fran\u00e7aise \u2013 se sp\u00e9cialiser dans un domaine professionnel cibl\u00e9 ou atteindre un objectif sp\u00e9cifique \u2013 pr\u00e9parer les certifications officielles fran\u00e7aises : Dipl\u00f4me d\u2019Etude de la Langue Fran\u00e7aise (DELF), Dipl\u00f4me Approfondi de Langue Fran\u00e7aise (DALF), certifications [&hellip;]<\/p>\n","protected":false},"author":1,"featured_media":3434,"parent":0,"menu_order":0,"comment_status":"closed","ping_status":"closed","template":"template-section.php","meta":{"inline_featured_image":false,"footnotes":""},"class_list":["post-2648","page","type-page","status-publish","has-post-thumbnail","hentry"],"_links":{"self":[{"href":"https:\/\/afrus.ru\/nijni-novgorod\/wp-json\/wp\/v2\/pages\/2648"}],"collection":[{"href":"https:\/\/afrus.ru\/nijni-novgorod\/wp-json\/wp\/v2\/pages"}],"about":[{"href":"https:\/\/afrus.ru\/nijni-novgorod\/wp-json\/wp\/v2\/types\/page"}],"author":[{"embeddable":true,"href":"https:\/\/afrus.ru\/nijni-novgorod\/wp-json\/wp\/v2\/users\/1"}],"replies":[{"embeddable":true,"href":"https:\/\/afrus.ru\/nijni-novgorod\/wp-json\/wp\/v2\/comments?post=2648"}],"version-history":[{"count":10,"href":"https:\/\/afrus.ru\/nijni-novgorod\/wp-json\/wp\/v2\/pages\/2648\/revisions"}],"predecessor-version":[{"id":4773,"href":"https:\/\/afrus.ru\/nijni-novgorod\/wp-json\/wp\/v2\/pages\/2648\/revisions\/4773"}],"wp:featuredmedia":[{"embeddable":true,"href":"https:\/\/afrus.ru\/nijni-novgorod\/wp-json\/wp\/v2\/media\/3434"}],"wp:attachment":[{"href":"https:\/\/afrus.ru\/nijni-novgorod\/wp-json\/wp\/v2\/media?parent=2648"}],"curies":[{"name":"wp","href":"https:\/\/api.w.org\/{rel}","templated":true}]}}