{"id":4694,"date":"2021-01-20T13:25:47","date_gmt":"2021-01-20T10:25:47","guid":{"rendered":"http:\/\/afrus.ru\/nijni-novgorod\/?page_id=4694"},"modified":"2021-01-20T13:47:33","modified_gmt":"2021-01-20T10:47:33","slug":"tests-amp-diplomes-en-langue-francaise-tef","status":"publish","type":"page","link":"https:\/\/afrus.ru\/nijni-novgorod\/fr\/tests-amp-diplomes-en-langue-francaise-tef\/","title":{"rendered":"Tests &amp; dipl\u00f4mes en langue fran\u00e7aise: TEF"},"content":{"rendered":"\n<p class=\"has-text-align-left\">Cr\u00e9\u00e9 en 1998 par la CCI Paris Ile-de-France, le\u00a0<a href=\"https:\/\/www.lefrancaisdesaffaires.fr\/tests-diplomes\/test-evaluation-francais-tef\/\" target=\"_blank\" rel=\"noreferrer noopener\" aria-label=\"Test d\u2019\u00e9valuation de fran\u00e7ais\u00a0(TEF) (\u043e\u0442\u043a\u0440\u043e\u0435\u0442\u0441\u044f \u0432 \u043d\u043e\u0432\u043e\u0439 \u0432\u043a\u043b\u0430\u0434\u043a\u0435)\"><strong>Test d\u2019\u00e9valuation de fran\u00e7ais<\/strong>\u00a0<strong>(TEF)<\/strong><\/a>\u00a0est un test de r\u00e9f\u00e9rence internationale qui mesure votre niveau de connaissances et de comp\u00e9tences en fran\u00e7ais. La validit\u00e9 des r\u00e9sultats est de\u00a0<strong>deux ans<\/strong>.<\/p>\n\n\n\n<figure class=\"wp-block-image size-medium\"><img loading=\"lazy\" decoding=\"async\" width=\"300\" height=\"262\" src=\"https:\/\/afrus.ru\/nijni-novgorod\/wp-content\/uploads\/sites\/40\/2020\/11\/image21-300x262.png\" alt=\"\" class=\"wp-image-3549\" srcset=\"https:\/\/afrus.ru\/nijni-novgorod\/wp-content\/uploads\/sites\/40\/2020\/11\/image21-300x262.png 300w, https:\/\/afrus.ru\/nijni-novgorod\/wp-content\/uploads\/sites\/40\/2020\/11\/image21.png 749w\" sizes=\"(max-width: 300px) 100vw, 300px\" \/><\/figure>\n\n\n\n<h4 class=\"has-text-align-left wp-block-heading\">Le TEF est reconnu officiellement par :\u00a0<\/h4>\n\n\n\n<p class=\"has-text-align-left\">\u2022 le minist\u00e8re fran\u00e7ais de l\u2019\u00c9ducation nationale<br>\u2022 le minist\u00e8re de l\u2019Enseignement sup\u00e9rieur, de la Recherche et de l\u2019Innovation<br>\u2022 le minist\u00e8re fran\u00e7ais de l\u2019Int\u00e9rieur\u00a0<br>\u2022 le minist\u00e8re de l\u2019Immigration, des R\u00e9fugi\u00e9s et de la Citoyennet\u00e9 du Canada\u00a0<br>\u2022 le minist\u00e8re de l\u2019Immigration, de la Francisation et de l\u2019Int\u00e9gration du Qu\u00e9bec\u00a0<br>\u2022 le Secr\u00e9tariat d\u2019\u00c9tat aux Migrations suisse<\/p>\n\n\n\n<div style=\"height:20px\" aria-hidden=\"true\" class=\"wp-block-spacer\"><\/div>\n\n\n\n<p class=\"has-text-align-left\"><strong>Le calendrier est flexible, toute \u00e9preuve peut \u00eatre planifi\u00e9e sous r\u00e9serve de l\u2019ouverture de notre centre d\u2019examens et apr\u00e8s approbation de la CCI<\/strong>.<\/p>\n\n\n\n<div style=\"height:20px\" aria-hidden=\"true\" class=\"wp-block-spacer\"><\/div>\n\n\n<p style=\"text-align: left\">Vous pouvez passer le TEF pour certifier votre niveau de fran\u00e7ais. Il est \u00e9galement reconnu dans le cadre des d\u00e9marches pour :<\/p>\n<ul>\n<li style=\"text-align: left\">Int\u00e9grer\u00a0<a href=\"https:\/\/www.lefrancaisdesaffaires.fr\/tests-diplomes\/test-evaluation-francais-tef#etudes\"><strong>un \u00e9tablissement scolaire \/ universitaire<\/strong><\/a><\/li>\n<li style=\"text-align: left\">Obtenir la nationalit\u00e9 fran\u00e7aise ou suisse avec le\u00a0<a href=\"https:\/\/www.lefrancaisdesaffaires.fr\/tests-diplomes\/test-evaluation-francais-tef\/tef-naturalisation\/\"><strong>TEF Naturalisation<\/strong><\/a><\/li>\n<li style=\"text-align: left\">Obtenir la carte de r\u00e9sident en France avec le\u00a0<a href=\"https:\/\/www.lefrancaisdesaffaires.fr\/tests-diplomes\/test-evaluation-francais-tef\/tef-carte-de-resident\/\"><strong>TEF Carte de r\u00e9sident<\/strong><\/a><\/li>\n<li style=\"text-align: left\">Immigrer vers le Canada et obtenir la citoyennet\u00e9 canadienne avec le\u00a0<a href=\"https:\/\/www.lefrancaisdesaffaires.fr\/tests-diplomes\/test-evaluation-francais-tef\/tef-canada\/\"><strong>TEF Canada<\/strong><\/a><\/li>\n<li style=\"text-align: left\">Immigrer vers le Qu\u00e9bec avec le\u00a0<a href=\"https:\/\/www.lefrancaisdesaffaires.fr\/tests-diplomes\/test-evaluation-francais-tef\/tef-quebec-tefaq\/\"><strong>TEF Qu\u00e9bec (TEFAQ)<\/strong><\/a><\/li>\n<\/ul>\n\n\n<div style=\"height:26px\" aria-hidden=\"true\" class=\"wp-block-spacer\"><\/div>\n\n\n\n<h2 class=\"has-text-align-left wp-block-heading\">Quelles sont les \u00e9preuves du TEF ?<\/h2>\n\n\n\n<div style=\"height:20px\" aria-hidden=\"true\" class=\"wp-block-spacer\"><\/div>\n\n\n<h4 style=\"text-align: left\">Le TEF se compose de\u00a0<strong>5 \u00e9preuves<\/strong>\u00a0:<\/h4>\n<ul>\n<li style=\"text-align: left\">Compr\u00e9hension orale (CO)<\/li>\n<li style=\"text-align: left\">Compr\u00e9hension \u00e9crite (CE)<\/li>\n<li style=\"text-align: left\">Expression orale (EO)<\/li>\n<li style=\"text-align: left\">Expression \u00e9crite (EE)<\/li>\n<li style=\"text-align: left\">Lexique et structure (LS)\u00a0<\/li>\n<\/ul>\n\n\n<p><\/p>\n\n\n\n<figure class=\"wp-block-image size-large\"><img loading=\"lazy\" decoding=\"async\" width=\"945\" height=\"630\" src=\"https:\/\/afrus.ru\/nijni-novgorod\/wp-content\/uploads\/sites\/40\/2021\/01\/TEF.png\" alt=\"\" class=\"wp-image-4701\" srcset=\"https:\/\/afrus.ru\/nijni-novgorod\/wp-content\/uploads\/sites\/40\/2021\/01\/TEF.png 945w, https:\/\/afrus.ru\/nijni-novgorod\/wp-content\/uploads\/sites\/40\/2021\/01\/TEF-300x200.png 300w, https:\/\/afrus.ru\/nijni-novgorod\/wp-content\/uploads\/sites\/40\/2021\/01\/TEF-768x512.png 768w\" sizes=\"(max-width: 945px) 100vw, 945px\" \/><\/figure>\n\n\n\n<div style=\"height:20px\" aria-hidden=\"true\" class=\"wp-block-spacer\"><\/div>\n\n\n\n<h3 class=\"has-text-align-left wp-block-heading\"><strong>Tarifs&nbsp;: \u00e0 partir de 8000RU&nbsp;<\/strong><\/h3>\n\n\n\n<div style=\"height:27px\" aria-hidden=\"true\" class=\"wp-block-spacer\"><\/div>\n\n\n\n<h2 class=\"has-text-align-left wp-block-heading\"><strong>S\u2019inscrire \u00e0 l\u2019examen \/ s\u2019inscrire au cours <\/strong><\/h2>\n\n\n\n<div style=\"height:20px\" aria-hidden=\"true\" class=\"wp-block-spacer\"><\/div>\n\n\n\n<p class=\"has-text-align-left\"><strong>Pour s&#8217;inscrire contactez notre responsable p\u00e9dagogique au +7 (831) 437-81-35,\u00a0+7 (987) 54 04 126<\/strong><\/p>\n\n\n\n<p class=\"has-text-align-left\"><strong>e-mail: <\/strong><a href=\"mailto:cours.nijni-novgorod@afrus.ru\">cours.nijni-novgorod@afrus.ru<\/a><\/p>\n\n\n\n<div class=\"wp-block-image\"><figure class=\"alignleft size-medium\"><img loading=\"lazy\" decoding=\"async\" width=\"300\" height=\"293\" src=\"https:\/\/afrus.ru\/nijni-novgorod\/wp-content\/uploads\/sites\/40\/2021\/01\/265_oooo.plus_-300x293.png\" alt=\"\" class=\"wp-image-4612\" srcset=\"https:\/\/afrus.ru\/nijni-novgorod\/wp-content\/uploads\/sites\/40\/2021\/01\/265_oooo.plus_-300x293.png 300w, https:\/\/afrus.ru\/nijni-novgorod\/wp-content\/uploads\/sites\/40\/2021\/01\/265_oooo.plus_.png 728w\" sizes=\"(max-width: 300px) 100vw, 300px\" \/><\/figure><\/div>\n\n\n\n<p class=\"has-text-align-left\"><strong>Irina SHAMANOVA<\/strong><\/p>\n\n\n\n<p class=\"has-text-align-left\"><em>Responsable p\u00e9dagogique<\/em>\u00a0<em>et du centre d\u2019examens<\/em><\/p>\n\n\n\n<div style=\"height:100px\" aria-hidden=\"true\" class=\"wp-block-spacer\"><\/div>\n","protected":false},"excerpt":{"rendered":"<p>Cr\u00e9\u00e9 en 1998 par la CCI Paris Ile-de-France, le\u00a0Test d\u2019\u00e9valuation de fran\u00e7ais\u00a0(TEF)\u00a0est un test de r\u00e9f\u00e9rence internationale qui mesure votre niveau de connaissances et de comp\u00e9tences en fran\u00e7ais. La validit\u00e9 des r\u00e9sultats est de\u00a0deux ans. Le TEF est reconnu officiellement par :\u00a0 \u2022 le minist\u00e8re fran\u00e7ais de l\u2019\u00c9ducation nationale\u2022 le minist\u00e8re de l\u2019Enseignement sup\u00e9rieur, de [&hellip;]<\/p>\n","protected":false},"author":13,"featured_media":1430,"parent":0,"menu_order":0,"comment_status":"closed","ping_status":"closed","template":"","meta":{"inline_featured_image":false,"footnotes":""},"class_list":["post-4694","page","type-page","status-publish","has-post-thumbnail","hentry"],"_links":{"self":[{"href":"https:\/\/afrus.ru\/nijni-novgorod\/wp-json\/wp\/v2\/pages\/4694"}],"collection":[{"href":"https:\/\/afrus.ru\/nijni-novgorod\/wp-json\/wp\/v2\/pages"}],"about":[{"href":"https:\/\/afrus.ru\/nijni-novgorod\/wp-json\/wp\/v2\/types\/page"}],"author":[{"embeddable":true,"href":"https:\/\/afrus.ru\/nijni-novgorod\/wp-json\/wp\/v2\/users\/13"}],"replies":[{"embeddable":true,"href":"https:\/\/afrus.ru\/nijni-novgorod\/wp-json\/wp\/v2\/comments?post=4694"}],"version-history":[{"count":13,"href":"https:\/\/afrus.ru\/nijni-novgorod\/wp-json\/wp\/v2\/pages\/4694\/revisions"}],"predecessor-version":[{"id":4715,"href":"https:\/\/afrus.ru\/nijni-novgorod\/wp-json\/wp\/v2\/pages\/4694\/revisions\/4715"}],"wp:featuredmedia":[{"embeddable":true,"href":"https:\/\/afrus.ru\/nijni-novgorod\/wp-json\/wp\/v2\/media\/1430"}],"wp:attachment":[{"href":"https:\/\/afrus.ru\/nijni-novgorod\/wp-json\/wp\/v2\/media?parent=4694"}],"curies":[{"name":"wp","href":"https:\/\/api.w.org\/{rel}","templated":true}]}}