{"id":4765,"date":"2021-01-20T18:23:39","date_gmt":"2021-01-20T15:23:39","guid":{"rendered":"http:\/\/afrus.ru\/nijni-novgorod\/?page_id=4765"},"modified":"2021-01-20T18:24:18","modified_gmt":"2021-01-20T15:24:18","slug":"traduction-et-interpretariat","status":"publish","type":"page","link":"https:\/\/afrus.ru\/nijni-novgorod\/fr\/traduction-et-interpretariat\/","title":{"rendered":"Traduction et interpr\u00e9tariat"},"content":{"rendered":"<p style=\"text-align: left\">Nous vous proposons nos services de\u00a0:<\/p>\n<ul>\n<li style=\"text-align: left\">Traduction\u00a0: textes litt\u00e9raires, textes techniques, documents administratifs*<\/li>\n<li style=\"text-align: left\">Interpr\u00e9tariat\u00a0: conf\u00e9rences, tables rondes, entretiens, \u00a0accueil de d\u00e9l\u00e9gations et de personnalit\u00e9s, festivals<\/li>\n<\/ul>\n<hr \/>\n<p style=\"text-align: left\">*Si vous le souhaitez, nous nous chargeons de faire certifier vos documents devant Notaire. Co\u00fbt\u00a0: 700RU<\/p>\n\n\n<p><\/p>\n","protected":false},"excerpt":{"rendered":"<p>Nous vous proposons nos services de\u00a0: Traduction\u00a0: textes litt\u00e9raires, textes techniques, documents administratifs* Interpr\u00e9tariat\u00a0: conf\u00e9rences, tables rondes, entretiens, \u00a0accueil de d\u00e9l\u00e9gations et de personnalit\u00e9s, festivals *Si vous le souhaitez, nous nous chargeons de faire certifier vos documents devant Notaire. Co\u00fbt\u00a0: 700RU<\/p>\n","protected":false},"author":13,"featured_media":3367,"parent":0,"menu_order":0,"comment_status":"closed","ping_status":"closed","template":"","meta":{"inline_featured_image":false,"footnotes":""},"class_list":["post-4765","page","type-page","status-publish","has-post-thumbnail","hentry"],"_links":{"self":[{"href":"https:\/\/afrus.ru\/nijni-novgorod\/wp-json\/wp\/v2\/pages\/4765"}],"collection":[{"href":"https:\/\/afrus.ru\/nijni-novgorod\/wp-json\/wp\/v2\/pages"}],"about":[{"href":"https:\/\/afrus.ru\/nijni-novgorod\/wp-json\/wp\/v2\/types\/page"}],"author":[{"embeddable":true,"href":"https:\/\/afrus.ru\/nijni-novgorod\/wp-json\/wp\/v2\/users\/13"}],"replies":[{"embeddable":true,"href":"https:\/\/afrus.ru\/nijni-novgorod\/wp-json\/wp\/v2\/comments?post=4765"}],"version-history":[{"count":2,"href":"https:\/\/afrus.ru\/nijni-novgorod\/wp-json\/wp\/v2\/pages\/4765\/revisions"}],"predecessor-version":[{"id":4768,"href":"https:\/\/afrus.ru\/nijni-novgorod\/wp-json\/wp\/v2\/pages\/4765\/revisions\/4768"}],"wp:featuredmedia":[{"embeddable":true,"href":"https:\/\/afrus.ru\/nijni-novgorod\/wp-json\/wp\/v2\/media\/3367"}],"wp:attachment":[{"href":"https:\/\/afrus.ru\/nijni-novgorod\/wp-json\/wp\/v2\/media?parent=4765"}],"curies":[{"name":"wp","href":"https:\/\/api.w.org\/{rel}","templated":true}]}}