{"id":16319,"date":"2024-03-15T12:31:25","date_gmt":"2024-03-15T09:31:25","guid":{"rendered":"http:\/\/afrus.ru\/novossibirsk\/?page_id=16319"},"modified":"2024-03-20T07:55:09","modified_gmt":"2024-03-20T04:55:09","slug":"francophonie-en-ligne-21-mars","status":"publish","type":"page","link":"https:\/\/afrus.ru\/novossibirsk\/francophonie-en-ligne-21-mars\/","title":{"rendered":"\u041c\u0435\u0440\u043e\u043f\u0440\u0438\u044f\u0442\u0438\u044f \u043f\u043e \u0441\u043b\u0443\u0447\u0430\u044e \u0414\u043d\u0435\u0439 \u0444\u0440\u0430\u043d\u043a\u043e\u0444\u043e\u043d\u0438\u0438-2024 \u043e\u043d\u043b\u0430\u0439\u043d"},"content":{"rendered":"\n<p class=\"has-text-align-center\">\u0412 \u0447\u0435\u0441\u0442\u044c \u043f\u0440\u0430\u0437\u0434\u043d\u043e\u0432\u0430\u043d\u0438\u044f \u0414\u043d\u0435\u0439 \u0444\u0440\u0430\u043d\u043a\u043e\u0444\u043e\u043d\u0438\u0438 \u041e\u0442\u0434\u0435\u043b \u0444\u0440\u0430\u043d\u0446\u0443\u0437\u0441\u043a\u043e\u0433\u043e \u044f\u0437\u044b\u043a\u0430 \u0438 \u043e\u0431\u0440\u0430\u0437\u043e\u0432\u0430\u043d\u0438\u044f \u0424\u0440\u0430\u043d\u0446\u0443\u0437\u0441\u043a\u043e\u0433\u043e \u0438\u043d\u0441\u0442\u0438\u0442\u0443\u0442\u0430 \u0420\u043e\u0441\u0441\u0438\u0438 \u043f\u0440\u0438\u0433\u043b\u0430\u0448\u0430\u0435\u0442 \u0432\u0430\u0441 \u043f\u0440\u0438\u043d\u044f\u0442\u044c \u0443\u0447\u0430\u0441\u0442\u0438\u0435 \u0432 \u0441\u0435\u0440\u0438\u0438 \u043e\u043d\u043b\u0430\u0439\u043d-\u043c\u0435\u0440\u043e\u043f\u0440\u0438\u044f\u0442\u0438\u0439, \u043e\u0442\u043a\u0440\u044b\u0442\u044b\u0445 \u0434\u043b\u044f \u043f\u0440\u0435\u043f\u043e\u0434\u0430\u0432\u0430\u0442\u0435\u043b\u0435\u0439, \u0431\u0443\u0434\u0443\u0449\u0438\u0445 \u043f\u0440\u0435\u043f\u043e\u0434\u0430\u0432\u0430\u0442\u0435\u043b\u0435\u0439, \u0441\u0442\u0443\u0434\u0435\u043d\u0442\u043e\u0432 \u0438 \u0438\u0437\u0443\u0447\u0430\u044e\u0449\u0438\u0445 \u0444\u0440\u0430\u043d\u0446\u0443\u0437\u0441\u043a\u0438\u0439 \u044f\u0437\u044b\u043a \u0432 \u0420\u043e\u0441\u0441\u0438\u0438. <\/p>\n\n\n\n<h2 class=\"wp-block-heading\"><strong>\u041f\u0440\u043e\u0433\u0440\u0430\u043c\u043c\u0430 21 \u043c\u0430\u0440\u0442\u0430<\/strong> <\/h2>\n\n\n\n<p>(\u0443\u043a\u0430\u0437\u0430\u043d\u043e \u041c\u043e\u0441\u043a\u043e\u0432\u0441\u043a\u043e\u0435 \u0432\u0440\u0435\u043c\u044f)<\/p>\n\n\n\n<p class=\"has-text-align-left\"><strong>10:00 &#8212; Conf\u00e9rence d\u2019ouverture, <\/strong><em>\u00ab 2024, ann\u00e9e francophone en France, dans le monde et en Russie \u00bb<\/em><\/p>\n\n\n\n<p class=\"has-text-align-left\">\u0412\u044b\u0441\u0442\u0443\u043f\u0438\u0442 \u0433-\u043d \u0410\u043b\u0435\u043a\u0441\u0430\u043d\u0434\u0440 \u0414\u0416\u041e\u0420\u0414\u0416\u0418\u041d\u0418, \u0441\u043e\u0432\u0435\u0442\u043d\u0438\u043a \u043f\u043e \u0441\u043e\u0442\u0440\u0443\u0434\u043d\u0438\u0447\u0435\u0441\u0442\u0432\u0443 \u0438 \u043a\u0443\u043b\u044c\u0442\u0443\u0440\u0435, \u043f\u0440\u043e\u0444\u0435\u0441\u0441\u0438\u043e\u043d\u0430\u043b\u044c\u043d\u044b\u0439 \u0434\u0438\u043f\u043b\u043e\u043c\u0430\u0442, \u0441\u043f\u0435\u0446\u0438\u0430\u043b\u0438\u0441\u0442 \u043f\u043e \u0438\u0441\u0442\u043e\u0440\u0438\u0438 \u0438 \u0432\u044b\u043f\u0443\u0441\u043a\u043d\u0438\u043a \u0412\u044b\u0441\u0448\u0435\u0439 \u043d\u043e\u0440\u043c\u0430\u043b\u044c\u043d\u043e\u0439 \u0448\u043a\u043e\u043b\u044b ENA, \u0440\u0430\u0431\u043e\u0442\u0430\u043b \u0432 \u0418\u0442\u0430\u043b\u0438\u0438 \u0438 \u041a\u0438\u0442\u0430\u0435.<\/p>\n\n\n\n<p class=\"has-text-align-left\"><strong>11:00 &#8212; Dict\u00e9e des diplomates francophones<\/strong><\/p>\n\n\n\n<p class=\"has-text-align-left\"><strong>12:00 &#8212; Pr\u00e9sentation de la Cit\u00e9 internationale de la langue fran\u00e7aise &#8212; Ch\u00e2teau de Villers-Cotter\u00eats <\/strong><em>\u00ab D\u2019un ch\u00e2teau Renaissance \u00e0 un \u00e9quipement culturel enti\u00e8rement d\u00e9di\u00e9 \u00e0 la langue fran\u00e7aise \u00bb<\/em><\/p>\n\n\n\n<p class=\"has-text-align-left\">\u0412\u044b \u0441\u043c\u043e\u0436\u0435\u0442\u0435 \u043f\u043e\u0437\u043d\u0430\u043a\u043e\u043c\u0438\u0442\u044c\u0441\u044f \u0441 \u0438\u0441\u0442\u043e\u0440\u0438\u0435\u0439 \u043b\u0435\u0433\u0435\u043d\u0434\u0430\u0440\u043d\u043e\u0433\u043e \u043c\u0435\u0441\u0442\u0430, \u0433\u0434\u0435 \u0432 1539 \u0433\u043e\u0434\u0443 \u0431\u044b\u043b\u043e \u043f\u043e\u0434\u043f\u0438\u0441\u0430\u043d\u043e \u043f\u043e\u0441\u0442\u0430\u043d\u043e\u0432\u043b\u0435\u043d\u0438\u0435 \u0412\u0438\u043b\u043b\u0435\u0440-\u041a\u043e\u0442\u0440\u0435, \u0430 \u0442\u0430\u043a\u0436\u0435 \u0441\u043e \u0432\u0442\u043e\u0440\u043e\u0439 \u043f\u043e \u0432\u0435\u043b\u0438\u0447\u0438\u043d\u0435 \u0440\u0435\u0441\u0442\u0430\u0432\u0440\u0430\u0446\u0438\u0435\u0439 \u0438\u0441\u0442\u043e\u0440\u0438\u0447\u0435\u0441\u043a\u043e\u0433\u043e \u043f\u0430\u043c\u044f\u0442\u043d\u0438\u043a\u0430 \u043f\u043e\u0441\u043b\u0435 \u0421\u043e\u0431\u043e\u0440\u0430 \u041f\u0430\u0440\u0438\u0436\u0441\u043a\u043e\u0439 \u0411\u043e\u0433\u043e\u043c\u0430\u0442\u0435\u0440\u0438 \u0438, \u043d\u0430\u043a\u043e\u043d\u0435\u0446, \u0441 \u0440\u043e\u0436\u0434\u0435\u043d\u0438\u0435\u043c \u043f\u0440\u043e\u0435\u043a\u0442\u0430 \u043c\u0435\u0436\u0434\u0443\u043d\u0430\u0440\u043e\u0434\u043d\u043e\u0433\u043e \u0433\u043e\u0440\u043e\u0434\u0430 \u0444\u0440\u0430\u043d\u0446\u0443\u0437\u0441\u043a\u043e\u0433\u043e \u044f\u0437\u044b\u043a\u0430.<\/p>\n\n\n\n<p class=\"has-text-align-left\">\u0421\u043f\u0438\u043a\u0435\u0440 &#8212; \u0433-\u0436\u0430 \u041a\u043b\u044d\u0440-\u042d\u043b\u0438\u0437 \u042e\u0411\u0415\u0420, \u0440\u0443\u043a\u043e\u0432\u043e\u0434\u0438\u0442\u0435\u043b\u044c \u043e\u0442\u0434\u0435\u043b\u0430 \u043f\u043e \u0441\u0432\u044f\u0437\u044f\u043c \u0441 \u043e\u0431\u0449\u0435\u0441\u0442\u0432\u0435\u043d\u043d\u043e\u0441\u0442\u044c\u044e \u0438 \u043e\u0431\u0443\u0447\u0435\u043d\u0438\u044e, \u041c\u0435\u0436\u0434\u0443\u043d\u0430\u0440\u043e\u0434\u043d\u044b\u0439 \u0446\u0435\u043d\u0442\u0440 \u0444\u0440\u0430\u043d\u0446\u0443\u0437\u0441\u043a\u043e\u0433\u043e \u044f\u0437\u044b\u043a\u0430, \u0426\u0435\u043d\u0442\u0440 \u043d\u0430\u0446\u0438\u043e\u043d\u0430\u043b\u044c\u043d\u044b\u0445 \u043f\u0430\u043c\u044f\u0442\u043d\u0438\u043a\u043e\u0432, \u0431\u044b\u0432\u0448\u0438\u0439 \u0430\u0442\u0442\u0430\u0448\u0435 \u043f\u043e \u0441\u043e\u0442\u0440\u0443\u0434\u043d\u0438\u0447\u0435\u0441\u0442\u0432\u0443 \u0444\u0440\u0430\u043d\u0446\u0443\u0437\u0441\u043a\u043e\u0433\u043e \u044f\u0437\u044b\u043a\u0430 \u0432 \u0420\u043e\u0441\u0441\u0438\u0438 \u0438 \u0411\u0435\u043b\u0430\u0440\u0443\u0441\u0438.<\/p>\n\n\n\n<p class=\"has-text-align-left\"><strong>14:00 &#8212; RV du jeudi &#8212; Sp\u00e9cial francophonie, en partenariat avec le CAVILAM-Alliance fran\u00e7aise de Vichy, <\/strong> <em>\u00ab<\/em> <em>Introduire le monde francophone en classe<\/em> <em>\u00bb<\/em> <\/p>\n\n\n\n<p class=\"has-text-align-left\">\u041a\u0430\u043a \u043d\u0430 \u0437\u0430\u043d\u044f\u0442\u0438\u0438 \u0440\u0430\u0441\u0441\u043a\u0430\u0437\u044b\u0432\u0430\u0442\u044c \u043e \u0444\u0440\u0430\u043d\u043a\u043e\u044f\u0437\u044b\u0447\u043d\u043e\u043c \u043c\u0438\u0440\u0435, \u043d\u0435 \u043f\u0440\u0435\u0432\u0440\u0430\u0449\u0430\u044f \u0435\u0433\u043e \u0432 \u043e\u0442\u0442\u0430\u043b\u043a\u0438\u0432\u0430\u044e\u0449\u0438\u0439 \u0443\u0440\u043e\u043a \u0441\u0442\u0440\u0430\u043d\u043e\u0432\u0435\u0434\u0435\u043d\u0438\u044f? <\/p>\n\n\n\n<p class=\"has-text-align-left\">\u0412\u0435\u0431\u0438\u043d\u0430\u0440 \u043f\u0440\u043e\u0434\u0435\u043c\u043e\u043d\u0441\u0442\u0440\u0438\u0440\u0443\u0435\u0442 \u043f\u043e\u0434\u0445\u043e\u0434, \u043e\u0441\u043d\u043e\u0432\u0430\u043d\u043d\u044b\u0439 \u043d\u0430 \u0430\u0443\u0442\u0435\u043d\u0442\u0438\u0447\u043d\u044b\u0445 \u043c\u0430\u0442\u0435\u0440\u0438\u0430\u043b\u0430\u0445 &#8212; \u0441\u0442\u0430\u0442\u044c\u044f\u0445, \u0432\u0438\u0434\u0435\u043e\u0440\u043e\u043b\u0438\u043a\u0430\u0445, \u043f\u0435\u0441\u043d\u044f\u0445, \u043b\u0438\u0442\u0435\u0440\u0430\u0442\u0443\u0440\u043d\u044b\u0445 \u0442\u0435\u043a\u0441\u0442\u0430\u0445, &#8212; \u043f\u0440\u0438 \u043a\u043e\u0442\u043e\u0440\u043e\u043c \u0432\u044b \u0435\u0441\u0442\u0435\u0441\u0442\u0432\u0435\u043d\u043d\u044b\u043c \u043e\u0431\u0440\u0430\u0437\u043e\u043c \u043f\u043e\u0437\u043d\u0430\u043a\u043e\u043c\u0438\u0442\u0435 \u043a\u043b\u0430\u0441\u0441 \u0441 \u0444\u0440\u0430\u043d\u043a\u043e\u044f\u0437\u044b\u0447\u043d\u044b\u043c \u043c\u0438\u0440\u043e\u043c. \u041f\u0440\u0435\u043f\u043e\u0434\u0430\u0432\u0430\u0442\u0435\u043b\u0438 \u0438 \u0443\u0447\u0430\u0449\u0438\u0435\u0441\u044f \u0441\u043c\u043e\u0433\u0443\u0442 \u0440\u0430\u0441\u0448\u0438\u0440\u0438\u0442\u044c \u0441\u0432\u043e\u0438 \u043e\u0440\u0438\u0435\u043d\u0442\u0438\u0440\u044b \u0438 \u043e\u0442\u043a\u0440\u044b\u0442\u044c \u0434\u043b\u044f \u0441\u0435\u0431\u044f \u0436\u0438\u0432\u0443\u044e \u0438 \u0430\u043a\u0442\u0443\u0430\u043b\u044c\u043d\u0443\u044e \u0424\u0440\u0430\u043d\u043a\u043e\u0444\u043e\u043d\u0438\u044e.<\/p>\n\n\n\n<p class=\"has-text-align-left\">\u0414\u043b\u044f \u0443\u0447\u0430\u0441\u0442\u0438\u044f \u0432 \u043c\u0435\u0440\u043e\u043f\u0440\u0438\u044f\u0442\u0438\u044f\u0445 \u043d\u0435\u043e\u0431\u0445\u043e\u0434\u0438\u043c\u043e <strong>\u0437\u0430\u0440\u0435\u0433\u0438\u0441\u0442\u0440\u0438\u0440\u043e\u0432\u0430\u0442\u044c\u0441\u044f<a rel=\"noreferrer noopener\" href=\"https:\/\/seminaires-ifr.fr\/user\/login?destination=seminaires\/journees-de-la-francophonie-2024\" target=\"_blank\"> \u043f\u043e \u0441\u0441\u044b\u043b\u043a\u0435.<\/a><\/strong><\/p>\n\n\n\n<p class=\"has-text-align-left\">\u0420\u0435\u0433\u0438\u0441\u0442\u0440\u0430\u0446\u0438\u044f \u043e\u0442\u043a\u0440\u044b\u0442\u0430 \u0434\u043e&nbsp;<strong>\u0441\u0440\u0435\u0434\u044b 20 \u043c\u0430\u0440\u0442\u0430, 10 \u0443\u0442\u0440\u0430 (\u043f\u043e \u043c\u043e\u0441\u043a\u043e\u0432\u0441\u043a\u043e\u043c\u0443 \u0432\u0440\u0435\u043c\u0435\u043d\u0438)<\/strong>, \u043f\u0440\u0438 \u043d\u0430\u043b\u0438\u0447\u0438\u0438 \u0441\u0432\u043e\u0431\u043e\u0434\u043d\u044b\u0445 \u043c\u0435\u0441\u0442. <\/p>\n","protected":false},"excerpt":{"rendered":"<p>\u0412 \u0447\u0435\u0441\u0442\u044c \u043f\u0440\u0430\u0437\u0434\u043d\u043e\u0432\u0430\u043d\u0438\u044f \u0414\u043d\u0435\u0439 \u0444\u0440\u0430\u043d\u043a\u043e\u0444\u043e\u043d\u0438\u0438 \u041e\u0442\u0434\u0435\u043b \u0444\u0440\u0430\u043d\u0446\u0443\u0437\u0441\u043a\u043e\u0433\u043e \u044f\u0437\u044b\u043a\u0430 \u0438 \u043e\u0431\u0440\u0430\u0437\u043e\u0432\u0430\u043d\u0438\u044f \u0424\u0440\u0430\u043d\u0446\u0443\u0437\u0441\u043a\u043e\u0433\u043e \u0438\u043d\u0441\u0442\u0438\u0442\u0443\u0442\u0430 \u0420\u043e\u0441\u0441\u0438\u0438 \u043f\u0440\u0438\u0433\u043b\u0430\u0448\u0430\u0435\u0442 \u0432\u0430\u0441 \u043f\u0440\u0438\u043d\u044f\u0442\u044c \u0443\u0447\u0430\u0441\u0442\u0438\u0435 \u0432 \u0441\u0435\u0440\u0438\u0438 \u043e\u043d\u043b\u0430\u0439\u043d-\u043c\u0435\u0440\u043e\u043f\u0440\u0438\u044f\u0442\u0438\u0439, \u043e\u0442\u043a\u0440\u044b\u0442\u044b\u0445 \u0434\u043b\u044f \u043f\u0440\u0435\u043f\u043e\u0434\u0430\u0432\u0430\u0442\u0435\u043b\u0435\u0439, \u0431\u0443\u0434\u0443\u0449\u0438\u0445 \u043f\u0440\u0435\u043f\u043e\u0434\u0430\u0432\u0430\u0442\u0435\u043b\u0435\u0439, \u0441\u0442\u0443\u0434\u0435\u043d\u0442\u043e\u0432 \u0438 \u0438\u0437\u0443\u0447\u0430\u044e\u0449\u0438\u0445 \u0444\u0440\u0430\u043d\u0446\u0443\u0437\u0441\u043a\u0438\u0439 \u044f\u0437\u044b\u043a \u0432 \u0420\u043e\u0441\u0441\u0438\u0438. \u041f\u0440\u043e\u0433\u0440\u0430\u043c\u043c\u0430 21 \u043c\u0430\u0440\u0442\u0430 (\u0443\u043a\u0430\u0437\u0430\u043d\u043e \u041c\u043e\u0441\u043a\u043e\u0432\u0441\u043a\u043e\u0435 \u0432\u0440\u0435\u043c\u044f) 10:00 &#8212; Conf\u00e9rence d\u2019ouverture, \u00ab 2024, ann\u00e9e francophone en France, dans le monde et en Russie \u00bb [&hellip;]<\/p>\n","protected":false},"author":7,"featured_media":16294,"parent":0,"menu_order":0,"comment_status":"closed","ping_status":"closed","template":"","meta":{"inline_featured_image":false,"footnotes":""},"class_list":["post-16319","page","type-page","status-publish","has-post-thumbnail","hentry"],"_links":{"self":[{"href":"https:\/\/afrus.ru\/novossibirsk\/wp-json\/wp\/v2\/pages\/16319"}],"collection":[{"href":"https:\/\/afrus.ru\/novossibirsk\/wp-json\/wp\/v2\/pages"}],"about":[{"href":"https:\/\/afrus.ru\/novossibirsk\/wp-json\/wp\/v2\/types\/page"}],"author":[{"embeddable":true,"href":"https:\/\/afrus.ru\/novossibirsk\/wp-json\/wp\/v2\/users\/7"}],"replies":[{"embeddable":true,"href":"https:\/\/afrus.ru\/novossibirsk\/wp-json\/wp\/v2\/comments?post=16319"}],"version-history":[{"count":12,"href":"https:\/\/afrus.ru\/novossibirsk\/wp-json\/wp\/v2\/pages\/16319\/revisions"}],"predecessor-version":[{"id":16399,"href":"https:\/\/afrus.ru\/novossibirsk\/wp-json\/wp\/v2\/pages\/16319\/revisions\/16399"}],"wp:featuredmedia":[{"embeddable":true,"href":"https:\/\/afrus.ru\/novossibirsk\/wp-json\/wp\/v2\/media\/16294"}],"wp:attachment":[{"href":"https:\/\/afrus.ru\/novossibirsk\/wp-json\/wp\/v2\/media?parent=16319"}],"curies":[{"name":"wp","href":"https:\/\/api.w.org\/{rel}","templated":true}]}}