{"id":4535,"date":"2021-03-30T23:45:03","date_gmt":"2021-03-30T20:45:03","guid":{"rendered":"http:\/\/afrus.ru\/novossibirsk\/?page_id=4535"},"modified":"2021-03-30T23:45:04","modified_gmt":"2021-03-30T20:45:04","slug":"concours-de-bandes-dessinees-vers-les-etoiles","status":"publish","type":"page","link":"https:\/\/afrus.ru\/novossibirsk\/fr\/concours-de-bandes-dessinees-vers-les-etoiles\/","title":{"rendered":"Concours de bandes dessin\u00e9es \u00abVers les \u00e9toiles\u00bb"},"content":{"rendered":"\n<p class=\"has-text-align-left\">Dans le cadre de l&#8217;ann\u00e9e de la bande dessin\u00e9e en France &#171;BD 2020 &#8212; 21&#187;\u00a0 l&#8217;Alliance fran\u00e7aise de Novossibirsk, organise un concours de bandes dessin\u00e9es en collaboration avec le lyc\u00e9e de Brest, le lyc\u00e9e Mongazon d\u2019Angers et l<a href=\"https:\/\/vk.com\/id625741091\">\u2019association \u00abL\u2019Ours et le Coq\u00bb<\/a> (France), l\u2019Universit\u00e9 d\u2019Etat d\u2019architecture et du design de Novossibirsk (Russie), et avec le soutien de l&#8217;Institut Fran\u00e7ais en Russie, de Campus France et du Dialogue de Trianon.<\/p>\n\n\n\n<p><strong>Qui peut participer au concours ?<\/strong><\/p>\n\n\n\n<p>Le concours est ouvert aux participants russes et fran\u00e7ais de tous \u00e2ges ayant \u00e9tudi\u00e9 ou \u00e9tudiant le fran\u00e7ais ou le russe langue \u00e9trang\u00e8re. Les cat\u00e9gories sont : 7-10 ans, 11-14 ans, 15-17 ans et 18 ans et plus.<\/p>\n\n\n\n<p><strong>Que faut- il faire ?<\/strong><\/p>\n\n\n\n<p>Il faut imaginer une histoire et cr\u00e9er une bande dessin\u00e9e sur le th\u00e8me de l&#8217;espace : &#171;Vers les \u00e9toiles&#187;. Votre intrigue peut \u00eatre bas\u00e9e sur des histoires de cosmonautes fran\u00e7ais et russes, des vols conjoints, aborder les probl\u00e8mes environnementaux li\u00e9s \u00e0 l&#8217;exploration spatiale.<\/p>\n\n\n\n<p>Votre BD doit obligatoirement : avoir un titre, faire 1 \u00e0 3 pages, contenir au minimum 6 cases dont 4 avec au moins une bulle avec du texte. Les travaux individuels et collectifs sont accept\u00e9s.<\/p>\n\n\n\n<p>Vous pourrez envoyer vos bandes dessin\u00e9es par mail ou les rendre en main propre au bureau de l\u2019Alliance fran\u00e7aise. Chacune des planches de votre BD doit \u00eatre r\u00e9alis\u00e9e sur le recto de la page. Toutes les techniques sont autoris\u00e9es, y compris par ordinateur avec un logiciel sp\u00e9cial, applications, etc.<\/p>\n\n\n\n<p><strong>Le jury<\/strong><\/p>\n\n\n\n<p>Le jury est compos\u00e9 de sp\u00e9cialistes du domaine de la culture, des arts visuels et de la langue fran\u00e7aise et russe. Voici les crit\u00e8res selon lesquels les travaux seront \u00e9valu\u00e9s:<\/p>\n\n\n\n<p>\u2022 Aspect artistique et originalit\u00e9 &#8212; 10 points<\/p>\n\n\n\n<p>\u2022 Respect du th\u00e8me du concours et coh\u00e9rence avec le sujet &#8212; 5 points<\/p>\n\n\n\n<p>\u2022 Russe (ou fran\u00e7ais) comme langue \u00e9trang\u00e8re &#8212; 5 points<\/p>\n\n\n\n<p><strong>Les prix<\/strong><\/p>\n\n\n\n<p>Chaque participant recevra un certificat. Les laur\u00e9ats du concours recevront des cadeaux des organisateurs et partenaires: livres, bandes dessin\u00e9es, souvenirs.<\/p>\n\n\n\n<p>Les BD laur\u00e9ates seront pr\u00e9sent\u00e9es \u00e0 Novossibirsk, \u00e0 Angers et \u00e0 Brest (France), et publi\u00e9es sur le site internet des organisateurs et partenaires.<\/p>\n\n\n\n<p><strong>R\u00e9ception des BD jusqu\u2019au 15 mai 2021 (inclus)<\/strong><\/p>\n\n\n\n<p>Pour valider votre candidature, il est imp\u00e9ratif de <a href=\"https:\/\/docs.google.com\/forms\/d\/e\/1FAIpQLSdpnwuWq8Q0fS5_Gef3tIx5FLpeiUVvtd19Tqvu9AspUPRQhg\/viewform\">remplir le formulaire \u00e9lectronique<\/a> de participation sur le site de l&#8217;Alliance Fran\u00e7aise de Novossibirsk et d\u2019envoyer votre BD par e-mail \u00e0 <a href=\"mailto:afnskbd@gmail.com\">afnskbd@gmail.com<\/a>, en pr\u00e9cisant en objet : CONCOURS BD 2021. Format Jpeg, jpg, png ou pdf.<\/p>\n\n\n\n<p>Bonne chance \u00e0 tous !<br><\/p>\n\n\n\n<p class=\"has-text-align-left\"><br><\/p>\n","protected":false},"excerpt":{"rendered":"<p>Dans le cadre de l&#8217;ann\u00e9e de la bande dessin\u00e9e en France &#171;BD 2020 &#8212; 21&#187;\u00a0 l&#8217;Alliance fran\u00e7aise de Novossibirsk, organise un concours de bandes dessin\u00e9es en collaboration avec le lyc\u00e9e de Brest, le lyc\u00e9e Mongazon d\u2019Angers et l\u2019association \u00abL\u2019Ours et le Coq\u00bb (France), l\u2019Universit\u00e9 d\u2019Etat d\u2019architecture et du design de Novossibirsk (Russie), et avec le [&hellip;]<\/p>\n","protected":false},"author":7,"featured_media":3916,"parent":0,"menu_order":0,"comment_status":"closed","ping_status":"closed","template":"","meta":{"inline_featured_image":false,"footnotes":""},"class_list":["post-4535","page","type-page","status-publish","has-post-thumbnail","hentry"],"_links":{"self":[{"href":"https:\/\/afrus.ru\/novossibirsk\/wp-json\/wp\/v2\/pages\/4535"}],"collection":[{"href":"https:\/\/afrus.ru\/novossibirsk\/wp-json\/wp\/v2\/pages"}],"about":[{"href":"https:\/\/afrus.ru\/novossibirsk\/wp-json\/wp\/v2\/types\/page"}],"author":[{"embeddable":true,"href":"https:\/\/afrus.ru\/novossibirsk\/wp-json\/wp\/v2\/users\/7"}],"replies":[{"embeddable":true,"href":"https:\/\/afrus.ru\/novossibirsk\/wp-json\/wp\/v2\/comments?post=4535"}],"version-history":[{"count":1,"href":"https:\/\/afrus.ru\/novossibirsk\/wp-json\/wp\/v2\/pages\/4535\/revisions"}],"predecessor-version":[{"id":4536,"href":"https:\/\/afrus.ru\/novossibirsk\/wp-json\/wp\/v2\/pages\/4535\/revisions\/4536"}],"wp:featuredmedia":[{"embeddable":true,"href":"https:\/\/afrus.ru\/novossibirsk\/wp-json\/wp\/v2\/media\/3916"}],"wp:attachment":[{"href":"https:\/\/afrus.ru\/novossibirsk\/wp-json\/wp\/v2\/media?parent=4535"}],"curies":[{"name":"wp","href":"https:\/\/api.w.org\/{rel}","templated":true}]}}