{"id":644,"date":"2018-03-07T00:00:00","date_gmt":"2018-03-06T21:00:00","guid":{"rendered":"http:\/\/afrus.ru\/novossibirsk\/journees-de-la-francophonie-2018\/"},"modified":"2024-06-14T11:31:02","modified_gmt":"2024-06-14T08:31:02","slug":"bienvenue","status":"publish","type":"page","link":"https:\/\/afrus.ru\/novossibirsk\/fr\/bienvenue\/","title":{"rendered":"Bienvenue \u00e0 Novossibirsk"},"content":{"rendered":"\n<h2 class=\"wp-block-heading\">Novossibirsk<\/h2>\n\n\n\n<p class=\"has-drop-cap\">Troisi\u00e8me ville de la Russie, Novossibirsk est une ville pleine de bonnes surprises ! Il s\u2019agit de la principale m\u00e9tropole russe \u00e0 l\u2019Est de l\u2019Oural, et du chef-lieu de la r\u00e9gion. La ville est \u00e9galement un important noeud ferroviaire sur la voie du Transsib\u00e9rien, un port fluvial sur l\u2019Ob et un grand centre industriel, administratif, culturel et scientifique.<\/p>\n","protected":false},"excerpt":{"rendered":"<p>Novossibirsk Troisi\u00e8me ville de la Russie, Novossibirsk est une ville pleine de bonnes surprises ! Il s\u2019agit de la principale m\u00e9tropole russe \u00e0 l\u2019Est de l\u2019Oural, et du chef-lieu de la r\u00e9gion. La ville est \u00e9galement un important noeud ferroviaire sur la voie du Transsib\u00e9rien, un port fluvial sur l\u2019Ob et un grand centre industriel, [&hellip;]<\/p>\n","protected":false},"author":1,"featured_media":17948,"parent":0,"menu_order":0,"comment_status":"closed","ping_status":"closed","template":"","meta":{"inline_featured_image":false,"footnotes":""},"class_list":["post-644","page","type-page","status-publish","has-post-thumbnail","hentry"],"_links":{"self":[{"href":"https:\/\/afrus.ru\/novossibirsk\/wp-json\/wp\/v2\/pages\/644"}],"collection":[{"href":"https:\/\/afrus.ru\/novossibirsk\/wp-json\/wp\/v2\/pages"}],"about":[{"href":"https:\/\/afrus.ru\/novossibirsk\/wp-json\/wp\/v2\/types\/page"}],"author":[{"embeddable":true,"href":"https:\/\/afrus.ru\/novossibirsk\/wp-json\/wp\/v2\/users\/1"}],"replies":[{"embeddable":true,"href":"https:\/\/afrus.ru\/novossibirsk\/wp-json\/wp\/v2\/comments?post=644"}],"version-history":[{"count":20,"href":"https:\/\/afrus.ru\/novossibirsk\/wp-json\/wp\/v2\/pages\/644\/revisions"}],"predecessor-version":[{"id":17959,"href":"https:\/\/afrus.ru\/novossibirsk\/wp-json\/wp\/v2\/pages\/644\/revisions\/17959"}],"wp:featuredmedia":[{"embeddable":true,"href":"https:\/\/afrus.ru\/novossibirsk\/wp-json\/wp\/v2\/media\/17948"}],"wp:attachment":[{"href":"https:\/\/afrus.ru\/novossibirsk\/wp-json\/wp\/v2\/media?parent=644"}],"curies":[{"name":"wp","href":"https:\/\/api.w.org\/{rel}","templated":true}]}}