{"id":2407,"date":"2017-08-05T00:00:00","date_gmt":"2017-08-04T21:00:00","guid":{"rendered":"http:\/\/afrus.ru\/perm\/niveau-a2-survie\/"},"modified":"2025-08-22T17:26:43","modified_gmt":"2025-08-22T12:26:43","slug":"niveau-a2-survie","status":"publish","type":"page","link":"https:\/\/afrus.ru\/perm\/niveau-a2-survie\/","title":{"rendered":"Niveau A2 : survie"},"content":{"rendered":"\n<div class=\"wp-block-media-text alignwide\"><figure class=\"wp-block-media-text__media\"><img loading=\"lazy\" decoding=\"async\" width=\"831\" height=\"550\" src=\"http:\/\/afrus.ru\/perm\/wp-content\/uploads\/sites\/35\/2020\/06\/pastilles-apprendre-niveau-progression-a2-rectangle.png\" alt=\"\" class=\"wp-image-3418 size-full\" srcset=\"https:\/\/afrus.ru\/perm\/wp-content\/uploads\/sites\/35\/2020\/06\/pastilles-apprendre-niveau-progression-a2-rectangle.png 831w, https:\/\/afrus.ru\/perm\/wp-content\/uploads\/sites\/35\/2020\/06\/pastilles-apprendre-niveau-progression-a2-rectangle-300x199.png 300w, https:\/\/afrus.ru\/perm\/wp-content\/uploads\/sites\/35\/2020\/06\/pastilles-apprendre-niveau-progression-a2-rectangle-768x508.png 768w\" sizes=\"(max-width: 831px) 100vw, 831px\" \/><\/figure><div class=\"wp-block-media-text__content\">\n<h2 class=\"wp-block-heading\">\u00ab\u0423\u0440\u043e\u0432\u0435\u043d\u044c \u0432\u044b\u0436\u0438\u0432\u0430\u043d\u0438\u044f\u00bb<\/h2>\n\n\n\n<p>\u0421\u0440\u0435\u0434\u043d\u044f\u044f \u043f\u0440\u043e\u0434\u043e\u043b\u0436\u0438\u0442\u0435\u043b\u044c\u043d\u043e\u0441\u0442\u044c \u0438\u0437\u0443\u0447\u0435\u043d\u0438\u044f \u044f\u0437\u044b\u043a\u0430: 240 \u0447\u0430\u0441. (\u04101+120 \u0447\u0430\u0441.) <\/p>\n\n\n\n<p> \u041c\u043e\u0434\u0443\u043b\u0438 \u04102.1 \u0438 \u04102.2 <\/p>\n<\/div><\/div>\n\n\n<p>\u041f\u043e \u0434\u043e\u0441\u0442\u0438\u0436\u0435\u043d\u0438\u0438 \u0443\u0440\u043e\u0432\u043d\u044f \u04102 \u044f\u0437\u044b\u043a\u043e\u0432\u043e\u0439 \u043f\u043e\u043b\u044c\u0437\u043e\u0432\u0430\u0442\u0435\u043b\u044c \u043c\u043e\u0436\u0435\u0442\u00a0\u043f\u043e\u043d\u0438\u043c\u0430\u0442\u044c \u043e\u0442\u0434\u0435\u043b\u044c\u043d\u044b\u0435 \u0444\u0440\u0430\u0437\u044b \u0438 \u0443\u043f\u043e\u0442\u0440\u0435\u0431\u0438\u0442\u0435\u043b\u044c\u043d\u044b\u0435 \u0432\u044b\u0440\u0430\u0436\u0435\u043d\u0438\u044f \u0432 \u043f\u0440\u0435\u0434\u0435\u043b\u0430\u0445 \u043f\u043e\u0432\u0441\u0435\u0434\u043d\u0435\u0432\u043d\u043e\u0439 \u0442\u0435\u043c\u0430\u0442\u0438\u043a\u0438 (\u043f\u0440\u043e\u0441\u0442\u0430\u044f \u0438\u043d\u0444\u043e\u0440\u043c\u0430\u0446\u0438\u044f \u043b\u0438\u0447\u043d\u043e\u0433\u043e \u0438\u043b\u0438 \u0441\u0435\u043c\u0435\u0439\u043d\u043e\u0433\u043e \u0445\u0430\u0440\u0430\u043a\u0442\u0435\u0440\u0430, \u0431\u043b\u0438\u0436\u0430\u0439\u0448\u0435\u0435 \u043e\u043a\u0440\u0443\u0436\u0435\u043d\u0438\u0435, \u043f\u043e\u043a\u0443\u043f\u043a\u0438, \u0443\u0447\u0435\u0431\u0430 \u0438 \u0440\u0430\u0431\u043e\u0442\u0430).<\/p>\n<p>\u041c\u043e\u0436\u0435\u0442 \u043e\u0431\u0449\u0430\u0442\u044c\u0441\u044f \u043f\u0440\u0438 \u0440\u0435\u0448\u0435\u043d\u0438\u0438 \u043f\u0440\u043e\u0441\u0442\u044b\u0445 \u0437\u0430\u0434\u0430\u0447, \u0442\u0440\u0435\u0431\u0443\u044e\u0449\u0438\u0445 \u043e\u0431\u043c\u0435\u043d\u0430 \u043d\u0435\u0441\u043b\u043e\u0436\u043d\u043e\u0439 \u0438\u043d\u0444\u043e\u0440\u043c\u0430\u0446\u0438\u0435\u0439 \u0438 \u043f\u043e\u0434\u0434\u0435\u0440\u0436\u0430\u0442\u044c \u0440\u0430\u0437\u0433\u043e\u0432\u043e\u0440 \u043d\u0430 \u043f\u043e\u0432\u0441\u0435\u0434\u043d\u0435\u0432\u043d\u044b\u0435 \u0442\u0435\u043c\u044b.<\/p>\n<p>\u0421 \u043f\u043e\u043c\u043e\u0449\u044c\u044e \u043f\u0440\u043e\u0441\u0442\u044b\u0445 \u044f\u0437\u044b\u043a\u043e\u0432\u044b\u0445 \u0441\u0440\u0435\u0434\u0441\u0442\u0432 \u043c\u043e\u0436\u0435\u0442 \u043e\u043f\u0438\u0441\u0430\u0442\u044c \u0441\u0432\u043e\u044e \u043e\u0431\u044b\u0447\u043d\u0443\u044e \u0434\u0435\u044f\u0442\u0435\u043b\u044c\u043d\u043e\u0441\u0442\u044c \u0438 \u0431\u043b\u0438\u0436\u0430\u0439\u0448\u0435\u0435 \u043e\u043a\u0440\u0443\u0436\u0435\u043d\u0438\u0435 \u0432 \u043d\u0430\u0441\u0442\u043e\u044f\u0449\u0435\u043c, \u043f\u0440\u043e\u0448\u0435\u0434\u0448\u0435\u043c \u0438 \u0431\u0443\u0434\u0443\u0449\u0435\u043c.<\/p>\n<p><em>Vous pourrez survivre sans probl\u00e8me dans un pays francophone: manger, dormir, vous d\u00e9placer et avoir quelques \u00e9changes simples avec des natifs ! Vous serez capable de d\u00e9crire votre environnement pass\u00e9, pr\u00e9sent et futur.<\/em><\/p>\n<p style=\"text-align: center\"><span style=\"color: #339966\"><strong><a style=\"color: #339966\" href=\"https:\/\/forms.yandex.ru\/u\/687e3143493639019a7d93a7\" target=\"_blank\" rel=\"noopener\">\u041f\u0440\u043e\u0439\u0434\u0438\u0442\u0435 \u0442\u0435\u0441\u0442 \u0434\u043b\u044f \u043e\u043f\u0440\u0435\u0434\u0435\u043b\u0435\u043d\u0438\u044f \u0443\u0440\u043e\u0432\u043d\u044f<\/a><\/strong><\/span><\/p>\n<p style=\"text-align: center\">\u041f\u043e\u0437\u043d\u0430\u043a\u043e\u043c\u0438\u0442\u044c\u0441\u044f \u0441 \u0434\u0440\u0443\u0433\u0438\u043c\u0438 \u0443\u0440\u043e\u0432\u043d\u044f\u043c\u0438:<\/p>\n<div class=\"wp-block-button is-style-outline\" style=\"text-align: center\"><a class=\"wp-block-button__link has-background has-luminous-vivid-amber-background-color\" href=\"http:\/\/afrus.ru\/perm\/niveau-a1-decouverte\/\">\u0423\u0440\u043e\u0432\u0435\u043d\u044c \u04101<\/a><a class=\"wp-block-button__link has-background has-vivid-green-cyan-background-color\" href=\"http:\/\/afrus.ru\/perm\/niveau-a2-survie\/\">\u0423\u0440\u043e\u0432\u0435\u043d\u044c \u04102<\/a><\/div>\n<div class=\"wp-block-button is-style-outline\" style=\"text-align: center\"><a class=\"wp-block-button__link has-background has-pale-cyan-blue-background-color\" href=\"http:\/\/afrus.ru\/perm\/niveau-b1\/\">\u0423\u0440\u043e\u0432\u0435\u043d\u044c \u04121\u00a0<\/a>\u00a0<a class=\"wp-block-button__link has-background has-vivid-purple-background-color\" href=\"http:\/\/afrus.ru\/perm\/niveau-b2-independant\/\">\u0423\u0440\u043e\u0432\u0435\u043d\u044c \u04122<\/a><\/div>\n<div class=\"wp-block-button is-style-outline\" style=\"text-align: center\"><a class=\"wp-block-button__link has-background has-pale-pink-background-color\" href=\"http:\/\/afrus.ru\/perm\/niveau-c1-autonome\/\">\u0423\u0440\u043e\u0432\u0435\u043d\u044c \u04211<\/a><a class=\"wp-block-button__link has-background has-vivid-red-background-color\" href=\"http:\/\/afrus.ru\/perm\/niveau-c2-maitrise\/\">\u0423\u0440\u043e\u0432\u0435\u043d\u044c \u04212<\/a><\/div>\n\n\n<p><\/p>\n","protected":false},"excerpt":{"rendered":"<p>\u00ab\u0423\u0440\u043e\u0432\u0435\u043d\u044c \u0432\u044b\u0436\u0438\u0432\u0430\u043d\u0438\u044f\u00bb \u0421\u0440\u0435\u0434\u043d\u044f\u044f \u043f\u0440\u043e\u0434\u043e\u043b\u0436\u0438\u0442\u0435\u043b\u044c\u043d\u043e\u0441\u0442\u044c \u0438\u0437\u0443\u0447\u0435\u043d\u0438\u044f \u044f\u0437\u044b\u043a\u0430: 240 \u0447\u0430\u0441. (\u04101+120 \u0447\u0430\u0441.) \u041c\u043e\u0434\u0443\u043b\u0438 \u04102.1 \u0438 \u04102.2 \u041f\u043e \u0434\u043e\u0441\u0442\u0438\u0436\u0435\u043d\u0438\u0438 \u0443\u0440\u043e\u0432\u043d\u044f \u04102 \u044f\u0437\u044b\u043a\u043e\u0432\u043e\u0439 \u043f\u043e\u043b\u044c\u0437\u043e\u0432\u0430\u0442\u0435\u043b\u044c \u043c\u043e\u0436\u0435\u0442\u00a0\u043f\u043e\u043d\u0438\u043c\u0430\u0442\u044c \u043e\u0442\u0434\u0435\u043b\u044c\u043d\u044b\u0435 \u0444\u0440\u0430\u0437\u044b \u0438 \u0443\u043f\u043e\u0442\u0440\u0435\u0431\u0438\u0442\u0435\u043b\u044c\u043d\u044b\u0435 \u0432\u044b\u0440\u0430\u0436\u0435\u043d\u0438\u044f \u0432 \u043f\u0440\u0435\u0434\u0435\u043b\u0430\u0445 \u043f\u043e\u0432\u0441\u0435\u0434\u043d\u0435\u0432\u043d\u043e\u0439 \u0442\u0435\u043c\u0430\u0442\u0438\u043a\u0438 (\u043f\u0440\u043e\u0441\u0442\u0430\u044f \u0438\u043d\u0444\u043e\u0440\u043c\u0430\u0446\u0438\u044f \u043b\u0438\u0447\u043d\u043e\u0433\u043e \u0438\u043b\u0438 \u0441\u0435\u043c\u0435\u0439\u043d\u043e\u0433\u043e \u0445\u0430\u0440\u0430\u043a\u0442\u0435\u0440\u0430, \u0431\u043b\u0438\u0436\u0430\u0439\u0448\u0435\u0435 \u043e\u043a\u0440\u0443\u0436\u0435\u043d\u0438\u0435, \u043f\u043e\u043a\u0443\u043f\u043a\u0438, \u0443\u0447\u0435\u0431\u0430 \u0438 \u0440\u0430\u0431\u043e\u0442\u0430). \u041c\u043e\u0436\u0435\u0442 \u043e\u0431\u0449\u0430\u0442\u044c\u0441\u044f \u043f\u0440\u0438 \u0440\u0435\u0448\u0435\u043d\u0438\u0438 \u043f\u0440\u043e\u0441\u0442\u044b\u0445 \u0437\u0430\u0434\u0430\u0447, \u0442\u0440\u0435\u0431\u0443\u044e\u0449\u0438\u0445 \u043e\u0431\u043c\u0435\u043d\u0430 \u043d\u0435\u0441\u043b\u043e\u0436\u043d\u043e\u0439 \u0438\u043d\u0444\u043e\u0440\u043c\u0430\u0446\u0438\u0435\u0439 \u0438 \u043f\u043e\u0434\u0434\u0435\u0440\u0436\u0430\u0442\u044c \u0440\u0430\u0437\u0433\u043e\u0432\u043e\u0440 [&hellip;]<\/p>\n","protected":false},"author":1,"featured_media":4029,"parent":0,"menu_order":0,"comment_status":"closed","ping_status":"closed","template":"","meta":{"inline_featured_image":false,"footnotes":""},"class_list":["post-2407","page","type-page","status-publish","has-post-thumbnail","hentry"],"_links":{"self":[{"href":"https:\/\/afrus.ru\/perm\/wp-json\/wp\/v2\/pages\/2407"}],"collection":[{"href":"https:\/\/afrus.ru\/perm\/wp-json\/wp\/v2\/pages"}],"about":[{"href":"https:\/\/afrus.ru\/perm\/wp-json\/wp\/v2\/types\/page"}],"author":[{"embeddable":true,"href":"https:\/\/afrus.ru\/perm\/wp-json\/wp\/v2\/users\/1"}],"replies":[{"embeddable":true,"href":"https:\/\/afrus.ru\/perm\/wp-json\/wp\/v2\/comments?post=2407"}],"version-history":[{"count":11,"href":"https:\/\/afrus.ru\/perm\/wp-json\/wp\/v2\/pages\/2407\/revisions"}],"predecessor-version":[{"id":6767,"href":"https:\/\/afrus.ru\/perm\/wp-json\/wp\/v2\/pages\/2407\/revisions\/6767"}],"wp:featuredmedia":[{"embeddable":true,"href":"https:\/\/afrus.ru\/perm\/wp-json\/wp\/v2\/media\/4029"}],"wp:attachment":[{"href":"https:\/\/afrus.ru\/perm\/wp-json\/wp\/v2\/media?parent=2407"}],"curies":[{"name":"wp","href":"https:\/\/api.w.org\/{rel}","templated":true}]}}