{"id":2409,"date":"2017-08-05T00:00:00","date_gmt":"2017-08-04T21:00:00","guid":{"rendered":"http:\/\/afrus.ru\/perm\/niveau-b2-independant\/"},"modified":"2025-08-22T17:27:37","modified_gmt":"2025-08-22T12:27:37","slug":"niveau-b2-independant","status":"publish","type":"page","link":"https:\/\/afrus.ru\/perm\/niveau-b2-independant\/","title":{"rendered":"Niveau B2 : ind\u00e9pendant"},"content":{"rendered":"\n<div class=\"wp-block-media-text alignwide\"><figure class=\"wp-block-media-text__media\"><img loading=\"lazy\" decoding=\"async\" width=\"831\" height=\"550\" src=\"http:\/\/afrus.ru\/perm\/wp-content\/uploads\/sites\/35\/2020\/06\/pastilles-apprendre-niveau-progression-b2-rectangle.png\" alt=\"\" class=\"wp-image-3422 size-full\" srcset=\"https:\/\/afrus.ru\/perm\/wp-content\/uploads\/sites\/35\/2020\/06\/pastilles-apprendre-niveau-progression-b2-rectangle.png 831w, https:\/\/afrus.ru\/perm\/wp-content\/uploads\/sites\/35\/2020\/06\/pastilles-apprendre-niveau-progression-b2-rectangle-300x199.png 300w, https:\/\/afrus.ru\/perm\/wp-content\/uploads\/sites\/35\/2020\/06\/pastilles-apprendre-niveau-progression-b2-rectangle-768x508.png 768w\" sizes=\"(max-width: 831px) 100vw, 831px\" \/><\/figure><div class=\"wp-block-media-text__content\">\n<h2 class=\"wp-block-heading\">&#171;\u041f\u0440\u043e\u0434\u0432\u0438\u043d\u0443\u0442\u044b\u0439&#187; \u0438\u043b\u0438 &#171;\u043d\u0435\u0437\u0430\u0432\u0438\u0441\u0438\u043c\u044b\u0439&#187;<\/h2>\n\n\n\n<p>\u0421\u0440\u0435\u0434\u043d\u044f\u044f \u043f\u0440\u043e\u0434\u043e\u043b\u0436\u0438\u0442\u0435\u043b\u044c\u043d\u043e\u0441\u0442\u044c \u0438\u0437\u0443\u0447\u0435\u043d\u0438\u044f \u044f\u0437\u044b\u043a\u0430: 600 \u0447\u0430\u0441. (\u04121+180 \u0447\u0430\u0441.) <\/p>\n\n\n\n<p> \u041c\u043e\u0434\u0443\u043b\u0438 \u04122.1, \u04122.2, \u04122.3. <\/p>\n<\/div><\/div>\n\n\n<p>\u041f\u043e \u0434\u043e\u0441\u0442\u0438\u0436\u0435\u043d\u0438\u0438 \u0443\u0440\u043e\u0432\u043d\u044f \u04122 \u044f\u0437\u044b\u043a\u043e\u0432\u043e\u0439 \u043f\u043e\u043b\u044c\u0437\u043e\u0432\u0430\u0442\u0435\u043b\u044c \u043c\u043e\u0436\u0435\u0442 \u043f\u043e\u043d\u0438\u043c\u0430\u0442\u044c \u043e\u0441\u043d\u043e\u0432\u043d\u043e\u0435 \u0441\u043e\u0434\u0435\u0440\u0436\u0430\u043d\u0438\u0435 \u0434\u043e\u0441\u0442\u0430\u0442\u043e\u0447\u043d\u043e \u0441\u043b\u043e\u0436\u043d\u044b\u0445 \u0442\u0435\u043a\u0441\u0442\u043e\u0432 \u043a\u043e\u043d\u043a\u0440\u0435\u0442\u043d\u043e\u0439 \u0438\u043b\u0438 \u0430\u0431\u0441\u0442\u0440\u0430\u043a\u0442\u043d\u043e\u0439 \u0442\u0435\u043c\u0430\u0442\u0438\u043a\u0438, \u0432\u043a\u043b\u044e\u0447\u0430\u044f \u0441\u043f\u0435\u0446\u0438\u0430\u043b\u044c\u043d\u044b\u0435 \u0442\u0435\u043a\u0441\u0442\u044b \u0432 \u0440\u0430\u043c\u043a\u0430\u0445 \u0441\u0432\u043e\u0438\u0445 \u043f\u0440\u043e\u0444\u0435\u0441\u0441\u0438\u043e\u043d\u0430\u043b\u044c\u043d\u044b\u0445 \u0438\u043d\u0442\u0435\u0440\u0435\u0441\u043e\u0432 (\u043c\u0435\u0434\u0438\u0439\u043d\u044b\u0435 \u0442\u0435\u043a\u0441\u0442\u044b, \u0442\u0435\u043b\u0435\u043f\u0435\u0440\u0435\u0434\u0430\u0447\u0438 \u0438 \u0444\u0438\u043b\u044c\u043c\u044b \u043d\u0430 \u044f\u0437\u044b\u043a\u0435 \u043e\u0440\u0438\u0433\u0438\u043d\u0430\u043b\u0430).<\/p>\n<p>\u041c\u043e\u0436\u0435\u0442 \u0434\u043e\u0441\u0442\u0430\u0442\u043e\u0447\u043d\u043e \u0441\u0432\u043e\u0431\u043e\u0434\u043d\u043e \u043e\u0431\u0449\u0430\u0442\u044c\u0441\u044f \u0441 \u043d\u043e\u0441\u0438\u0442\u0435\u043b\u044f\u043c\u0438 \u044f\u0437\u044b\u043a\u0430, \u044f\u0441\u043d\u043e \u0438 \u0434\u0435\u0442\u0430\u043b\u044c\u043d\u043e \u0438\u0437\u044a\u044f\u0441\u043d\u044f\u0442\u044c\u0441\u044f \u0432 \u043f\u0440\u0435\u0434\u0435\u043b\u0430\u0445 \u0448\u0438\u0440\u043e\u043a\u043e\u0439 \u0442\u0435\u043c\u0430\u0442\u0438\u043a\u0438.<\/p>\n<p>\u041c\u043e\u0436\u0435\u0442 \u0432\u044b\u0441\u043a\u0430\u0437\u044b\u0432\u0430\u0442\u044c \u0441\u0432\u043e\u0435 \u043c\u043d\u0435\u043d\u0438\u0435 \u0432 \u043e\u0442\u043d\u043e\u0448\u0435\u043d\u0438\u0438 \u0440\u0430\u0437\u043b\u0438\u0447\u043d\u044b\u0445 \u0441\u0442\u043e\u0440\u043e\u043d \u0436\u0438\u0437\u043d\u0438 \u0441\u043e\u0432\u0440\u0435\u043c\u0435\u043d\u043d\u043e\u0433\u043e \u043e\u0431\u0449\u0435\u0441\u0442\u0432\u0430, \u0430\u0440\u0433\u0443\u043c\u0435\u043d\u0442\u0438\u0440\u0443\u044f \u0441\u0432\u043e\u044e \u0442\u043e\u0447\u043a\u0443 \u0437\u0440\u0435\u043d\u0438\u044f \u0438 \u0432\u044b\u044f\u0432\u043b\u044f\u044f \u0441\u0438\u043b\u044c\u043d\u044b\u0435 \u0438 \u0441\u043b\u0430\u0431\u044b\u0435 \u0441\u0442\u043e\u0440\u043e\u043d\u044b \u0440\u0430\u0437\u043b\u0438\u0447\u043d\u044b\u0445 \u043c\u043d\u0435\u043d\u0438\u0439 \u043f\u043e \u0442\u043e\u0439 \u0438\u043b\u0438 \u0438\u043d\u043e\u0439 \u043f\u0440\u043e\u0431\u043b\u0435\u043c\u0435; \u043d\u0430\u043f\u0438\u0441\u0430\u0442\u044c \u044d\u0441\u0441\u0435, \u043e\u0442\u0447\u0435\u0442.<\/p>\n<p><em>Une conversation avec un locuteur natif ne comporte aucune tension. Vous vous exprimez avec aisance et efficacit\u00e9. Vous serez capable de : regarder un film en VO ; lire le journal ; \u00e9crire un rapport, un essai ; d\u00e9fendre vos opinions; construire une argumentation logique.<\/em><\/p>\n<p style=\"text-align: center\"><a href=\"https:\/\/forms.yandex.ru\/u\/68823a1190fa7b01ec2a074f\" target=\"_blank\" rel=\"noopener\"><span style=\"color: #800080\"><strong>\u041f\u0440\u043e\u0439\u0434\u0438\u0442\u0435 \u0442\u0435\u0441\u0442 \u0434\u043b\u044f \u043e\u043f\u0440\u0435\u0434\u0435\u043b\u0435\u043d\u0438\u044f \u0443\u0440\u043e\u0432\u043d\u044f<\/strong><\/span><\/a><\/p>\n<p style=\"text-align: center\">\u041f\u043e\u0437\u043d\u0430\u043a\u043e\u043c\u0438\u0442\u044c\u0441\u044f \u0441 \u0434\u0440\u0443\u0433\u0438\u043c\u0438 \u0443\u0440\u043e\u0432\u043d\u044f\u043c\u0438:<\/p>\n<div class=\"wp-block-button is-style-outline\" style=\"text-align: center\"><a class=\"wp-block-button__link has-background has-luminous-vivid-amber-background-color\" href=\"http:\/\/afrus.ru\/perm\/niveau-a1-decouverte\/\">\u0423\u0440\u043e\u0432\u0435\u043d\u044c \u04101<\/a><a class=\"wp-block-button__link has-background has-vivid-green-cyan-background-color\" href=\"http:\/\/afrus.ru\/perm\/niveau-a2-survie\/\">\u0423\u0440\u043e\u0432\u0435\u043d\u044c \u04102<\/a><\/div>\n<div class=\"wp-block-button is-style-outline\" style=\"text-align: center\"><a class=\"wp-block-button__link has-background has-pale-cyan-blue-background-color\" href=\"http:\/\/afrus.ru\/perm\/niveau-b1\/\">\u0423\u0440\u043e\u0432\u0435\u043d\u044c \u04121\u00a0<\/a>\u00a0<a class=\"wp-block-button__link has-background has-vivid-purple-background-color\" href=\"http:\/\/afrus.ru\/perm\/niveau-b2-independant\/\">\u0423\u0440\u043e\u0432\u0435\u043d\u044c \u04122<\/a><\/div>\n<div class=\"wp-block-button is-style-outline\" style=\"text-align: center\"><a class=\"wp-block-button__link has-background has-pale-pink-background-color\" href=\"http:\/\/afrus.ru\/perm\/niveau-c1-autonome\/\">\u0423\u0440\u043e\u0432\u0435\u043d\u044c \u04211<\/a><a class=\"wp-block-button__link has-background has-vivid-red-background-color\" href=\"http:\/\/afrus.ru\/perm\/niveau-c2-maitrise\/\">\u0423\u0440\u043e\u0432\u0435\u043d\u044c \u04212<\/a><\/div>","protected":false},"excerpt":{"rendered":"<p>&#171;\u041f\u0440\u043e\u0434\u0432\u0438\u043d\u0443\u0442\u044b\u0439&#187; \u0438\u043b\u0438 &#171;\u043d\u0435\u0437\u0430\u0432\u0438\u0441\u0438\u043c\u044b\u0439&#187; \u0421\u0440\u0435\u0434\u043d\u044f\u044f \u043f\u0440\u043e\u0434\u043e\u043b\u0436\u0438\u0442\u0435\u043b\u044c\u043d\u043e\u0441\u0442\u044c \u0438\u0437\u0443\u0447\u0435\u043d\u0438\u044f \u044f\u0437\u044b\u043a\u0430: 600 \u0447\u0430\u0441. (\u04121+180 \u0447\u0430\u0441.) \u041c\u043e\u0434\u0443\u043b\u0438 \u04122.1, \u04122.2, \u04122.3. \u041f\u043e \u0434\u043e\u0441\u0442\u0438\u0436\u0435\u043d\u0438\u0438 \u0443\u0440\u043e\u0432\u043d\u044f \u04122 \u044f\u0437\u044b\u043a\u043e\u0432\u043e\u0439 \u043f\u043e\u043b\u044c\u0437\u043e\u0432\u0430\u0442\u0435\u043b\u044c \u043c\u043e\u0436\u0435\u0442 \u043f\u043e\u043d\u0438\u043c\u0430\u0442\u044c \u043e\u0441\u043d\u043e\u0432\u043d\u043e\u0435 \u0441\u043e\u0434\u0435\u0440\u0436\u0430\u043d\u0438\u0435 \u0434\u043e\u0441\u0442\u0430\u0442\u043e\u0447\u043d\u043e \u0441\u043b\u043e\u0436\u043d\u044b\u0445 \u0442\u0435\u043a\u0441\u0442\u043e\u0432 \u043a\u043e\u043d\u043a\u0440\u0435\u0442\u043d\u043e\u0439 \u0438\u043b\u0438 \u0430\u0431\u0441\u0442\u0440\u0430\u043a\u0442\u043d\u043e\u0439 \u0442\u0435\u043c\u0430\u0442\u0438\u043a\u0438, \u0432\u043a\u043b\u044e\u0447\u0430\u044f \u0441\u043f\u0435\u0446\u0438\u0430\u043b\u044c\u043d\u044b\u0435 \u0442\u0435\u043a\u0441\u0442\u044b \u0432 \u0440\u0430\u043c\u043a\u0430\u0445 \u0441\u0432\u043e\u0438\u0445 \u043f\u0440\u043e\u0444\u0435\u0441\u0441\u0438\u043e\u043d\u0430\u043b\u044c\u043d\u044b\u0445 \u0438\u043d\u0442\u0435\u0440\u0435\u0441\u043e\u0432 (\u043c\u0435\u0434\u0438\u0439\u043d\u044b\u0435 \u0442\u0435\u043a\u0441\u0442\u044b, \u0442\u0435\u043b\u0435\u043f\u0435\u0440\u0435\u0434\u0430\u0447\u0438 \u0438 \u0444\u0438\u043b\u044c\u043c\u044b \u043d\u0430 \u044f\u0437\u044b\u043a\u0435 \u043e\u0440\u0438\u0433\u0438\u043d\u0430\u043b\u0430). \u041c\u043e\u0436\u0435\u0442 \u0434\u043e\u0441\u0442\u0430\u0442\u043e\u0447\u043d\u043e \u0441\u0432\u043e\u0431\u043e\u0434\u043d\u043e \u043e\u0431\u0449\u0430\u0442\u044c\u0441\u044f \u0441 \u043d\u043e\u0441\u0438\u0442\u0435\u043b\u044f\u043c\u0438 \u044f\u0437\u044b\u043a\u0430, [&hellip;]<\/p>\n","protected":false},"author":1,"featured_media":4029,"parent":0,"menu_order":0,"comment_status":"closed","ping_status":"closed","template":"","meta":{"inline_featured_image":false,"footnotes":""},"class_list":["post-2409","page","type-page","status-publish","has-post-thumbnail","hentry"],"_links":{"self":[{"href":"https:\/\/afrus.ru\/perm\/wp-json\/wp\/v2\/pages\/2409"}],"collection":[{"href":"https:\/\/afrus.ru\/perm\/wp-json\/wp\/v2\/pages"}],"about":[{"href":"https:\/\/afrus.ru\/perm\/wp-json\/wp\/v2\/types\/page"}],"author":[{"embeddable":true,"href":"https:\/\/afrus.ru\/perm\/wp-json\/wp\/v2\/users\/1"}],"replies":[{"embeddable":true,"href":"https:\/\/afrus.ru\/perm\/wp-json\/wp\/v2\/comments?post=2409"}],"version-history":[{"count":9,"href":"https:\/\/afrus.ru\/perm\/wp-json\/wp\/v2\/pages\/2409\/revisions"}],"predecessor-version":[{"id":6769,"href":"https:\/\/afrus.ru\/perm\/wp-json\/wp\/v2\/pages\/2409\/revisions\/6769"}],"wp:featuredmedia":[{"embeddable":true,"href":"https:\/\/afrus.ru\/perm\/wp-json\/wp\/v2\/media\/4029"}],"wp:attachment":[{"href":"https:\/\/afrus.ru\/perm\/wp-json\/wp\/v2\/media?parent=2409"}],"curies":[{"name":"wp","href":"https:\/\/api.w.org\/{rel}","templated":true}]}}