{"id":2419,"date":"2009-11-12T00:00:00","date_gmt":"2009-11-11T21:00:00","guid":{"rendered":"http:\/\/afrus.ru\/perm\/2018-2019-carte-blanche-copy-11092018-070320\/"},"modified":"2021-02-21T14:16:17","modified_gmt":"2021-02-21T11:16:17","slug":"2018-2019-carte-blanche-copy-11092018-070320","status":"publish","type":"page","link":"https:\/\/afrus.ru\/perm\/fr\/2018-2019-carte-blanche-copy-11092018-070320\/","title":{"rendered":"Etudier en France"},"content":{"rendered":"<p><em>&nbsp;<\/em><\/p>\n<h3>A l\u2019Alliance Francaise de Perm, vous pouvez vous renseigner sur l\u2019enseignement sup\u00e9rieur, les \u00e9coles linguistiques et les bourses en France.<\/h3>\n<div class=\"wysiwyg\">\n<div class=\"wysiwyg\">\n<h3>Les \u00e9coles linguistiques :<\/h3>\n<p>\u2022 Informations sur les stages linguistiques en France ;<br \/>\n\u2022 Renseignements sur les centres linguistiques en France et sur les particularit\u00e9s d\u2019inscription<br \/>\n\u2022 Traduction et notarisation des documents<\/p>\n<h3>L\u2019enseignement sup\u00e9rieur :<\/h3>\n<p>\u2022 Information g\u00e9n\u00e9rale sur l\u2019enseignement sup\u00e9rieur en France ;<br \/>\n\u2022 Informations sur l\u2019inscription en ligne (sur Internet)<br \/>\n\u2022 Aide \u00e0 la connection avec le bureau de CampusFrance \u00e0 Ekaterinbourg<br \/>\n\u2022 Traduction et notarisation des documents<\/p>\n<p>Vous pouvez trouver plus d\u2019information sur <strong><a href=\"http:\/\/www.russie.campusfrance.org\/\">le site officiel de CampusFrance<\/a><\/strong>.<\/p>\n<p><strong>Possibilit\u00e9 de passer<a title=\"delf-dalf\" href=\"http:\/\/www.afrus.byrne.artiscode.eu\/fr\/perm\/tests-dipl-mes-de-fran-ais-langue-trang-re\">&nbsp;<\/a><\/strong><a title=\"delf-dalf\" href=\"https:\/\/afrus.ru\/perm\/club-de-discussion_525\/\"><strong>les examens DELF\/DALF<\/strong> <\/a><strong>qui confirment le niveau des comp\u00e9tences langagi\u00e8res<\/strong><\/p>\n<h3>Les bourses :<\/h3>\n<p>\u2022 Information sur <strong><a href=\"http:\/\/bgfrussie.ru\/\">les bourses <\/a><\/strong>d\u00e9livr\u00e9es par le gouvernement fran\u00e7ais!<\/p>\n<\/div>\n<\/div>\n<p><img decoding=\"async\" src=\"\/perm\/sites\/afrus.ru.perm\/files\/fichiers\/campus_france_1.jpg\" alt=\"\" border=\"0\"><\/p>\n","protected":false},"excerpt":{"rendered":"<p>&nbsp; A l\u2019Alliance Francaise de Perm, vous pouvez vous renseigner sur l\u2019enseignement sup\u00e9rieur, les \u00e9coles linguistiques et les bourses en France. Les \u00e9coles linguistiques : \u2022 Informations sur les stages linguistiques en France ; \u2022 Renseignements sur les centres linguistiques en France et sur les particularit\u00e9s d\u2019inscription \u2022 Traduction et notarisation des documents L\u2019enseignement sup\u00e9rieur [&hellip;]<\/p>\n","protected":false},"author":1,"featured_media":4429,"parent":0,"menu_order":0,"comment_status":"closed","ping_status":"closed","template":"","meta":{"inline_featured_image":false,"footnotes":""},"class_list":["post-2419","page","type-page","status-publish","has-post-thumbnail","hentry"],"_links":{"self":[{"href":"https:\/\/afrus.ru\/perm\/wp-json\/wp\/v2\/pages\/2419"}],"collection":[{"href":"https:\/\/afrus.ru\/perm\/wp-json\/wp\/v2\/pages"}],"about":[{"href":"https:\/\/afrus.ru\/perm\/wp-json\/wp\/v2\/types\/page"}],"author":[{"embeddable":true,"href":"https:\/\/afrus.ru\/perm\/wp-json\/wp\/v2\/users\/1"}],"replies":[{"embeddable":true,"href":"https:\/\/afrus.ru\/perm\/wp-json\/wp\/v2\/comments?post=2419"}],"version-history":[{"count":2,"href":"https:\/\/afrus.ru\/perm\/wp-json\/wp\/v2\/pages\/2419\/revisions"}],"predecessor-version":[{"id":5226,"href":"https:\/\/afrus.ru\/perm\/wp-json\/wp\/v2\/pages\/2419\/revisions\/5226"}],"wp:featuredmedia":[{"embeddable":true,"href":"https:\/\/afrus.ru\/perm\/wp-json\/wp\/v2\/media\/4429"}],"wp:attachment":[{"href":"https:\/\/afrus.ru\/perm\/wp-json\/wp\/v2\/media?parent=2419"}],"curies":[{"name":"wp","href":"https:\/\/api.w.org\/{rel}","templated":true}]}}