{"id":2428,"date":"2015-01-01T00:00:00","date_gmt":"2014-12-31T21:00:00","guid":{"rendered":"http:\/\/afrus.ru\/perm\/s-jour-linguistique-et-culturel-en-oural\/"},"modified":"2021-02-21T15:03:30","modified_gmt":"2021-02-21T12:03:30","slug":"s-jour-linguistique-et-culturel-en-oural","status":"publish","type":"page","link":"https:\/\/afrus.ru\/perm\/fr\/s-jour-linguistique-et-culturel-en-oural\/","title":{"rendered":"S\u00e9jours linguistiques en Oural"},"content":{"rendered":"<h3>Apprenez le russe en immersion !<\/h3>\n<h4>Nos s\u00e9jours linguistiques sur mesure tout au long de l&#8217;ann\u00e9e.<\/h4>\n<p><strong>L&#8217;\u00e2ge des stagiaires : 18 ans +<\/strong><strong>&nbsp;(stages individuels) ou 14<\/strong><strong>&nbsp;ans + (en groupes accompagn\u00e9s)<\/strong><\/p>\n<p><a href=\"https:\/\/www.dropbox.com\/s\/iagjt1677rkyzjt\/stages_2019-2020-pdf.pdf?dl=0\">T\u00e9l\u00e9charger le programme pr\u00e9visionnel et la fiche d&#8217;inscription<\/a><\/p>\n<p><strong>Prix et&nbsp; modalit\u00e9s d\u2019inscription :<\/strong><\/p>\n<h3>1) S\u00e9jour \u00e0 Perm<\/h3>\n<p><strong>tarif individuel&nbsp;(chambres simples, demi- pension)&nbsp;&#8212; 1200 euros\/10 jours<\/strong><\/p>\n<p><strong>tarif groupe&nbsp;<\/strong>(de 5 \u00e0 9 personnes + 1 accompagnateur; chambres doubles, demi-pension) &#8212; 650 euros\/1 semaine; 900 euros\/ 10 jours<\/p>\n<p><strong>Le prix comprend :<\/strong><\/p>\n<ul style=\"list-style-type: disc\">\n<li>invitation pour l&#8217;obtention du visa<\/li>\n<li>enregistrement administratif<\/li>\n<li>20h de cours avec des enseignants natifs\/ semaine +travaux dirig\u00e9s th\u00e9matiques<\/li>\n<li>2 ateliers en groupes bilingues (avec des \u00e9l\u00e8ves russes apprenant le fran\u00e7ais)\/ semaine<\/li>\n<li>mat\u00e9riel et encadrement p\u00e9dagogique<\/li>\n<li>programme culturel&nbsp;: visite pi\u00e9tonne centre ville + visite guid\u00e9e au Mus\u00e9e des Beaux-arts + 2 soir\u00e9es \u00e0 th\u00e8me (cin\u00e9ma, th\u00e9\u00e2tre, cuisine&#8230;) + 1 ballade \u00e0 la campagne (visite \u00e0 la ferme\/ au Mus\u00e9e ethnographique&nbsp; en plein air\/ au monast\u00e8re Belaya gora &#8230;)<\/li>\n<li>h\u00e9bergement<\/li>\n<li>repas : demi-pension<\/li>\n<li>accueil \u00e0 l&#8217;a\u00e9roport et transferts<\/li>\n<\/ul>\n<p><strong>A la charge des stagiaires :<\/strong><\/p>\n<ul style=\"list-style-type: disc\">\n<li>frais de voyage<\/li>\n<li>assurance m\u00e9dicale<\/li>\n<li>frais de visa<\/li>\n<li>repas de midi<\/li>\n<\/ul>\n<p><em><strong>Visites suppl\u00e9mentaires:<\/strong><\/em><\/p>\n<ul>\n<li>Spectacle \u00e0 l\u2019Op\u00e9ra&nbsp;: de 10 \u00e0 80 euros pour une place<\/li>\n<li>Visites des sites touristiques dans la r\u00e9gion (Mus\u00e9e de l&#8217;histoire du Goulag <a href=\"https:\/\/fr.wikipedia.org\/wiki\/Perm-36\">Perm 36<\/a>\/<a href=\"https:\/\/fr.wikipedia.org\/wiki\/Koungour\">Koungour et la grotte de glace<\/a>\/Oussoli\u00e9\/ Solikamsk\/<a href=\"https:\/\/fr.wikipedia.org\/wiki\/Tcherdyne\">Tcherdyne<\/a>\/ Kolpaki\/ Kamennyi gorod&#8230; \u2013 100-300 km de Perm), promenade en bateau \u00e0 voile: 60-120 euros, selon la distance, la dur\u00e9e et le programme de visite<\/li>\n<\/ul>\n<p><em>Un guide francophone peut \u00e9galement \u00eatre mis \u00e0 disposition des touristes pour des visites de Perm et de la r\u00e9gion organis\u00e9es hors du programme du stage linguistique.<\/em><\/p>\n<h3>&nbsp;2) S\u00e9jours \u00e0 la campagne, 90 km de Perm<\/h3>\n<p><strong>Uniquement tarif groupe<\/strong>&nbsp;(de 5 \u00e0 9 personnes + 1 accompaganteur)&nbsp;: chambres tout comfort pour 2-4 personnes &#8212; 750 euros\/semaine; chambres simples &#8212; 800 euros\/semaine<\/p>\n<ul>\n<li>20h de cours<\/li>\n<li>accueil \u00e0 l&#8217;a\u00e9roport de Perm et tranfert vers le lieu du stage<\/li>\n<li>banya russe, v\u00e9los, bateaux \u00e0 rames en \u00e9t\u00e9\/ patins \u00e0 glace, skis en hiver<\/li>\n<li>ateliers et soir\u00e9es \u00e0 th\u00e8me<\/li>\n<li>visite au monast\u00e8re Belaya Gora<\/li>\n<li>h\u00e9bergement g\u00eete de vacances<\/li>\n<li>pension compl\u00e8te<\/li>\n<\/ul>\n<h3>Modalit\u00e9s d\u2019inscription&nbsp;:<\/h3>\n<p>1. &nbsp;Remplir<a href=\"https:\/\/docs.google.com\/document\/d\/1pS2kykPxEwMDau11v2JHjrbgtIDgrpKL2uHQzeEqRo4\/edit#heading=h.6clkd0bztvz2\">&nbsp;<\/a><a href=\"https:\/\/docs.google.com\/document\/d\/1pS2kykPxEwMDau11v2JHjrbgtIDgrpKL2uHQzeEqRo4\/edit#\">le formulaire d\u2019inscription<\/a> et l\u2019envoyer \u00e0 deux adresses suivantes: cours.perm@afrus.ru&nbsp;et&nbsp;<a href=\"mailto:alliance.perm@gmail.com\">directeur.perm@afrus.ru<\/a>&nbsp;;<\/p>\n<p>2.&nbsp;&nbsp;Remplir le contrat que vous recevrez par courriel, et envoyer une copie scann\u00e9e aux m\u00eames adresses&nbsp;;<\/p>\n<p>3.&nbsp;&nbsp;&nbsp;Effectuer un virement bancaire sur le compte de l\u2019AF (les coordonn\u00e9es bancaires seront indiqu\u00e9es dans le contrat);<\/p>\n<p>4.&nbsp;&nbsp;Apr<em>\u00e8<\/em>s avoir re\u00e7u l\u2019invitation de l\u2019AF de Perm, d\u00e9poser les documents aupr\u00e8s du consulat russe le plus proche par le biais d\u2019un<a href=\"http:\/\/www.vfsglobal.com\/russia\/france\/index.html\"><strong>&nbsp;Centre VFS&nbsp;<\/strong><\/a>&nbsp; en France afin d\u2019obtenir le VISA.<\/p>\n<h4>Pour toute information compl\u00e9mentaire, n\u2019h\u00e9sitez pas \u00e0 nous contacter par courriel ou&nbsp; par t\u00e9l\u00e9phone :&nbsp; +7 (342) 206 65 56<\/h4>\n<p><strong>Pour faciliter les d\u00e9marches d&#8217;obtention du visa, passez par notre partenaire : <a href=\"https:\/\/www.tsarvoyages.com\/fr\/vivre-en-russie\">agence Tsar voyages <\/a><\/strong><\/p>\n<h4><em><strong>Bienvenue &nbsp;\u00e0 Perm !&nbsp;<\/strong><\/em><\/h4>\n<p><strong><\/strong><\/p>\n<h3><\/h3>\n","protected":false},"excerpt":{"rendered":"<p>Apprenez le russe en immersion ! Nos s\u00e9jours linguistiques sur mesure tout au long de l&#8217;ann\u00e9e. L&#8217;\u00e2ge des stagiaires : 18 ans +&nbsp;(stages individuels) ou 14&nbsp;ans + (en groupes accompagn\u00e9s) T\u00e9l\u00e9charger le programme pr\u00e9visionnel et la fiche d&#8217;inscription Prix et&nbsp; modalit\u00e9s d\u2019inscription : 1) S\u00e9jour \u00e0 Perm tarif individuel&nbsp;(chambres simples, demi- pension)&nbsp;&#8212; 1200 euros\/10 jours [&hellip;]<\/p>\n","protected":false},"author":1,"featured_media":5234,"parent":0,"menu_order":0,"comment_status":"closed","ping_status":"closed","template":"","meta":{"inline_featured_image":false,"footnotes":""},"class_list":["post-2428","page","type-page","status-publish","has-post-thumbnail","hentry"],"_links":{"self":[{"href":"https:\/\/afrus.ru\/perm\/wp-json\/wp\/v2\/pages\/2428"}],"collection":[{"href":"https:\/\/afrus.ru\/perm\/wp-json\/wp\/v2\/pages"}],"about":[{"href":"https:\/\/afrus.ru\/perm\/wp-json\/wp\/v2\/types\/page"}],"author":[{"embeddable":true,"href":"https:\/\/afrus.ru\/perm\/wp-json\/wp\/v2\/users\/1"}],"replies":[{"embeddable":true,"href":"https:\/\/afrus.ru\/perm\/wp-json\/wp\/v2\/comments?post=2428"}],"version-history":[{"count":3,"href":"https:\/\/afrus.ru\/perm\/wp-json\/wp\/v2\/pages\/2428\/revisions"}],"predecessor-version":[{"id":5237,"href":"https:\/\/afrus.ru\/perm\/wp-json\/wp\/v2\/pages\/2428\/revisions\/5237"}],"wp:featuredmedia":[{"embeddable":true,"href":"https:\/\/afrus.ru\/perm\/wp-json\/wp\/v2\/media\/5234"}],"wp:attachment":[{"href":"https:\/\/afrus.ru\/perm\/wp-json\/wp\/v2\/media?parent=2428"}],"curies":[{"name":"wp","href":"https:\/\/api.w.org\/{rel}","templated":true}]}}