{"id":2431,"date":"2017-04-13T00:00:00","date_gmt":"2017-04-12T21:00:00","guid":{"rendered":"http:\/\/afrus.ru\/perm\/contact\/"},"modified":"2025-07-17T17:58:57","modified_gmt":"2025-07-17T12:58:57","slug":"contacts","status":"publish","type":"page","link":"https:\/\/afrus.ru\/perm\/fr\/contacts\/","title":{"rendered":"Contacts"},"content":{"rendered":"<div id=\"infos-utiles-nav\" class=\"row-fluid\">\n<div class=\"pull-right nav-tools\">\n<div><\/div>\n<\/div>\n<\/div>\n<p>10, rue L\u00e9nine, 614015 Perm<\/p>\n<p>T\u00e9l\u00e9phone: +7 342 206-65-56<\/p>\n<p>e-mail: <a href=\"mailto:perm@afrus.ru\">perm@afrus.ru<\/a><\/p>\n<p><strong>Nos horaires:<\/strong><\/p>\n<p>Du lundi au vendredi, de 11h \u00e0 19h<\/p>\n","protected":false},"excerpt":{"rendered":"<p>10, rue L\u00e9nine, 614015 Perm T\u00e9l\u00e9phone: +7 342 206-65-56 e-mail: perm@afrus.ru Nos horaires: Du lundi au vendredi, de 11h \u00e0 19h<\/p>\n","protected":false},"author":1,"featured_media":4995,"parent":0,"menu_order":0,"comment_status":"closed","ping_status":"closed","template":"","meta":{"inline_featured_image":false,"footnotes":""},"class_list":["post-2431","page","type-page","status-publish","has-post-thumbnail","hentry"],"_links":{"self":[{"href":"https:\/\/afrus.ru\/perm\/wp-json\/wp\/v2\/pages\/2431"}],"collection":[{"href":"https:\/\/afrus.ru\/perm\/wp-json\/wp\/v2\/pages"}],"about":[{"href":"https:\/\/afrus.ru\/perm\/wp-json\/wp\/v2\/types\/page"}],"author":[{"embeddable":true,"href":"https:\/\/afrus.ru\/perm\/wp-json\/wp\/v2\/users\/1"}],"replies":[{"embeddable":true,"href":"https:\/\/afrus.ru\/perm\/wp-json\/wp\/v2\/comments?post=2431"}],"version-history":[{"count":24,"href":"https:\/\/afrus.ru\/perm\/wp-json\/wp\/v2\/pages\/2431\/revisions"}],"predecessor-version":[{"id":6676,"href":"https:\/\/afrus.ru\/perm\/wp-json\/wp\/v2\/pages\/2431\/revisions\/6676"}],"wp:featuredmedia":[{"embeddable":true,"href":"https:\/\/afrus.ru\/perm\/wp-json\/wp\/v2\/media\/4995"}],"wp:attachment":[{"href":"https:\/\/afrus.ru\/perm\/wp-json\/wp\/v2\/media?parent=2431"}],"curies":[{"name":"wp","href":"https:\/\/api.w.org\/{rel}","templated":true}]}}