{"id":2207,"date":"2017-04-12T00:00:00","date_gmt":"2017-04-11T21:00:00","guid":{"rendered":"http:\/\/afrus.ru\/rostov\/cours-de-russe-par-skype\/"},"modified":"2020-02-29T21:44:09","modified_gmt":"2020-02-29T18:44:09","slug":"cours-de-russe-par-skype","status":"publish","type":"page","link":"https:\/\/afrus.ru\/rostov\/fr\/cours\/cours-de-russe-par-skype\/","title":{"rendered":"Apprendre le russe, \u00e0 distance ou en pr\u00e9sentiel"},"content":{"rendered":"<p>L&#8217;Alliance Fran\u00e7aise de Rostov-sur-le-Don vous propose des cours individuels de langue russe, d&#8217;une dur\u00e9e d&#8217;une ou deux heures,&nbsp;avec des enseignantes russes francophones. Nos enseignantes sont dipl\u00f4m\u00e9es en enseignement du russe pour \u00e9trangers, afin de comprendre au mieux vos questions et vous aider \u00e0 progresser rapidement.<\/p>\n<p>Pourquoi apprendre le russe avec l&#8217;Alliance Fran\u00e7aise ?<\/p>\n<p>&#8212; La langue russe est l&#8217;une des plus parl\u00e9e au monde, avec 280 millions de locuteurs dans le monde<\/p>\n<p>&#8212; La Russie, \u00e0 seulement 3h30 de vol de Paris, vous offre une culture et des paysages uniques !<\/p>\n<p>&#8212; Les professeurs de l&#8217;Alliance sont francophone, et dipl\u00f4m\u00e9s en enseignement du russe pour les \u00e9trangers<\/p>\n<p>&#8212; Vous apprenez \u00e0 votre rythme, d\u00e9butez sur Skype pour commencer puis venez approfondir votre niveau de langue \u00e0 Rostov par exemple !<\/p>\n<p>L&#8217;Alliance Fran\u00e7aise de Rostov-sur-le-Don vous propose 2 options:<\/p>\n<p>&#8212; Vous pouvez effectuer ces cours via Skype, en connexion directe avec votre professeure, et \u00e0 votre rythme.<\/p>\n<p>&#8212; Vous pouvez venir \u00e0 Rostov-sur-le-Don lors d&#8217;un s\u00e9jour en Russie et prendre des cours dans nos locaux; afin de pratiquer la langue dans la vie de tous les jours.<\/p>\n<p>Tarifs des cours individuels par Skype ou en pr\u00e9sentiel: 1200 roubles \/ 60 min.<\/p>\n","protected":false},"excerpt":{"rendered":"<p>L&#8217;Alliance Fran\u00e7aise de Rostov-sur-le-Don vous propose des cours individuels de langue russe, d&#8217;une dur\u00e9e d&#8217;une ou deux heures,&nbsp;avec des enseignantes russes francophones. Nos enseignantes sont dipl\u00f4m\u00e9es en enseignement du russe pour \u00e9trangers, afin de comprendre au mieux vos questions et vous aider \u00e0 progresser rapidement. Pourquoi apprendre le russe avec l&#8217;Alliance Fran\u00e7aise ? &#8212; La [&hellip;]<\/p>\n","protected":false},"author":1,"featured_media":2208,"parent":2967,"menu_order":0,"comment_status":"closed","ping_status":"closed","template":"","meta":{"inline_featured_image":false,"footnotes":""},"class_list":["post-2207","page","type-page","status-publish","has-post-thumbnail","hentry"],"_links":{"self":[{"href":"https:\/\/afrus.ru\/rostov\/wp-json\/wp\/v2\/pages\/2207"}],"collection":[{"href":"https:\/\/afrus.ru\/rostov\/wp-json\/wp\/v2\/pages"}],"about":[{"href":"https:\/\/afrus.ru\/rostov\/wp-json\/wp\/v2\/types\/page"}],"author":[{"embeddable":true,"href":"https:\/\/afrus.ru\/rostov\/wp-json\/wp\/v2\/users\/1"}],"replies":[{"embeddable":true,"href":"https:\/\/afrus.ru\/rostov\/wp-json\/wp\/v2\/comments?post=2207"}],"version-history":[{"count":1,"href":"https:\/\/afrus.ru\/rostov\/wp-json\/wp\/v2\/pages\/2207\/revisions"}],"predecessor-version":[{"id":2227,"href":"https:\/\/afrus.ru\/rostov\/wp-json\/wp\/v2\/pages\/2207\/revisions\/2227"}],"up":[{"embeddable":true,"href":"https:\/\/afrus.ru\/rostov\/wp-json\/wp\/v2\/pages\/2967"}],"wp:featuredmedia":[{"embeddable":true,"href":"https:\/\/afrus.ru\/rostov\/wp-json\/wp\/v2\/media\/2208"}],"wp:attachment":[{"href":"https:\/\/afrus.ru\/rostov\/wp-json\/wp\/v2\/media?parent=2207"}],"curies":[{"name":"wp","href":"https:\/\/api.w.org\/{rel}","templated":true}]}}