{"id":2962,"date":"2020-02-29T21:39:35","date_gmt":"2020-02-29T18:39:35","guid":{"rendered":"http:\/\/afrus.ru\/rostov\/nous-contacter\/"},"modified":"2020-02-29T22:12:40","modified_gmt":"2020-02-29T19:12:40","slug":"contacts","status":"publish","type":"page","link":"https:\/\/afrus.ru\/rostov\/fr\/le-principal-2\/contacts\/","title":{"rendered":"Nous contacter"},"content":{"rendered":"<div class=\"\" data-id=\"34\" data-mdl=\"siteblocks\"><h2><strong style=\"margin: 0px; padding: 0px; border: 0px; vertical-align: baseline;\">L&#8217;Alliance fran\u00e7aise vous accueille<\/strong><\/h2>\r\n<p style=\"margin: 1em 0px; padding: 0px; border: 0px; vertical-align: baseline; color: #000000; font-family: 'Lucida Grande', 'Lucida Sans Unicode', sans-serif; font-size: 13px; line-height: 20.0063037872314px;\">du lundi au vendredi de&nbsp;<span style=\"line-height: 20.0063037872314px;\">10h00 \u00e0 18h00<\/span><\/p>\r\n<p style=\"margin: 1em 0px; padding: 0px; border: 0px; vertical-align: baseline; color: #000000; font-family: 'Lucida Grande', 'Lucida Sans Unicode', sans-serif; font-size: 13px; line-height: 20.0063037872314px;\">et le samedi de 12h \u00e0 16h<\/p>\r\n<p style=\"margin: 1em 0px; padding: 0px; border: 0px; vertical-align: baseline; color: #000000; font-family: 'Lucida Grande', 'Lucida Sans Unicode', sans-serif; font-size: 13px; line-height: 20.0063037872314px;\">&nbsp;<\/p>\r\n<h4 style=\"margin: 10px 0px; padding: 0px; border: 0px; vertical-align: baseline; font-size: 1.154em; color: #000000; font-family: 'Lucida Grande', 'Lucida Sans Unicode', sans-serif; line-height: 20.0063037872314px;\">Notre adresse<\/h4>\r\n<p style=\"margin: 1em 0px; padding: 0px; border: 0px; vertical-align: baseline; color: #000000; font-family: 'Lucida Grande', 'Lucida Sans Unicode', sans-serif; font-size: 13px; line-height: 20.0063037872314px;\">166a, rue Gorki<\/p>\r\n<p style=\"margin: 1em 0px; padding: 0px; border: 0px; vertical-align: baseline; color: #000000; font-family: 'Lucida Grande', 'Lucida Sans Unicode', sans-serif; font-size: 13px; line-height: 20.0063037872314px;\">344006 Rostov-sur-le-Don<\/p>\r\n<h2 style=\"margin: 10px 0px; padding: 0px; border: 0px; vertical-align: baseline; font-size: 1.385em;\"><img decoding=\"async\" src=\"\/rostov\/sites\/afrus.ru.rostov\/files\/fichiers\/images\/alyans_na_karte.jpg\" border=\"0\" alt=\"\"><\/h2>\r\n<h4 style=\"margin: 10px 0px; padding: 0px; border: 0px; vertical-align: baseline; font-size: 1.154em; color: #000000; font-family: 'Lucida Grande', 'Lucida Sans Unicode', sans-serif; line-height: 20.0063037872314px;\">Nous contacter<\/h4>\r\n<p style=\"margin: 1em 0px; padding: 0px; border: 0px; vertical-align: baseline; color: #000000; font-family: 'Lucida Grande', 'Lucida Sans Unicode', sans-serif; font-size: 13px; line-height: 20.0063037872314px;\">T\u00e9l\u00e9phone: (+7) 863 269 20 45<\/p>\r\n<p style=\"margin: 1em 0px; padding: 0px; border: 0px; vertical-align: baseline; color: #000000; font-family: 'Lucida Grande', 'Lucida Sans Unicode', sans-serif; font-size: 13px; line-height: 20.0063037872314px;\"><span style=\"margin: 0px; padding: 0px; border: 0px; vertical-align: baseline; line-height: 1.538em;\">email: info.rostov@afrus.ru<\/span>&nbsp;<\/p>\r\n<h3 style=\"margin: 10px 0px; padding: 0px; border: 0px; vertical-align: baseline; font-size: 1.231em; color: #000000; font-family: 'Lucida Grande', 'Lucida Sans Unicode', sans-serif; line-height: 20.0063037872314px;\"><strong style=\"font-size: 13px; line-height: 20.0063037872314px;\">Po<\/strong><strong style=\"font-size: 13px; line-height: 20.0063037872314px;\">ur suivre au mieux notre a<\/strong><strong style=\"font-size: 13px; line-height: 20.0063037872314px;\">ctualit\u00e9, inscrivez-vous \u00e0 notre <\/strong><strong style=\"font-size: 13px; line-height: 20.0063037872314px;\">lettre d&#8217;information<\/strong><strong style=\"font-size: 13px; line-height: 20.0063037872314px;\">,<\/strong><\/h3>\r\n<h3 style=\"margin: 10px 0px; padding: 0px; border: 0px; vertical-align: baseline; font-size: 1.231em; color: #000000; font-family: 'Lucida Grande', 'Lucida Sans Unicode', sans-serif; line-height: 20.0063037872314px;\"><strong style=\"font-size: 13px; line-height: 20.0063037872314px;\">ou rejoignez-nous sur les r\u00e9seaux sociaux :<\/strong><\/h3>\r\n<h3 style=\"margin: 10px 0px; padding: 0px; border: 0px; vertical-align: baseline; font-size: 1.231em; color: #000000; font-family: 'Lucida Grande', 'Lucida Sans Unicode', sans-serif; line-height: 20.0063037872314px;\"><a href=\"http:\/\/vk.com\/afrostov\"><img decoding=\"async\" src=\"http:\/\/afrus.ru\/novossibirsk\/sites\/afrus.ru.novossibirsk\/files\/fichiers\/images\/2010\/vkontakte_m.png\" border=\"0\" alt=\"vkontakte_m.png (100\u00d7100)\"><\/a><a href=\"http:\/\/www.facebook.com\/pages\/Alliance-Fran\u00e7aise-de-Rostov-sur-le-Don\/208847105850198\"><img decoding=\"async\" src=\"http:\/\/afrus.ru\/novossibirsk\/sites\/afrus.ru.novossibirsk\/files\/fichiers\/images\/2010\/facebook_m.png\" border=\"0\" alt=\"facebook_m.png (100\u00d7100)\"><\/a><\/h3>\r\n<p style=\"margin: 1em 0px; padding: 0px; border: 0px; vertical-align: baseline; color: #000000; font-family: 'Lucida Grande', 'Lucida Sans Unicode', sans-serif; font-size: 13px; line-height: 20.0063037872314px;\">&nbsp;<\/p>\r\n<p style=\"margin: 1em 0px; padding: 0px; border: 0px; vertical-align: baseline; color: #000000; font-family: 'Lucida Grande', 'Lucida Sans Unicode', sans-serif; font-size: 13px; line-height: 20.0063037872314px;\">&nbsp;<span><span><\/span><\/span><\/p><\/div>\n<div class=\"wpcf7 no-js\" id=\"wpcf7-f78-o1\" lang=\"en-US\" dir=\"ltr\" data-wpcf7-id=\"78\">\n<div class=\"screen-reader-response\"><p role=\"status\" aria-live=\"polite\" aria-atomic=\"true\"><\/p> <ul><\/ul><\/div>\n<form action=\"\/rostov\/wp-json\/wp\/v2\/pages\/2962#wpcf7-f78-o1\" method=\"post\" class=\"wpcf7-form init\" aria-label=\"Contact form\" novalidate=\"novalidate\" data-status=\"init\">\n<div style=\"display: none;\">\n<input type=\"hidden\" name=\"_wpcf7\" value=\"78\" \/>\n<input type=\"hidden\" name=\"_wpcf7_version\" value=\"6.0.4\" \/>\n<input type=\"hidden\" name=\"_wpcf7_locale\" value=\"en_US\" \/>\n<input type=\"hidden\" name=\"_wpcf7_unit_tag\" value=\"wpcf7-f78-o1\" \/>\n<input type=\"hidden\" name=\"_wpcf7_container_post\" value=\"0\" \/>\n<input type=\"hidden\" name=\"_wpcf7_posted_data_hash\" value=\"\" \/>\n<\/div>\n<div class=\"form_row\">\n\t<div>\n\t\t<p><label for=\"first-name\">\u0418\u043c\u044f<\/label><br \/>\n<span class=\"wpcf7-form-control-wrap\" data-name=\"first-name\"><input size=\"40\" maxlength=\"400\" class=\"wpcf7-form-control wpcf7-text wpcf7-validates-as-required\" id=\"first-name\" aria-required=\"true\" aria-invalid=\"false\" value=\"\" type=\"text\" name=\"first-name\" \/><\/span>\n\t\t<\/p>\n\t<\/div>\n\t<div>\n\t\t<p><label for=\"last-name\">\u0424\u0430\u043c\u0438\u043b\u0438\u044f<\/label><br \/>\n<span class=\"wpcf7-form-control-wrap\" data-name=\"last-name\"><input size=\"40\" maxlength=\"400\" class=\"wpcf7-form-control wpcf7-text wpcf7-validates-as-required\" id=\"last-name\" aria-required=\"true\" aria-invalid=\"false\" value=\"\" type=\"text\" name=\"last-name\" \/><\/span>\n\t\t<\/p>\n\t<\/div>\n<\/div>\n<div class=\"form_row\">\n\t<div>\n\t\t<p><label for=\"e-mail\">Email<\/label><br \/>\n<span class=\"wpcf7-form-control-wrap\" data-name=\"e-mail\"><input size=\"40\" maxlength=\"400\" class=\"wpcf7-form-control wpcf7-email wpcf7-validates-as-required wpcf7-text wpcf7-validates-as-email\" id=\"e-mail\" aria-required=\"true\" aria-invalid=\"false\" value=\"\" type=\"email\" name=\"e-mail\" \/><\/span>\n\t\t<\/p>\n\t<\/div>\n\t<div>\n\t\t<p><label for=\"phone\">\u0422\u0435\u043b\u0435\u0444\u043e\u043d<\/label><br \/>\n<span class=\"wpcf7-form-control-wrap\" data-name=\"phone\"><input size=\"40\" maxlength=\"400\" class=\"wpcf7-form-control wpcf7-tel wpcf7-text wpcf7-validates-as-tel\" id=\"phone\" aria-invalid=\"false\" value=\"\" type=\"tel\" name=\"phone\" \/><\/span>\n\t\t<\/p>\n\t<\/div>\n<\/div>\n<div class=\"form_row\">\n\t<div>\n\t\t<p><label for=\"nationality\">\u0413\u0440\u0430\u0436\u0434\u0430\u043d\u0441\u0442\u0432\u043e<\/label><br \/>\n<span class=\"wpcf7-form-control-wrap\" data-name=\"nationality\"><input size=\"40\" maxlength=\"400\" class=\"wpcf7-form-control wpcf7-text\" id=\"nationality\" aria-invalid=\"false\" value=\"\" type=\"text\" name=\"nationality\" \/><\/span>\n\t\t<\/p>\n\t<\/div>\n\t<div>\n\t\t<p><label for=\"country\">\u0413\u043e\u0440\u043e\u0434<\/label><br \/>\n<span class=\"wpcf7-form-control-wrap\" data-name=\"country\"><input size=\"40\" maxlength=\"400\" class=\"wpcf7-form-control wpcf7-text\" id=\"country\" aria-invalid=\"false\" value=\"\" type=\"text\" name=\"country\" \/><\/span>\n\t\t<\/p>\n\t<\/div>\n<\/div>\n<div class=\"form_row\">\n\t<div class=\"full\">\n\t\t<p><label for=\"message\">\u0421\u043e\u043e\u0431\u0449\u0435\u043d\u0438\u0435<\/label><br \/>\n<span class=\"wpcf7-form-control-wrap\" data-name=\"message\"><textarea cols=\"40\" rows=\"10\" maxlength=\"2000\" class=\"wpcf7-form-control wpcf7-textarea\" id=\"message\" aria-invalid=\"false\" name=\"message\"><\/textarea><\/span>\n\t\t<\/p>\n\t<\/div>\n<\/div>\n<p><input class=\"wpcf7-form-control wpcf7-submit has-spinner btn btn-primary\" type=\"submit\" value=\"\u041e\u0442\u043f\u0440\u0430\u0432\u0438\u0442\u044c\" \/>\n<\/p><p style=\"display: none !important;\" class=\"akismet-fields-container\" data-prefix=\"_wpcf7_ak_\"><label>&#916;<textarea name=\"_wpcf7_ak_hp_textarea\" cols=\"45\" rows=\"8\" maxlength=\"100\"><\/textarea><\/label><input type=\"hidden\" id=\"ak_js_1\" name=\"_wpcf7_ak_js\" value=\"189\"\/><script>document.getElementById( \"ak_js_1\" ).setAttribute( \"value\", ( new Date() ).getTime() );<\/script><\/p><div class=\"wpcf7-response-output\" aria-hidden=\"true\"><\/div>\n<\/form>\n<\/div>\n\r\n","protected":false},"excerpt":{"rendered":"<p>L&#8217;Alliance fran\u00e7aise vous accueille du lundi au vendredi de&nbsp;10h00 \u00e0 18h00 et le samedi de 12h \u00e0 16h &nbsp; Notre adresse 166a, rue Gorki 344006 Rostov-sur-le-Don Nous contacter T\u00e9l\u00e9phone: (+7) 863 269 20 45 email: info.rostov@afrus.ru&nbsp; Pour suivre au mieux notre actualit\u00e9, inscrivez-vous \u00e0 notre lettre d&#8217;information, ou rejoignez-nous sur les r\u00e9seaux sociaux : &nbsp; [&hellip;]<\/p>\n","protected":false},"author":1,"featured_media":5320,"parent":124,"menu_order":0,"comment_status":"closed","ping_status":"closed","template":"","meta":{"inline_featured_image":false,"footnotes":""},"class_list":["post-2962","page","type-page","status-publish","has-post-thumbnail","hentry"],"_links":{"self":[{"href":"https:\/\/afrus.ru\/rostov\/wp-json\/wp\/v2\/pages\/2962"}],"collection":[{"href":"https:\/\/afrus.ru\/rostov\/wp-json\/wp\/v2\/pages"}],"about":[{"href":"https:\/\/afrus.ru\/rostov\/wp-json\/wp\/v2\/types\/page"}],"author":[{"embeddable":true,"href":"https:\/\/afrus.ru\/rostov\/wp-json\/wp\/v2\/users\/1"}],"replies":[{"embeddable":true,"href":"https:\/\/afrus.ru\/rostov\/wp-json\/wp\/v2\/comments?post=2962"}],"version-history":[{"count":1,"href":"https:\/\/afrus.ru\/rostov\/wp-json\/wp\/v2\/pages\/2962\/revisions"}],"predecessor-version":[{"id":2963,"href":"https:\/\/afrus.ru\/rostov\/wp-json\/wp\/v2\/pages\/2962\/revisions\/2963"}],"up":[{"embeddable":true,"href":"https:\/\/afrus.ru\/rostov\/wp-json\/wp\/v2\/pages\/124"}],"wp:featuredmedia":[{"embeddable":true,"href":"https:\/\/afrus.ru\/rostov\/wp-json\/wp\/v2\/media\/5320"}],"wp:attachment":[{"href":"https:\/\/afrus.ru\/rostov\/wp-json\/wp\/v2\/media?parent=2962"}],"curies":[{"name":"wp","href":"https:\/\/api.w.org\/{rel}","templated":true}]}}