{"id":490,"date":"2009-10-01T00:00:00","date_gmt":"2009-09-30T21:00:00","guid":{"rendered":"http:\/\/afrus.ru\/rostov\/linstitut-francais-de-russie\/"},"modified":"2025-12-18T13:05:31","modified_gmt":"2025-12-18T10:05:31","slug":"linstitut-francais-de-russie","status":"publish","type":"page","link":"https:\/\/afrus.ru\/rostov\/fr\/linstitut-francais-de-russie\/","title":{"rendered":"Notre \u00e9quipe"},"content":{"rendered":"<p style=\"text-align: center\">Comme toutes les Alliances fran\u00e7aises du monde, l&#8217;Alliance fran\u00e7aise de Rostov-sur-le-Don est une association (organisation non commerciale), dont les membres, r\u00e9unis en Assembl\u00e9e G\u00e9n\u00e9rale, \u00e9lisent un Conseil d&#8217;administration (Pr\u00e9sident, Vice-Pr\u00e9sident, Tr\u00e9sorier&#8230;). Le Directeur et son \u00e9quipe administrative assurent le bon fonctionnement de l&#8217;Alliance, en coop\u00e9ration avec une \u00e9quipe p\u00e9dagogique d&#8217;enseignants, tous dipl\u00f4m\u00e9s et qualifi\u00e9s en\u00a0fran\u00e7ais langue \u00e9trang\u00e8re (FLE).<\/p>\n<h2 style=\"text-align: center\"><span style=\"color: #da002e\">Conseil d&#8217;administration\u00a0<\/span><\/h2>\n<p style=\"text-align: center\"><strong>Oleg Vitalievitch Sozynov<\/strong><\/p>\n<p style=\"text-align: center\">Pr\u00e9sident<\/p>\n<p style=\"text-align: center\"><strong><img loading=\"lazy\" decoding=\"async\" class=\"\" src=\"https:\/\/afrus.ru\/rostov\/wp-content\/uploads\/sites\/29\/2021\/08\/sozinov.jpeg\" width=\"264\" height=\"333\" \/><\/strong><\/p>\n<h2 style=\"text-align: center\"><span style=\"color: #da002e\">Equipe administrative<\/span><\/h2>\n<div style=\"text-align: center\"><img loading=\"lazy\" decoding=\"async\" class=\"\" src=\"https:\/\/afrus.ru\/rostov\/wp-content\/uploads\/sites\/29\/2025\/09\/WhatsApp-Image-2025-09-15-at-15.56.40.jpeg\" width=\"321\" height=\"482\" \/><\/div>\n<div style=\"text-align: center\">\u00a0<\/div>\n<p style=\"text-align: center\"><strong>Ekaterina Dolzhich<\/strong><\/p>\n<p style=\"text-align: center\">Directrice<\/p>\n<p style=\"text-align: center\"><img loading=\"lazy\" decoding=\"async\" class=\"\" src=\"https:\/\/afrus.ru\/rostov\/wp-content\/uploads\/sites\/29\/2025\/09\/IMG_8101-scaled.jpg\" width=\"329\" height=\"493\" \/><\/p>\n<p style=\"text-align: center\"><strong>Natalia Lokhman<\/strong><\/p>\n<p style=\"text-align: center\">Responsable des projets linguistiques<\/p>\n<p style=\"text-align: center\"><img loading=\"lazy\" decoding=\"async\" class=\"\" src=\"https:\/\/afrus.ru\/rostov\/wp-content\/uploads\/sites\/29\/2025\/09\/photo_5330299120553950875_y.jpg\" width=\"329\" height=\"439\" \/><\/p>\n<p style=\"text-align: center\"><b>Yana Gouzanova<\/b><\/p>\n<p style=\"text-align: center\">Responsable des projets culturels<\/p>\n<p style=\"text-align: center\">\u00a0<\/p>\n<p style=\"text-align: center\"><img loading=\"lazy\" decoding=\"async\" src=\"http:\/\/www.afrus.ru\/uploads\/general_files\/ville_11\/equipe\/iryna.png\" width=\"300\" height=\"400\" border=\"0\" \/><\/p>\n<p style=\"text-align: center\"><strong>Irina Skrylnikova<\/strong><\/p>\n<p style=\"text-align: center\">Comptable<\/p>\n<h2 style=\"text-align: center\"><span style=\"color: #da002e\">Nos sp\u00e9cialistes en langue fran\u00e7aise<\/span><\/h2>\n<p style=\"text-align: center\"><img loading=\"lazy\" decoding=\"async\" src=\"http:\/\/www.afrus.ru\/uploads\/general_files\/ville_11\/equipe\/marie-noelle.png\" width=\"300\" height=\"354\" border=\"0\" \/><\/p>\n<p style=\"text-align: center\"><b>Marie-No\u00eblle Carr\u00e8re-Nalbandian<\/b><\/p>\n<p style=\"text-align: center\"><img loading=\"lazy\" decoding=\"async\" src=\"http:\/\/www.afrus.ru\/uploads\/general_files\/ville_11\/equipe\/galina.png\" width=\"300\" height=\"353\" border=\"0\" \/><\/p>\n<p style=\"text-align: center\"><strong>Galina Slepchenko<\/strong><\/p>\n<p style=\"text-align: center\"><img loading=\"lazy\" decoding=\"async\" src=\"http:\/\/www.afrus.ru\/uploads\/general_files\/ville_11\/equipe\/elena.jpg\" width=\"300\" height=\"349\" border=\"0\" \/><\/p>\n<p style=\"text-align: center\"><strong>Elena Biriukova<\/strong><\/p>\n<p style=\"text-align: center\"><img loading=\"lazy\" decoding=\"async\" src=\"http:\/\/www.afrus.ru\/uploads\/general_files\/ville_11\/equipe\/olga.png\" alt=\"\" width=\"300\" height=\"358\" border=\"0\" \/><\/p>\n<p style=\"text-align: center\"><strong>Olga Martynenko<\/strong><\/p>\n<p><img loading=\"lazy\" decoding=\"async\" class=\"aligncenter\" src=\"https:\/\/afrus.ru\/rostov\/wp-content\/uploads\/sites\/29\/2022\/09\/YUliya-Soboleva-768x1024.jpg\" width=\"321\" height=\"428\" \/><\/p>\n<p style=\"text-align: center\"><strong>Julie Soboleva<\/strong><\/p>\n<p style=\"text-align: center\"><img loading=\"lazy\" decoding=\"async\" class=\"\" src=\"https:\/\/afrus.ru\/rostov\/wp-content\/uploads\/sites\/29\/2024\/09\/Alina-768x1024.jpg\" width=\"313\" height=\"418\" \/><\/p>\n<p style=\"text-align: center\"><strong>Alina Filyakina<\/strong><\/p>\n\n\n\n\n<p><\/p>\n","protected":false},"excerpt":{"rendered":"<p>Comme toutes les Alliances fran\u00e7aises du monde, l&#8217;Alliance fran\u00e7aise de Rostov-sur-le-Don est une association (organisation non commerciale), dont les membres, r\u00e9unis en Assembl\u00e9e G\u00e9n\u00e9rale, \u00e9lisent un Conseil d&#8217;administration (Pr\u00e9sident, Vice-Pr\u00e9sident, Tr\u00e9sorier&#8230;). Le Directeur et son \u00e9quipe administrative assurent le bon fonctionnement de l&#8217;Alliance, en coop\u00e9ration avec une \u00e9quipe p\u00e9dagogique d&#8217;enseignants, tous dipl\u00f4m\u00e9s et qualifi\u00e9s en\u00a0fran\u00e7ais [&hellip;]<\/p>\n","protected":false},"author":1,"featured_media":5406,"parent":0,"menu_order":0,"comment_status":"closed","ping_status":"closed","template":"","meta":{"inline_featured_image":false,"footnotes":""},"class_list":["post-490","page","type-page","status-publish","has-post-thumbnail","hentry"],"_links":{"self":[{"href":"https:\/\/afrus.ru\/rostov\/wp-json\/wp\/v2\/pages\/490"}],"collection":[{"href":"https:\/\/afrus.ru\/rostov\/wp-json\/wp\/v2\/pages"}],"about":[{"href":"https:\/\/afrus.ru\/rostov\/wp-json\/wp\/v2\/types\/page"}],"author":[{"embeddable":true,"href":"https:\/\/afrus.ru\/rostov\/wp-json\/wp\/v2\/users\/1"}],"replies":[{"embeddable":true,"href":"https:\/\/afrus.ru\/rostov\/wp-json\/wp\/v2\/comments?post=490"}],"version-history":[{"count":10,"href":"https:\/\/afrus.ru\/rostov\/wp-json\/wp\/v2\/pages\/490\/revisions"}],"predecessor-version":[{"id":8182,"href":"https:\/\/afrus.ru\/rostov\/wp-json\/wp\/v2\/pages\/490\/revisions\/8182"}],"wp:featuredmedia":[{"embeddable":true,"href":"https:\/\/afrus.ru\/rostov\/wp-json\/wp\/v2\/media\/5406"}],"wp:attachment":[{"href":"https:\/\/afrus.ru\/rostov\/wp-json\/wp\/v2\/media?parent=490"}],"curies":[{"name":"wp","href":"https:\/\/api.w.org\/{rel}","templated":true}]}}