{"id":505,"date":"2012-11-26T00:00:00","date_gmt":"2012-11-25T21:00:00","guid":{"rendered":"http:\/\/afrus.ru\/rostov\/delf-dalf\/"},"modified":"2020-12-10T16:53:43","modified_gmt":"2020-12-10T13:53:43","slug":"delf-dalf","status":"publish","type":"page","link":"https:\/\/afrus.ru\/rostov\/fr\/tests-et-diplomes\/delf-dalf\/","title":{"rendered":"DELF &#8212; DALF"},"content":{"rendered":"<p><strong>Le DELF et le DALF sont des dipl\u00f4mes d&#8217;\u00c9tat d\u00e9livr\u00e9s par le Minist\u00e8re de l&#8217;Education fran\u00e7ais, reconnus dans toutes les institutions fran\u00e7aises du monde, et valables \u00e0 vie.<\/strong><\/p>\n<p class=\"western\">\u00a0 \u00a0 \u00a0 \u00a0 \u00a0 \u00a0 \u00a0 \u00a0 \u00a0 \u00a0 \u00a0 \u00a0 \u00a0 \u00a0 \u00a0\u00a0<img loading=\"lazy\" decoding=\"async\" src=\"http:\/\/www.afrus.ru\/uploads\/general_files\/ville_11\/DelfDalf-CMJN-.png\" alt=\"\" width=\"400\" height=\"374\" border=\"0\" \/><\/p>\n<p class=\"simple page_top\">__________<\/p>\n<h3>DELF : Dipl\u00f4me d\u2019\u00c9tude en Langue Fran\u00e7aise<br \/>\nDALF : Dipl\u00f4me Approfondi en Langue Fran\u00e7aise<\/h3>\n<p><span style=\"font-family: Calibri, sans-serif\"><span style=\"font-size: 11pt\">Le DELF et le DALF sont ouverts \u00e0 tous : vous pouvez vous pr\u00e9senter \u00e0 ces examens, quel que soit votre \u00e2ge ou votre niveau d&#8217;\u00e9tudes. Une fois obtenus, les dipl\u00f4mes sont valables \u00e0 vie.<\/span><\/span><\/p>\n<p><span style=\"font-family: Calibri, sans-serif\"><span style=\"font-size: 11pt\">Plusieurs versions sont propos\u00e9es en fonction de l&#8217;\u00e2ge du candidat :<\/span><\/span><\/p>\n<p><span style=\"font-family: Calibri, sans-serif\"><span style=\"font-size: 11pt\">&#8212; <a href=\"http:\/\/www.afrus.ru\/fr\/rostov\/delf-prim_650\">Delf &#171;Prim&#187; (enfants de 8 \u00e0 12 ans)<\/a><\/span><\/span><\/p>\n<p><span style=\"font-size: 11pt\"><a href=\"http:\/\/www.afrus.ru\/fr\/rostov\/delf-junior_654\"><span style=\"font-family: Calibri, sans-serif\">&#8212; Delf &#171;Junior&#187; (jeunes de 12 \u00e0 18 ans)<\/span><\/a><\/span><\/p>\n<p><span style=\"font-size: 11pt\"><a href=\"http:\/\/www.afrus.ru\/fr\/rostov\/delf---dalf\"><span style=\"font-family: Calibri, sans-serif\">&#8212; Delf et Dalf &#171;Tout Public&#187; (recommand\u00e9 \u00e0 partir de 18 ans)<\/span><\/a><\/span><\/p>\n<p>Important : un niveau minimum DELF B2 est requis pour l&#8217;entr\u00e9e dans une universit\u00e9 ou une Grande \u00e9cole fran\u00e7aise. Attention, certaines \u00e9coles demandent un niveau DALF C1, comme l&#8217;Institut des sciences politiques de Paris ou l&#8217;\u00c9cole polytechnique.<\/p>\n<p>Vous pouvez vous inscrire \u00e0 plusieurs dipl\u00f4mes lors d\u2019une m\u00eame session. Si vous n&#8217;obtenez pas l&#8217;examen souhait\u00e9, vous pouvez le pr\u00e9senter autant de fois que n\u00e9cessaire.<\/p>\n<h3 class=\"western\"><span style=\"color: #222222\"><span style=\"font-family: Calibri, sans-serif\"><span style=\"font-size: 11pt\">Les diff\u00e9rents niveaux du DELF et du DALF<\/span><\/span><\/span><\/h3>\n<p><span style=\"font-size: 11pt;font-family: Calibri, sans-serif\">Le DELF et le DALF se composent de plusieurs dipl\u00f4mes ind\u00e9pendants, correspondants aux six niveaux du Cadre europ\u00e9en commun de r\u00e9f\u00e9rence pour les langues (<\/span><a href=\"http:\/\/www.coe.int\/t\/dg4\/linguistic\/cadre_fr.asp\">CECR<\/a><span style=\"font-size: 11pt;font-family: Calibri, sans-serif\">)\u00a0 du Conseil de l&#8217;Europe. Chaque dipl\u00f4me est constitu\u00e9 d&#8217;\u00e9preuves \u00e9valuant les 4 comp\u00e9tences : compr\u00e9hension et expression orales, compr\u00e9hension et expression \u00e9crites.<\/span><\/p>\n<h4 class=\"western\"><span style=\"color: #222222\"><span style=\"font-family: Calibri, sans-serif\"><span style=\"font-size: 11pt\">\u00a0 \u00a0 \u00a0 \u00a0A &#8212; niveau \u00e9l\u00e9mentaire: DELF A1 ou DELF A2<\/span><\/span><\/span><\/h4>\n<p><strong style=\"font-size: 12px\"><span style=\"color: #222222\"><span style=\"font-family: Calibri, sans-serif\"><span style=\"font-size: 11pt\"><span style=\"font-weight: normal\">A1<\/span><\/span><\/span><\/span><\/strong><span style=\"font-size: 12px;color: #222222\"><span style=\"font-family: Calibri, sans-serif\"><span style=\"font-size: 11pt\">: Vous \u00eates capable de parler de vous et de votre environnement imm\u00e9diat.<\/span><\/span><\/span><\/p>\n<p><strong><span style=\"color: #222222\"><span style=\"font-family: Calibri, sans-serif\"><span style=\"font-size: 11pt\"><span style=\"font-weight: normal\">A2<\/span><\/span><\/span><\/span><\/strong><span style=\"color: #222222\"><span style=\"font-family: Calibri, sans-serif\"><span style=\"font-size: 11pt\">: Vous pouvez r\u00e9aliser des t\u00e2ches simples de la vie quotidienne, utiliser les formules de politesse et d\u2019\u00e9change les plus courantes.<\/span><\/span><\/span><\/p>\n<p><span style=\"color: #222222\"><span style=\"font-family: Calibri, sans-serif\"><span style=\"font-size: 11pt\">Voir\u00a0<a href=\"http:\/\/www.ciep.fr\/delfdalf\/presentation-epreuves-delf.php\">les \u00e9preuves<\/a>\u00a0et\u00a0<a href=\"http:\/\/www.ciep.fr\/delfdalf\/sujets-delf.php\">des exemples de sujets<\/a>\u00a0du DELF niveau A.<\/span><\/span><\/span><\/p>\n<h4 class=\"western\"><span style=\"color: #222222\"><span style=\"font-family: Calibri, sans-serif\"><span style=\"font-size: 11pt\">\u00a0 \u00a0 \u00a0 \u00a0B &#8212; niveau interm\u00e9diaire: DELF B1 ou DELF B2<\/span><\/span><\/span><\/h4>\n<p><strong style=\"font-size: 12px\"><span style=\"color: #222222\"><span style=\"font-family: Calibri, sans-serif\"><span style=\"font-size: 11pt\"><span style=\"font-weight: normal\">B1<\/span><\/span><\/span><\/span><\/strong><span style=\"font-size: 12px;color: #222222\"><span style=\"font-family: Calibri, sans-serif\"><span style=\"font-size: 11pt\">: Vous \u00eates capable de comprendre et poursuivre une discussion, de donner votre avis et votre opinion, de vous d\u00e9brouiller dans des situations impr\u00e9vues de la vie quotidienne, lors d&#8217;un voyage en France ou en pays francophone.<\/span><\/span><\/span><\/p>\n<p><strong><span style=\"color: #222222\"><span style=\"font-family: Calibri, sans-serif\"><span style=\"font-size: 11pt\"><span style=\"font-weight: normal\">B2<\/span><\/span><\/span><\/span><\/strong><span style=\"color: #222222\"><span style=\"font-family: Calibri, sans-serif\"><span style=\"font-size: 11pt\">: Vous \u00eates \u00e0 m\u00eame d&#8217;argumenter pour d\u00e9fendre votre opinion, d\u00e9velopper votre point de vue et n\u00e9gocier. Vous faites preuve d\u2019aisance dans le discours social et \u00eates capable de corriger vous-m\u00eame vos erreurs.<\/span><\/span><\/span><\/p>\n<p><span style=\"color: #222222\"><span style=\"font-family: Calibri, sans-serif\"><span style=\"font-size: 11pt\">Voir\u00a0<a href=\"http:\/\/www.ciep.fr\/delfdalf\/presentation-epreuves-delf.php\">les \u00e9preuves<\/a>\u00a0et\u00a0<a href=\"http:\/\/www.ciep.fr\/delfdalf\/sujets-delf.php\">des exemples de sujets<\/a>\u00a0du DELF niveau B<\/span><\/span><\/span><\/p>\n<h4 class=\"western\"><span style=\"color: #222222\"><span style=\"font-family: Calibri, sans-serif\"><span style=\"font-size: 11pt\">\u00a0 \u00a0 \u00a0 \u00a0C &#8212; niveau exp\u00e9riment\u00e9: DALF C1 ouDALF C2<\/span><\/span><\/span><\/h4>\n<p><strong style=\"font-size: 12px\"><span style=\"color: #222222\"><span style=\"font-family: Calibri, sans-serif\"><span style=\"font-size: 11pt\"><span style=\"font-weight: normal\">C1<\/span><\/span><\/span><\/span><\/strong><span style=\"font-size: 12px;color: #222222\"><span style=\"font-family: Calibri, sans-serif\"><span style=\"font-size: 11pt\">: Autonomes, vous \u00eates capable d\u2019\u00e9tablir une communication ais\u00e9e et spontan\u00e9e. Vous poss\u00e9dez un r\u00e9pertoire lexical large et pouvez choisir une expression ad\u00e9quate pour introduire vos commentaires. Votre discours clair, bien construit et sans h\u00e9sitation montre l\u2019utilisation ma\u00eetris\u00e9e des structures.<\/span><\/span><\/span><\/p>\n<p><strong><span style=\"color: #222222\"><span style=\"font-family: Calibri, sans-serif\"><span style=\"font-size: 11pt\"><span style=\"font-weight: normal\">C2<\/span><\/span><\/span><\/span><\/strong><span style=\"color: #222222\"><span style=\"font-family: Calibri, sans-serif\"><span style=\"font-size: 11pt\">: Votre ma\u00eetrise de la langue se traduit par un degr\u00e9 de pr\u00e9cision, d\u2019ad\u00e9quation et d\u2019aisance dans l\u2019expression. Vous \u00eates capable de r\u00e9aliser des t\u00e2ches acad\u00e9miques ou de niveau avanc\u00e9.<\/span><\/span><\/span><\/p>\n<p><span style=\"color: #222222\"><span style=\"font-family: Calibri, sans-serif\"><span style=\"font-size: 11pt\">Voir\u00a0<a href=\"http:\/\/www.ciep.fr\/delfdalf\/presentation-epreuves-dalf.php\">les \u00e9preuve<\/a>s et\u00a0<a href=\"http:\/\/www.ciep.fr\/delfdalf\/sujets-dalf.php\">des exemples de sujets<\/a>\u00a0du DALF.<\/span><\/span><\/span><\/p>\n<h4 class=\"western\"><\/h4>\n<h4 class=\"western\"><span style=\"color: #222222\"><span style=\"font-family: Calibri, sans-serif\"><span style=\"font-size: 11pt\">Inscriptions :<\/span><\/span><\/span><\/h4>\n<p><span style=\"color: #222222\"><span style=\"font-family: Calibri, sans-serif\"><span style=\"font-size: 11pt\">Consultez ici le <a href=\"http:\/\/www.afrus.ru\/fr\/rostov\/tarifs-des-examens-delfdalf-20152016\">calendrier et les tarifs<\/a> des examens.<br \/>\n<a href=\"http:\/\/www.afrus.ru\/fr\/rostov\/inscription-l-preuve-delfdalf\">Inscrivez-vous<\/a>\u00a0directement \u00e0 l&#8217;Alliance fran\u00e7aise, par t\u00e9l\u00e9phone 269-20-45 ou par email info.rostov@afrus.ru.<\/span><\/span><\/span><\/p>\n","protected":false},"excerpt":{"rendered":"<p>Le DELF et le DALF sont des dipl\u00f4mes d&#8217;\u00c9tat d\u00e9livr\u00e9s par le Minist\u00e8re de l&#8217;Education fran\u00e7ais, reconnus dans toutes les institutions fran\u00e7aises du monde, et valables \u00e0 vie. \u00a0 \u00a0 \u00a0 \u00a0 \u00a0 \u00a0 \u00a0 \u00a0 \u00a0 \u00a0 \u00a0 \u00a0 \u00a0 \u00a0 \u00a0\u00a0 __________ DELF : Dipl\u00f4me d\u2019\u00c9tude en Langue Fran\u00e7aise DALF : Dipl\u00f4me Approfondi [&hellip;]<\/p>\n","protected":false},"author":1,"featured_media":5769,"parent":2975,"menu_order":0,"comment_status":"closed","ping_status":"closed","template":"template-tests-certifications.php","meta":{"inline_featured_image":false,"footnotes":""},"class_list":["post-505","page","type-page","status-publish","has-post-thumbnail","hentry"],"_links":{"self":[{"href":"https:\/\/afrus.ru\/rostov\/wp-json\/wp\/v2\/pages\/505"}],"collection":[{"href":"https:\/\/afrus.ru\/rostov\/wp-json\/wp\/v2\/pages"}],"about":[{"href":"https:\/\/afrus.ru\/rostov\/wp-json\/wp\/v2\/types\/page"}],"author":[{"embeddable":true,"href":"https:\/\/afrus.ru\/rostov\/wp-json\/wp\/v2\/users\/1"}],"replies":[{"embeddable":true,"href":"https:\/\/afrus.ru\/rostov\/wp-json\/wp\/v2\/comments?post=505"}],"version-history":[{"count":2,"href":"https:\/\/afrus.ru\/rostov\/wp-json\/wp\/v2\/pages\/505\/revisions"}],"predecessor-version":[{"id":6486,"href":"https:\/\/afrus.ru\/rostov\/wp-json\/wp\/v2\/pages\/505\/revisions\/6486"}],"up":[{"embeddable":true,"href":"https:\/\/afrus.ru\/rostov\/wp-json\/wp\/v2\/pages\/2975"}],"wp:featuredmedia":[{"embeddable":true,"href":"https:\/\/afrus.ru\/rostov\/wp-json\/wp\/v2\/media\/5769"}],"wp:attachment":[{"href":"https:\/\/afrus.ru\/rostov\/wp-json\/wp\/v2\/media?parent=505"}],"curies":[{"name":"wp","href":"https:\/\/api.w.org\/{rel}","templated":true}]}}