{"id":506,"date":"2012-11-26T00:00:00","date_gmt":"2012-11-25T21:00:00","guid":{"rendered":"http:\/\/afrus.ru\/rostov\/delf-prim_650\/"},"modified":"2020-12-10T16:55:35","modified_gmt":"2020-12-10T13:55:35","slug":"delf-prim_650","status":"publish","type":"page","link":"https:\/\/afrus.ru\/rostov\/fr\/delf-prim_650\/","title":{"rendered":"DELF Prim"},"content":{"rendered":"<h2>Le DELF Prim s&#8217;adresse aux enfants de 8 \u00e0 12 ans.<\/h2>\n<p>&nbsp;<img loading=\"lazy\" decoding=\"async\" src=\"http:\/\/www.afrus.ru\/uploads\/general_files\/ville_11\/Delf-Prim-CMJN.jpg\" border=\"0\" alt=\"\" width=\"400\" height=\"326\"><\/p>\n<p>ll constitue une premi\u00e8re \u00e9tape dans la s\u00e9rie des <strong>DELF DALF, dipl\u00f4mes de fran\u00e7ais langue \u00e9trang\u00e8re du minist\u00e8re de l&#8217;\u00c9ducation nationale<\/strong>.<\/p>\n<p>Le DELF Prim est constitu\u00e9 de dipl\u00f4mes ind\u00e9pendants les uns des autres, correspondant aux niveaux A1.1, A1 et A2 du Cadre europ\u00e9en commun de r\u00e9f\u00e9rence pour les langues (<a href=\"http:\/\/www.coe.int\/t\/dg4\/linguistic\/cadre_fr.asp\">CECR<\/a>). Ils ont \u00e9t\u00e9 cr\u00e9\u00e9s par le <a href=\"http:\/\/www.ciep.fr\/delfdalf\/index.php\">CIEP<\/a> (Centre international d&#8217;\u00e9tudes p\u00e9dagogiques) qui travaille en collaboration avec le Minist\u00e8re de l&#8217;Education nationale.<\/p>\n<h3>Il permet d&#8217;\u00e9valuer les quatre comp\u00e9tences langagi\u00e8res:<\/h3>\n<p><em><strong>Compr\u00e9hension orale<\/strong><\/em> : comprendre une instruction, une consigne simple \/ comprendre une description simple \/ comprendre une information simple, des donn\u00e9es chiffr\u00e9es.<br \/>\n<em><strong>Compr\u00e9hension \u00e9crite<\/strong><\/em> : comprendre une information simple \/ comprendre un message ou une carte postale \/comprendre des informations simples dans un texte court.<br \/>\n<em><strong>Production \u00e9crite<\/strong><\/em> : \u00e9crire des informations personnelles \/ compl\u00e9ter un message ou une histoire simple \/ r\u00e9diger un message simple.<br \/>\n<em><strong>Production\/ interaction orale<\/strong><\/em> : entretien dirig\u00e9 \/ activit\u00e9s d&#8217;expression.<\/p>\n<p>D\u00e9couvrez ici la brochure de pr\u00e9sentation des <a href=\"http:\/\/www.francomania.ru\/sites\/default\/files\/uploaded_images\/users\/u464\/delfprim_depliant_fr.pdf\">DELF PRIM<\/a> !<\/p>\n<h3>Vous voulez en savoir plus sur chaque dipl\u00f4me DELF PRIM ?<\/h3>\n<p>T\u00e9l\u00e9chargez ci-dessous les pr\u00e9sentations.<\/p>\n<p><a href=\"http:\/\/www.francomania.ru\/sites\/default\/files\/uploaded_images\/users\/u464\/a1.1_presentation.pdf\">DELF PRIM A1.1<\/a><br \/>\n<a href=\"http:\/\/www.francomania.ru\/sites\/default\/files\/uploaded_images\/users\/u464\/a1_presentation.pdf\">DELF PRIM A1<\/a><br \/>\n<a href=\"http:\/\/www.francomania.ru\/sites\/default\/files\/uploaded_images\/users\/u464\/a2_presentation.pdf\">DELF PRIM A2<\/a><\/p>\n<p>Apprendre tout sur DELF !<\/p>\n<p><a href=\"http:\/\/www.francomania.ru\/sites\/default\/files\/fichiers_telecharges\/struktura_ekzamenov_delf_prim.pdf\">DELF PRIM<\/a><br \/>\n<a href=\"http:\/\/www.francomania.ru\/sites\/default\/files\/fichiers_telecharges\/chto_nuzhno_umet_delf_prim_a1.1.pdf\">DELF PRIM A1.1<\/a><br \/>\n<a href=\"http:\/\/www.francomania.ru\/sites\/default\/files\/fichiers_telecharges\/chto_nuzhno_umet_delf_prim_a1.pdf\">DELF PRIM A1<\/a><br \/>\n<a href=\"http:\/\/www.francomania.ru\/sites\/default\/files\/uploaded_images\/users\/u464\/a2_presentation.pdf\">DELF PRIM A2<\/a><\/p>\n<h3>Inscription<\/h3>\n<p>Recherchez les dates de sessions de DELF DALF qui vous conviennent dans le&nbsp;<a href=\"http:\/\/afrus.ru\/rostov\/fr\/calendrier-delfdalf\">calendrier<\/a>.<br \/>\n<a href=\"http:\/\/afrus.ru\/rostov\/fr\/2013\/01\/session-du-delf-prim-538\">Inscrivez-vous<\/a> directement \u00e0 l&#8217;Alliance fran\u00e7aise, par t\u00e9l\u00e9phone 269-20-45 ou par email rostov@afrus.ru.<br \/>\nVous pouvez vous inscrire \u00e0 plusieurs dipl\u00f4mes lors d\u2019une m\u00eame session. Si vous n&#8217;obtenez pas l&#8217;examen souhait\u00e9, vous pouvez le pr\u00e9senter autant de fois que n\u00e9cessaire.<\/p>\n<p>Le co\u00fbt d&#8217;inscription est fix\u00e9.&nbsp; Les tarifs de chaque examen sont indiqu\u00e9s dans le&nbsp;<a href=\"http:\/\/afrus.ru\/rostov\/fr\/tarifs-des-examens-delfdalf\">tableau<\/a>.<\/p>\n","protected":false},"excerpt":{"rendered":"<p>Le DELF Prim s&#8217;adresse aux enfants de 8 \u00e0 12 ans. &nbsp; ll constitue une premi\u00e8re \u00e9tape dans la s\u00e9rie des DELF DALF, dipl\u00f4mes de fran\u00e7ais langue \u00e9trang\u00e8re du minist\u00e8re de l&#8217;\u00c9ducation nationale. Le DELF Prim est constitu\u00e9 de dipl\u00f4mes ind\u00e9pendants les uns des autres, correspondant aux niveaux A1.1, A1 et A2 du Cadre europ\u00e9en [&hellip;]<\/p>\n","protected":false},"author":1,"featured_media":6727,"parent":0,"menu_order":0,"comment_status":"closed","ping_status":"closed","template":"template-tests-certifications.php","meta":{"inline_featured_image":false,"footnotes":""},"class_list":["post-506","page","type-page","status-publish","has-post-thumbnail","hentry"],"_links":{"self":[{"href":"https:\/\/afrus.ru\/rostov\/wp-json\/wp\/v2\/pages\/506"}],"collection":[{"href":"https:\/\/afrus.ru\/rostov\/wp-json\/wp\/v2\/pages"}],"about":[{"href":"https:\/\/afrus.ru\/rostov\/wp-json\/wp\/v2\/types\/page"}],"author":[{"embeddable":true,"href":"https:\/\/afrus.ru\/rostov\/wp-json\/wp\/v2\/users\/1"}],"replies":[{"embeddable":true,"href":"https:\/\/afrus.ru\/rostov\/wp-json\/wp\/v2\/comments?post=506"}],"version-history":[{"count":1,"href":"https:\/\/afrus.ru\/rostov\/wp-json\/wp\/v2\/pages\/506\/revisions"}],"predecessor-version":[{"id":6487,"href":"https:\/\/afrus.ru\/rostov\/wp-json\/wp\/v2\/pages\/506\/revisions\/6487"}],"wp:featuredmedia":[{"embeddable":true,"href":"https:\/\/afrus.ru\/rostov\/wp-json\/wp\/v2\/media\/6727"}],"wp:attachment":[{"href":"https:\/\/afrus.ru\/rostov\/wp-json\/wp\/v2\/media?parent=506"}],"curies":[{"name":"wp","href":"https:\/\/api.w.org\/{rel}","templated":true}]}}