{"id":507,"date":"2012-11-26T00:00:00","date_gmt":"2012-11-25T21:00:00","guid":{"rendered":"http:\/\/afrus.ru\/rostov\/delf-junior_654\/"},"modified":"2020-12-10T16:56:57","modified_gmt":"2020-12-10T13:56:57","slug":"delf-junior_654","status":"publish","type":"page","link":"https:\/\/afrus.ru\/rostov\/fr\/delf-junior_654\/","title":{"rendered":"DELF Junior"},"content":{"rendered":"<h2>Dipl\u00f4me d&#8217;\u00e9tudes en langue fran\u00e7aise version JUNIOR<\/h2>\n<p>Le DELF Junior est ouvert aux candidats mineurs (12-18 ans). Une fois obtenus, les dipl\u00f4mes sont valables \u00e0 vie.<\/p>\n<p><img loading=\"lazy\" decoding=\"async\" src=\"http:\/\/www.afrus.ru\/uploads\/general_files\/ville_11\/Delf-Junior-CMJN.png\" border=\"0\" alt=\"\" width=\"400\" height=\"317\"><\/p>\n<p>Des dipl\u00f4mes officiels et internationalement reconnus :<\/p>\n<ul>\n<li>d\u00e9livr\u00e9s par le minist\u00e8re fran\u00e7ais de l&#8217;Education nationale<\/li>\n<li>sous l\u2019autorit\u00e9 de la Commission nationale du&nbsp;<a href=\"http:\/\/www.ciep.fr\/delfdalf\/index.php\">CIEP<\/a>.<\/li>\n<li>conformes au Cadre europ\u00e9en commun de r\u00e9f\u00e9rence pour les langues (<a href=\"http:\/\/www.coe.int\/t\/dg4\/linguistic\/cadre_fr.asp\">CECR<\/a>) du Conseil de l&#8217;Europe<\/li>\n<li>reconnus dans 161 pays et par un millier de centres d&#8217;examens r\u00e9partis dans le monde.<\/li>\n<\/ul>\n<p>&nbsp;<\/p>\n<p>&nbsp;<\/p>\n<p><strong>Important : La version junior du DELF est construite sur la m\u00eame structure que le DELF version tous publics.<\/strong> Seules les th\u00e9matiques diff\u00e8rent : les supports tiennent compte des centres d\u2019int\u00e9r\u00eat des jeunes.<br \/>\nAinsi, un \u00e9l\u00e8ve ayant obtenu un DELF JUNIOR B2 n\u2019a pas besoin de repasser un DELF B2.<\/p>\n<h3>&nbsp;<\/h3>\n<h3>Les diff\u00e9rents niveaux de DELF JUNIOR<\/h3>\n<p>Le DELF JUNIOR se compose de plusieurs dipl\u00f4mes ind\u00e9pendants, correspondants aux quatre premiers niveaux du Cadre europ\u00e9en commun de r\u00e9f\u00e9rence pour les langues (<a href=\"http:\/\/www.coe.int\/t\/dg4\/linguistic\/cadre_fr.asp\">CECR<\/a>)&nbsp; du Conseil de l&#8217;Europe. Chaque dipl\u00f4me est constitu\u00e9 d&#8217;\u00e9preuves \u00e9valuant les 4 comp\u00e9tences :&nbsp;<em><strong>compr\u00e9hension et expression orales, compr\u00e9hension et expression \u00e9crites<\/strong><\/em>.<\/p>\n<h3>&nbsp;<\/h3>\n<h3>Vous avez entre 12 et 18 ans et votre niveau est :<\/h3>\n<h4>A) \u00e9l\u00e9mentaire: passez le DELF JUNIOR A1 ou le DELF JUNIOR A2<\/h4>\n<p><strong>A1<\/strong>: Vous \u00eates capable de parler de vous et de votre environnement imm\u00e9diat.<\/p>\n<p><strong>A2<\/strong>: Vous pouvez r\u00e9aliser des t\u00e2ches simples de la vie quotidienne, utiliser les formules de politesse et d\u2019\u00e9change les plus courantes.<\/p>\n<p>Voir les&nbsp;<a href=\"http:\/\/www.ciep.fr\/delf-junior\/exemples-de-sujets-delf-junior.php\">exemples de sujets<\/a>&nbsp;du DELF Junior niveau A.<\/p>\n<h4>B) interm\u00e9diaire: passez le DELF JUNIOR B1 ou le DELF JUNIOR B2<\/h4>\n<p><strong>B1<\/strong>: Vous \u00eates capable de comprendre et poursuivre une discussion, de donner votre avis et votre opinion, de vous d\u00e9brouiller dans des situations impr\u00e9vues de la vie quotidienne, lors d&#8217;un voyage en France ou en pays francophone.<\/p>\n<p><strong>B2<\/strong>: Vous \u00eates \u00e0 m\u00eame d&#8217;argumenter pour d\u00e9fendre votre opinion, d\u00e9velopper votre point de vue et n\u00e9gocier. Vous faites preuve d\u2019aisance dans le discours social et \u00eates capable de corriger vous-m\u00eame vos erreurs.<\/p>\n<p>Voir les&nbsp;<a href=\"http:\/\/www.ciep.fr\/delf-junior\/exemples-de-sujets-delf-junior.php\">exemples de sujets<\/a>&nbsp;du DELF JUNIOR niveau B.<\/p>\n<h3>&nbsp;<\/h3>\n<h3>Inscription<\/h3>\n<p>Recherchez les dates de sessions de DELF DALF qui vous conviennent dans le <a href=\"http:\/\/afrus.ru\/rostov\/fr\/calendrier-delfdalf\">calendrier<\/a>.<br \/>\n<a href=\"http:\/\/afrus.ru\/rostov\/fr\/inscription-l-preuve-delfdalf-session-d-hiver-15-d-cembre-2012\">Inscrivez-vous<\/a> directement \u00e0 l&#8217;Alliance fran\u00e7aise, par t\u00e9l\u00e9phone 269-20-45 ou par email rostov@afrus.ru.<br \/>\nVous pouvez vous inscrire \u00e0 plusieurs dipl\u00f4mes lors d\u2019une m\u00eame session. Si vous n&#8217;obtenez pas l&#8217;examen souhait\u00e9, vous pouvez le pr\u00e9senter autant de fois que n\u00e9cessaire.<\/p>\n<p>Le co\u00fbt d&#8217;inscription est fix\u00e9.&nbsp; Les tarifs de chaque examen sont indiqu\u00e9s dans le <a href=\"http:\/\/afrus.ru\/rostov\/fr\/tarifs-des-examens-delfdalf\">tableau<\/a>.<\/p>\n<p>&nbsp;<\/p>\n","protected":false},"excerpt":{"rendered":"<p>Dipl\u00f4me d&#8217;\u00e9tudes en langue fran\u00e7aise version JUNIOR Le DELF Junior est ouvert aux candidats mineurs (12-18 ans). Une fois obtenus, les dipl\u00f4mes sont valables \u00e0 vie. Des dipl\u00f4mes officiels et internationalement reconnus : d\u00e9livr\u00e9s par le minist\u00e8re fran\u00e7ais de l&#8217;Education nationale sous l\u2019autorit\u00e9 de la Commission nationale du&nbsp;CIEP. conformes au Cadre europ\u00e9en commun de r\u00e9f\u00e9rence [&hellip;]<\/p>\n","protected":false},"author":1,"featured_media":6725,"parent":0,"menu_order":0,"comment_status":"closed","ping_status":"closed","template":"template-tests-certifications.php","meta":{"inline_featured_image":false,"footnotes":""},"class_list":["post-507","page","type-page","status-publish","has-post-thumbnail","hentry"],"_links":{"self":[{"href":"https:\/\/afrus.ru\/rostov\/wp-json\/wp\/v2\/pages\/507"}],"collection":[{"href":"https:\/\/afrus.ru\/rostov\/wp-json\/wp\/v2\/pages"}],"about":[{"href":"https:\/\/afrus.ru\/rostov\/wp-json\/wp\/v2\/types\/page"}],"author":[{"embeddable":true,"href":"https:\/\/afrus.ru\/rostov\/wp-json\/wp\/v2\/users\/1"}],"replies":[{"embeddable":true,"href":"https:\/\/afrus.ru\/rostov\/wp-json\/wp\/v2\/comments?post=507"}],"version-history":[{"count":1,"href":"https:\/\/afrus.ru\/rostov\/wp-json\/wp\/v2\/pages\/507\/revisions"}],"predecessor-version":[{"id":6488,"href":"https:\/\/afrus.ru\/rostov\/wp-json\/wp\/v2\/pages\/507\/revisions\/6488"}],"wp:featuredmedia":[{"embeddable":true,"href":"https:\/\/afrus.ru\/rostov\/wp-json\/wp\/v2\/media\/6725"}],"wp:attachment":[{"href":"https:\/\/afrus.ru\/rostov\/wp-json\/wp\/v2\/media?parent=507"}],"curies":[{"name":"wp","href":"https:\/\/api.w.org\/{rel}","templated":true}]}}