{"id":548,"date":"2017-04-03T00:00:00","date_gmt":"2017-04-02T21:00:00","guid":{"rendered":"http:\/\/afrus.ru\/rostov\/copy-3042017-173853\/"},"modified":"2020-06-23T12:55:29","modified_gmt":"2020-06-23T09:55:29","slug":"copy-3042017-173853","status":"publish","type":"page","link":"https:\/\/afrus.ru\/rostov\/fr\/copy-3042017-173853\/","title":{"rendered":"Test de placement"},"content":{"rendered":"<p>Si vous souhaitez prendre des cours \u00e0 l&#8217;Alliance fran\u00e7aise, mais que vous ne connaissez pas votre niveau de fran\u00e7ais, nous vous proposons un test de placement gratuit pour \u00e9valuer vos comp\u00e9tences et vous orienter au mieux parmi les diff\u00e9rents groupes de niveaux propos\u00e9s.<\/p>\n<div>\n<p>Nous attirons votre attention sur le fait que ce test n&#8217;est pas un test d&#8217;\u00e9valuation: son r\u00e9sultat ne comporte aucun caract\u00e8re officiel et ne donne pas droit \u00e0 d\u00e9livrance d&#8217;aucun certificat ou attestation de niveau. Il est \u00e0 strict usage interne, dans le seul objectif de r\u00e9pondre au mieux \u00e0 votre besoin en vous orientant vers le cours qui vous correspond.<\/p>\n<p>Au plaisir de vous comptez parmi nos \u00e9tudiants !<\/p>\n<p><a href=\"http:\/\/afrus.ru\/rostov\/test-orientation-2018\/\">Cliquer ici pour l&#8217;acc\u00e8s au test de placement !<\/a><\/p>\n<\/div>\n","protected":false},"excerpt":{"rendered":"<p>Si vous souhaitez prendre des cours \u00e0 l&#8217;Alliance fran\u00e7aise, mais que vous ne connaissez pas votre niveau de fran\u00e7ais, nous vous proposons un test de placement gratuit pour \u00e9valuer vos comp\u00e9tences et vous orienter au mieux parmi les diff\u00e9rents groupes de niveaux propos\u00e9s. Nous attirons votre attention sur le fait que ce test n&#8217;est pas [&hellip;]<\/p>\n","protected":false},"author":1,"featured_media":549,"parent":0,"menu_order":0,"comment_status":"closed","ping_status":"closed","template":"","meta":{"inline_featured_image":false,"footnotes":""},"class_list":["post-548","page","type-page","status-publish","has-post-thumbnail","hentry"],"_links":{"self":[{"href":"https:\/\/afrus.ru\/rostov\/wp-json\/wp\/v2\/pages\/548"}],"collection":[{"href":"https:\/\/afrus.ru\/rostov\/wp-json\/wp\/v2\/pages"}],"about":[{"href":"https:\/\/afrus.ru\/rostov\/wp-json\/wp\/v2\/types\/page"}],"author":[{"embeddable":true,"href":"https:\/\/afrus.ru\/rostov\/wp-json\/wp\/v2\/users\/1"}],"replies":[{"embeddable":true,"href":"https:\/\/afrus.ru\/rostov\/wp-json\/wp\/v2\/comments?post=548"}],"version-history":[{"count":1,"href":"https:\/\/afrus.ru\/rostov\/wp-json\/wp\/v2\/pages\/548\/revisions"}],"predecessor-version":[{"id":5486,"href":"https:\/\/afrus.ru\/rostov\/wp-json\/wp\/v2\/pages\/548\/revisions\/5486"}],"wp:featuredmedia":[{"embeddable":true,"href":"https:\/\/afrus.ru\/rostov\/wp-json\/wp\/v2\/media\/549"}],"wp:attachment":[{"href":"https:\/\/afrus.ru\/rostov\/wp-json\/wp\/v2\/media?parent=548"}],"curies":[{"name":"wp","href":"https:\/\/api.w.org\/{rel}","templated":true}]}}