{"id":567,"date":"2018-10-22T00:00:00","date_gmt":"2018-10-21T21:00:00","guid":{"rendered":"http:\/\/afrus.ru\/rostov\/inscription-sejour-russie\/"},"modified":"2018-10-22T00:00:00","modified_gmt":"2018-10-21T21:00:00","slug":"inscription-sejour-russie","status":"publish","type":"page","link":"https:\/\/afrus.ru\/rostov\/fr\/inscription-sejour-russie\/","title":{"rendered":"Inscription s\u00e9jour d&#8217;\u00e9t\u00e9 2020 \u00e0 Rostov-sur-le-Don"},"content":{"rendered":"<p>Toutes les informations concernant le s&eacute;jour. Pour vous inscrire, merci de remplir le formulaire en bas de page et nous reviendrons vers vous tr&egrave;s vite !<\/p>\n<h2><span>Modalit&eacute;s:<\/span><\/h2>\n<ul>\n<li><span><\/span><span>Programme ouvert aux apprenants de 16 ans et plus<\/span><\/li>\n<li><span>S&eacute;jour de 13 nuits, du 2 au 15 ao&ucirc;t 2020<\/span><\/li>\n<li><b><\/b><span><b>Inscriptions jusqu&rsquo;au 31 mars 2020<\/b><\/span><\/li>\n<li><span>R&egrave;glement par virement aupr&egrave;s de l&rsquo;Alliance Fran&ccedil;aise de Rostov-sur-le-Don<\/span><\/li>\n<li><b><\/b><span><b>Tarif: 990&euro;<\/b><\/span><\/li>\n<\/ul>\n<h3><span><b>Inclus dans le prix:<\/b><\/span><\/h3>\n<ul>\n<li><span><b><\/b><\/span><span><b>30h de cours de russe en groupe<\/b><\/span><\/li>\n<li><span><\/span><span>5 demi-journ&eacute;es de visites culturelles<\/span><\/li>\n<li><span><\/span><span>H&eacute;bergement en famille d&rsquo;accueil<span class=\"Apple-converted-space\">&nbsp;<\/span><\/span><\/li>\n<li><span><\/span><span>Repas en demi-pension<\/span><\/li>\n<li><span><\/span><span>Invitation pour l&rsquo;obtention du visa<\/span><\/li>\n<li><span><\/span><span>Enregistrement administratif (obligatoire)<\/span><\/li>\n<li><span><\/span><span>Accueil et transfert depuis et vers l&rsquo;a&eacute;roport<\/span><\/li>\n<li><span><\/span><span>Conseils et accompagnement dans la pr&eacute;paration de votre voyage<\/span><\/li>\n<\/ul>\n<p><span><i>Ne sont pas inclus dans le prix: le billet d&rsquo;avion A\/R pour Rostov-sur-le-Don, les frais de visa, l&rsquo;assurance m&eacute;dicale obligatoire, le transport A\/R entre votre h&eacute;bergement et l&rsquo;AF de Rostov sur le Don, les d&eacute;jeuners.<span class=\"Apple-converted-space\">&nbsp;<\/span><\/i><\/span><\/p>\n<h3><span><b>Proc&eacute;dure d&rsquo;obtention du visa:<\/b><\/span><\/h3>\n<p><span>L&rsquo;Alliance Fran&ccedil;aise de Rostov-sur-le-Don se charge de vous envoyer la lettre officielle d&rsquo;invitation obligatoire pour l&rsquo;obtention de votre visa; une fois votre dossier d&rsquo;inscription complet et le paiement effectu&eacute;. Nous vous indiquerons les d&eacute;marches &agrave; suivre en France.<\/span><\/p>\n<p><span><\/span><\/p>\n<p><strong>Pour vous inscrire, merci de bien vouloir remplir le formulaire ci-dessous. Notre &eacute;quipe vous contactera dans les 2 jours suivants.<\/strong><\/p>\n<\/p>\n<p><iframe loading=\"lazy\" src=\"https:\/\/docs.google.com\/forms\/d\/e\/1FAIpQLSdo3K0oysSi6SHxKEniAxURsgezZ-PTDmFClOZbHFqqbyhOcg\/viewform?embedded=true\" width=\"640\" height=\"5092\" marginwidth=\"0\" marginheight=\"0\" frameborder=\"0\">Chargement en cours\u2026<\/iframe><\/p>\n","protected":false},"excerpt":{"rendered":"<p>Toutes les informations concernant le s&eacute;jour. Pour vous inscrire, merci de remplir le formulaire en bas de page et nous reviendrons vers vous tr&egrave;s vite ! Modalit&eacute;s: Programme ouvert aux apprenants de 16 ans et plus S&eacute;jour de 13 nuits, du 2 au 15 ao&ucirc;t 2020 Inscriptions jusqu&rsquo;au 31 mars 2020 R&egrave;glement par virement aupr&egrave;s [&hellip;]<\/p>\n","protected":false},"author":1,"featured_media":568,"parent":0,"menu_order":0,"comment_status":"closed","ping_status":"closed","template":"","meta":{"inline_featured_image":false,"footnotes":""},"class_list":["post-567","page","type-page","status-publish","has-post-thumbnail","hentry"],"_links":{"self":[{"href":"https:\/\/afrus.ru\/rostov\/wp-json\/wp\/v2\/pages\/567"}],"collection":[{"href":"https:\/\/afrus.ru\/rostov\/wp-json\/wp\/v2\/pages"}],"about":[{"href":"https:\/\/afrus.ru\/rostov\/wp-json\/wp\/v2\/types\/page"}],"author":[{"embeddable":true,"href":"https:\/\/afrus.ru\/rostov\/wp-json\/wp\/v2\/users\/1"}],"replies":[{"embeddable":true,"href":"https:\/\/afrus.ru\/rostov\/wp-json\/wp\/v2\/comments?post=567"}],"version-history":[{"count":0,"href":"https:\/\/afrus.ru\/rostov\/wp-json\/wp\/v2\/pages\/567\/revisions"}],"wp:featuredmedia":[{"embeddable":true,"href":"https:\/\/afrus.ru\/rostov\/wp-json\/wp\/v2\/media\/568"}],"wp:attachment":[{"href":"https:\/\/afrus.ru\/rostov\/wp-json\/wp\/v2\/media?parent=567"}],"curies":[{"name":"wp","href":"https:\/\/api.w.org\/{rel}","templated":true}]}}