{"id":577,"date":"2020-02-05T00:00:00","date_gmt":"2020-02-04T21:00:00","guid":{"rendered":"http:\/\/afrus.ru\/rostov\/rostov-sur-le-don-aux-portes-du-caucase-en-terres-casaques\/"},"modified":"2026-03-16T13:03:41","modified_gmt":"2026-03-16T10:03:41","slug":"rostov-sur-le-don-aux-portes-du-caucase-en-terres-casaques","status":"publish","type":"page","link":"https:\/\/afrus.ru\/rostov\/fr\/rostov-sur-le-don-aux-portes-du-caucase-en-terres-casaques\/","title":{"rendered":"Rostov-sur-le-Don: Aux Portes du Caucase, en terres cosaques"},"content":{"rendered":"<p>Situ\u00e9e \u00e0 1000km au Sud de Moscou, Rostov-sur-le-Don, surnomm\u00e9e \u00abla Porte du Caucase\u00bb, est une ville de 1,2 millions d\u2019habitants emplie d\u2019histoire et de culture. Cr\u00e9\u00e9e \u00e0 l\u2019initiative de l\u2019imp\u00e9ratrice \u00c9lisabeth Petrovna il y a plue de 275 ans, la ville a toujours \u00e9t\u00e9 un important p\u00f4le \u00e9conomique et militaire de par sa position strat\u00e9gique \u00e0 l\u2019embouchure du fleuve Don.<span class=\"Apple-converted-space\">\u00a0<\/span>La r\u00e9gion de Rostov est la terre de naissance des cosaques du Don, dont la capitale Starocherkassk se situe \u00e0 40 km.<\/p>\n<p>La r\u00e9gion de Rostov-sur-le-Don est notablement connu dans le pays pour \u00eatre une r\u00e9gion agricole, qui produisait historiquement des vignes, du tabac, et dont l\u2019industrie \u00e9tait sp\u00e9cialis\u00e9e dans la production de moissonneuses-batteuses, et des h\u00e9licopt\u00e8res.<span class=\"Apple-converted-space\">\u00a0La ville \u00e9tant un important hub routier et ferroviaire, le port de Rostov-sur-le-Don est aujourd&#8217;hui le plus important du sud de la Russie, permettant une activit\u00e9 de fret importante \u00e0 l&#8217;international.\u00a0<\/span>Rostov fut aussi au d\u00e9but du XX\u00e8me si\u00e8cle surnomm\u00e9e \u00abRostov-Papa\u00bb en raison de la p\u00e8gre qui y \u00e9tait implant\u00e9e.<span class=\"Apple-converted-space\">\u00a0<\/span><\/p>\n<p>La ville est aujourd\u2019hui r\u00e9solument tourn\u00e9e vers l\u2019avenir, et a accueilli la Coupe du Monde de football 2018, et a ouvert en 2017 un nouvel a\u00e9roport international \u00abPlatov\u00bb.<\/p>\n","protected":false},"excerpt":{"rendered":"<p>Situ\u00e9e \u00e0 1000km au Sud de Moscou, Rostov-sur-le-Don, surnomm\u00e9e \u00abla Porte du Caucase\u00bb, est une ville de 1,2 millions d\u2019habitants emplie d\u2019histoire et de culture. Cr\u00e9\u00e9e \u00e0 l\u2019initiative de l\u2019imp\u00e9ratrice \u00c9lisabeth Petrovna il y a plue de 275 ans, la ville a toujours \u00e9t\u00e9 un important p\u00f4le \u00e9conomique et militaire de par sa position strat\u00e9gique [&hellip;]<\/p>\n","protected":false},"author":1,"featured_media":565,"parent":0,"menu_order":0,"comment_status":"closed","ping_status":"closed","template":"","meta":{"inline_featured_image":false,"footnotes":""},"class_list":["post-577","page","type-page","status-publish","has-post-thumbnail","hentry"],"_links":{"self":[{"href":"https:\/\/afrus.ru\/rostov\/wp-json\/wp\/v2\/pages\/577"}],"collection":[{"href":"https:\/\/afrus.ru\/rostov\/wp-json\/wp\/v2\/pages"}],"about":[{"href":"https:\/\/afrus.ru\/rostov\/wp-json\/wp\/v2\/types\/page"}],"author":[{"embeddable":true,"href":"https:\/\/afrus.ru\/rostov\/wp-json\/wp\/v2\/users\/1"}],"replies":[{"embeddable":true,"href":"https:\/\/afrus.ru\/rostov\/wp-json\/wp\/v2\/comments?post=577"}],"version-history":[{"count":3,"href":"https:\/\/afrus.ru\/rostov\/wp-json\/wp\/v2\/pages\/577\/revisions"}],"predecessor-version":[{"id":8260,"href":"https:\/\/afrus.ru\/rostov\/wp-json\/wp\/v2\/pages\/577\/revisions\/8260"}],"wp:featuredmedia":[{"embeddable":true,"href":"https:\/\/afrus.ru\/rostov\/wp-json\/wp\/v2\/media\/565"}],"wp:attachment":[{"href":"https:\/\/afrus.ru\/rostov\/wp-json\/wp\/v2\/media?parent=577"}],"curies":[{"name":"wp","href":"https:\/\/api.w.org\/{rel}","templated":true}]}}