{"id":6459,"date":"2020-12-08T10:11:47","date_gmt":"2020-12-08T07:11:47","guid":{"rendered":"http:\/\/afrus.ru\/rostov\/nasha-komanda\/"},"modified":"2020-12-08T11:04:49","modified_gmt":"2020-12-08T08:04:49","slug":"nasha-komanda","status":"publish","type":"page","link":"https:\/\/afrus.ru\/rostov\/fr\/le-principal-2\/notre-activite\/nasha-komanda\/","title":{"rendered":"Notre \u00e9quipe"},"content":{"rendered":"<p style=\"text-align: center;\">Comme toutes les Alliances fran\u00e7aises du monde, l&#8217;Alliance fran\u00e7aise de Rostov-sur-le-Don est une association (organisation non commerciale), dont les membres, r\u00e9unis en Assembl\u00e9e G\u00e9n\u00e9rale, \u00e9lisent un Conseil d&#8217;administration (Pr\u00e9sident, Vice-Pr\u00e9sident, Tr\u00e9sorier&#8230;). Le Directeur et son \u00e9quipe administrative assurent le bon fonctionnement de l&#8217;Alliance, en coop\u00e9ration avec une \u00e9quipe p\u00e9dagogique d&#8217;enseignants, tous dipl\u00f4m\u00e9s et qualifi\u00e9s en&nbsp;fran\u00e7ais langue \u00e9trang\u00e8re (FLE).<\/p>\n<h2 style=\"text-align: center;\"><span style=\"color: #da002e;\">Conseil d&#8217;administration&nbsp;<\/span><\/h2>\n<p style=\"text-align: center;\">&nbsp;<\/p>\n<p style=\"text-align: center;\"><strong>Oleg Vitalievitch Sozynov<\/strong><\/p>\n<p style=\"text-align: center;\">Pr\u00e9sident<\/p>\n<h2 style=\"text-align: center;\"><span style=\"color: #da002e;\">Equipe administrative<\/span><\/h2>\n<div style=\"text-align: center;\"><img loading=\"lazy\" decoding=\"async\" src=\"http:\/\/www.afrus.ru\/uploads\/general_files\/ville_11\/equipe\/francois.png\" width=\"300\" height=\"345\" border=\"0\"><\/div>\n<div style=\"text-align: center;\">&nbsp;<\/div>\n<p style=\"text-align: center;\"><strong>Fran\u00e7ois Vielhescaze<\/strong><\/p>\n<div style=\"text-align: center;\">&nbsp;<\/div>\n<p style=\"text-align: center;\">Directeur<\/p>\n<p style=\"text-align: center;\"><img loading=\"lazy\" decoding=\"async\" src=\"http:\/\/www.afrus.ru\/uploads\/general_files\/ville_11\/equipe\/DSC00268.jpg\" width=\"300\" height=\"395\" border=\"0\"><\/p>\n<p style=\"text-align: center;\"><strong>Natalia Lokhman<\/strong><\/p>\n<p style=\"text-align: center;\">Responsable des projets linguistiques<\/p>\n<p style=\"text-align: center;\">&nbsp;<\/p>\n<p style=\"text-align: center;\"><img loading=\"lazy\" decoding=\"async\" src=\"http:\/\/www.afrus.ru\/uploads\/general_files\/ville_11\/equipe\/zvbabt.jpeg\" width=\"300\" height=\"345\" border=\"0\"><\/p>\n<p style=\"text-align: center;\"><b>Marina Kravtsova<\/b><\/p>\n<p style=\"text-align: center;\">Responsable des projets culturels<\/p>\n<p style=\"text-align: center;\"><img loading=\"lazy\" decoding=\"async\" class=\"alignnone size-full wp-image-6451\" src=\"http:\/\/afrus.ru\/rostov\/wp-content\/uploads\/sites\/29\/2020\/12\/orlova.jpeg\" alt=\"\" width=\"300\" height=\"345\" srcset=\"https:\/\/afrus.ru\/rostov\/wp-content\/uploads\/sites\/29\/2020\/12\/orlova.jpeg 300w, https:\/\/afrus.ru\/rostov\/wp-content\/uploads\/sites\/29\/2020\/12\/orlova-261x300.jpeg 261w\" sizes=\"(max-width: 300px) 100vw, 300px\" \/><\/p>\n<p style=\"text-align: center;\"><strong>Maria Orlova<\/strong><\/p>\n<p style=\"text-align: center;\">Secr\u00e9taire<\/p>\n<p style=\"text-align: center;\"><img loading=\"lazy\" decoding=\"async\" src=\"http:\/\/www.afrus.ru\/uploads\/general_files\/ville_11\/equipe\/iryna.png\" width=\"300\" height=\"400\" border=\"0\"><\/p>\n<p style=\"text-align: center;\"><strong>Irina Skrylnikova<\/strong><\/p>\n<p style=\"text-align: center;\">Comptable<\/p>\n<p style=\"text-align: center;\">&nbsp;<\/p>\n<h2 style=\"text-align: center;\"><span style=\"color: #da002e;\">Nos sp\u00e9cialistes en langue fran\u00e7aise<\/span><\/h2>\n<p style=\"text-align: center;\"><img loading=\"lazy\" decoding=\"async\" src=\"http:\/\/www.afrus.ru\/uploads\/general_files\/ville_11\/equipe\/marie-noelle.png\" width=\"300\" height=\"354\" border=\"0\"><\/p>\n<p style=\"text-align: center;\"><b>Marie-No\u00eblle Carr\u00e8re-Nalbandian<\/b><\/p>\n<p style=\"text-align: center;\"><img loading=\"lazy\" decoding=\"async\" style=\"font-size: inherit;\" src=\"http:\/\/www.afrus.ru\/uploads\/general_files\/ville_11\/equipe\/Maria.JPG\" alt=\"\" width=\"300\" height=\"400\" border=\"0\"><\/p>\n<div style=\"text-align: center;\">\n<p><strong>Maria Karapets<\/strong><\/p>\n<\/div>\n<p style=\"text-align: center;\"><img loading=\"lazy\" decoding=\"async\" src=\"http:\/\/www.afrus.ru\/uploads\/general_files\/ville_11\/equipe\/galina.png\" width=\"300\" height=\"353\" border=\"0\"><\/p>\n<p style=\"text-align: center;\"><strong>Galina Slepchenko<\/strong><\/p>\n<p style=\"text-align: center;\"><img loading=\"lazy\" decoding=\"async\" src=\"http:\/\/www.afrus.ru\/uploads\/general_files\/ville_11\/equipe\/elena.jpg\" width=\"300\" height=\"349\" border=\"0\"><\/p>\n<p style=\"text-align: center;\"><strong>Elena Biriukova<\/strong><\/p>\n<p style=\"text-align: center;\"><img loading=\"lazy\" decoding=\"async\" src=\"http:\/\/www.afrus.ru\/uploads\/general_files\/ville_11\/equipe\/olga.png\" alt=\"\" width=\"300\" height=\"358\" border=\"0\"><\/p>\n<p style=\"text-align: center;\"><strong>Olga Martynenko<\/strong><\/p>\n","protected":false},"excerpt":{"rendered":"<p>Comme toutes les Alliances fran\u00e7aises du monde, l&#8217;Alliance fran\u00e7aise de Rostov-sur-le-Don est une association (organisation non commerciale), dont les membres, r\u00e9unis en Assembl\u00e9e G\u00e9n\u00e9rale, \u00e9lisent un Conseil d&#8217;administration (Pr\u00e9sident, Vice-Pr\u00e9sident, Tr\u00e9sorier&#8230;). Le Directeur et son \u00e9quipe administrative assurent le bon fonctionnement de l&#8217;Alliance, en coop\u00e9ration avec une \u00e9quipe p\u00e9dagogique d&#8217;enseignants, tous dipl\u00f4m\u00e9s et qualifi\u00e9s en&nbsp;fran\u00e7ais [&hellip;]<\/p>\n","protected":false},"author":1,"featured_media":5406,"parent":6468,"menu_order":0,"comment_status":"closed","ping_status":"closed","template":"","meta":{"inline_featured_image":false,"footnotes":""},"class_list":["post-6459","page","type-page","status-publish","has-post-thumbnail","hentry"],"_links":{"self":[{"href":"https:\/\/afrus.ru\/rostov\/wp-json\/wp\/v2\/pages\/6459"}],"collection":[{"href":"https:\/\/afrus.ru\/rostov\/wp-json\/wp\/v2\/pages"}],"about":[{"href":"https:\/\/afrus.ru\/rostov\/wp-json\/wp\/v2\/types\/page"}],"author":[{"embeddable":true,"href":"https:\/\/afrus.ru\/rostov\/wp-json\/wp\/v2\/users\/1"}],"replies":[{"embeddable":true,"href":"https:\/\/afrus.ru\/rostov\/wp-json\/wp\/v2\/comments?post=6459"}],"version-history":[{"count":3,"href":"https:\/\/afrus.ru\/rostov\/wp-json\/wp\/v2\/pages\/6459\/revisions"}],"predecessor-version":[{"id":6466,"href":"https:\/\/afrus.ru\/rostov\/wp-json\/wp\/v2\/pages\/6459\/revisions\/6466"}],"up":[{"embeddable":true,"href":"https:\/\/afrus.ru\/rostov\/wp-json\/wp\/v2\/pages\/6468"}],"wp:featuredmedia":[{"embeddable":true,"href":"https:\/\/afrus.ru\/rostov\/wp-json\/wp\/v2\/media\/5406"}],"wp:attachment":[{"href":"https:\/\/afrus.ru\/rostov\/wp-json\/wp\/v2\/media?parent=6459"}],"curies":[{"name":"wp","href":"https:\/\/api.w.org\/{rel}","templated":true}]}}