{"id":6468,"date":"2020-12-08T12:40:12","date_gmt":"2020-12-08T09:40:12","guid":{"rendered":"http:\/\/afrus.ru\/rostov\/le-principal-2\/notre-activite\/"},"modified":"2020-12-08T12:40:12","modified_gmt":"2020-12-08T09:40:12","slug":"notre-activite","status":"publish","type":"page","link":"https:\/\/afrus.ru\/rostov\/fr\/le-principal-2\/notre-activite\/","title":{"rendered":"Notre activit\u00e9"},"content":{"rendered":"<p>L&#8217;Alliance Fran\u00e7aise &#8212; R\u00e9gion de Rostov est une organisation publique culturelle et \u00e9ducative r\u00e9gionale de Rostov, cr\u00e9\u00e9e en 2003 avec le soutien de l&#8217;ambassade de France en Russie.<\/p>\n","protected":false},"excerpt":{"rendered":"<p>L&#8217;Alliance Fran\u00e7aise &#8212; R\u00e9gion de Rostov est une organisation publique culturelle et \u00e9ducative r\u00e9gionale de Rostov, cr\u00e9\u00e9e en 2003 avec le soutien de l&#8217;ambassade de France en Russie.<\/p>\n","protected":false},"author":1,"featured_media":404,"parent":124,"menu_order":0,"comment_status":"closed","ping_status":"closed","template":"","meta":{"inline_featured_image":false,"footnotes":""},"class_list":["post-6468","page","type-page","status-publish","has-post-thumbnail","hentry"],"_links":{"self":[{"href":"https:\/\/afrus.ru\/rostov\/wp-json\/wp\/v2\/pages\/6468"}],"collection":[{"href":"https:\/\/afrus.ru\/rostov\/wp-json\/wp\/v2\/pages"}],"about":[{"href":"https:\/\/afrus.ru\/rostov\/wp-json\/wp\/v2\/types\/page"}],"author":[{"embeddable":true,"href":"https:\/\/afrus.ru\/rostov\/wp-json\/wp\/v2\/users\/1"}],"replies":[{"embeddable":true,"href":"https:\/\/afrus.ru\/rostov\/wp-json\/wp\/v2\/comments?post=6468"}],"version-history":[{"count":0,"href":"https:\/\/afrus.ru\/rostov\/wp-json\/wp\/v2\/pages\/6468\/revisions"}],"up":[{"embeddable":true,"href":"https:\/\/afrus.ru\/rostov\/wp-json\/wp\/v2\/pages\/124"}],"wp:featuredmedia":[{"embeddable":true,"href":"https:\/\/afrus.ru\/rostov\/wp-json\/wp\/v2\/media\/404"}],"wp:attachment":[{"href":"https:\/\/afrus.ru\/rostov\/wp-json\/wp\/v2\/media?parent=6468"}],"curies":[{"name":"wp","href":"https:\/\/api.w.org\/{rel}","templated":true}]}}