{"id":3261,"date":"2009-10-01T00:00:00","date_gmt":"2009-09-30T21:00:00","guid":{"rendered":"http:\/\/afrus.ru\/samara\/la-m-diath-que_772\/"},"modified":"2021-07-01T16:41:51","modified_gmt":"2021-07-01T13:41:51","slug":"la-m-diath-que_772","status":"publish","type":"page","link":"https:\/\/afrus.ru\/samara\/fr\/la-m-diath-que_772\/","title":{"rendered":"M\u00e9diath\u00e8que"},"content":{"rendered":"<p>La m\u00e9diath\u00e8que de l&#8217;Alliance fran\u00e7aise est un centre d&#8217;information proposant une large collection d&#8217;ouvrages sur la France contemporaine, la langue et la culture fran\u00e7aises.<\/p>\n<h5>La m\u00e9diath\u00e8que est ouverte <strong>du lundi au vendredi, aux horaires d&#8217;ouverture de l&#8217;Alliance\u00a0<\/strong>Fran\u00e7aise.<\/h5>\n<h5>La consultation de documents ou ouvrages sur place est gratuite. L&#8217;emprunt des ouvrages est r\u00e9serv\u00e9 aux membres de l&#8217;Alliance Fran\u00e7aise.<\/h5>\n<p><strong>La m\u00e9diath\u00e8que de l&#8217;Alliance fran\u00e7aise propose des \u0153uvres classiques et contemporaines r\u00e9parties comme suit : <\/strong>romans, po\u00e9sie, th\u00e9\u00e2tre, essais. <strong>Pour les enfants<\/strong> : revues, livres, contes, bandes dessin\u00e9es&#8230;<\/p>\n\n\n<hr>\n\n\n\n<p>L&#8217;Alliance Fran\u00e7aise de Samara propose \u00e9galement \u00e0 ses membres et ses apprenants (sur demande) un acc\u00e8s \u00e0 <a href=\"https:\/\/www.culturetheque.com\/RUS\/\">Cultureth\u00e8que<\/a>, portail proposant pr\u00e8s de 400 000 ressources t\u00e9l\u00e9chargeables ou consultables en ligne.<\/p>\n\n\n\n<hr>\n\n\n\n<div class=\"wp-block-button\"><a class=\"wp-block-button__link has-background has-vivid-red-background-color\" href=\"https:\/\/afrus.ru\/samara\/main\/o-nas\/chlenstvo\/\">Comment devenir membre de l&#8217;AF Samara ?<\/a><\/div>\n\n\n\n<p class=\"has-text-align-center\">(en russe)<\/p>\n","protected":false},"excerpt":{"rendered":"<p>La m\u00e9diath\u00e8que de l&#8217;Alliance fran\u00e7aise est un centre d&#8217;information proposant une large collection d&#8217;ouvrages sur la France contemporaine, la langue et la culture fran\u00e7aises. La m\u00e9diath\u00e8que est ouverte du lundi au vendredi, aux horaires d&#8217;ouverture de l&#8217;Alliance\u00a0Fran\u00e7aise. La consultation de documents ou ouvrages sur place est gratuite. L&#8217;emprunt des ouvrages est r\u00e9serv\u00e9 aux membres de [&hellip;]<\/p>\n","protected":false},"author":1,"featured_media":4495,"parent":0,"menu_order":0,"comment_status":"closed","ping_status":"closed","template":"","meta":{"inline_featured_image":false,"footnotes":""},"class_list":["post-3261","page","type-page","status-publish","has-post-thumbnail","hentry"],"_links":{"self":[{"href":"https:\/\/afrus.ru\/samara\/wp-json\/wp\/v2\/pages\/3261"}],"collection":[{"href":"https:\/\/afrus.ru\/samara\/wp-json\/wp\/v2\/pages"}],"about":[{"href":"https:\/\/afrus.ru\/samara\/wp-json\/wp\/v2\/types\/page"}],"author":[{"embeddable":true,"href":"https:\/\/afrus.ru\/samara\/wp-json\/wp\/v2\/users\/1"}],"replies":[{"embeddable":true,"href":"https:\/\/afrus.ru\/samara\/wp-json\/wp\/v2\/comments?post=3261"}],"version-history":[{"count":13,"href":"https:\/\/afrus.ru\/samara\/wp-json\/wp\/v2\/pages\/3261\/revisions"}],"predecessor-version":[{"id":4508,"href":"https:\/\/afrus.ru\/samara\/wp-json\/wp\/v2\/pages\/3261\/revisions\/4508"}],"wp:featuredmedia":[{"embeddable":true,"href":"https:\/\/afrus.ru\/samara\/wp-json\/wp\/v2\/media\/4495"}],"wp:attachment":[{"href":"https:\/\/afrus.ru\/samara\/wp-json\/wp\/v2\/media?parent=3261"}],"curies":[{"name":"wp","href":"https:\/\/api.w.org\/{rel}","templated":true}]}}