{"id":3277,"date":"2017-04-24T00:00:00","date_gmt":"2017-04-23T21:00:00","guid":{"rendered":"http:\/\/afrus.ru\/samara\/cours-de-russe-langue-etrangere\/"},"modified":"2021-09-07T17:12:16","modified_gmt":"2021-09-07T14:12:16","slug":"cours-de-russe-langue-etrangere","status":"publish","type":"page","link":"https:\/\/afrus.ru\/samara\/fr\/cours-de-russe-langue-etrangere\/","title":{"rendered":"Cours de russe \u00e0 Samara"},"content":{"rendered":"<p>Venez apprendre le russe langue \u00e9trang\u00e8re \u00e0 l&#8217;Alliance Fran\u00e7aise de Samara, en cours particulier ou en mini-groupe.<\/p>\n<p>Les cours sont dispens\u00e9s par des professeurs russes dipl\u00f4m\u00e9s, exp\u00e9riment\u00e9s et francophones. Ils utilisent pour cela le manuel et le cahier d&#8217;activit\u00e9s <a href=\"https:\/\/www.tochkaru-book.com\/en\/\">Tochka.RU<\/a><\/p>\n<p>\u00a0<\/p>\n<p><span style=\"text-decoration: underline\">Cours individuels :<\/span> 1600 roubles \/ 60 min (manuel et cahier en suppl\u00e9ment).<\/p>\n<p><span style=\"text-decoration: underline\">Mini-groupes :<\/span> prix d\u00e9gressifs \u00e0 partir de deux apprenants<\/p>\n<p>\u00a0<\/p>\n<hr \/>\n\n\n<p>L&#8217;Alliance Fran\u00e7aise de Samara propose \u00e9galement des s\u00e9jours en immersion pour apprendre le russe. <\/p>\n\n\n\n<p>Forfaits \u00e0 la semaine, incluant un programme de cours et de visites culturelles.<\/p>\n\n\n\n<p>(<strong>Prochainement<\/strong>)<\/p>\n","protected":false},"excerpt":{"rendered":"<p>Venez apprendre le russe langue \u00e9trang\u00e8re \u00e0 l&#8217;Alliance Fran\u00e7aise de Samara, en cours particulier ou en mini-groupe. Les cours sont dispens\u00e9s par des professeurs russes dipl\u00f4m\u00e9s, exp\u00e9riment\u00e9s et francophones. Ils utilisent pour cela le manuel et le cahier d&#8217;activit\u00e9s Tochka.RU \u00a0 Cours individuels : 1600 roubles \/ 60 min (manuel et cahier en suppl\u00e9ment). Mini-groupes [&hellip;]<\/p>\n","protected":false},"author":1,"featured_media":4474,"parent":0,"menu_order":0,"comment_status":"closed","ping_status":"closed","template":"","meta":{"inline_featured_image":false,"footnotes":""},"class_list":["post-3277","page","type-page","status-publish","has-post-thumbnail","hentry"],"_links":{"self":[{"href":"https:\/\/afrus.ru\/samara\/wp-json\/wp\/v2\/pages\/3277"}],"collection":[{"href":"https:\/\/afrus.ru\/samara\/wp-json\/wp\/v2\/pages"}],"about":[{"href":"https:\/\/afrus.ru\/samara\/wp-json\/wp\/v2\/types\/page"}],"author":[{"embeddable":true,"href":"https:\/\/afrus.ru\/samara\/wp-json\/wp\/v2\/users\/1"}],"replies":[{"embeddable":true,"href":"https:\/\/afrus.ru\/samara\/wp-json\/wp\/v2\/comments?post=3277"}],"version-history":[{"count":5,"href":"https:\/\/afrus.ru\/samara\/wp-json\/wp\/v2\/pages\/3277\/revisions"}],"predecessor-version":[{"id":4660,"href":"https:\/\/afrus.ru\/samara\/wp-json\/wp\/v2\/pages\/3277\/revisions\/4660"}],"wp:featuredmedia":[{"embeddable":true,"href":"https:\/\/afrus.ru\/samara\/wp-json\/wp\/v2\/media\/4474"}],"wp:attachment":[{"href":"https:\/\/afrus.ru\/samara\/wp-json\/wp\/v2\/media?parent=3277"}],"curies":[{"name":"wp","href":"https:\/\/api.w.org\/{rel}","templated":true}]}}