{"id":3285,"date":"2020-03-03T17:22:54","date_gmt":"2020-03-03T14:22:54","guid":{"rendered":"http:\/\/afrus.ru\/samara\/contact\/"},"modified":"2021-07-01T17:55:18","modified_gmt":"2021-07-01T14:55:18","slug":"contact","status":"publish","type":"page","link":"https:\/\/afrus.ru\/samara\/fr\/contact\/","title":{"rendered":"Contact"},"content":{"rendered":"\n<h2 class=\"has-text-align-center wp-block-heading\">NOTRE ADRESSE<\/h2>\n\n\n\n<p>  <\/p>\n\n\n\n<p class=\"has-text-align-center\">Ul. Vysotskogo, 10 <br>443020 Samara<br>F\u00e9d\u00e9ration de Russie<\/p>\n\n\n\n<hr>\n\n\n\n<h2 class=\"has-text-align-center wp-block-heading\"><strong>HORAIRES D&#8217;OUVERTURE<\/strong><\/h2>\n\n\n\n<p>   <\/p>\n\n\n\n<h3 class=\"has-text-align-center wp-block-heading\">Alliance Fran\u00e7aise et m\u00e9diath\u00e8que<\/h3>\n\n\n\n<p class=\"has-text-align-center\">Du lundi au vendredi de 09h30\u00a0\u00e0 18h30<\/p>\n\n\n\n<p> <\/p>\n\n\n\n<h3 class=\"has-text-align-center wp-block-heading\">Etudes en France<\/h3>\n\n\n\n<p class=\"has-text-align-center\"><a href=\"https:\/\/afrus.ru\/samara\/main\/obrazovaniye-vo-frantsii\/\">Consulter les horaires sur la page officielle<\/a> (en russe)<\/p>\n","protected":false},"excerpt":{"rendered":"<p>NOTRE ADRESSE Ul. Vysotskogo, 10 443020 SamaraF\u00e9d\u00e9ration de Russie HORAIRES D&#8217;OUVERTURE Alliance Fran\u00e7aise et m\u00e9diath\u00e8que Du lundi au vendredi de 09h30\u00a0\u00e0 18h30 Etudes en France Consulter les horaires sur la page officielle (en russe)<\/p>\n","protected":false},"author":1,"featured_media":0,"parent":0,"menu_order":0,"comment_status":"closed","ping_status":"closed","template":"","meta":{"inline_featured_image":false,"footnotes":""},"class_list":["post-3285","page","type-page","status-publish","hentry"],"_links":{"self":[{"href":"https:\/\/afrus.ru\/samara\/wp-json\/wp\/v2\/pages\/3285"}],"collection":[{"href":"https:\/\/afrus.ru\/samara\/wp-json\/wp\/v2\/pages"}],"about":[{"href":"https:\/\/afrus.ru\/samara\/wp-json\/wp\/v2\/types\/page"}],"author":[{"embeddable":true,"href":"https:\/\/afrus.ru\/samara\/wp-json\/wp\/v2\/users\/1"}],"replies":[{"embeddable":true,"href":"https:\/\/afrus.ru\/samara\/wp-json\/wp\/v2\/comments?post=3285"}],"version-history":[{"count":8,"href":"https:\/\/afrus.ru\/samara\/wp-json\/wp\/v2\/pages\/3285\/revisions"}],"predecessor-version":[{"id":4553,"href":"https:\/\/afrus.ru\/samara\/wp-json\/wp\/v2\/pages\/3285\/revisions\/4553"}],"wp:attachment":[{"href":"https:\/\/afrus.ru\/samara\/wp-json\/wp\/v2\/media?parent=3285"}],"curies":[{"name":"wp","href":"https:\/\/api.w.org\/{rel}","templated":true}]}}