{"id":3925,"date":"2021-02-16T11:50:53","date_gmt":"2021-02-16T07:50:53","guid":{"rendered":"http:\/\/afrus.ru\/saratov\/3925-2\/"},"modified":"2026-04-09T12:42:52","modified_gmt":"2026-04-09T08:42:52","slug":"zapis-na-jekzameny-delf-dalf","status":"publish","type":"page","link":"https:\/\/afrus.ru\/saratov\/zapis-na-jekzameny-delf-dalf\/","title":{"rendered":"\u0417\u0430\u043f\u0438\u0441\u044c \u043d\u0430 \u044d\u043a\u0437\u0430\u043c\u0435\u043d\u044b DELF\/DALF"},"content":{"rendered":"\n<p class=\"has-normal-font-size\"><strong>\u0412\u043d\u0438\u043c\u0430\u043d\u0438\u0435: <\/strong>\u0412\u0430\u0448\u0438 \u0444\u0430\u043c\u0438\u043b\u0438\u044f \u0438 \u0438\u043c\u044f \u0434\u043e\u043b\u0436\u043d\u044b \u0431\u044b\u0442\u044c \u043d\u0430\u043f\u0438\u0441\u0430\u043d\u044b <em>\u043b\u0430\u0442\u0438\u043d\u0441\u043a\u0438\u043c\u0438 \u0431\u0443\u043a\u0432\u0430\u043c\u0438<\/em> \u0438 \u0441\u043e\u043e\u0442\u0432\u0435\u0442\u0441\u0442\u0432\u043e\u0432\u0430\u0442\u044c \u043d\u0430\u043f\u0438\u0441\u0430\u043d\u0438\u044e \u0432 \u0412\u0430\u0448\u0435\u043c \u0437\u0430\u0433\u0440\u0430\u043d\u0438\u0447\u043d\u043e\u043c \u043f\u0430\u0441\u043f\u043e\u0440\u0442\u0435.<\/p>\n\n\n\n<p class=\"has-normal-font-size\"><strong>Attention :<\/strong> vos noms et pr\u00e9noms ci-dessous doivent \u00eatre \u00e9crits <em>en<\/em> <em>alphabet<\/em> <em>latin<\/em> et correspondre \u00e0 leur \u00e9criture dans votre passeport international.<\/p>\n\n\n\n<div class=\"wpcf7 no-js\" id=\"wpcf7-f3926-o1\" lang=\"en-US\" dir=\"ltr\" data-wpcf7-id=\"3926\">\n<div class=\"screen-reader-response\"><p role=\"status\" aria-live=\"polite\" aria-atomic=\"true\"><\/p> <ul><\/ul><\/div>\n<form action=\"\/saratov\/wp-json\/wp\/v2\/pages\/3925#wpcf7-f3926-o1\" method=\"post\" class=\"wpcf7-form init\" aria-label=\"Contact form\" novalidate=\"novalidate\" data-status=\"init\">\n<div style=\"display: none;\">\n<input type=\"hidden\" name=\"_wpcf7\" value=\"3926\" \/>\n<input type=\"hidden\" name=\"_wpcf7_version\" value=\"6.0.4\" \/>\n<input type=\"hidden\" name=\"_wpcf7_locale\" value=\"en_US\" \/>\n<input type=\"hidden\" name=\"_wpcf7_unit_tag\" value=\"wpcf7-f3926-o1\" \/>\n<input type=\"hidden\" name=\"_wpcf7_container_post\" value=\"0\" \/>\n<input type=\"hidden\" name=\"_wpcf7_posted_data_hash\" value=\"\" \/>\n<\/div>\n<div class=\"form_row\">\n\t<div>\n\t\t<p><label for=\"first-name\">\u0418\u043c\u044f<\/label><br \/>\n<span class=\"wpcf7-form-control-wrap\" data-name=\"first-name\"><input size=\"40\" maxlength=\"400\" class=\"wpcf7-form-control wpcf7-text wpcf7-validates-as-required\" id=\"first-name\" aria-required=\"true\" aria-invalid=\"false\" value=\"\" type=\"text\" name=\"first-name\" \/><\/span>\n\t\t<\/p>\n\t<\/div>\n\t<div>\n\t\t<p><label for=\"last-name\">\u0424\u0430\u043c\u0438\u043b\u0438\u044f<\/label><br \/>\n<span class=\"wpcf7-form-control-wrap\" data-name=\"last-name\"><input size=\"40\" maxlength=\"400\" class=\"wpcf7-form-control wpcf7-text wpcf7-validates-as-required\" id=\"last-name\" aria-required=\"true\" aria-invalid=\"false\" value=\"\" type=\"text\" name=\"last-name\" \/><\/span>\n\t\t<\/p>\n\t<\/div>\n<\/div>\n<div class=\"form_row\">\n\t<div>\n\t\t<p><label for=\"e-mail\">\u042d\u043b\u0435\u043a\u0442\u0440\u043e\u043d\u043d\u0430\u044f \u043f\u043e\u0447\u0442\u0430<\/label><br \/>\n<span class=\"wpcf7-form-control-wrap\" data-name=\"e-mail\"><input size=\"40\" maxlength=\"400\" class=\"wpcf7-form-control wpcf7-email wpcf7-validates-as-required wpcf7-text wpcf7-validates-as-email\" id=\"e-mail\" aria-required=\"true\" aria-invalid=\"false\" value=\"\" type=\"email\" name=\"e-mail\" \/><\/span>\n\t\t<\/p>\n\t<\/div>\n\t<div>\n\t\t<p><label for=\"phone\">\u0422\u0435\u043b\u0435\u0444\u043e\u043d<\/label><br \/>\n<span class=\"wpcf7-form-control-wrap\" data-name=\"phone\"><input size=\"40\" maxlength=\"400\" class=\"wpcf7-form-control wpcf7-tel wpcf7-text wpcf7-validates-as-tel\" id=\"phone\" aria-invalid=\"false\" value=\"\" type=\"tel\" name=\"phone\" \/><\/span>\n\t\t<\/p>\n\t<\/div>\n<\/div>\n<div class=\"form_row\">\n\t<div>\n\t\t<p><label for=\"nationality\">\u0413\u0440\u0430\u0436\u0434\u0430\u043d\u0441\u0442\u0432\u043e<\/label><br \/>\n<span class=\"wpcf7-form-control-wrap\" data-name=\"nationality\"><input size=\"40\" maxlength=\"400\" class=\"wpcf7-form-control wpcf7-text\" id=\"nationality\" aria-invalid=\"false\" value=\"\" type=\"text\" name=\"nationality\" \/><\/span>\n\t\t<\/p>\n\t<\/div>\n\t<div>\n\t\t<p><label for=\"country\">\u0421\u0442\u0440\u0430\u043d\u0430<\/label><br \/>\n<span class=\"wpcf7-form-control-wrap\" data-name=\"country\"><input size=\"40\" maxlength=\"400\" class=\"wpcf7-form-control wpcf7-text\" id=\"country\" aria-invalid=\"false\" value=\"\" type=\"text\" name=\"country\" \/><\/span>\n\t\t<\/p>\n\t<\/div>\n<\/div>\n<div class=\"form_row\">\n\t<div>\n\t\t<p><label for=\"date-of-birth\">\u0414\u0430\u0442\u0430 \u0440\u043e\u0436\u0434\u0435\u043d\u0438\u044f<\/label><br \/>\n<span class=\"wpcf7-form-control-wrap\" data-name=\"date-of-birth\"><input size=\"40\" maxlength=\"400\" class=\"wpcf7-form-control wpcf7-text\" id=\"date-of-birth\" aria-invalid=\"false\" value=\"\" type=\"text\" name=\"date-of-birth\" \/><\/span>\n\t\t<\/p>\n\t<\/div>\n\t<div>\n\t\t<p><label for=\"place-of-birth\">\u041c\u0435\u0441\u0442\u043e \u0440\u043e\u0436\u0434\u0435\u043d\u0438\u044f<\/label><br \/>\n<span class=\"wpcf7-form-control-wrap\" data-name=\"place-of-birth\"><input size=\"40\" maxlength=\"400\" class=\"wpcf7-form-control wpcf7-text\" id=\"place-of-birth\" aria-invalid=\"false\" value=\"\" type=\"text\" name=\"place-of-birth\" \/><\/span>\n\t\t<\/p>\n\t<\/div>\n<\/div>\n<div class=\"form_row\">\n\t<div class=\"full\">\n\t\t<p><label for=\"address\">\u0410\u0434\u0440\u0435\u0441<\/label><br \/>\n<span class=\"wpcf7-form-control-wrap\" data-name=\"address\"><input size=\"40\" maxlength=\"400\" class=\"wpcf7-form-control wpcf7-text\" id=\"address\" aria-invalid=\"false\" value=\"\" type=\"text\" name=\"address\" \/><\/span>\n\t\t<\/p>\n\t<\/div>\n<\/div>\n<div class=\"form_row\">\n\t<div class=\"full\">\n\t\t<p><label for=\"test-list\">\u042d\u043a\u0437\u0430\u043c\u0435\u043d, \u043a\u043e\u0442\u043e\u0440\u044b\u0439 \u0412\u0430\u0441 \u0438\u043d\u0442\u0435\u0440\u0435\u0441\u0443\u0435\u0442<\/label><br \/>\n<span class=\"wpcf7-form-control-wrap\" data-name=\"test-list\"><select class=\"wpcf7-form-control wpcf7-select\" id=\"test-list\" aria-invalid=\"false\" name=\"test-list\"><option value=\"\">&#8212;Please choose an option&#8212;<\/option><option value=\"3854\">DELF Junior<\/option><option value=\"3859\">DELF Prim<\/option><option value=\"3825\">DELF\/DALF<\/option><\/select><\/span>\n\t\t<\/p>\n\t<\/div>\n<\/div>\n<div class=\"form_row\">\n\t<div class=\"full\">\n\t\t<p><label for=\"niveau\">\u0423\u0440\u043e\u0432\u0435\u043d\u044c<\/label><br \/>\n<span class=\"wpcf7-form-control-wrap\" data-name=\"niveau\"><input size=\"40\" maxlength=\"400\" class=\"wpcf7-form-control wpcf7-text wpcf7-validates-as-required\" id=\"niveau\" aria-required=\"true\" aria-invalid=\"false\" value=\"\" type=\"text\" name=\"niveau\" \/><\/span>\n\t\t<\/p>\n\t<\/div>\n<\/div>\n<div class=\"form_row\">\n\t<div class=\"full\">\n\t\t<p><label for=\"message\">\u0414\u043e\u043f\u043e\u043b\u043d\u0438\u0442\u0435\u043b\u044c\u043d\u0430\u044f \u0438\u043d\u0444\u043e\u0440\u043c\u0430\u0446\u0438\u044f<\/label><br \/>\n<span class=\"wpcf7-form-control-wrap\" data-name=\"message\"><textarea cols=\"40\" rows=\"10\" maxlength=\"2000\" class=\"wpcf7-form-control wpcf7-textarea\" id=\"message\" aria-invalid=\"false\" name=\"message\"><\/textarea><\/span>\n\t\t<\/p>\n\t<\/div>\n<\/div>\n<p><input class=\"wpcf7-form-control wpcf7-submit has-spinner btn btn-primary\" type=\"submit\" value=\"Envoyer\" \/>\n<\/p><p style=\"display: none !important;\" class=\"akismet-fields-container\" data-prefix=\"_wpcf7_ak_\"><label>&#916;<textarea name=\"_wpcf7_ak_hp_textarea\" cols=\"45\" rows=\"8\" maxlength=\"100\"><\/textarea><\/label><input type=\"hidden\" id=\"ak_js_1\" name=\"_wpcf7_ak_js\" value=\"3\"\/><script>document.getElementById( \"ak_js_1\" ).setAttribute( \"value\", ( new Date() ).getTime() );<\/script><\/p><div class=\"wpcf7-response-output\" aria-hidden=\"true\"><\/div>\n<\/form>\n<\/div>\n\n\n\n\n<p><\/p>\n","protected":false},"excerpt":{"rendered":"<p>\u0412\u043d\u0438\u043c\u0430\u043d\u0438\u0435: \u0412\u0430\u0448\u0438 \u0444\u0430\u043c\u0438\u043b\u0438\u044f \u0438 \u0438\u043c\u044f \u0434\u043e\u043b\u0436\u043d\u044b \u0431\u044b\u0442\u044c \u043d\u0430\u043f\u0438\u0441\u0430\u043d\u044b \u043b\u0430\u0442\u0438\u043d\u0441\u043a\u0438\u043c\u0438 \u0431\u0443\u043a\u0432\u0430\u043c\u0438 \u0438 \u0441\u043e\u043e\u0442\u0432\u0435\u0442\u0441\u0442\u0432\u043e\u0432\u0430\u0442\u044c \u043d\u0430\u043f\u0438\u0441\u0430\u043d\u0438\u044e \u0432 \u0412\u0430\u0448\u0435\u043c \u0437\u0430\u0433\u0440\u0430\u043d\u0438\u0447\u043d\u043e\u043c \u043f\u0430\u0441\u043f\u043e\u0440\u0442\u0435. Attention : vos noms et pr\u00e9noms ci-dessous doivent \u00eatre \u00e9crits en alphabet latin et correspondre \u00e0 leur \u00e9criture dans votre passeport international.<\/p>\n","protected":false},"author":10,"featured_media":3948,"parent":0,"menu_order":0,"comment_status":"closed","ping_status":"closed","template":"template-inscription.php","meta":{"inline_featured_image":false,"footnotes":""},"class_list":["post-3925","page","type-page","status-publish","has-post-thumbnail","hentry"],"_links":{"self":[{"href":"https:\/\/afrus.ru\/saratov\/wp-json\/wp\/v2\/pages\/3925"}],"collection":[{"href":"https:\/\/afrus.ru\/saratov\/wp-json\/wp\/v2\/pages"}],"about":[{"href":"https:\/\/afrus.ru\/saratov\/wp-json\/wp\/v2\/types\/page"}],"author":[{"embeddable":true,"href":"https:\/\/afrus.ru\/saratov\/wp-json\/wp\/v2\/users\/10"}],"replies":[{"embeddable":true,"href":"https:\/\/afrus.ru\/saratov\/wp-json\/wp\/v2\/comments?post=3925"}],"version-history":[{"count":15,"href":"https:\/\/afrus.ru\/saratov\/wp-json\/wp\/v2\/pages\/3925\/revisions"}],"predecessor-version":[{"id":7050,"href":"https:\/\/afrus.ru\/saratov\/wp-json\/wp\/v2\/pages\/3925\/revisions\/7050"}],"wp:featuredmedia":[{"embeddable":true,"href":"https:\/\/afrus.ru\/saratov\/wp-json\/wp\/v2\/media\/3948"}],"wp:attachment":[{"href":"https:\/\/afrus.ru\/saratov\/wp-json\/wp\/v2\/media?parent=3925"}],"curies":[{"name":"wp","href":"https:\/\/api.w.org\/{rel}","templated":true}]}}